{"id":116,"date":"2012-11-29T10:18:23","date_gmt":"2012-11-29T09:18:23","guid":{"rendered":"https:\/\/astrotrans.testontwikkeling.nl\/?page_id=116"},"modified":"2023-10-20T09:38:42","modified_gmt":"2023-10-20T08:38:42","slug":"vorteile","status":"publish","type":"page","link":"https:\/\/astrovac.nl\/de\/centraal-stofzuigersysteem\/voordelen\/","title":{"rendered":"Vorteile Staubsaugersystem"},"content":{"rendered":"<section class=\"section\" id=\"section_1692045160\">\n\t\t<div class=\"section-bg fill\" >\n\t\t\t\t\t\t\t\t\t\n\t\t\t\n\n\t\t<\/div>\n\n\t\t\n\n\t\t<div class=\"section-content relative\">\n\t\t\t\n<div class=\"row\"  id=\"row-1267941838\">\n\n\t<div id=\"col-863362677\" class=\"col small-12 large-12\"  >\n\t\t\t\t<div class=\"col-inner\"  >\n\t\t\t\n\t\t\t\n<div class=\"container section-title-container\" ><h1 class=\"section-title section-title-normal\"><b aria-hidden=\"true\"><\/b><span class=\"section-title-main\" >Vorteile Staubsaugersystem<\/span><b aria-hidden=\"true\"><\/b><\/h1><\/div>\n\t\t<\/div>\n\t\t\t\t\t<\/div>\n\n\t\n<\/div>\n<div class=\"row\"  id=\"row-1096964143\">\n\n\t<div id=\"col-168438967\" class=\"col medium-9 small-12 large-9\"  >\n\t\t\t\t<div class=\"col-inner\"  >\n\t\t\t\n\t\t\t\n<p> Die Zentralstaubsauganlage hat mehrere Vorteile. Der gr\u00f6\u00dfte Vorteil ist selbstverst\u00e4ndlich, dass der gesamte Staub weg-gesaugt und nach au\u00dfen geleitet wird. Die Verwendung eines Zentralstaubsaugers hat noch weitere Vorteile. Das macht den Staubsauger sauberer, st\u00e4rker und leiser. Die Vorteile eines Zentralstaubsaugers in einer Reihe:<\/p>\n<div class=\"row\"  id=\"row-1933548757\">\n\n\t<div id=\"col-1405279523\" class=\"col medium-4 small-12 large-4\"  >\n\t\t\t\t<div class=\"col-inner text-center\"  >\n\t\t\t\n\t\t\t\n<h3> Sauberer <\/h3>\n<p> AstroVac Staubsauger sind mit einem zus\u00e4tzlichen Anschluss ausgestattet, um die verschmutzte Luft direkt nach au\u00dfen zu leiten. Der Staub wird im Staubsauger gesammelt. So werden Sie den Staub und das Ungeziefer los, das Sie 100% lang aufgesaugt haben. Sauberer geht's nicht!<\/p>\n\t\t<\/div>\n\t\t\t\t\t<\/div>\n\n\t\n\n\t<div id=\"col-945385058\" class=\"col medium-4 small-12 large-4\"  >\n\t\t\t\t<div class=\"col-inner text-center\"  >\n\t\t\t\n\t\t\t\n<h3> St\u00e4rker <\/h3>\n<p> AstroVac Staubsaugerger\u00e4te haben gro\u00dfe Motoren und daher viel mehr Saugkraft. Ein herk\u00f6mmlicher Staubsauger mit einem so gro\u00dfen Motor w\u00e4re viel zu schwer. Unsere Staubsauger sind f\u00fcr die Wandmontage geeignet und liefern die Saugleistung, die Sie sich schon immer gew\u00fcnscht haben.<\/p>\n\t\t<\/div>\n\t\t\t\t\t<\/div>\n\n\t\n\n\t<div id=\"col-1647514437\" class=\"col medium-4 small-12 large-4\"  >\n\t\t\t\t<div class=\"col-inner text-center\"  >\n\t\t\t\n\t\t\t\n<h3> Leiser <\/h3>\n<p> AstroVac Zentralstaubsauger werden immer au\u00dferhalb des Wohn- oder Arbeitsraums aufgestellt. W\u00e4hrend des Staubsaugens h\u00f6ren Sie daher nur das Ger\u00e4usch der Luftbewegung und nicht das Ger\u00e4usch des Motors in der Saugeinheit. Sie saugen nicht nur sauberer, sondern vor allem leiser. Das ist so angenehm!<\/p>\n\t\t<\/div>\n\t\t\t\t\t<\/div>\n\n\t\n<\/div>\n\t\t<\/div>\n\t\t\t\t\t<\/div>\n\n\t\n\n\t<div id=\"col-866411310\" class=\"col medium-3 small-12 large-3\"  >\n\t\t\t\t<div class=\"col-inner text-right\"  >\n\t\t\t\n\t\t\t\n\t<div class=\"img has-hover x md-x lg-x y md-y lg-y\" id=\"image_1460377045\">\n\t\t\t\t\t\t\t\t<div class=\"img-inner dark\" >\n\t\t\t<img loading=\"lazy\" decoding=\"async\" width=\"800\" height=\"1200\" src=\"https:\/\/astrovac.nl\/wp-content\/uploads\/2014\/11\/nie-mehr-schleppen.jpg\" class=\"attachment-original size-original\" alt=\"\" srcset=\"https:\/\/astrovac.nl\/wp-content\/uploads\/2014\/11\/nie-mehr-schleppen.jpg 800w, https:\/\/astrovac.nl\/wp-content\/uploads\/2014\/11\/nie-mehr-schleppen-510x765.jpg 510w, https:\/\/astrovac.nl\/wp-content\/uploads\/2014\/11\/nie-mehr-schleppen-270x405.jpg 270w, https:\/\/astrovac.nl\/wp-content\/uploads\/2014\/11\/nie-mehr-schleppen-133x200.jpg 133w, https:\/\/astrovac.nl\/wp-content\/uploads\/2014\/11\/nie-mehr-schleppen-240x360.jpg 240w, https:\/\/astrovac.nl\/wp-content\/uploads\/2014\/11\/nie-mehr-schleppen-768x1152.jpg 768w, https:\/\/astrovac.nl\/wp-content\/uploads\/2014\/11\/nie-mehr-schleppen-683x1024.jpg 683w\" sizes=\"auto, (max-width: 800px) 100vw, 800px\" \/>\t\t\t\t\t\t\n\t\t\t\t\t<\/div>\n\t\t\t\t\t\t\t\t\n<style>\n#image_1460377045 {\n  width: 96%;\n}\n<\/style>\n\t<\/div>\n\t\n\t\t<\/div>\n\t\t\t\t\t<\/div>\n\n\t\n\n\t<div id=\"col-1040788052\" class=\"col small-12 large-12\"  >\n\t\t\t\t<div class=\"col-inner\"  >\n\t\t\t\n\t\t\t\n<a href=\"\/wp-content\/uploads\/2013\/01\/brochure_astrovac_2005_web.pdf\" target=\"_blank\" class=\"button primary\" rel=\"noopener\" >\n\t\t<span>die Brosch\u00fcre zu AstroVac finden Sie hier<\/span>\n\t<i class=\"icon-angle-right\" aria-hidden=\"true\"><\/i><\/a>\n\n\t\t<\/div>\n\t\t\t\t\t<\/div>\n\n\t\n<\/div>\n\t\t<\/div>\n\n\t\t\n<style>\n#section_1692045160 {\n  padding-top: 30px;\n  padding-bottom: 30px;\n}\n<\/style>\n\t<\/section>","protected":false},"excerpt":{"rendered":"","protected":false},"author":6,"featured_media":3567,"parent":8,"menu_order":0,"comment_status":"closed","ping_status":"open","template":"","meta":{"footnotes":""},"class_list":["post-116","page","type-page","status-publish","has-post-thumbnail","hentry"],"yoast_head":"<!-- This site is optimized with the Yoast SEO plugin v27.3 - https:\/\/yoast.com\/product\/yoast-seo-wordpress\/ -->\n<title>Voordelen van een centraal stofafzuiging systeem | Astrovac<\/title>\n<meta name=\"description\" content=\"Bekijk de belangrijkste voordelen van een centraal stofafzuiging systeem | Astrovac = D\u00e9 top in centrale stofafzuiging \u2713 Schoner \u2713 Stiller \u2713 Gezonder!\" \/>\n<meta name=\"robots\" content=\"index, follow, max-snippet:-1, max-image-preview:large, max-video-preview:-1\" \/>\n<link rel=\"canonical\" href=\"https:\/\/astrovac.nl\/de\/zentrales-staubsaugersystem\/vorteile\/\" \/>\n<meta property=\"og:locale\" content=\"de_DE\" \/>\n<meta property=\"og:type\" content=\"article\" \/>\n<meta property=\"og:title\" content=\"Voordelen van een centraal stofafzuiging systeem | Astrovac\" \/>\n<meta property=\"og:description\" content=\"Bekijk de belangrijkste voordelen van een centraal stofafzuiging systeem | Astrovac = D\u00e9 top in centrale stofafzuiging \u2713 Schoner \u2713 Stiller \u2713 Gezonder!\" \/>\n<meta property=\"og:url\" content=\"https:\/\/astrovac.nl\/de\/zentrales-staubsaugersystem\/vorteile\/\" \/>\n<meta property=\"og:site_name\" content=\"AstroVac\" \/>\n<meta property=\"article:publisher\" content=\"https:\/\/www.facebook.com\/profile.php?id=61559925887346\" \/>\n<meta property=\"article:modified_time\" content=\"2023-10-20T08:38:42+00:00\" \/>\n<meta property=\"og:image\" content=\"https:\/\/astrovac.nl\/wp-content\/uploads\/2016\/04\/Astrovac_front_img-e1488467982584.png\" \/>\n\t<meta property=\"og:image:width\" content=\"480\" \/>\n\t<meta property=\"og:image:height\" content=\"349\" \/>\n\t<meta property=\"og:image:type\" content=\"image\/png\" \/>\n<meta name=\"twitter:card\" content=\"summary_large_image\" \/>\n<meta name=\"twitter:label1\" content=\"Gesch\u00e4tzte Lesezeit\" \/>\n\t<meta name=\"twitter:data1\" content=\"2\u00a0Minuten\" \/>\n<script type=\"application\/ld+json\" class=\"yoast-schema-graph\">{\"@context\":\"https:\\\/\\\/schema.org\",\"@graph\":[{\"@type\":\"WebPage\",\"@id\":\"https:\\\/\\\/astrovac.nl\\\/centraal-stofzuigersysteem\\\/voordelen\\\/\",\"url\":\"https:\\\/\\\/astrovac.nl\\\/centraal-stofzuigersysteem\\\/voordelen\\\/\",\"name\":\"Voordelen van een centraal stofafzuiging systeem | Astrovac\",\"isPartOf\":{\"@id\":\"https:\\\/\\\/astrovac.nl\\\/de\\\/#website\"},\"primaryImageOfPage\":{\"@id\":\"https:\\\/\\\/astrovac.nl\\\/centraal-stofzuigersysteem\\\/voordelen\\\/#primaryimage\"},\"image\":{\"@id\":\"https:\\\/\\\/astrovac.nl\\\/centraal-stofzuigersysteem\\\/voordelen\\\/#primaryimage\"},\"thumbnailUrl\":\"https:\\\/\\\/astrovac.nl\\\/wp-content\\\/uploads\\\/2016\\\/04\\\/Astrovac_front_img-e1488467982584.png\",\"datePublished\":\"2012-11-29T09:18:23+00:00\",\"dateModified\":\"2023-10-20T08:38:42+00:00\",\"description\":\"Bekijk de belangrijkste voordelen van een centraal stofafzuiging systeem | Astrovac = D\u00e9 top in centrale stofafzuiging \u2713 Schoner \u2713 Stiller \u2713 Gezonder!\",\"breadcrumb\":{\"@id\":\"https:\\\/\\\/astrovac.nl\\\/centraal-stofzuigersysteem\\\/voordelen\\\/#breadcrumb\"},\"inLanguage\":\"de\",\"potentialAction\":[{\"@type\":\"ReadAction\",\"target\":[\"https:\\\/\\\/astrovac.nl\\\/centraal-stofzuigersysteem\\\/voordelen\\\/\"]}]},{\"@type\":\"ImageObject\",\"inLanguage\":\"de\",\"@id\":\"https:\\\/\\\/astrovac.nl\\\/centraal-stofzuigersysteem\\\/voordelen\\\/#primaryimage\",\"url\":\"https:\\\/\\\/astrovac.nl\\\/wp-content\\\/uploads\\\/2016\\\/04\\\/Astrovac_front_img-e1488467982584.png\",\"contentUrl\":\"https:\\\/\\\/astrovac.nl\\\/wp-content\\\/uploads\\\/2016\\\/04\\\/Astrovac_front_img-e1488467982584.png\",\"width\":480,\"height\":349,\"caption\":\"Een centraal stofzuigsysteem blaast ultrafijne stof naar buiten\"},{\"@type\":\"BreadcrumbList\",\"@id\":\"https:\\\/\\\/astrovac.nl\\\/centraal-stofzuigersysteem\\\/voordelen\\\/#breadcrumb\",\"itemListElement\":[{\"@type\":\"ListItem\",\"position\":1,\"name\":\"Home\",\"item\":\"https:\\\/\\\/astrovac.nl\\\/\"},{\"@type\":\"ListItem\",\"position\":2,\"name\":\"Centraal stofzuigersysteem\",\"item\":\"https:\\\/\\\/astrovac.nl\\\/centraal-stofzuigersysteem\\\/\"},{\"@type\":\"ListItem\",\"position\":3,\"name\":\"Voordelen centraal stofzuigersysteem\"}]},{\"@type\":\"WebSite\",\"@id\":\"https:\\\/\\\/astrovac.nl\\\/de\\\/#website\",\"url\":\"https:\\\/\\\/astrovac.nl\\\/de\\\/\",\"name\":\"AstroVac\",\"description\":\"Centrale Stofzuiginstallaties\",\"publisher\":{\"@id\":\"https:\\\/\\\/astrovac.nl\\\/de\\\/#organization\"},\"potentialAction\":[{\"@type\":\"SearchAction\",\"target\":{\"@type\":\"EntryPoint\",\"urlTemplate\":\"https:\\\/\\\/astrovac.nl\\\/de\\\/?s={search_term_string}\"},\"query-input\":{\"@type\":\"PropertyValueSpecification\",\"valueRequired\":true,\"valueName\":\"search_term_string\"}}],\"inLanguage\":\"de\"},{\"@type\":\"Organization\",\"@id\":\"https:\\\/\\\/astrovac.nl\\\/de\\\/#organization\",\"name\":\"AstroVac\",\"url\":\"https:\\\/\\\/astrovac.nl\\\/de\\\/\",\"logo\":{\"@type\":\"ImageObject\",\"inLanguage\":\"de\",\"@id\":\"https:\\\/\\\/astrovac.nl\\\/de\\\/#\\\/schema\\\/logo\\\/image\\\/\",\"url\":\"https:\\\/\\\/astrovac.nl\\\/wp-content\\\/uploads\\\/2024\\\/03\\\/Astrovac-logo-2024.png\",\"contentUrl\":\"https:\\\/\\\/astrovac.nl\\\/wp-content\\\/uploads\\\/2024\\\/03\\\/Astrovac-logo-2024.png\",\"width\":3092,\"height\":906,\"caption\":\"AstroVac\"},\"image\":{\"@id\":\"https:\\\/\\\/astrovac.nl\\\/de\\\/#\\\/schema\\\/logo\\\/image\\\/\"},\"sameAs\":[\"https:\\\/\\\/www.facebook.com\\\/profile.php?id=61559925887346\"]}]}<\/script>\n<!-- \/ Yoast SEO plugin. -->","yoast_head_json":{"title":"Vorteile einer zentralen Entstaubungsanlage | Astrovac","description":"Sehen Sie die wichtigsten Vorteile einer zentralen Staubabsaugung | Astrovac = Die Spitze der zentralen Staubabsaugung \u2713 Sauberer \u2713 Leiser \u2713 Ges\u00fcnder!","robots":{"index":"index","follow":"follow","max-snippet":"max-snippet:-1","max-image-preview":"max-image-preview:large","max-video-preview":"max-video-preview:-1"},"canonical":"https:\/\/astrovac.nl\/de\/zentrales-staubsaugersystem\/vorteile\/","og_locale":"de_DE","og_type":"article","og_title":"Voordelen van een centraal stofafzuiging systeem | Astrovac","og_description":"Bekijk de belangrijkste voordelen van een centraal stofafzuiging systeem | Astrovac = D\u00e9 top in centrale stofafzuiging \u2713 Schoner \u2713 Stiller \u2713 Gezonder!","og_url":"https:\/\/astrovac.nl\/de\/zentrales-staubsaugersystem\/vorteile\/","og_site_name":"AstroVac","article_publisher":"https:\/\/www.facebook.com\/profile.php?id=61559925887346","article_modified_time":"2023-10-20T08:38:42+00:00","og_image":[{"width":480,"height":349,"url":"https:\/\/astrovac.nl\/wp-content\/uploads\/2016\/04\/Astrovac_front_img-e1488467982584.png","type":"image\/png"}],"twitter_card":"summary_large_image","twitter_misc":{"Gesch\u00e4tzte Lesezeit":"2\u00a0Minuten"},"schema":{"@context":"https:\/\/schema.org","@graph":[{"@type":"WebPage","@id":"https:\/\/astrovac.nl\/centraal-stofzuigersysteem\/voordelen\/","url":"https:\/\/astrovac.nl\/centraal-stofzuigersysteem\/voordelen\/","name":"Vorteile einer zentralen Entstaubungsanlage | Astrovac","isPartOf":{"@id":"https:\/\/astrovac.nl\/de\/#website"},"primaryImageOfPage":{"@id":"https:\/\/astrovac.nl\/centraal-stofzuigersysteem\/voordelen\/#primaryimage"},"image":{"@id":"https:\/\/astrovac.nl\/centraal-stofzuigersysteem\/voordelen\/#primaryimage"},"thumbnailUrl":"https:\/\/astrovac.nl\/wp-content\/uploads\/2016\/04\/Astrovac_front_img-e1488467982584.png","datePublished":"2012-11-29T09:18:23+00:00","dateModified":"2023-10-20T08:38:42+00:00","description":"Sehen Sie die wichtigsten Vorteile einer zentralen Staubabsaugung | Astrovac = Die Spitze der zentralen Staubabsaugung \u2713 Sauberer \u2713 Leiser \u2713 Ges\u00fcnder!","breadcrumb":{"@id":"https:\/\/astrovac.nl\/centraal-stofzuigersysteem\/voordelen\/#breadcrumb"},"inLanguage":"de","potentialAction":[{"@type":"ReadAction","target":["https:\/\/astrovac.nl\/centraal-stofzuigersysteem\/voordelen\/"]}]},{"@type":"ImageObject","inLanguage":"de","@id":"https:\/\/astrovac.nl\/centraal-stofzuigersysteem\/voordelen\/#primaryimage","url":"https:\/\/astrovac.nl\/wp-content\/uploads\/2016\/04\/Astrovac_front_img-e1488467982584.png","contentUrl":"https:\/\/astrovac.nl\/wp-content\/uploads\/2016\/04\/Astrovac_front_img-e1488467982584.png","width":480,"height":349,"caption":"Een centraal stofzuigsysteem blaast ultrafijne stof naar buiten"},{"@type":"BreadcrumbList","@id":"https:\/\/astrovac.nl\/centraal-stofzuigersysteem\/voordelen\/#breadcrumb","itemListElement":[{"@type":"ListItem","position":1,"name":"Home","item":"https:\/\/astrovac.nl\/"},{"@type":"ListItem","position":2,"name":"Centraal stofzuigersysteem","item":"https:\/\/astrovac.nl\/centraal-stofzuigersysteem\/"},{"@type":"ListItem","position":3,"name":"Voordelen centraal stofzuigersysteem"}]},{"@type":"WebSite","@id":"https:\/\/astrovac.nl\/de\/#website","url":"https:\/\/astrovac.nl\/de\/","name":"AstroVac","description":"Zentrale Vakuumsysteme","publisher":{"@id":"https:\/\/astrovac.nl\/de\/#organization"},"potentialAction":[{"@type":"SearchAction","target":{"@type":"EntryPoint","urlTemplate":"https:\/\/astrovac.nl\/de\/?s={search_term_string}"},"query-input":{"@type":"PropertyValueSpecification","valueRequired":true,"valueName":"search_term_string"}}],"inLanguage":"de"},{"@type":"Organization","@id":"https:\/\/astrovac.nl\/de\/#organization","name":"AstroVac","url":"https:\/\/astrovac.nl\/de\/","logo":{"@type":"ImageObject","inLanguage":"de","@id":"https:\/\/astrovac.nl\/de\/#\/schema\/logo\/image\/","url":"https:\/\/astrovac.nl\/wp-content\/uploads\/2024\/03\/Astrovac-logo-2024.png","contentUrl":"https:\/\/astrovac.nl\/wp-content\/uploads\/2024\/03\/Astrovac-logo-2024.png","width":3092,"height":906,"caption":"AstroVac"},"image":{"@id":"https:\/\/astrovac.nl\/de\/#\/schema\/logo\/image\/"},"sameAs":["https:\/\/www.facebook.com\/profile.php?id=61559925887346"]}]}},"_links":{"self":[{"href":"https:\/\/astrovac.nl\/de\/wp-json\/wp\/v2\/pages\/116","targetHints":{"allow":["GET"]}}],"collection":[{"href":"https:\/\/astrovac.nl\/de\/wp-json\/wp\/v2\/pages"}],"about":[{"href":"https:\/\/astrovac.nl\/de\/wp-json\/wp\/v2\/types\/page"}],"author":[{"embeddable":true,"href":"https:\/\/astrovac.nl\/de\/wp-json\/wp\/v2\/users\/6"}],"replies":[{"embeddable":true,"href":"https:\/\/astrovac.nl\/de\/wp-json\/wp\/v2\/comments?post=116"}],"version-history":[{"count":22,"href":"https:\/\/astrovac.nl\/de\/wp-json\/wp\/v2\/pages\/116\/revisions"}],"predecessor-version":[{"id":24139,"href":"https:\/\/astrovac.nl\/de\/wp-json\/wp\/v2\/pages\/116\/revisions\/24139"}],"up":[{"embeddable":true,"href":"https:\/\/astrovac.nl\/de\/wp-json\/wp\/v2\/pages\/8"}],"wp:featuredmedia":[{"embeddable":true,"href":"https:\/\/astrovac.nl\/de\/wp-json\/wp\/v2\/media\/3567"}],"wp:attachment":[{"href":"https:\/\/astrovac.nl\/de\/wp-json\/wp\/v2\/media?parent=116"}],"curies":[{"name":"wp","href":"https:\/\/api.w.org\/{rel}","templated":true}]}}