{"id":120,"date":"2012-11-29T10:21:06","date_gmt":"2012-11-29T09:21:06","guid":{"rendered":"https:\/\/astrotrans.testontwikkeling.nl\/?page_id=120"},"modified":"2023-10-20T09:53:25","modified_gmt":"2023-10-20T08:53:25","slug":"gesundheit-und-allergien","status":"publish","type":"page","link":"https:\/\/astrovac.nl\/de\/centraal-stofzuigersysteem\/gezondheid-en-allergieen\/","title":{"rendered":"Staub und die Gesundheit"},"content":{"rendered":"<section class=\"section\" id=\"section_1624684707\">\n\t\t<div class=\"section-bg fill\" >\n\t\t\t\t\t\t\t\t\t\n\t\t\t\n\n\t\t<\/div>\n\n\t\t\n\n\t\t<div class=\"section-content relative\">\n\t\t\t\n<div class=\"row align-middle\"  id=\"row-1914406460\">\n\n\t<div id=\"col-994543220\" class=\"col small-12 large-12\"  >\n\t\t\t\t<div class=\"col-inner\"  >\n\t\t\t\n\t\t\t\n<div class=\"container section-title-container\" ><h1 class=\"section-title section-title-normal\"><b aria-hidden=\"true\"><\/b><span class=\"section-title-main\" >Staub und die Gesundheit<\/span><b aria-hidden=\"true\"><\/b><\/h1><\/div>\n\t\t<\/div>\n\t\t\t\t\t<\/div>\n\n\t\n\n\t<div id=\"col-402513427\" class=\"col medium-6 small-12 large-6\"  >\n\t\t\t\t<div class=\"col-inner\"  >\n\t\t\t\n\t\t\t\n<h3>Bel\u00fcftung und Isolierung<br \/>\n<\/h3>\n<p>Wohnungen und Geb\u00e4ude werden immer besser isoliert und weniger bel\u00fcftet. Dies erh\u00f6ht die M\u00f6glichkeit von Allergien stark. Allergische Reaktionen entwickeln sich nur, wenn Menschen mit einer erblichen Belastung lange Zeit Allergenen (Allergieausl\u00f6sern) wie dem Ausscheidungen von Hausstaubmilben ausgesetzt sind.<\/p>\n\t\t<\/div>\n\t\t\t\t\t<\/div>\n\n\t\n\n\t<div id=\"col-563199094\" class=\"col medium-6 small-12 large-6\"  >\n\t\t\t\t<div class=\"col-inner\"  >\n\t\t\t\n\t\t\t\n\t<div class=\"img has-hover x md-x lg-x y md-y lg-y\" id=\"image_690755169\">\n\t\t\t\t\t\t\t\t<div class=\"img-inner dark\" >\n\t\t\t<img loading=\"lazy\" decoding=\"async\" width=\"309\" height=\"179\" src=\"https:\/\/astrovac.nl\/wp-content\/uploads\/2014\/11\/huis1.jpg\" class=\"attachment-original size-original\" alt=\"\" srcset=\"https:\/\/astrovac.nl\/wp-content\/uploads\/2014\/11\/huis1.jpg 309w, https:\/\/astrovac.nl\/wp-content\/uploads\/2014\/11\/huis1-270x156.jpg 270w, https:\/\/astrovac.nl\/wp-content\/uploads\/2014\/11\/huis1-200x116.jpg 200w\" sizes=\"auto, (max-width: 309px) 100vw, 309px\" \/>\t\t\t\t\t\t\n\t\t\t\t\t<\/div>\n\t\t\t\t\t\t\t\t\n<style>\n#image_690755169 {\n  width: 100%;\n}\n<\/style>\n\t<\/div>\n\t\n\t\t<\/div>\n\t\t\t\t\t<\/div>\n\n\t\n<\/div>\n\t\t<\/div>\n\n\t\t\n<style>\n#section_1624684707 {\n  padding-top: 100px;\n  padding-bottom: 100px;\n}\n<\/style>\n\t<\/section>\n\t\n\n\t<section class=\"section\" id=\"section_1775310855\">\n\t\t<div class=\"section-bg fill\" >\n\t\t\t\t\t\t\t\t\t\n\t\t\t\n\n\t\t<\/div>\n\n\t\t\n\n\t\t<div class=\"section-content relative\">\n\t\t\t\n<div class=\"row align-middle\"  id=\"row-952517596\">\n\n\t<div id=\"col-1731899187\" class=\"col medium-6 small-12 large-6\"  >\n\t\t\t\t<div class=\"col-inner\"  >\n\t\t\t\n\t\t\t\n\t<div class=\"img has-hover x md-x lg-x y md-y lg-y\" id=\"image_1092825154\">\n\t\t\t\t\t\t\t\t<div class=\"img-inner dark\" >\n\t\t\t<img loading=\"lazy\" decoding=\"async\" width=\"492\" height=\"304\" src=\"https:\/\/astrovac.nl\/wp-content\/uploads\/2014\/11\/Allergiker.jpg\" class=\"attachment-original size-original\" alt=\"\" srcset=\"https:\/\/astrovac.nl\/wp-content\/uploads\/2014\/11\/Allergiker.jpg 492w, https:\/\/astrovac.nl\/wp-content\/uploads\/2014\/11\/Allergiker-270x167.jpg 270w, https:\/\/astrovac.nl\/wp-content\/uploads\/2014\/11\/Allergiker-200x124.jpg 200w\" sizes=\"auto, (max-width: 492px) 100vw, 492px\" \/>\t\t\t\t\t\t\n\t\t\t\t\t<\/div>\n\t\t\t\t\t\t\t\t\n<style>\n#image_1092825154 {\n  width: 100%;\n}\n<\/style>\n\t<\/div>\n\t\n\t\t<\/div>\n\t\t\t\t\t<\/div>\n\n\t\n\n\t<div id=\"col-1434842374\" class=\"col medium-6 small-12 large-6\"  >\n\t\t\t\t<div class=\"col-inner\"  >\n\t\t\t\n\t\t\t\n<h3> Hausstaubmilbe <br \/>\n<\/h3>\n<p> Die Hausstaubmilbe selbst kann man auch mit dem st\u00e4rksten Staubsauger kaum entfernen. Die wirklichen Verursacher hingegen (der pulverf\u00f6rmige Kot der Hausmilbe) werden durch ein zentrales Staubsaugersystem effizient aus den Innenr\u00e4umen entfernt.<\/p>\n<h4> Staub, was ist denn das?<\/p>\n<\/h4>\n<p> Hausstaub ist eine Sammlung verschiedener Partikel, die sich in der Luft befinden. Dazu geh\u00f6ren Haare und Hautschuppen von Menschen und Tieren, Sand, Schimmel, Federn, Gummi, Rauch und beim Kochen entstehende Partikel. Staub wird durch die Luftbewegung aufgewirbelt und kommt immer irgendwo wieder herunter. Wir selbst verursachen also Staub, wenn wir uns durch das Geb\u00e4ude bewegen.<\/p>\n\t\t<\/div>\n\t\t\t\t\t<\/div>\n\n\t\n<\/div>\n\t\t<\/div>\n\n\t\t\n<style>\n#section_1775310855 {\n  padding-top: 100px;\n  padding-bottom: 100px;\n}\n<\/style>\n\t<\/section>\n\t\n\n\t<section class=\"section\" id=\"section_1064185679\">\n\t\t<div class=\"section-bg fill\" >\n\t\t\t\t\t\t\t\t\t\n\t\t\t\n\n\t\t<\/div>\n\n\t\t\n\n\t\t<div class=\"section-content relative\">\n\t\t\t\n<div class=\"row\"  id=\"row-558767830\">\n\n\t<div id=\"col-1803582329\" class=\"col small-12 large-12\"  >\n\t\t\t\t<div class=\"col-inner\"  >\n\t\t\t\n\t\t\t\n<h3>Was ist nicht gut an einem guten, kr\u00e4ftigen Hausstaubsauger?<\/h3>\n<p>Ein tragbarer Staubsauger verursacht ein typisches Problem. Einerseits ist es ein effektives Mittel, um Staub zu entfernen (im Vergleich z. B. zu Kehrschaufel und Besen), andererseits ist es eines der effektivsten Mittel, um ultrafeinen Staub und Aerosole in der Wohnung zu verteilen. Der aufgesaugte Staub wird im Staubsaugerbeutel gefiltert; der feinste Staub wird, vom Motor erhitzt, zur\u00fcck ins Haus geblasen. Es gibt einen eindeutigen Zusammenhang zwischen dem Einatmen von Feinstaub und gesundheitlichen Problemen. Menschen, die regelm\u00e4\u00dfig Feinstaub ausgesetzt sind, leben 1,5 Jahre k\u00fcrzer. M\u00fcssen wir noch mehr sagen?<\/p>\n<h4>Und ein Zentralstaubsauger?<\/h4>\n<p>Im Gegensatz zu einem herk\u00f6mmlichen Staubsauger f\u00fchrt eine Zentralstaubsauganlage den Feinstaub (die gereinigte Ausblasluft) durch eine Abluftklappe oder eine Dachdurchf\u00fchrung ins Freie. Du hast also wirklich deinen Staub verloren!<\/p>\n<h3>Wissenschaftlicher Bericht<\/h3>\n<p>20 Jahre nach der Einf\u00fchrung von AstroVac in den Niederlanden untersuchte Dr. N.M.B.M. Driessen die Vorteile eines zentralen Vakuumsystems f\u00fcr Allergiepatienten.<\/p>\n<a href=\"https:\/\/astrovac.nl\/wp-content\/uploads\/2012\/11\/CS_onderzoeksrapport.pdf\" class=\"button primary\" >\n\t\t<span>Forschungsbericht ansehen<\/span>\n\t<\/a>\n\n\t\t<\/div>\n\t\t\t\t\t<\/div>\n\n\t\n<\/div>\n\t\t<\/div>\n\n\t\t\n<style>\n#section_1064185679 {\n  padding-top: 30px;\n  padding-bottom: 30px;\n}\n<\/style>\n\t<\/section>","protected":false},"excerpt":{"rendered":"","protected":false},"author":6,"featured_media":3567,"parent":8,"menu_order":0,"comment_status":"closed","ping_status":"open","template":"","meta":{"footnotes":""},"class_list":["post-120","page","type-page","status-publish","has-post-thumbnail","hentry"],"yoast_head":"<!-- This site is optimized with the Yoast SEO plugin v27.3 - https:\/\/yoast.com\/product\/yoast-seo-wordpress\/ -->\n<title>Een centraal stofzuigsysteem blaast ultrafijne stof naar buitenStofzuiger gezondheid en allergie\u00ebn | Astrovac<\/title>\n<meta name=\"description\" content=\"Lees alles over gezondheid en allergie\u00ebn rondom stofzuigers. | Astrovac = D\u00e9 top in centrale stofafzuiging \u2713 Schoner \u2713 Stiller \u2713 Gezonder!\" \/>\n<meta name=\"robots\" content=\"index, follow, max-snippet:-1, max-image-preview:large, max-video-preview:-1\" \/>\n<link rel=\"canonical\" href=\"https:\/\/astrovac.nl\/de\/zentrales-staubsaugersystem\/gesundheit-und-allergien\/\" \/>\n<meta property=\"og:locale\" content=\"de_DE\" \/>\n<meta property=\"og:type\" content=\"article\" \/>\n<meta property=\"og:title\" content=\"Een centraal stofzuigsysteem blaast ultrafijne stof naar buitenStofzuiger gezondheid en allergie\u00ebn | Astrovac\" \/>\n<meta property=\"og:description\" content=\"Lees alles over gezondheid en allergie\u00ebn rondom stofzuigers. | Astrovac = D\u00e9 top in centrale stofafzuiging \u2713 Schoner \u2713 Stiller \u2713 Gezonder!\" \/>\n<meta property=\"og:url\" content=\"https:\/\/astrovac.nl\/de\/zentrales-staubsaugersystem\/gesundheit-und-allergien\/\" \/>\n<meta property=\"og:site_name\" content=\"AstroVac\" \/>\n<meta property=\"article:publisher\" content=\"https:\/\/www.facebook.com\/profile.php?id=61559925887346\" \/>\n<meta property=\"article:modified_time\" content=\"2023-10-20T08:53:25+00:00\" \/>\n<meta property=\"og:image\" content=\"https:\/\/astrovac.nl\/wp-content\/uploads\/2016\/04\/Astrovac_front_img-e1488467982584.png\" \/>\n\t<meta property=\"og:image:width\" content=\"480\" \/>\n\t<meta property=\"og:image:height\" content=\"349\" \/>\n\t<meta property=\"og:image:type\" content=\"image\/png\" \/>\n<meta name=\"twitter:card\" content=\"summary_large_image\" \/>\n<meta name=\"twitter:label1\" content=\"Gesch\u00e4tzte Lesezeit\" \/>\n\t<meta name=\"twitter:data1\" content=\"2\u00a0Minuten\" \/>\n<script type=\"application\/ld+json\" class=\"yoast-schema-graph\">{\"@context\":\"https:\\\/\\\/schema.org\",\"@graph\":[{\"@type\":\"WebPage\",\"@id\":\"https:\\\/\\\/astrovac.nl\\\/centraal-stofzuigersysteem\\\/gezondheid-en-allergieen\\\/\",\"url\":\"https:\\\/\\\/astrovac.nl\\\/centraal-stofzuigersysteem\\\/gezondheid-en-allergieen\\\/\",\"name\":\"Een centraal stofzuigsysteem blaast ultrafijne stof naar buitenStofzuiger gezondheid en allergie\u00ebn | Astrovac\",\"isPartOf\":{\"@id\":\"https:\\\/\\\/astrovac.nl\\\/de\\\/#website\"},\"primaryImageOfPage\":{\"@id\":\"https:\\\/\\\/astrovac.nl\\\/centraal-stofzuigersysteem\\\/gezondheid-en-allergieen\\\/#primaryimage\"},\"image\":{\"@id\":\"https:\\\/\\\/astrovac.nl\\\/centraal-stofzuigersysteem\\\/gezondheid-en-allergieen\\\/#primaryimage\"},\"thumbnailUrl\":\"https:\\\/\\\/astrovac.nl\\\/wp-content\\\/uploads\\\/2016\\\/04\\\/Astrovac_front_img-e1488467982584.png\",\"datePublished\":\"2012-11-29T09:21:06+00:00\",\"dateModified\":\"2023-10-20T08:53:25+00:00\",\"description\":\"Lees alles over gezondheid en allergie\u00ebn rondom stofzuigers. | Astrovac = D\u00e9 top in centrale stofafzuiging \u2713 Schoner \u2713 Stiller \u2713 Gezonder!\",\"breadcrumb\":{\"@id\":\"https:\\\/\\\/astrovac.nl\\\/centraal-stofzuigersysteem\\\/gezondheid-en-allergieen\\\/#breadcrumb\"},\"inLanguage\":\"de\",\"potentialAction\":[{\"@type\":\"ReadAction\",\"target\":[\"https:\\\/\\\/astrovac.nl\\\/centraal-stofzuigersysteem\\\/gezondheid-en-allergieen\\\/\"]}]},{\"@type\":\"ImageObject\",\"inLanguage\":\"de\",\"@id\":\"https:\\\/\\\/astrovac.nl\\\/centraal-stofzuigersysteem\\\/gezondheid-en-allergieen\\\/#primaryimage\",\"url\":\"https:\\\/\\\/astrovac.nl\\\/wp-content\\\/uploads\\\/2016\\\/04\\\/Astrovac_front_img-e1488467982584.png\",\"contentUrl\":\"https:\\\/\\\/astrovac.nl\\\/wp-content\\\/uploads\\\/2016\\\/04\\\/Astrovac_front_img-e1488467982584.png\",\"width\":480,\"height\":349,\"caption\":\"Een centraal stofzuigsysteem blaast ultrafijne stof naar buiten\"},{\"@type\":\"BreadcrumbList\",\"@id\":\"https:\\\/\\\/astrovac.nl\\\/centraal-stofzuigersysteem\\\/gezondheid-en-allergieen\\\/#breadcrumb\",\"itemListElement\":[{\"@type\":\"ListItem\",\"position\":1,\"name\":\"Home\",\"item\":\"https:\\\/\\\/astrovac.nl\\\/\"},{\"@type\":\"ListItem\",\"position\":2,\"name\":\"Centraal stofzuigersysteem\",\"item\":\"https:\\\/\\\/astrovac.nl\\\/centraal-stofzuigersysteem\\\/\"},{\"@type\":\"ListItem\",\"position\":3,\"name\":\"Stof en de gezondheid\"}]},{\"@type\":\"WebSite\",\"@id\":\"https:\\\/\\\/astrovac.nl\\\/de\\\/#website\",\"url\":\"https:\\\/\\\/astrovac.nl\\\/de\\\/\",\"name\":\"AstroVac\",\"description\":\"Centrale Stofzuiginstallaties\",\"publisher\":{\"@id\":\"https:\\\/\\\/astrovac.nl\\\/de\\\/#organization\"},\"potentialAction\":[{\"@type\":\"SearchAction\",\"target\":{\"@type\":\"EntryPoint\",\"urlTemplate\":\"https:\\\/\\\/astrovac.nl\\\/de\\\/?s={search_term_string}\"},\"query-input\":{\"@type\":\"PropertyValueSpecification\",\"valueRequired\":true,\"valueName\":\"search_term_string\"}}],\"inLanguage\":\"de\"},{\"@type\":\"Organization\",\"@id\":\"https:\\\/\\\/astrovac.nl\\\/de\\\/#organization\",\"name\":\"AstroVac\",\"url\":\"https:\\\/\\\/astrovac.nl\\\/de\\\/\",\"logo\":{\"@type\":\"ImageObject\",\"inLanguage\":\"de\",\"@id\":\"https:\\\/\\\/astrovac.nl\\\/de\\\/#\\\/schema\\\/logo\\\/image\\\/\",\"url\":\"https:\\\/\\\/astrovac.nl\\\/wp-content\\\/uploads\\\/2024\\\/03\\\/Astrovac-logo-2024.png\",\"contentUrl\":\"https:\\\/\\\/astrovac.nl\\\/wp-content\\\/uploads\\\/2024\\\/03\\\/Astrovac-logo-2024.png\",\"width\":3092,\"height\":906,\"caption\":\"AstroVac\"},\"image\":{\"@id\":\"https:\\\/\\\/astrovac.nl\\\/de\\\/#\\\/schema\\\/logo\\\/image\\\/\"},\"sameAs\":[\"https:\\\/\\\/www.facebook.com\\\/profile.php?id=61559925887346\"]}]}<\/script>\n<!-- \/ Yoast SEO plugin. -->","yoast_head_json":{"title":"Ein zentrales Staubsaugersystem bl\u00e4st ultrafeinen Staub ins FreieStaubsauger Gesundheit und Allergien | Astrovac","description":"Lesen Sie alles \u00fcber Gesundheit und Allergien beim Staubsaugen. | Astrovac = Die Spitze der zentralen Staubabsaugung \u2713 Sauberer \u2713 Leiser \u2713 Ges\u00fcnder!","robots":{"index":"index","follow":"follow","max-snippet":"max-snippet:-1","max-image-preview":"max-image-preview:large","max-video-preview":"max-video-preview:-1"},"canonical":"https:\/\/astrovac.nl\/de\/zentrales-staubsaugersystem\/gesundheit-und-allergien\/","og_locale":"de_DE","og_type":"article","og_title":"Een centraal stofzuigsysteem blaast ultrafijne stof naar buitenStofzuiger gezondheid en allergie\u00ebn | Astrovac","og_description":"Lees alles over gezondheid en allergie\u00ebn rondom stofzuigers. | Astrovac = D\u00e9 top in centrale stofafzuiging \u2713 Schoner \u2713 Stiller \u2713 Gezonder!","og_url":"https:\/\/astrovac.nl\/de\/zentrales-staubsaugersystem\/gesundheit-und-allergien\/","og_site_name":"AstroVac","article_publisher":"https:\/\/www.facebook.com\/profile.php?id=61559925887346","article_modified_time":"2023-10-20T08:53:25+00:00","og_image":[{"width":480,"height":349,"url":"https:\/\/astrovac.nl\/wp-content\/uploads\/2016\/04\/Astrovac_front_img-e1488467982584.png","type":"image\/png"}],"twitter_card":"summary_large_image","twitter_misc":{"Gesch\u00e4tzte Lesezeit":"2\u00a0Minuten"},"schema":{"@context":"https:\/\/schema.org","@graph":[{"@type":"WebPage","@id":"https:\/\/astrovac.nl\/centraal-stofzuigersysteem\/gezondheid-en-allergieen\/","url":"https:\/\/astrovac.nl\/centraal-stofzuigersysteem\/gezondheid-en-allergieen\/","name":"Ein zentrales Staubsaugersystem bl\u00e4st ultrafeinen Staub ins FreieStaubsauger Gesundheit und Allergien | Astrovac","isPartOf":{"@id":"https:\/\/astrovac.nl\/de\/#website"},"primaryImageOfPage":{"@id":"https:\/\/astrovac.nl\/centraal-stofzuigersysteem\/gezondheid-en-allergieen\/#primaryimage"},"image":{"@id":"https:\/\/astrovac.nl\/centraal-stofzuigersysteem\/gezondheid-en-allergieen\/#primaryimage"},"thumbnailUrl":"https:\/\/astrovac.nl\/wp-content\/uploads\/2016\/04\/Astrovac_front_img-e1488467982584.png","datePublished":"2012-11-29T09:21:06+00:00","dateModified":"2023-10-20T08:53:25+00:00","description":"Lesen Sie alles \u00fcber Gesundheit und Allergien beim Staubsaugen. | Astrovac = Die Spitze der zentralen Staubabsaugung \u2713 Sauberer \u2713 Leiser \u2713 Ges\u00fcnder!","breadcrumb":{"@id":"https:\/\/astrovac.nl\/centraal-stofzuigersysteem\/gezondheid-en-allergieen\/#breadcrumb"},"inLanguage":"de","potentialAction":[{"@type":"ReadAction","target":["https:\/\/astrovac.nl\/centraal-stofzuigersysteem\/gezondheid-en-allergieen\/"]}]},{"@type":"ImageObject","inLanguage":"de","@id":"https:\/\/astrovac.nl\/centraal-stofzuigersysteem\/gezondheid-en-allergieen\/#primaryimage","url":"https:\/\/astrovac.nl\/wp-content\/uploads\/2016\/04\/Astrovac_front_img-e1488467982584.png","contentUrl":"https:\/\/astrovac.nl\/wp-content\/uploads\/2016\/04\/Astrovac_front_img-e1488467982584.png","width":480,"height":349,"caption":"Een centraal stofzuigsysteem blaast ultrafijne stof naar buiten"},{"@type":"BreadcrumbList","@id":"https:\/\/astrovac.nl\/centraal-stofzuigersysteem\/gezondheid-en-allergieen\/#breadcrumb","itemListElement":[{"@type":"ListItem","position":1,"name":"Home","item":"https:\/\/astrovac.nl\/"},{"@type":"ListItem","position":2,"name":"Centraal stofzuigersysteem","item":"https:\/\/astrovac.nl\/centraal-stofzuigersysteem\/"},{"@type":"ListItem","position":3,"name":"Stof en de gezondheid"}]},{"@type":"WebSite","@id":"https:\/\/astrovac.nl\/de\/#website","url":"https:\/\/astrovac.nl\/de\/","name":"AstroVac","description":"Zentrale Vakuumsysteme","publisher":{"@id":"https:\/\/astrovac.nl\/de\/#organization"},"potentialAction":[{"@type":"SearchAction","target":{"@type":"EntryPoint","urlTemplate":"https:\/\/astrovac.nl\/de\/?s={search_term_string}"},"query-input":{"@type":"PropertyValueSpecification","valueRequired":true,"valueName":"search_term_string"}}],"inLanguage":"de"},{"@type":"Organization","@id":"https:\/\/astrovac.nl\/de\/#organization","name":"AstroVac","url":"https:\/\/astrovac.nl\/de\/","logo":{"@type":"ImageObject","inLanguage":"de","@id":"https:\/\/astrovac.nl\/de\/#\/schema\/logo\/image\/","url":"https:\/\/astrovac.nl\/wp-content\/uploads\/2024\/03\/Astrovac-logo-2024.png","contentUrl":"https:\/\/astrovac.nl\/wp-content\/uploads\/2024\/03\/Astrovac-logo-2024.png","width":3092,"height":906,"caption":"AstroVac"},"image":{"@id":"https:\/\/astrovac.nl\/de\/#\/schema\/logo\/image\/"},"sameAs":["https:\/\/www.facebook.com\/profile.php?id=61559925887346"]}]}},"_links":{"self":[{"href":"https:\/\/astrovac.nl\/de\/wp-json\/wp\/v2\/pages\/120","targetHints":{"allow":["GET"]}}],"collection":[{"href":"https:\/\/astrovac.nl\/de\/wp-json\/wp\/v2\/pages"}],"about":[{"href":"https:\/\/astrovac.nl\/de\/wp-json\/wp\/v2\/types\/page"}],"author":[{"embeddable":true,"href":"https:\/\/astrovac.nl\/de\/wp-json\/wp\/v2\/users\/6"}],"replies":[{"embeddable":true,"href":"https:\/\/astrovac.nl\/de\/wp-json\/wp\/v2\/comments?post=120"}],"version-history":[{"count":14,"href":"https:\/\/astrovac.nl\/de\/wp-json\/wp\/v2\/pages\/120\/revisions"}],"predecessor-version":[{"id":24143,"href":"https:\/\/astrovac.nl\/de\/wp-json\/wp\/v2\/pages\/120\/revisions\/24143"}],"up":[{"embeddable":true,"href":"https:\/\/astrovac.nl\/de\/wp-json\/wp\/v2\/pages\/8"}],"wp:featuredmedia":[{"embeddable":true,"href":"https:\/\/astrovac.nl\/de\/wp-json\/wp\/v2\/media\/3567"}],"wp:attachment":[{"href":"https:\/\/astrovac.nl\/de\/wp-json\/wp\/v2\/media?parent=120"}],"curies":[{"name":"wp","href":"https:\/\/api.w.org\/{rel}","templated":true}]}}