{"id":128,"date":"2012-11-29T10:26:11","date_gmt":"2012-11-29T09:26:11","guid":{"rendered":"https:\/\/astrotrans.testontwikkeling.nl\/?page_id=128"},"modified":"2025-11-01T00:57:00","modified_gmt":"2025-10-31T23:57:00","slug":"downloads-und-maszeichnungen","status":"publish","type":"page","link":"https:\/\/astrovac.nl\/de\/informatie\/downloads-en-maatschetsen\/","title":{"rendered":"Downloads"},"content":{"rendered":"<section class=\"section\" id=\"section_1975378422\">\n\t\t<div class=\"section-bg fill\" >\n\t\t\t\t\t\t\t\t\t\n\t\t\t\n\n\t\t<\/div>\n\n\t\t\n\n\t\t<div class=\"section-content relative\">\n\t\t\t\n<div class=\"row\"  id=\"row-1112640019\">\n\n\t<div id=\"col-586700834\" class=\"col small-12 large-12\"  >\n\t\t\t\t<div class=\"col-inner\"  >\n\t\t\t\n\t\t\t\n<div class=\"container section-title-container\" ><h1 class=\"section-title section-title-normal\"><b aria-hidden=\"true\"><\/b><span class=\"section-title-main\" >Downloads<\/span><b aria-hidden=\"true\"><\/b><\/h1><\/div>\n\t\t<\/div>\n\t\t\t\t\t<\/div>\n\n\t\n<\/div>\n<div class=\"row\"  id=\"row-346893498\">\n\n\t<div id=\"col-1567688885\" class=\"col medium-4 small-12 large-4\"  >\n\t\t\t\t<div class=\"col-inner\"  >\n\t\t\t\n\t\t\t\n<h3>Brosch\u00fcren<\/h3>\n<p><a href=\"https:\/\/astrovac.nl\/wp-content\/uploads\/2013\/01\/brochure_astrovac_2005_web.pdf\" target=\"_blank\" rel=\"noopener noreferrer\">AstroVac<\/a><\/p>\n<p><a href=\"https:\/\/astrovac.nl\/wp-admin\/upload.php?item=5797\">Installationspakete<\/a><\/p>\n<p><a href=\"https:\/\/astrovac.nl\/wp-content\/uploads\/2018\/11\/Brochure-Retraflex.pdf\">Retraflex<\/a><\/p>\n<h4>Bedienungsanleitungen<\/h4>\n<p><a title=\"Absauganlage mit Staubbeutel\" href=\"https:\/\/astrovac.nl\/wp-content\/uploads\/2014\/09\/Stofzuigunit-stofzak.pdf\">Absauganlage mit Staubbeutel<\/a><\/p>\n<p><a title=\"Vakuumeinheit filterlos\" href=\"https:\/\/astrovac.nl\/wp-content\/uploads\/2015\/07\/gebruikershandleiding-AstroVac-S-serie.pdf\">Vakuumeinheit komplett filterlos<\/a><\/p>\n\t\t<\/div>\n\t\t\t\t\t<\/div>\n\n\t\n\n\t<div id=\"col-1933185370\" class=\"col medium-4 small-12 large-4\"  >\n\t\t\t\t<div class=\"col-inner\"  >\n\t\t\t\n\t\t\t\n<h4>Brosch\u00fcren :<\/h4>\n<p><a href=\"https:\/\/astrovac.nl\/wp-content\/uploads\/2019\/11\/AstroVac-installatiehandleiding-2019-1.pdf\">AstroVac Installationshandbuch - 2019<\/a><\/p>\n<p><a href=\"https:\/\/astrovac.nl\/wp-content\/uploads\/2012\/11\/Installatiehandleiding_AV_2012.pdf\" target=\"_blank\" rel=\"noopener noreferrer\">AstroVac Installationshandbuch - AstroVac Better Tube wei\u00df<\/a><\/p>\n<p><a href=\"https:\/\/astrovac.nl\/wp-content\/uploads\/2012\/11\/astrovac_installatiehandleiding_2009.pdf\" target=\"_blank\" rel=\"noopener noreferrer\">AstroVac Installationshandbuch - PVC-Rohr Standard grau <\/a><\/p>\n<p><a href=\"https:\/\/astrovac.nl\/wp-content\/uploads\/2020\/06\/Brochure-Retraflex-2020.pdf\">Retraflex Montageanleitung<\/a><\/p>\n<p><a href=\"https:\/\/astrovac.nl\/wp-content\/uploads\/2022\/11\/Hide-a-Hose-installatiehandleiding-NL.pdf\">Verstecken Sie ein Schlauchinstallationshandbuch Niederl\u00e4ndisch<\/a><\/p>\n<p><a href=\"https:\/\/astrovac.nl\/wp-content\/uploads\/2022\/11\/Hide-a-Hose-installation-manual-EN.pdf\">Hide a Hose Installationshandbuch Englisch<\/a><\/p>\n<p><a href=\"https:\/\/astrovac.nl\/wp-content\/uploads\/2022\/11\/Hide-a-Hose-Montageanleitung-DE.pdf\">Hide a Hose Montageanleitung Deutsch<\/a><\/p>\n<h4>Literatur<\/h4>\n<p><a href=\"https:\/\/astrovac.nl\/wp-content\/uploads\/2012\/11\/CS_onderzoeksrapport.pdf\" target=\"_blank\" rel=\"noopener noreferrer\">Wissenschaftlicher Bericht<\/a><\/p>\n\t\t<\/div>\n\t\t\t\t\n<style>\n#col-1933185370 > .col-inner {\n  padding: 0px 70px 0px 0px;\n}\n<\/style>\n\t<\/div>\n\n\t\n\n\t<div id=\"col-1021438275\" class=\"col medium-4 small-12 large-4\"  >\n\t\t\t\t<div class=\"col-inner\"  >\n\t\t\t\n\t\t\t\n<h4>Ma\u00dfzeichnungen<\/h4>\n<p><a href=\"https:\/\/astrovac.nl\/wp-content\/uploads\/2013\/02\/Maatschets_MK20.pdf\" target=\"_blank\" rel=\"noopener noreferrer\">MK20<\/a><\/p>\n<p><a href=\"https:\/\/astrovac.nl\/wp-content\/uploads\/2017\/05\/Maatschets_MK25.pdf\">MK25<\/a><\/p>\n<p><a href=\"https:\/\/astrovac.nl\/wp-content\/uploads\/2012\/11\/Maatschets_MK28.pdf\" target=\"_blank\" rel=\"noopener noreferrer\">MK28<\/a><\/p>\n<p><a href=\"https:\/\/astrovac.nl\/wp-content\/uploads\/2012\/11\/Maatschets_MK35.pdf\" target=\"_blank\" rel=\"noopener noreferrer\">MK35<\/a><\/p>\n<p><a href=\"https:\/\/astrovac.nl\/wp-content\/uploads\/2012\/11\/Maatschets_S1800-C.pdf\" target=\"_blank\" rel=\"noopener noreferrer\">S1800-C<\/a><\/p>\n<p><a href=\"https:\/\/astrovac.nl\/wp-content\/uploads\/2012\/11\/Maatschets_S2200-C.pdf\" target=\"_blank\" rel=\"noopener noreferrer\">S2200-C<\/a><\/p>\n<p><a href=\"https:\/\/astrovac.nl\/wp-content\/uploads\/2012\/11\/Maatschets_S2800-C.pdf\" target=\"_blank\" rel=\"noopener noreferrer\">S2800-C<\/a><\/p>\n<p><a href=\"https:\/\/astrovac.nl\/wp-content\/uploads\/2012\/11\/Maatschets_S3500-C.pdf\" target=\"_blank\" rel=\"noopener noreferrer\">S3500-C<\/a><\/p>\n\t\t<\/div>\n\t\t\t\t\t<\/div>\n\n\t\n<\/div>\n\t\t<\/div>\n\n\t\t\n<style>\n#section_1975378422 {\n  padding-top: 30px;\n  padding-bottom: 30px;\n}\n<\/style>\n\t<\/section>","protected":false},"excerpt":{"rendered":"","protected":false},"author":6,"featured_media":0,"parent":136,"menu_order":0,"comment_status":"closed","ping_status":"open","template":"","meta":{"footnotes":""},"class_list":["post-128","page","type-page","status-publish","hentry"],"yoast_head":"<!-- This site is optimized with the Yoast SEO plugin v27.3 - https:\/\/yoast.com\/product\/yoast-seo-wordpress\/ -->\n<title>Downloads en Maatschetsen | Astrovac<\/title>\n<meta name=\"description\" content=\"Meer informatie over Downloads en Maatschetsen? Bekijk ze hier. | Astrovac = D\u00e9 top in centrale stofafzuiging \u2713 Schoner \u2713 Stiller \u2713 Gezonder!\" \/>\n<meta name=\"robots\" content=\"index, follow, max-snippet:-1, max-image-preview:large, max-video-preview:-1\" \/>\n<link rel=\"canonical\" href=\"https:\/\/astrovac.nl\/de\/informationen\/downloads-und-maszeichnungen\/\" \/>\n<meta property=\"og:locale\" content=\"de_DE\" \/>\n<meta property=\"og:type\" content=\"article\" \/>\n<meta property=\"og:title\" content=\"Downloads en Maatschetsen | Astrovac\" \/>\n<meta property=\"og:description\" content=\"Meer informatie over Downloads en Maatschetsen? Bekijk ze hier. | Astrovac = D\u00e9 top in centrale stofafzuiging \u2713 Schoner \u2713 Stiller \u2713 Gezonder!\" \/>\n<meta property=\"og:url\" content=\"https:\/\/astrovac.nl\/de\/informationen\/downloads-und-maszeichnungen\/\" \/>\n<meta property=\"og:site_name\" content=\"AstroVac\" \/>\n<meta property=\"article:publisher\" content=\"https:\/\/www.facebook.com\/profile.php?id=61559925887346\" \/>\n<meta property=\"article:modified_time\" content=\"2025-10-31T23:57:00+00:00\" \/>\n<meta name=\"twitter:card\" content=\"summary_large_image\" \/>\n<script type=\"application\/ld+json\" class=\"yoast-schema-graph\">{\"@context\":\"https:\\\/\\\/schema.org\",\"@graph\":[{\"@type\":\"WebPage\",\"@id\":\"https:\\\/\\\/astrovac.nl\\\/informatie\\\/downloads-en-maatschetsen\\\/\",\"url\":\"https:\\\/\\\/astrovac.nl\\\/informatie\\\/downloads-en-maatschetsen\\\/\",\"name\":\"Downloads en Maatschetsen | Astrovac\",\"isPartOf\":{\"@id\":\"https:\\\/\\\/astrovac.nl\\\/de\\\/#website\"},\"datePublished\":\"2012-11-29T09:26:11+00:00\",\"dateModified\":\"2025-10-31T23:57:00+00:00\",\"description\":\"Meer informatie over Downloads en Maatschetsen? Bekijk ze hier. | Astrovac = D\u00e9 top in centrale stofafzuiging \u2713 Schoner \u2713 Stiller \u2713 Gezonder!\",\"breadcrumb\":{\"@id\":\"https:\\\/\\\/astrovac.nl\\\/informatie\\\/downloads-en-maatschetsen\\\/#breadcrumb\"},\"inLanguage\":\"de\",\"potentialAction\":[{\"@type\":\"ReadAction\",\"target\":[\"https:\\\/\\\/astrovac.nl\\\/informatie\\\/downloads-en-maatschetsen\\\/\"]}]},{\"@type\":\"BreadcrumbList\",\"@id\":\"https:\\\/\\\/astrovac.nl\\\/informatie\\\/downloads-en-maatschetsen\\\/#breadcrumb\",\"itemListElement\":[{\"@type\":\"ListItem\",\"position\":1,\"name\":\"Home\",\"item\":\"https:\\\/\\\/astrovac.nl\\\/\"},{\"@type\":\"ListItem\",\"position\":2,\"name\":\"Informatie\",\"item\":\"https:\\\/\\\/astrovac.nl\\\/informatie\\\/\"},{\"@type\":\"ListItem\",\"position\":3,\"name\":\"Downloads\"}]},{\"@type\":\"WebSite\",\"@id\":\"https:\\\/\\\/astrovac.nl\\\/de\\\/#website\",\"url\":\"https:\\\/\\\/astrovac.nl\\\/de\\\/\",\"name\":\"AstroVac\",\"description\":\"Centrale Stofzuiginstallaties\",\"publisher\":{\"@id\":\"https:\\\/\\\/astrovac.nl\\\/de\\\/#organization\"},\"potentialAction\":[{\"@type\":\"SearchAction\",\"target\":{\"@type\":\"EntryPoint\",\"urlTemplate\":\"https:\\\/\\\/astrovac.nl\\\/de\\\/?s={search_term_string}\"},\"query-input\":{\"@type\":\"PropertyValueSpecification\",\"valueRequired\":true,\"valueName\":\"search_term_string\"}}],\"inLanguage\":\"de\"},{\"@type\":\"Organization\",\"@id\":\"https:\\\/\\\/astrovac.nl\\\/de\\\/#organization\",\"name\":\"AstroVac\",\"url\":\"https:\\\/\\\/astrovac.nl\\\/de\\\/\",\"logo\":{\"@type\":\"ImageObject\",\"inLanguage\":\"de\",\"@id\":\"https:\\\/\\\/astrovac.nl\\\/de\\\/#\\\/schema\\\/logo\\\/image\\\/\",\"url\":\"https:\\\/\\\/astrovac.nl\\\/wp-content\\\/uploads\\\/2024\\\/03\\\/Astrovac-logo-2024.png\",\"contentUrl\":\"https:\\\/\\\/astrovac.nl\\\/wp-content\\\/uploads\\\/2024\\\/03\\\/Astrovac-logo-2024.png\",\"width\":3092,\"height\":906,\"caption\":\"AstroVac\"},\"image\":{\"@id\":\"https:\\\/\\\/astrovac.nl\\\/de\\\/#\\\/schema\\\/logo\\\/image\\\/\"},\"sameAs\":[\"https:\\\/\\\/www.facebook.com\\\/profile.php?id=61559925887346\"]}]}<\/script>\n<!-- \/ Yoast SEO plugin. -->","yoast_head_json":{"title":"Downloads und Ma\u00dfbl\u00e4tter | Astrovac","description":"Weitere Informationen zu Downloads und Ma\u00dfbl\u00e4ttern? Sehen Sie sie hier. | Astrovac = Die Spitze der zentralen Staubabsaugung \u2713 Sauberer \u2713 Leiser \u2713 Ges\u00fcnder!","robots":{"index":"index","follow":"follow","max-snippet":"max-snippet:-1","max-image-preview":"max-image-preview:large","max-video-preview":"max-video-preview:-1"},"canonical":"https:\/\/astrovac.nl\/de\/informationen\/downloads-und-maszeichnungen\/","og_locale":"de_DE","og_type":"article","og_title":"Downloads en Maatschetsen | Astrovac","og_description":"Meer informatie over Downloads en Maatschetsen? Bekijk ze hier. | Astrovac = D\u00e9 top in centrale stofafzuiging \u2713 Schoner \u2713 Stiller \u2713 Gezonder!","og_url":"https:\/\/astrovac.nl\/de\/informationen\/downloads-und-maszeichnungen\/","og_site_name":"AstroVac","article_publisher":"https:\/\/www.facebook.com\/profile.php?id=61559925887346","article_modified_time":"2025-10-31T23:57:00+00:00","twitter_card":"summary_large_image","schema":{"@context":"https:\/\/schema.org","@graph":[{"@type":"WebPage","@id":"https:\/\/astrovac.nl\/informatie\/downloads-en-maatschetsen\/","url":"https:\/\/astrovac.nl\/informatie\/downloads-en-maatschetsen\/","name":"Downloads und Ma\u00dfbl\u00e4tter | Astrovac","isPartOf":{"@id":"https:\/\/astrovac.nl\/de\/#website"},"datePublished":"2012-11-29T09:26:11+00:00","dateModified":"2025-10-31T23:57:00+00:00","description":"Weitere Informationen zu Downloads und Ma\u00dfbl\u00e4ttern? Sehen Sie sie hier. | Astrovac = Die Spitze der zentralen Staubabsaugung \u2713 Sauberer \u2713 Leiser \u2713 Ges\u00fcnder!","breadcrumb":{"@id":"https:\/\/astrovac.nl\/informatie\/downloads-en-maatschetsen\/#breadcrumb"},"inLanguage":"de","potentialAction":[{"@type":"ReadAction","target":["https:\/\/astrovac.nl\/informatie\/downloads-en-maatschetsen\/"]}]},{"@type":"BreadcrumbList","@id":"https:\/\/astrovac.nl\/informatie\/downloads-en-maatschetsen\/#breadcrumb","itemListElement":[{"@type":"ListItem","position":1,"name":"Home","item":"https:\/\/astrovac.nl\/"},{"@type":"ListItem","position":2,"name":"Informatie","item":"https:\/\/astrovac.nl\/informatie\/"},{"@type":"ListItem","position":3,"name":"Downloads"}]},{"@type":"WebSite","@id":"https:\/\/astrovac.nl\/de\/#website","url":"https:\/\/astrovac.nl\/de\/","name":"AstroVac","description":"Zentrale Vakuumsysteme","publisher":{"@id":"https:\/\/astrovac.nl\/de\/#organization"},"potentialAction":[{"@type":"SearchAction","target":{"@type":"EntryPoint","urlTemplate":"https:\/\/astrovac.nl\/de\/?s={search_term_string}"},"query-input":{"@type":"PropertyValueSpecification","valueRequired":true,"valueName":"search_term_string"}}],"inLanguage":"de"},{"@type":"Organization","@id":"https:\/\/astrovac.nl\/de\/#organization","name":"AstroVac","url":"https:\/\/astrovac.nl\/de\/","logo":{"@type":"ImageObject","inLanguage":"de","@id":"https:\/\/astrovac.nl\/de\/#\/schema\/logo\/image\/","url":"https:\/\/astrovac.nl\/wp-content\/uploads\/2024\/03\/Astrovac-logo-2024.png","contentUrl":"https:\/\/astrovac.nl\/wp-content\/uploads\/2024\/03\/Astrovac-logo-2024.png","width":3092,"height":906,"caption":"AstroVac"},"image":{"@id":"https:\/\/astrovac.nl\/de\/#\/schema\/logo\/image\/"},"sameAs":["https:\/\/www.facebook.com\/profile.php?id=61559925887346"]}]}},"_links":{"self":[{"href":"https:\/\/astrovac.nl\/de\/wp-json\/wp\/v2\/pages\/128","targetHints":{"allow":["GET"]}}],"collection":[{"href":"https:\/\/astrovac.nl\/de\/wp-json\/wp\/v2\/pages"}],"about":[{"href":"https:\/\/astrovac.nl\/de\/wp-json\/wp\/v2\/types\/page"}],"author":[{"embeddable":true,"href":"https:\/\/astrovac.nl\/de\/wp-json\/wp\/v2\/users\/6"}],"replies":[{"embeddable":true,"href":"https:\/\/astrovac.nl\/de\/wp-json\/wp\/v2\/comments?post=128"}],"version-history":[{"count":34,"href":"https:\/\/astrovac.nl\/de\/wp-json\/wp\/v2\/pages\/128\/revisions"}],"predecessor-version":[{"id":26733,"href":"https:\/\/astrovac.nl\/de\/wp-json\/wp\/v2\/pages\/128\/revisions\/26733"}],"up":[{"embeddable":true,"href":"https:\/\/astrovac.nl\/de\/wp-json\/wp\/v2\/pages\/136"}],"wp:attachment":[{"href":"https:\/\/astrovac.nl\/de\/wp-json\/wp\/v2\/media?parent=128"}],"curies":[{"name":"wp","href":"https:\/\/api.w.org\/{rel}","templated":true}]}}