{"id":14,"date":"2012-11-19T12:26:38","date_gmt":"2012-11-19T11:26:38","guid":{"rendered":"https:\/\/astrotrans.testontwikkeling.nl\/winkel\/"},"modified":"2024-08-09T10:09:21","modified_gmt":"2024-08-09T09:09:21","slug":"vorherige-version-kaufen","status":"publish","type":"page","link":"https:\/\/astrovac.nl\/de\/winkel-prev-version\/","title":{"rendered":"Shop"},"content":{"rendered":"<p>Auf AstroVac.nl finden Sie das gr\u00f6\u00dfte Angebot an Zentralstaubersauganlagen und Zubeh\u00f6r. Bestellen Sie einfach online und lassen Sie sich Ihre Bestellung nach Hause oder ins Gesch\u00e4ft liefern. Das ist sicher, schnell und sehr einfach. Bevor Sie mit dem Einkauf beginnen, lesen Sie bitte die folgenden Informationen.<\/p>\n<h4>kostenlose Lieferung<\/h4>\n<p><a href=\"https:\/\/astrovac.nl\/wp-content\/uploads\/2017\/03\/gratis-verzending-.png\"><img loading=\"lazy\" decoding=\"async\" src=\"https:\/\/astrovac.nl\/wp-content\/uploads\/2017\/03\/gratis-verzending-.png\" alt=\"kostenloser Versand\" width=\"282\" height=\"162\" \/><\/a><\/p>\n<h4>Produktinformation<\/h4>\n<p>Wenn Sie alle Details zu den Produkten, die Sie im Webshop ansehen, erfahren m\u00f6chten, klicken Sie auf die Info-Schaltfl\u00e4che neben dem Produkt. <strong>i <\/strong>Informationstaste<\/p>\n<h4>Produkte vergleichen<\/h4>\n<ul>\n<li>klicken Sie auf 'zeige mir'<\/li>\n<li>Setzen Sie ein H\u00e4kchen neben jedes Produkt, das Sie zum Vergleich hinzuf\u00fcgen m\u00f6chten<\/li>\n<li>klicken Sie auf den Produktvergleich auf der linken Seite des Bildschirms<\/li>\n<li>Vergleich anklicken<\/li>\n<\/ul>\n<h4>MwSt.<\/h4>\n<p>Mit der roten Schaltfl\u00e4che k\u00f6nnen Sie angeben, ob die Preise im Webshop ohne oder mit Mehrwertsteuer angezeigt werden sollen. Auf diese Weise k\u00f6nnen Sie einfach berechnen und vergleichen.<\/p>\n<h4>Bestellung<\/h4>\n<p>M\u00f6chten Sie das Produkt bestellen? Klicken Sie dann auf den roten Warenkorb-Button<\/p>","protected":false},"excerpt":{"rendered":"<p>Op AstroVac.nl vind je het grootste assortiment centrale stofzuigsystemen en accessoires. Bestel eenvoudig online en laat je bestelling thuis of op de zaak bezorgen. Dat is veilig, snel en heel gemakkelijk. Lees voor je gaat winkelen onderstaande informatie even door. gratis bezorging product informatie Wil je alle details weten van de producten die je bekijkt [&#8230;]\n","protected":false},"author":6,"featured_media":0,"parent":0,"menu_order":0,"comment_status":"closed","ping_status":"closed","template":"","meta":{"footnotes":""},"class_list":["post-14","page","type-page","status-publish","hentry"],"yoast_head":"<!-- This site is optimized with the Yoast SEO plugin v27.3 - https:\/\/yoast.com\/product\/yoast-seo-wordpress\/ -->\n<title>Bekijk de Stofzuigersystemen in de winkel - AstroVac<\/title>\n<meta name=\"robots\" content=\"index, follow, max-snippet:-1, max-image-preview:large, max-video-preview:-1\" \/>\n<link rel=\"canonical\" href=\"https:\/\/astrovac.nl\/de\/vorherige-version-kaufen\/\" \/>\n<meta property=\"og:locale\" content=\"de_DE\" \/>\n<meta property=\"og:type\" content=\"article\" \/>\n<meta property=\"og:title\" content=\"Bekijk de Stofzuigersystemen in de winkel - AstroVac\" \/>\n<meta property=\"og:description\" content=\"Op AstroVac.nl vind je het grootste assortiment centrale stofzuigsystemen en accessoires. Bestel eenvoudig online en laat je bestelling thuis of op de zaak bezorgen. Dat is veilig, snel en heel gemakkelijk. Lees voor je gaat winkelen onderstaande informatie even door. gratis bezorging product informatie Wil je alle details weten van de producten die je bekijkt [...]\" \/>\n<meta property=\"og:url\" content=\"https:\/\/astrovac.nl\/de\/vorherige-version-kaufen\/\" \/>\n<meta property=\"og:site_name\" content=\"AstroVac\" \/>\n<meta property=\"article:publisher\" content=\"https:\/\/www.facebook.com\/profile.php?id=61559925887346\" \/>\n<meta property=\"article:modified_time\" content=\"2024-08-09T09:09:21+00:00\" \/>\n<meta property=\"og:image\" content=\"https:\/\/astrovac.nl\/wp-content\/uploads\/2017\/03\/gratis-verzending-.png\" \/>\n<meta name=\"twitter:card\" content=\"summary_large_image\" \/>\n<meta name=\"twitter:label1\" content=\"Gesch\u00e4tzte Lesezeit\" \/>\n\t<meta name=\"twitter:data1\" content=\"1\u00a0Minute\" \/>\n<script type=\"application\/ld+json\" class=\"yoast-schema-graph\">{\"@context\":\"https:\\\/\\\/schema.org\",\"@graph\":[{\"@type\":\"WebPage\",\"@id\":\"https:\\\/\\\/astrovac.nl\\\/winkel-prev-version\\\/\",\"url\":\"https:\\\/\\\/astrovac.nl\\\/winkel-prev-version\\\/\",\"name\":\"Bekijk de Stofzuigersystemen in de winkel - AstroVac\",\"isPartOf\":{\"@id\":\"https:\\\/\\\/astrovac.nl\\\/de\\\/#website\"},\"primaryImageOfPage\":{\"@id\":\"https:\\\/\\\/astrovac.nl\\\/winkel-prev-version\\\/#primaryimage\"},\"image\":{\"@id\":\"https:\\\/\\\/astrovac.nl\\\/winkel-prev-version\\\/#primaryimage\"},\"thumbnailUrl\":\"https:\\\/\\\/astrovac.nl\\\/wp-content\\\/uploads\\\/2017\\\/03\\\/gratis-verzending-.png\",\"datePublished\":\"2012-11-19T11:26:38+00:00\",\"dateModified\":\"2024-08-09T09:09:21+00:00\",\"breadcrumb\":{\"@id\":\"https:\\\/\\\/astrovac.nl\\\/winkel-prev-version\\\/#breadcrumb\"},\"inLanguage\":\"de\",\"potentialAction\":[{\"@type\":\"ReadAction\",\"target\":[\"https:\\\/\\\/astrovac.nl\\\/winkel-prev-version\\\/\"]}]},{\"@type\":\"ImageObject\",\"inLanguage\":\"de\",\"@id\":\"https:\\\/\\\/astrovac.nl\\\/winkel-prev-version\\\/#primaryimage\",\"url\":\"https:\\\/\\\/astrovac.nl\\\/wp-content\\\/uploads\\\/2017\\\/03\\\/gratis-verzending-.png\",\"contentUrl\":\"https:\\\/\\\/astrovac.nl\\\/wp-content\\\/uploads\\\/2017\\\/03\\\/gratis-verzending-.png\"},{\"@type\":\"BreadcrumbList\",\"@id\":\"https:\\\/\\\/astrovac.nl\\\/winkel-prev-version\\\/#breadcrumb\",\"itemListElement\":[{\"@type\":\"ListItem\",\"position\":1,\"name\":\"Home\",\"item\":\"https:\\\/\\\/astrovac.nl\\\/\"},{\"@type\":\"ListItem\",\"position\":2,\"name\":\"Winkel\"}]},{\"@type\":\"WebSite\",\"@id\":\"https:\\\/\\\/astrovac.nl\\\/de\\\/#website\",\"url\":\"https:\\\/\\\/astrovac.nl\\\/de\\\/\",\"name\":\"AstroVac\",\"description\":\"Centrale Stofzuiginstallaties\",\"publisher\":{\"@id\":\"https:\\\/\\\/astrovac.nl\\\/de\\\/#organization\"},\"potentialAction\":[{\"@type\":\"SearchAction\",\"target\":{\"@type\":\"EntryPoint\",\"urlTemplate\":\"https:\\\/\\\/astrovac.nl\\\/de\\\/?s={search_term_string}\"},\"query-input\":{\"@type\":\"PropertyValueSpecification\",\"valueRequired\":true,\"valueName\":\"search_term_string\"}}],\"inLanguage\":\"de\"},{\"@type\":\"Organization\",\"@id\":\"https:\\\/\\\/astrovac.nl\\\/de\\\/#organization\",\"name\":\"AstroVac\",\"url\":\"https:\\\/\\\/astrovac.nl\\\/de\\\/\",\"logo\":{\"@type\":\"ImageObject\",\"inLanguage\":\"de\",\"@id\":\"https:\\\/\\\/astrovac.nl\\\/de\\\/#\\\/schema\\\/logo\\\/image\\\/\",\"url\":\"https:\\\/\\\/astrovac.nl\\\/wp-content\\\/uploads\\\/2024\\\/03\\\/Astrovac-logo-2024.png\",\"contentUrl\":\"https:\\\/\\\/astrovac.nl\\\/wp-content\\\/uploads\\\/2024\\\/03\\\/Astrovac-logo-2024.png\",\"width\":3092,\"height\":906,\"caption\":\"AstroVac\"},\"image\":{\"@id\":\"https:\\\/\\\/astrovac.nl\\\/de\\\/#\\\/schema\\\/logo\\\/image\\\/\"},\"sameAs\":[\"https:\\\/\\\/www.facebook.com\\\/profile.php?id=61559925887346\"]}]}<\/script>\n<!-- \/ Yoast SEO plugin. -->","yoast_head_json":{"title":"Sehen Sie die Vakuumsysteme im Shop - AstroVac","robots":{"index":"index","follow":"follow","max-snippet":"max-snippet:-1","max-image-preview":"max-image-preview:large","max-video-preview":"max-video-preview:-1"},"canonical":"https:\/\/astrovac.nl\/de\/vorherige-version-kaufen\/","og_locale":"de_DE","og_type":"article","og_title":"Bekijk de Stofzuigersystemen in de winkel - AstroVac","og_description":"Op AstroVac.nl vind je het grootste assortiment centrale stofzuigsystemen en accessoires. Bestel eenvoudig online en laat je bestelling thuis of op de zaak bezorgen. Dat is veilig, snel en heel gemakkelijk. Lees voor je gaat winkelen onderstaande informatie even door. gratis bezorging product informatie Wil je alle details weten van de producten die je bekijkt [...]","og_url":"https:\/\/astrovac.nl\/de\/vorherige-version-kaufen\/","og_site_name":"AstroVac","article_publisher":"https:\/\/www.facebook.com\/profile.php?id=61559925887346","article_modified_time":"2024-08-09T09:09:21+00:00","og_image":[{"url":"https:\/\/astrovac.nl\/wp-content\/uploads\/2017\/03\/gratis-verzending-.png","type":"","width":"","height":""}],"twitter_card":"summary_large_image","twitter_misc":{"Gesch\u00e4tzte Lesezeit":"1\u00a0Minute"},"schema":{"@context":"https:\/\/schema.org","@graph":[{"@type":"WebPage","@id":"https:\/\/astrovac.nl\/winkel-prev-version\/","url":"https:\/\/astrovac.nl\/winkel-prev-version\/","name":"Sehen Sie die Vakuumsysteme im Shop - AstroVac","isPartOf":{"@id":"https:\/\/astrovac.nl\/de\/#website"},"primaryImageOfPage":{"@id":"https:\/\/astrovac.nl\/winkel-prev-version\/#primaryimage"},"image":{"@id":"https:\/\/astrovac.nl\/winkel-prev-version\/#primaryimage"},"thumbnailUrl":"https:\/\/astrovac.nl\/wp-content\/uploads\/2017\/03\/gratis-verzending-.png","datePublished":"2012-11-19T11:26:38+00:00","dateModified":"2024-08-09T09:09:21+00:00","breadcrumb":{"@id":"https:\/\/astrovac.nl\/winkel-prev-version\/#breadcrumb"},"inLanguage":"de","potentialAction":[{"@type":"ReadAction","target":["https:\/\/astrovac.nl\/winkel-prev-version\/"]}]},{"@type":"ImageObject","inLanguage":"de","@id":"https:\/\/astrovac.nl\/winkel-prev-version\/#primaryimage","url":"https:\/\/astrovac.nl\/wp-content\/uploads\/2017\/03\/gratis-verzending-.png","contentUrl":"https:\/\/astrovac.nl\/wp-content\/uploads\/2017\/03\/gratis-verzending-.png"},{"@type":"BreadcrumbList","@id":"https:\/\/astrovac.nl\/winkel-prev-version\/#breadcrumb","itemListElement":[{"@type":"ListItem","position":1,"name":"Home","item":"https:\/\/astrovac.nl\/"},{"@type":"ListItem","position":2,"name":"Winkel"}]},{"@type":"WebSite","@id":"https:\/\/astrovac.nl\/de\/#website","url":"https:\/\/astrovac.nl\/de\/","name":"AstroVac","description":"Zentrale Vakuumsysteme","publisher":{"@id":"https:\/\/astrovac.nl\/de\/#organization"},"potentialAction":[{"@type":"SearchAction","target":{"@type":"EntryPoint","urlTemplate":"https:\/\/astrovac.nl\/de\/?s={search_term_string}"},"query-input":{"@type":"PropertyValueSpecification","valueRequired":true,"valueName":"search_term_string"}}],"inLanguage":"de"},{"@type":"Organization","@id":"https:\/\/astrovac.nl\/de\/#organization","name":"AstroVac","url":"https:\/\/astrovac.nl\/de\/","logo":{"@type":"ImageObject","inLanguage":"de","@id":"https:\/\/astrovac.nl\/de\/#\/schema\/logo\/image\/","url":"https:\/\/astrovac.nl\/wp-content\/uploads\/2024\/03\/Astrovac-logo-2024.png","contentUrl":"https:\/\/astrovac.nl\/wp-content\/uploads\/2024\/03\/Astrovac-logo-2024.png","width":3092,"height":906,"caption":"AstroVac"},"image":{"@id":"https:\/\/astrovac.nl\/de\/#\/schema\/logo\/image\/"},"sameAs":["https:\/\/www.facebook.com\/profile.php?id=61559925887346"]}]}},"_links":{"self":[{"href":"https:\/\/astrovac.nl\/de\/wp-json\/wp\/v2\/pages\/14","targetHints":{"allow":["GET"]}}],"collection":[{"href":"https:\/\/astrovac.nl\/de\/wp-json\/wp\/v2\/pages"}],"about":[{"href":"https:\/\/astrovac.nl\/de\/wp-json\/wp\/v2\/types\/page"}],"author":[{"embeddable":true,"href":"https:\/\/astrovac.nl\/de\/wp-json\/wp\/v2\/users\/6"}],"replies":[{"embeddable":true,"href":"https:\/\/astrovac.nl\/de\/wp-json\/wp\/v2\/comments?post=14"}],"version-history":[{"count":7,"href":"https:\/\/astrovac.nl\/de\/wp-json\/wp\/v2\/pages\/14\/revisions"}],"predecessor-version":[{"id":25749,"href":"https:\/\/astrovac.nl\/de\/wp-json\/wp\/v2\/pages\/14\/revisions\/25749"}],"wp:attachment":[{"href":"https:\/\/astrovac.nl\/de\/wp-json\/wp\/v2\/media?parent=14"}],"curies":[{"name":"wp","href":"https:\/\/api.w.org\/{rel}","templated":true}]}}