{"id":1528,"date":"2013-07-12T13:37:23","date_gmt":"2013-07-12T12:37:23","guid":{"rendered":"https:\/\/astrotrans.testontwikkeling.nl\/?page_id=1528"},"modified":"2025-11-01T00:31:39","modified_gmt":"2025-10-31T23:31:39","slug":"bearbeitung-von-beschwerden","status":"publish","type":"page","link":"https:\/\/astrovac.nl\/de\/contact\/klachtenafhandeling\/","title":{"rendered":"Beschwerden"},"content":{"rendered":"<section class=\"section\" id=\"section_914596366\">\n\t\t<div class=\"section-bg fill\" >\n\t\t\t\t\t\t\t\t\t\n\t\t\t\n\n\t\t<\/div>\n\n\t\t\n\n\t\t<div class=\"section-content relative\">\n\t\t\t\n<div class=\"row\"  id=\"row-237698565\">\n\n\t<div id=\"col-1239375556\" class=\"col small-12 large-12\"  >\n\t\t\t\t<div class=\"col-inner\"  >\n\t\t\t\n\t\t\t\n<div class=\"container section-title-container\" ><h1 class=\"section-title section-title-normal\"><b aria-hidden=\"true\"><\/b><span class=\"section-title-main\" >Beschwerden<\/span><b aria-hidden=\"true\"><\/b><\/h1><\/div>\n\t\t<\/div>\n\t\t\t\t\t<\/div>\n\n\t\n<\/div>\n<div class=\"row\"  id=\"row-552991914\">\n\n\t<div id=\"col-1239461133\" class=\"col medium-8 small-12 large-8\"  >\n\t\t\t\t<div class=\"col-inner\"  >\n\t\t\t\n\t\t\t\n<p>F\u00fcr AstroVac ist es wichtig, dass Sie mit unseren Produkten und unserem Service zufrieden sind. F\u00fcr den unwahrscheinlichen Fall, dass doch einmal etwas schief gehen sollte, m\u00f6chten wir Sie bitten, uns dies sofort zu melden. Wir werden unser M\u00f6glichstes tun, um das Problem f\u00fcr Sie zu l\u00f6sen und\/oder gemeinsam eine L\u00f6sung zu finden.<\/p>\n<p><strong>Wie kann ich eine Beschwerde einreichen?<\/strong><br \/>\n- E-Mail info@astrovac.nl;<br \/>\n- Beginnen Sie Ihre Betreffzeile mit \u2018Beschwerde\u2019;<br \/>\n- Geben Sie immer Ihren Namen, Ihre Adresse, Ihre Telefonnummer und (falls zutreffend) eine Bestellnummer\/Rechnungsnummer an;<br \/>\n- Beschreiben Sie die Beschwerde so genau wie m\u00f6glich und f\u00fcgen Sie ggf. Bilder bei.<\/p>\n<p><strong>Best\u00e4tigung und Abwicklung<\/strong><br \/>\nWir best\u00e4tigen den Eingang innerhalb von zwei Arbeitstagen und Sie erhalten innerhalb von 14 Tagen eine inhaltliche Antwort von uns. Ben\u00f6tigen wir mehr Zeit f\u00fcr die Bearbeitung Ihrer Beschwerde? Wenn ja, teilen wir Ihnen dies selbstverst\u00e4ndlich mit und geben Ihnen eine Sch\u00e4tzung der ben\u00f6tigten Zeit.<\/p>\n\t\t<\/div>\n\t\t\t\t\t<\/div>\n\n\t\n<\/div>\n\t\t<\/div>\n\n\t\t\n<style>\n#section_914596366 {\n  padding-top: 30px;\n  padding-bottom: 30px;\n}\n<\/style>\n\t<\/section>","protected":false},"excerpt":{"rendered":"","protected":false},"author":6,"featured_media":0,"parent":10,"menu_order":0,"comment_status":"closed","ping_status":"open","template":"","meta":{"footnotes":""},"class_list":["post-1528","page","type-page","status-publish","hentry"],"yoast_head":"<!-- This site is optimized with the Yoast SEO plugin v27.3 - https:\/\/yoast.com\/product\/yoast-seo-wordpress\/ -->\n<title>Klachten over onze dienstverlening? Neem contact op | Astrovac<\/title>\n<meta name=\"description\" content=\"Heeft u klachten over onze producten? Neem contact met ons op. | Astrovac = D\u00e9 top in centrale stofafzuiging \u2713 Schoner \u2713 Stiller \u2713 Gezonder!\" \/>\n<meta name=\"robots\" content=\"index, follow, max-snippet:-1, max-image-preview:large, max-video-preview:-1\" \/>\n<link rel=\"canonical\" href=\"https:\/\/astrovac.nl\/de\/kontakt\/bearbeitung-von-beschwerden\/\" \/>\n<meta property=\"og:locale\" content=\"de_DE\" \/>\n<meta property=\"og:type\" content=\"article\" \/>\n<meta property=\"og:title\" content=\"Klachten over onze dienstverlening? Neem contact op | Astrovac\" \/>\n<meta property=\"og:description\" content=\"Heeft u klachten over onze producten? Neem contact met ons op. | Astrovac = D\u00e9 top in centrale stofafzuiging \u2713 Schoner \u2713 Stiller \u2713 Gezonder!\" \/>\n<meta property=\"og:url\" content=\"https:\/\/astrovac.nl\/de\/kontakt\/bearbeitung-von-beschwerden\/\" \/>\n<meta property=\"og:site_name\" content=\"AstroVac\" \/>\n<meta property=\"article:publisher\" content=\"https:\/\/www.facebook.com\/profile.php?id=61559925887346\" \/>\n<meta property=\"article:modified_time\" content=\"2025-10-31T23:31:39+00:00\" \/>\n<meta name=\"twitter:card\" content=\"summary_large_image\" \/>\n<meta name=\"twitter:label1\" content=\"Gesch\u00e4tzte Lesezeit\" \/>\n\t<meta name=\"twitter:data1\" content=\"1\u00a0Minute\" \/>\n<script type=\"application\/ld+json\" class=\"yoast-schema-graph\">{\"@context\":\"https:\\\/\\\/schema.org\",\"@graph\":[{\"@type\":\"WebPage\",\"@id\":\"https:\\\/\\\/astrovac.nl\\\/contact\\\/klachtenafhandeling\\\/\",\"url\":\"https:\\\/\\\/astrovac.nl\\\/contact\\\/klachtenafhandeling\\\/\",\"name\":\"Klachten over onze dienstverlening? Neem contact op | Astrovac\",\"isPartOf\":{\"@id\":\"https:\\\/\\\/astrovac.nl\\\/de\\\/#website\"},\"datePublished\":\"2013-07-12T12:37:23+00:00\",\"dateModified\":\"2025-10-31T23:31:39+00:00\",\"description\":\"Heeft u klachten over onze producten? Neem contact met ons op. | Astrovac = D\u00e9 top in centrale stofafzuiging \u2713 Schoner \u2713 Stiller \u2713 Gezonder!\",\"breadcrumb\":{\"@id\":\"https:\\\/\\\/astrovac.nl\\\/contact\\\/klachtenafhandeling\\\/#breadcrumb\"},\"inLanguage\":\"de\",\"potentialAction\":[{\"@type\":\"ReadAction\",\"target\":[\"https:\\\/\\\/astrovac.nl\\\/contact\\\/klachtenafhandeling\\\/\"]}]},{\"@type\":\"BreadcrumbList\",\"@id\":\"https:\\\/\\\/astrovac.nl\\\/contact\\\/klachtenafhandeling\\\/#breadcrumb\",\"itemListElement\":[{\"@type\":\"ListItem\",\"position\":1,\"name\":\"Home\",\"item\":\"https:\\\/\\\/astrovac.nl\\\/\"},{\"@type\":\"ListItem\",\"position\":2,\"name\":\"Contact\",\"item\":\"https:\\\/\\\/astrovac.nl\\\/contact\\\/\"},{\"@type\":\"ListItem\",\"position\":3,\"name\":\"Klachten\"}]},{\"@type\":\"WebSite\",\"@id\":\"https:\\\/\\\/astrovac.nl\\\/de\\\/#website\",\"url\":\"https:\\\/\\\/astrovac.nl\\\/de\\\/\",\"name\":\"AstroVac\",\"description\":\"Centrale Stofzuiginstallaties\",\"publisher\":{\"@id\":\"https:\\\/\\\/astrovac.nl\\\/de\\\/#organization\"},\"potentialAction\":[{\"@type\":\"SearchAction\",\"target\":{\"@type\":\"EntryPoint\",\"urlTemplate\":\"https:\\\/\\\/astrovac.nl\\\/de\\\/?s={search_term_string}\"},\"query-input\":{\"@type\":\"PropertyValueSpecification\",\"valueRequired\":true,\"valueName\":\"search_term_string\"}}],\"inLanguage\":\"de\"},{\"@type\":\"Organization\",\"@id\":\"https:\\\/\\\/astrovac.nl\\\/de\\\/#organization\",\"name\":\"AstroVac\",\"url\":\"https:\\\/\\\/astrovac.nl\\\/de\\\/\",\"logo\":{\"@type\":\"ImageObject\",\"inLanguage\":\"de\",\"@id\":\"https:\\\/\\\/astrovac.nl\\\/de\\\/#\\\/schema\\\/logo\\\/image\\\/\",\"url\":\"https:\\\/\\\/astrovac.nl\\\/wp-content\\\/uploads\\\/2024\\\/03\\\/Astrovac-logo-2024.png\",\"contentUrl\":\"https:\\\/\\\/astrovac.nl\\\/wp-content\\\/uploads\\\/2024\\\/03\\\/Astrovac-logo-2024.png\",\"width\":3092,\"height\":906,\"caption\":\"AstroVac\"},\"image\":{\"@id\":\"https:\\\/\\\/astrovac.nl\\\/de\\\/#\\\/schema\\\/logo\\\/image\\\/\"},\"sameAs\":[\"https:\\\/\\\/www.facebook.com\\\/profile.php?id=61559925887346\"]}]}<\/script>\n<!-- \/ Yoast SEO plugin. -->","yoast_head_json":{"title":"Beschwerden \u00fcber unsere Dienstleistungen? Nehmen Sie Kontakt auf | Astrovac","description":"Haben Sie irgendwelche Beschwerden \u00fcber unsere Produkte? Bitte kontaktieren Sie uns. | Astrovac = Die Spitze der zentralen Staubabsaugung \u2713 Sauberer \u2713 Leiser \u2713 Ges\u00fcnder!","robots":{"index":"index","follow":"follow","max-snippet":"max-snippet:-1","max-image-preview":"max-image-preview:large","max-video-preview":"max-video-preview:-1"},"canonical":"https:\/\/astrovac.nl\/de\/kontakt\/bearbeitung-von-beschwerden\/","og_locale":"de_DE","og_type":"article","og_title":"Klachten over onze dienstverlening? Neem contact op | Astrovac","og_description":"Heeft u klachten over onze producten? Neem contact met ons op. | Astrovac = D\u00e9 top in centrale stofafzuiging \u2713 Schoner \u2713 Stiller \u2713 Gezonder!","og_url":"https:\/\/astrovac.nl\/de\/kontakt\/bearbeitung-von-beschwerden\/","og_site_name":"AstroVac","article_publisher":"https:\/\/www.facebook.com\/profile.php?id=61559925887346","article_modified_time":"2025-10-31T23:31:39+00:00","twitter_card":"summary_large_image","twitter_misc":{"Gesch\u00e4tzte Lesezeit":"1\u00a0Minute"},"schema":{"@context":"https:\/\/schema.org","@graph":[{"@type":"WebPage","@id":"https:\/\/astrovac.nl\/contact\/klachtenafhandeling\/","url":"https:\/\/astrovac.nl\/contact\/klachtenafhandeling\/","name":"Beschwerden \u00fcber unsere Dienstleistungen? Nehmen Sie Kontakt auf | Astrovac","isPartOf":{"@id":"https:\/\/astrovac.nl\/de\/#website"},"datePublished":"2013-07-12T12:37:23+00:00","dateModified":"2025-10-31T23:31:39+00:00","description":"Haben Sie irgendwelche Beschwerden \u00fcber unsere Produkte? Bitte kontaktieren Sie uns. | Astrovac = Die Spitze der zentralen Staubabsaugung \u2713 Sauberer \u2713 Leiser \u2713 Ges\u00fcnder!","breadcrumb":{"@id":"https:\/\/astrovac.nl\/contact\/klachtenafhandeling\/#breadcrumb"},"inLanguage":"de","potentialAction":[{"@type":"ReadAction","target":["https:\/\/astrovac.nl\/contact\/klachtenafhandeling\/"]}]},{"@type":"BreadcrumbList","@id":"https:\/\/astrovac.nl\/contact\/klachtenafhandeling\/#breadcrumb","itemListElement":[{"@type":"ListItem","position":1,"name":"Home","item":"https:\/\/astrovac.nl\/"},{"@type":"ListItem","position":2,"name":"Contact","item":"https:\/\/astrovac.nl\/contact\/"},{"@type":"ListItem","position":3,"name":"Klachten"}]},{"@type":"WebSite","@id":"https:\/\/astrovac.nl\/de\/#website","url":"https:\/\/astrovac.nl\/de\/","name":"AstroVac","description":"Zentrale Vakuumsysteme","publisher":{"@id":"https:\/\/astrovac.nl\/de\/#organization"},"potentialAction":[{"@type":"SearchAction","target":{"@type":"EntryPoint","urlTemplate":"https:\/\/astrovac.nl\/de\/?s={search_term_string}"},"query-input":{"@type":"PropertyValueSpecification","valueRequired":true,"valueName":"search_term_string"}}],"inLanguage":"de"},{"@type":"Organization","@id":"https:\/\/astrovac.nl\/de\/#organization","name":"AstroVac","url":"https:\/\/astrovac.nl\/de\/","logo":{"@type":"ImageObject","inLanguage":"de","@id":"https:\/\/astrovac.nl\/de\/#\/schema\/logo\/image\/","url":"https:\/\/astrovac.nl\/wp-content\/uploads\/2024\/03\/Astrovac-logo-2024.png","contentUrl":"https:\/\/astrovac.nl\/wp-content\/uploads\/2024\/03\/Astrovac-logo-2024.png","width":3092,"height":906,"caption":"AstroVac"},"image":{"@id":"https:\/\/astrovac.nl\/de\/#\/schema\/logo\/image\/"},"sameAs":["https:\/\/www.facebook.com\/profile.php?id=61559925887346"]}]}},"_links":{"self":[{"href":"https:\/\/astrovac.nl\/de\/wp-json\/wp\/v2\/pages\/1528","targetHints":{"allow":["GET"]}}],"collection":[{"href":"https:\/\/astrovac.nl\/de\/wp-json\/wp\/v2\/pages"}],"about":[{"href":"https:\/\/astrovac.nl\/de\/wp-json\/wp\/v2\/types\/page"}],"author":[{"embeddable":true,"href":"https:\/\/astrovac.nl\/de\/wp-json\/wp\/v2\/users\/6"}],"replies":[{"embeddable":true,"href":"https:\/\/astrovac.nl\/de\/wp-json\/wp\/v2\/comments?post=1528"}],"version-history":[{"count":6,"href":"https:\/\/astrovac.nl\/de\/wp-json\/wp\/v2\/pages\/1528\/revisions"}],"predecessor-version":[{"id":26720,"href":"https:\/\/astrovac.nl\/de\/wp-json\/wp\/v2\/pages\/1528\/revisions\/26720"}],"up":[{"embeddable":true,"href":"https:\/\/astrovac.nl\/de\/wp-json\/wp\/v2\/pages\/10"}],"wp:attachment":[{"href":"https:\/\/astrovac.nl\/de\/wp-json\/wp\/v2\/media?parent=1528"}],"curies":[{"name":"wp","href":"https:\/\/api.w.org\/{rel}","templated":true}]}}