{"id":19780,"date":"2021-10-19T02:07:36","date_gmt":"2021-10-19T01:07:36","guid":{"rendered":"https:\/\/astrotrans.testontwikkeling.nl\/?page_id=19780"},"modified":"2026-02-26T14:23:49","modified_gmt":"2026-02-26T13:23:49","slug":"home-v2","status":"publish","type":"page","link":"https:\/\/astrovac.nl\/de\/","title":{"rendered":"Startseite"},"content":{"rendered":"<section class=\"section dark has-scroll-for-more\" id=\"section_1377643763\">\n\t\t<div class=\"section-bg fill\" >\n\t\t\t\t\t\t\t<div class=\"video-overlay no-click fill visible\"><\/div>\n\t<video class=\"video-bg fill visible\" preload playsinline autoplay muted loop>\n\t\t<source src=\"https:\/\/astrovac.nl\/wp-content\/uploads\/2023\/10\/astrovac-1.mp4\" type=\"video\/mp4\">\t<\/video>\n\t\t\t<div class=\"section-bg-overlay absolute fill\"><\/div><button class=\"scroll-for-more z-5 icon absolute bottom h-center\" aria-label=\"Scrollen f\u00fcr mehr\"><i class=\"icon-angle-down\" aria-hidden=\"true\" style=\"font-size:42px;\"><\/i><\/button>\n\t\t\t\n\n\t\t<\/div>\n\n\t\t\n\n\t\t<div class=\"section-content relative\">\n\t\t\t\n<div class=\"row\"  id=\"row-1083116451\">\n\n\t<div id=\"col-1474339889\" class=\"col small-12 large-12\"  >\n\t\t\t\t<div class=\"col-inner text-center\"  >\n\t\t\t\n\t\t\t\n<h1 class=\"uppercase\"><strong>Zentralstaubsauger<\/strong><\/h1>\n<a href=\"\/de\/shop\/\" class=\"button alert\" >\n\t<i class=\"icon-shopping-cart\" aria-hidden=\"true\"><\/i>\t<span>Direkt zum Webshop<\/span>\n\t<\/a>\n\n<a href=\"\/de\/angebot\/selbst-berechnen\/\" class=\"button white is-outline\" >\n\t\t<span>Zum Konfigurator<\/span>\n\t<i class=\"icon-star\" aria-hidden=\"true\"><\/i><\/a>\n\n\t\t<\/div>\n\t\t\t\t\t<\/div>\n\n\t\n<\/div>\n\t\t<\/div>\n\n\t\t\n<style>\n#section_1377643763 {\n  padding-top: 30px;\n  padding-bottom: 30px;\n  min-height: 60vh;\n}\n#section_1377643763 .section-bg-overlay {\n  background-color: rgba(0, 0, 0, 0.3);\n}\n<\/style>\n\t<\/section>\n\t\n\n\t<section class=\"section\" id=\"section_1317103410\">\n\t\t<div class=\"section-bg fill\" >\n\t\t\t\t\t\t\t\t\t\n\t\t\t\n\n\t\t<\/div>\n\n\t\t\n\n\t\t<div class=\"section-content relative\">\n\t\t\t\n<div class=\"row align-middle\"  id=\"row-1601120474\">\n\n\t<div id=\"col-1568060874\" class=\"col medium-7 small-12 large-7\"  >\n\t\t\t\t<div class=\"col-inner\"  >\n\t\t\t\n\t\t\t\n<h2>Zentraler Staubsauger: Saubere Luft ist eine Wahl<\/h2>\n<p class=\"translation-block\">Seit 1979 liefert AstroVac eine breite Auswahl an zentralen Staubsaugersystemen, die aus hochwertigen Saugger\u00e4ten und Komponenten bestehen. Mit vielen Saugdosen, an die der Saugschlauch einfach und schnell angeschlossen werden kann.<\/p>\n<p>Mit einer Zentralstaubsauganlage k\u00f6nnen Sie frei atmen denn Zentralstaubsaugen ist hygienisches Staubsaugen, ohne schmutzige Luft und ohne dass Staub aufwirbelt. Ein zentrales Staubsaugersystem sammelt den Staub und f\u00fchrt den Feinstaub durch ein separates Rohr nach drau\u00dfen. Das ist eine Veratmung nicht nur f\u00fcr Allergiker. Jeder profitiert von sauberer Luft<\/p>\n<a href=\"https:\/\/astrovac.nl\/de\/produktkategorie\/absauganlagen-und-staubbehalter\/vakuumanlagen-2\/\" class=\"button primary lowercase\" >\n\t\t<span>Zentrale Absauganlagen<\/span>\n\t<\/a>\n\n\t\t<\/div>\n\t\t\t\t\t<\/div>\n\n\t\n\n\t<div id=\"col-1564404781\" class=\"col medium-4 small-12 large-4 small-col-first\"  >\n\t\t\t\t<div class=\"col-inner\"  >\n\t\t\t\n\t\t\t\n\t<div class=\"img has-hover x md-x lg-x y md-y lg-y\" id=\"image_207076166\">\n\t\t\t\t\t\t\t\t<div class=\"img-inner dark\" >\n\t\t\t<img loading=\"lazy\" decoding=\"async\" width=\"1020\" height=\"1020\" src=\"https:\/\/astrovac.nl\/wp-content\/uploads\/2024\/08\/centraal-stofzuigsysteem-1024x1024.jpeg\" class=\"attachment-large size-large\" alt=\"zentrales Staubsaugersystem\" srcset=\"https:\/\/astrovac.nl\/wp-content\/uploads\/2024\/08\/centraal-stofzuigsysteem-1024x1024.jpeg 1024w, https:\/\/astrovac.nl\/wp-content\/uploads\/2024\/08\/centraal-stofzuigsysteem-270x270.jpeg 270w, https:\/\/astrovac.nl\/wp-content\/uploads\/2024\/08\/centraal-stofzuigsysteem-200x200.jpeg 200w, https:\/\/astrovac.nl\/wp-content\/uploads\/2024\/08\/centraal-stofzuigsysteem-768x768.jpeg 768w, https:\/\/astrovac.nl\/wp-content\/uploads\/2024\/08\/centraal-stofzuigsysteem-12x12.jpeg 12w, https:\/\/astrovac.nl\/wp-content\/uploads\/2024\/08\/centraal-stofzuigsysteem-510x510.jpeg 510w, https:\/\/astrovac.nl\/wp-content\/uploads\/2024\/08\/centraal-stofzuigsysteem-100x100.jpeg 100w, https:\/\/astrovac.nl\/wp-content\/uploads\/2024\/08\/centraal-stofzuigsysteem-64x64.jpeg 64w, https:\/\/astrovac.nl\/wp-content\/uploads\/2024\/08\/centraal-stofzuigsysteem-80x80.jpeg 80w, https:\/\/astrovac.nl\/wp-content\/uploads\/2024\/08\/centraal-stofzuigsysteem.jpeg 1080w\" sizes=\"auto, (max-width: 1020px) 100vw, 1020px\" \/>\t\t\t\t\t\t\n\t\t\t\t\t<\/div>\n\t\t\t\t\t\t\t\t\n<style>\n#image_207076166 {\n  width: 100%;\n}\n<\/style>\n\t<\/div>\n\t\n\t\t<\/div>\n\t\t\t\t\t<\/div>\n\n\t\n\n<style>\n#row-1601120474 > .col > .col-inner {\n  padding: 50px 0px 0px 0px;\n}\n<\/style>\n<\/div>\n\t\t<\/div>\n\n\t\t\n<style>\n#section_1317103410 {\n  padding-top: 30px;\n  padding-bottom: 30px;\n}\n<\/style>\n\t<\/section>\n\t\n\n\t<section class=\"section\" id=\"section_1748178764\">\n\t\t<div class=\"section-bg fill\" >\n\t\t\t\t\t\t\t\t\t\n\t\t\t\n\n\t\t<\/div>\n\n\t\t\n\n\t\t<div class=\"section-content relative\">\n\t\t\t\n<div class=\"row align-middle\"  id=\"row-1530196750\">\n\n\t<div id=\"col-524481907\" class=\"col medium-4 small-12 large-4\"  >\n\t\t\t\t<div class=\"col-inner\"  >\n\t\t\t\n\t\t\t\n\t<div class=\"img has-hover x md-x lg-x y md-y lg-y\" id=\"image_1582908090\">\n\t\t\t\t\t\t\t\t<div class=\"img-inner image-cover dark\" style=\"padding-top:60%;\">\n\t\t\t<img loading=\"lazy\" decoding=\"async\" width=\"1020\" height=\"1020\" src=\"https:\/\/astrovac.nl\/wp-content\/uploads\/2024\/08\/centrale-stofzuiger-1024x1024.jpeg\" class=\"attachment-large size-large\" alt=\"Zentralstaubsauger\" srcset=\"https:\/\/astrovac.nl\/wp-content\/uploads\/2024\/08\/centrale-stofzuiger-1024x1024.jpeg 1024w, https:\/\/astrovac.nl\/wp-content\/uploads\/2024\/08\/centrale-stofzuiger-270x270.jpeg 270w, https:\/\/astrovac.nl\/wp-content\/uploads\/2024\/08\/centrale-stofzuiger-200x200.jpeg 200w, https:\/\/astrovac.nl\/wp-content\/uploads\/2024\/08\/centrale-stofzuiger-768x768.jpeg 768w, https:\/\/astrovac.nl\/wp-content\/uploads\/2024\/08\/centrale-stofzuiger-12x12.jpeg 12w, https:\/\/astrovac.nl\/wp-content\/uploads\/2024\/08\/centrale-stofzuiger-510x510.jpeg 510w, https:\/\/astrovac.nl\/wp-content\/uploads\/2024\/08\/centrale-stofzuiger-100x100.jpeg 100w, https:\/\/astrovac.nl\/wp-content\/uploads\/2024\/08\/centrale-stofzuiger-64x64.jpeg 64w, https:\/\/astrovac.nl\/wp-content\/uploads\/2024\/08\/centrale-stofzuiger-80x80.jpeg 80w, https:\/\/astrovac.nl\/wp-content\/uploads\/2024\/08\/centrale-stofzuiger.jpeg 1080w\" sizes=\"auto, (max-width: 1020px) 100vw, 1020px\" \/>\t\t\t\t\t\t\n\t\t\t\t\t<\/div>\n\t\t\t\t\t\t\t\t\n<style>\n#image_1582908090 {\n  width: 100%;\n}\n<\/style>\n\t<\/div>\n\t\n\t\t<\/div>\n\t\t\t\t\t<\/div>\n\n\t\n\n\t<div id=\"col-1912977676\" class=\"col medium-8 small-12 large-8\"  >\n\t\t\t\t<div class=\"col-inner\"  >\n\t\t\t\n\t\t\t\n<h2>Entdecken Sie die Zukunft des sauberen Lebens mit AstroVac!<\/h2>\n<p>Verbessern Sie die Luftqualit\u00e4t in Ihrem Zuhause mit dem innovativen zentralen Staubsaugersystem von AstroVac. Herk\u00f6mmliche Staubsauger bef\u00f6rdern oft Feinstaub, Allergene und unangenehme Ger\u00fcche zur\u00fcck in die Wohnung und verursachen so gesundheitliche Probleme wie Allergien und Asthma. AstroVac beseitigt dieses Problem, indem es Staub und Allergene effizient nach drau\u00dfen bef\u00f6rdert. Genie\u00dfen Sie ein sauberes, ges\u00fcnderes und frischeres Zuhause mit einem benutzerfreundlichen System. Die L\u00f6sungen von AstroVac sind anpassungsf\u00e4hig und minimalinvasiv und eignen sich sowohl f\u00fcr Neubauten als auch f\u00fcr Renovierungen. Investieren Sie noch heute in Ihre Gesundheit und Ihr Wohlbefinden mit AstroVac!<\/p>\n<a href=\"\/de\/kontakt\/\" class=\"button primary lowercase\" >\n\t\t<span>Kostenloses Angebot<\/span>\n\t<\/a>\n\n\t\t<\/div>\n\t\t\t\t\t<\/div>\n\n\t\n<\/div>\n\t\t<\/div>\n\n\t\t\n<style>\n#section_1748178764 {\n  padding-top: 50px;\n  padding-bottom: 50px;\n}\n<\/style>\n\t<\/section>\n\t\n\n\t<section class=\"section\" id=\"section_1688873581\">\n\t\t<div class=\"section-bg fill\" >\n\t\t\t\t\t\t\t\t\t\n\t\t\t\n\n\t\t<\/div>\n\n\t\t\n\n\t\t<div class=\"section-content relative\">\n\t\t\t\n<div class=\"row align-middle\"  id=\"row-377332297\">\n\n\t<div id=\"col-1999121038\" class=\"col medium-8 small-12 large-8\"  >\n\t\t\t\t<div class=\"col-inner\"  >\n\t\t\t\n\t\t\t\n<h2>Das Hide-a-Hose System in Kombination mit einer Zentralstaubsauganlage: Komfort und Effizienz in einem.<\/h2>\n<p>Das Hide-a-Hose-System von AstroVac bietet eine revolution\u00e4re L\u00f6sung f\u00fcr das Problem der herumliegenden Staubsaugerschl\u00e4uche. Dieses innovative System verwendet einen zentralen Staubsauger mit einem Schlauch, der bei Nichtgebrauch ordentlich in der Wand verstaut wird. Damit geh\u00f6rt das Chaos loser Staubsaugerschl\u00e4uche der Vergangenheit an.<\/p>\n<h3>Die wichtigsten Vorteile:<\/h3>\n<ul>\n<li><strong>Platzsparend:<\/strong> Der Schlauch wird nach dem Gebrauch automatisch in die Wand gesaugt, so dass keine losen Teile mehr herumliegen und Ihr Zuhause stets aufger\u00e4umt aussieht.<\/li>\n<li><strong>Benutzerfreundlichkeit:<\/strong> Das System ist sehr benutzerfreundlich: Sie ziehen einfach die gew\u00fcnschte Schlauchl\u00e4nge aus der Wand und beginnen zu saugen. Nach der Reinigung verschwindet der Schlauch mit einem Knopfdruck wieder in der Wand.<\/li>\n<li><strong>Flexibilit\u00e4t:<\/strong> Das Hide-a-Hose-System ist in verschiedenen L\u00e4ngen erh\u00e4ltlich, so dass Sie immer die richtige Gr\u00f6\u00dfe f\u00fcr Ihr Haus haben. Das macht die Reinigung schneller und effizienter.<\/li>\n<li><strong>Hygiene:<\/strong> Die zentrale Absaugung h\u00e4lt Staub und Allergene aus dem Wohnraum fern und tr\u00e4gt so zu einem saubereren und ges\u00fcnderen Raumklima bei.<\/li>\n<li><strong>\u00c4sthetik:<\/strong> Keine sichtbaren Staubsaugerschl\u00e4uche mehr, das bedeutet ein aufger\u00e4umteres und attraktiveres Zuhause, was besonders bei modernen Inneneinrichtungen von Vorteil ist.<\/li>\n<\/ul>\n<h3>Erleben Sie den Unterschied<\/h3>\n<p>Entscheiden Sie sich f\u00fcr das Hide-a-Hose-System von AstroVac und entdecken Sie, wie eine einfache Anpassung Ihrer Staubsaugerroutine zu einem saubereren, ges\u00fcnderen und klareren Zuhause f\u00fchren kann. Besuchen Sie AstroVac.de f\u00fcr weitere Informationen und um herauszufinden, wie Sie dieses innovative System in Ihr Zuhause integrieren k\u00f6nnen.<\/p>\n<a href=\"https:\/\/astrovac.nl\/de\/produktkategorie\/einen-schlauch-verstecken-2\/\" class=\"button primary lowercase\" >\n\t\t<span>Hide-a-Hose-Systeme<\/span>\n\t<\/a>\n\n\t\t<\/div>\n\t\t\t\t\t<\/div>\n\n\t\n\n\t<div id=\"col-1192407917\" class=\"col medium-4 small-12 large-4 small-col-first\"  >\n\t\t\t\t<div class=\"col-inner\"  >\n\t\t\t\n\t\t\t\n\t<div class=\"img has-hover x md-x lg-x y md-y lg-y\" id=\"image_638018415\">\n\t\t\t\t\t\t\t\t<div class=\"img-inner dark\" >\n\t\t\t<img loading=\"lazy\" decoding=\"async\" width=\"1020\" height=\"1020\" src=\"https:\/\/astrovac.nl\/wp-content\/uploads\/2024\/08\/WhatsApp-Image-2024-08-05-at-15.56.47-1-1024x1024.jpeg\" class=\"attachment-large size-large\" alt=\"\" srcset=\"https:\/\/astrovac.nl\/wp-content\/uploads\/2024\/08\/WhatsApp-Image-2024-08-05-at-15.56.47-1-1024x1024.jpeg 1024w, https:\/\/astrovac.nl\/wp-content\/uploads\/2024\/08\/WhatsApp-Image-2024-08-05-at-15.56.47-1-270x270.jpeg 270w, https:\/\/astrovac.nl\/wp-content\/uploads\/2024\/08\/WhatsApp-Image-2024-08-05-at-15.56.47-1-200x200.jpeg 200w, https:\/\/astrovac.nl\/wp-content\/uploads\/2024\/08\/WhatsApp-Image-2024-08-05-at-15.56.47-1-768x768.jpeg 768w, https:\/\/astrovac.nl\/wp-content\/uploads\/2024\/08\/WhatsApp-Image-2024-08-05-at-15.56.47-1-12x12.jpeg 12w, https:\/\/astrovac.nl\/wp-content\/uploads\/2024\/08\/WhatsApp-Image-2024-08-05-at-15.56.47-1-510x510.jpeg 510w, https:\/\/astrovac.nl\/wp-content\/uploads\/2024\/08\/WhatsApp-Image-2024-08-05-at-15.56.47-1-100x100.jpeg 100w, https:\/\/astrovac.nl\/wp-content\/uploads\/2024\/08\/WhatsApp-Image-2024-08-05-at-15.56.47-1-64x64.jpeg 64w, https:\/\/astrovac.nl\/wp-content\/uploads\/2024\/08\/WhatsApp-Image-2024-08-05-at-15.56.47-1-80x80.jpeg 80w, https:\/\/astrovac.nl\/wp-content\/uploads\/2024\/08\/WhatsApp-Image-2024-08-05-at-15.56.47-1.jpeg 1080w\" sizes=\"auto, (max-width: 1020px) 100vw, 1020px\" \/>\t\t\t\t\t\t\n\t\t\t\t\t<\/div>\n\t\t\t\t\t\t\t\t\n<style>\n#image_638018415 {\n  width: 100%;\n}\n<\/style>\n\t<\/div>\n\t\n\t\t<\/div>\n\t\t\t\t\t<\/div>\n\n\t\n<\/div>\n\t\t<\/div>\n\n\t\t\n<style>\n#section_1688873581 {\n  padding-top: 50px;\n  padding-bottom: 50px;\n}\n<\/style>\n\t<\/section>","protected":false},"excerpt":{"rendered":"","protected":false},"author":6,"featured_media":0,"parent":0,"menu_order":0,"comment_status":"closed","ping_status":"closed","template":"page-blank.php","meta":{"footnotes":""},"class_list":["post-19780","page","type-page","status-publish","hentry"],"yoast_head":"<!-- This site is optimized with the Yoast SEO plugin v27.3 - https:\/\/yoast.com\/product\/yoast-seo-wordpress\/ -->\n<title>Centraal stofzuigsysteem | Astrovac - De beste centrale stofzuigers<\/title>\n<meta name=\"description\" content=\"Centraal stofzuigsysteem nodig? Kies de #1 stofzuiger in Nederland! | Astrovac = D\u00e9 top in centrale stofafzuiging\" \/>\n<meta name=\"robots\" content=\"index, follow, max-snippet:-1, max-image-preview:large, max-video-preview:-1\" \/>\n<link rel=\"canonical\" href=\"https:\/\/astrovac.nl\/de\/\" \/>\n<meta property=\"og:locale\" content=\"de_DE\" \/>\n<meta property=\"og:type\" content=\"article\" \/>\n<meta property=\"og:title\" content=\"Centraal stofzuigsysteem | Astrovac - De beste centrale stofzuigers\" \/>\n<meta property=\"og:description\" content=\"Centraal stofzuigsysteem nodig? Kies de #1 stofzuiger in Nederland! | Astrovac = D\u00e9 top in centrale stofafzuiging\" \/>\n<meta property=\"og:url\" content=\"https:\/\/astrovac.nl\/de\/\" \/>\n<meta property=\"og:site_name\" content=\"AstroVac\" \/>\n<meta property=\"article:publisher\" content=\"https:\/\/www.facebook.com\/profile.php?id=61559925887346\" \/>\n<meta property=\"article:modified_time\" content=\"2026-02-26T13:23:49+00:00\" \/>\n<meta name=\"twitter:card\" content=\"summary_large_image\" \/>\n<meta name=\"twitter:label1\" content=\"Gesch\u00e4tzte Lesezeit\" \/>\n\t<meta name=\"twitter:data1\" content=\"11\u00a0Minuten\" \/>\n<script type=\"application\/ld+json\" class=\"yoast-schema-graph\">{\"@context\":\"https:\\\/\\\/schema.org\",\"@graph\":[{\"@type\":\"WebPage\",\"@id\":\"https:\\\/\\\/astrovac.nl\\\/\",\"url\":\"https:\\\/\\\/astrovac.nl\\\/\",\"name\":\"Centraal stofzuigsysteem | Astrovac - De beste centrale stofzuigers\",\"isPartOf\":{\"@id\":\"https:\\\/\\\/astrovac.nl\\\/de\\\/#website\"},\"datePublished\":\"2021-10-19T01:07:36+00:00\",\"dateModified\":\"2026-02-26T13:23:49+00:00\",\"description\":\"Centraal stofzuigsysteem nodig? Kies de #1 stofzuiger in Nederland! | Astrovac = D\u00e9 top in centrale stofafzuiging\",\"breadcrumb\":{\"@id\":\"https:\\\/\\\/astrovac.nl\\\/#breadcrumb\"},\"inLanguage\":\"de\",\"potentialAction\":[{\"@type\":\"ReadAction\",\"target\":[\"https:\\\/\\\/astrovac.nl\\\/\"]}]},{\"@type\":\"BreadcrumbList\",\"@id\":\"https:\\\/\\\/astrovac.nl\\\/#breadcrumb\",\"itemListElement\":[{\"@type\":\"ListItem\",\"position\":1,\"name\":\"Home\",\"item\":\"https:\\\/\\\/astrovac.nl\\\/\"},{\"@type\":\"ListItem\",\"position\":2,\"name\":\"Home\"}]},{\"@type\":\"WebSite\",\"@id\":\"https:\\\/\\\/astrovac.nl\\\/de\\\/#website\",\"url\":\"https:\\\/\\\/astrovac.nl\\\/de\\\/\",\"name\":\"AstroVac\",\"description\":\"Centrale Stofzuiginstallaties\",\"publisher\":{\"@id\":\"https:\\\/\\\/astrovac.nl\\\/de\\\/#organization\"},\"potentialAction\":[{\"@type\":\"SearchAction\",\"target\":{\"@type\":\"EntryPoint\",\"urlTemplate\":\"https:\\\/\\\/astrovac.nl\\\/de\\\/?s={search_term_string}\"},\"query-input\":{\"@type\":\"PropertyValueSpecification\",\"valueRequired\":true,\"valueName\":\"search_term_string\"}}],\"inLanguage\":\"de\"},{\"@type\":\"Organization\",\"@id\":\"https:\\\/\\\/astrovac.nl\\\/de\\\/#organization\",\"name\":\"AstroVac\",\"url\":\"https:\\\/\\\/astrovac.nl\\\/de\\\/\",\"logo\":{\"@type\":\"ImageObject\",\"inLanguage\":\"de\",\"@id\":\"https:\\\/\\\/astrovac.nl\\\/de\\\/#\\\/schema\\\/logo\\\/image\\\/\",\"url\":\"https:\\\/\\\/astrovac.nl\\\/wp-content\\\/uploads\\\/2024\\\/03\\\/Astrovac-logo-2024.png\",\"contentUrl\":\"https:\\\/\\\/astrovac.nl\\\/wp-content\\\/uploads\\\/2024\\\/03\\\/Astrovac-logo-2024.png\",\"width\":3092,\"height\":906,\"caption\":\"AstroVac\"},\"image\":{\"@id\":\"https:\\\/\\\/astrovac.nl\\\/de\\\/#\\\/schema\\\/logo\\\/image\\\/\"},\"sameAs\":[\"https:\\\/\\\/www.facebook.com\\\/profile.php?id=61559925887346\"]}]}<\/script>\n<!-- \/ Yoast SEO plugin. -->","yoast_head_json":{"title":"Zentrales Staubsaugersystem | Astrovac - Die besten zentralen Staubsauger","description":"Sie brauchen ein zentrales Staubsaugersystem? W\u00e4hlen Sie den #1 Staubsauger in den Niederlanden! | Astrovac = Die Spitze der zentralen Staubabsaugung","robots":{"index":"index","follow":"follow","max-snippet":"max-snippet:-1","max-image-preview":"max-image-preview:large","max-video-preview":"max-video-preview:-1"},"canonical":"https:\/\/astrovac.nl\/de\/","og_locale":"de_DE","og_type":"article","og_title":"Centraal stofzuigsysteem | Astrovac - De beste centrale stofzuigers","og_description":"Centraal stofzuigsysteem nodig? Kies de #1 stofzuiger in Nederland! | Astrovac = D\u00e9 top in centrale stofafzuiging","og_url":"https:\/\/astrovac.nl\/de\/","og_site_name":"AstroVac","article_publisher":"https:\/\/www.facebook.com\/profile.php?id=61559925887346","article_modified_time":"2026-02-26T13:23:49+00:00","twitter_card":"summary_large_image","twitter_misc":{"Gesch\u00e4tzte Lesezeit":"11\u00a0Minuten"},"schema":{"@context":"https:\/\/schema.org","@graph":[{"@type":"WebPage","@id":"https:\/\/astrovac.nl\/","url":"https:\/\/astrovac.nl\/","name":"Zentrales Staubsaugersystem | Astrovac - Die besten zentralen Staubsauger","isPartOf":{"@id":"https:\/\/astrovac.nl\/de\/#website"},"datePublished":"2021-10-19T01:07:36+00:00","dateModified":"2026-02-26T13:23:49+00:00","description":"Sie brauchen ein zentrales Staubsaugersystem? W\u00e4hlen Sie den #1 Staubsauger in den Niederlanden! | Astrovac = Die Spitze der zentralen Staubabsaugung","breadcrumb":{"@id":"https:\/\/astrovac.nl\/#breadcrumb"},"inLanguage":"de","potentialAction":[{"@type":"ReadAction","target":["https:\/\/astrovac.nl\/"]}]},{"@type":"BreadcrumbList","@id":"https:\/\/astrovac.nl\/#breadcrumb","itemListElement":[{"@type":"ListItem","position":1,"name":"Home","item":"https:\/\/astrovac.nl\/"},{"@type":"ListItem","position":2,"name":"Home"}]},{"@type":"WebSite","@id":"https:\/\/astrovac.nl\/de\/#website","url":"https:\/\/astrovac.nl\/de\/","name":"AstroVac","description":"Zentrale Vakuumsysteme","publisher":{"@id":"https:\/\/astrovac.nl\/de\/#organization"},"potentialAction":[{"@type":"SearchAction","target":{"@type":"EntryPoint","urlTemplate":"https:\/\/astrovac.nl\/de\/?s={search_term_string}"},"query-input":{"@type":"PropertyValueSpecification","valueRequired":true,"valueName":"search_term_string"}}],"inLanguage":"de"},{"@type":"Organization","@id":"https:\/\/astrovac.nl\/de\/#organization","name":"AstroVac","url":"https:\/\/astrovac.nl\/de\/","logo":{"@type":"ImageObject","inLanguage":"de","@id":"https:\/\/astrovac.nl\/de\/#\/schema\/logo\/image\/","url":"https:\/\/astrovac.nl\/wp-content\/uploads\/2024\/03\/Astrovac-logo-2024.png","contentUrl":"https:\/\/astrovac.nl\/wp-content\/uploads\/2024\/03\/Astrovac-logo-2024.png","width":3092,"height":906,"caption":"AstroVac"},"image":{"@id":"https:\/\/astrovac.nl\/de\/#\/schema\/logo\/image\/"},"sameAs":["https:\/\/www.facebook.com\/profile.php?id=61559925887346"]}]}},"_links":{"self":[{"href":"https:\/\/astrovac.nl\/de\/wp-json\/wp\/v2\/pages\/19780","targetHints":{"allow":["GET"]}}],"collection":[{"href":"https:\/\/astrovac.nl\/de\/wp-json\/wp\/v2\/pages"}],"about":[{"href":"https:\/\/astrovac.nl\/de\/wp-json\/wp\/v2\/types\/page"}],"author":[{"embeddable":true,"href":"https:\/\/astrovac.nl\/de\/wp-json\/wp\/v2\/users\/6"}],"replies":[{"embeddable":true,"href":"https:\/\/astrovac.nl\/de\/wp-json\/wp\/v2\/comments?post=19780"}],"version-history":[{"count":246,"href":"https:\/\/astrovac.nl\/de\/wp-json\/wp\/v2\/pages\/19780\/revisions"}],"predecessor-version":[{"id":26960,"href":"https:\/\/astrovac.nl\/de\/wp-json\/wp\/v2\/pages\/19780\/revisions\/26960"}],"wp:attachment":[{"href":"https:\/\/astrovac.nl\/de\/wp-json\/wp\/v2\/media?parent=19780"}],"curies":[{"name":"wp","href":"https:\/\/api.w.org\/{rel}","templated":true}]}}