{"id":2,"date":"2012-11-19T08:34:53","date_gmt":"2012-11-19T08:34:53","guid":{"rendered":"https:\/\/astrotrans.testontwikkeling.nl\/?page_id=2"},"modified":"2020-02-24T09:30:08","modified_gmt":"2020-02-24T08:30:08","slug":"hygienisches-staubsaugen","status":"publish","type":"page","link":"https:\/\/astrovac.nl\/de\/hygienisch-stofzuigen\/","title":{"rendered":"Hygienisches Staubsaugen mit AstroVac"},"content":{"rendered":"<p>&nbsp;<\/p>\n<p><img loading=\"lazy\" decoding=\"async\" class=\"img-frontend alignnone wp-image-7883 size-full\" src=\"https:\/\/astrovac.nl\/wp-content\/uploads\/2018\/11\/madame-retraflex-cyclo-vac-suisse-7-1.jpg\" alt=\"\" width=\"486\" height=\"657\" srcset=\"https:\/\/astrovac.nl\/wp-content\/uploads\/2018\/11\/madame-retraflex-cyclo-vac-suisse-7-1.jpg 486w, https:\/\/astrovac.nl\/wp-content\/uploads\/2018\/11\/madame-retraflex-cyclo-vac-suisse-7-1-270x365.jpg 270w, https:\/\/astrovac.nl\/wp-content\/uploads\/2018\/11\/madame-retraflex-cyclo-vac-suisse-7-1-148x200.jpg 148w, https:\/\/astrovac.nl\/wp-content\/uploads\/2018\/11\/madame-retraflex-cyclo-vac-suisse-7-1-266x360.jpg 266w\" sizes=\"auto, (max-width: 486px) 100vw, 486px\" \/><\/p>\n<h2><span style=\"font-weight: 400;\">Hochwertige Qualit\u00e4t\u00a0<\/span><span style=\"font-weight: 400;\">zentrales Staubsaugersystem f\u00fcr hygienisches Staubsaugen<\/span><\/h2>\n<p><span style=\"font-weight: 400;\">AstroVac hat eine breite Palette von <\/span><span style=\"font-weight: 400;\">zentrale Vakuumsysteme<\/span><span style=\"font-weight: 400;\">, bestehend aus hochwertigen <\/span><a href=\"https:\/\/astrovac.nl\/de\/produktkategorie\/vakuumanlagen-2\/\"><span style=\"font-weight: 400;\">Vakuumanlagen<\/span><\/a><span style=\"font-weight: 400;\"> und Komponenten. Mit vielen <\/span><a href=\"https:\/\/astrovac.nl\/de\/produktkategorie\/vakuumkontakte-2\/\"><span style=\"font-weight: 400;\">RF Saugdosen<\/span><\/a><span style=\"font-weight: 400;\">zu denen - \u00fcber das gesamte Geb\u00e4ude verteilt - die <\/span><a href=\"https:\/\/astrovac.nl\/de\/produktkategorie\/schlauche-und-bursten\/schlangen\/\"><span style=\"font-weight: 400;\">Unterdruckschlauch<\/span><\/a><span style=\"font-weight: 400;\"> verkn\u00fcpft werden k\u00f6nnen.<\/span><\/p>\n<h4>AstroVac - Stra\u00dfenstaub<\/h4>\n<p><span style=\"font-weight: 400;\">AstroVac garantiert Ihnen ein staubfreies und sauberes Arbeits- und Wohnumfeld durch den Einsatz eines <\/span><span style=\"font-weight: 400;\">zentrales Staubsaugersystem<\/span><span style=\"font-weight: 400;\">. Ideal f\u00fcr Wohnungen, Gesch\u00e4fte, B\u00fcros, Tierarztpraxen und nat\u00fcrlich auch f\u00fcr Fitnessstudios und Gesundheitszentren, um nur einige zu nennen!<\/span><\/p>\n<h4>Retraflex - Stra\u00dfenschlauch<\/h4>\n<p>Ein Schlauch, der sich selbst aufbewahrt. Immer in der N\u00e4he und immer einsatzbereit. Der Schlauch Ihres AstroVacs verschwindet in der Wand. Genauso einfach und schnell wie Sie ihn herausnehmen. <a href=\"https:\/\/astrovac.nl\/de\/produktkategorie\/retraflex\/\">die Artikel im Webshop ansehen<\/a><\/p>\n<p>AstroVac liefert (Achtung!) die <strong>originalen Retraflex 2<\/strong> Materialen.<\/p>\n<p><a href=\"https:\/\/astrovac.nl\/wp-content\/uploads\/2018\/11\/foto.jpg\"><img loading=\"lazy\" decoding=\"async\" class=\"alignleft size-full wp-image-7863\" src=\"https:\/\/astrovac.nl\/wp-content\/uploads\/2018\/11\/foto.jpg\" alt=\"\" width=\"293\" height=\"172\" srcset=\"https:\/\/astrovac.nl\/wp-content\/uploads\/2018\/11\/foto.jpg 293w, https:\/\/astrovac.nl\/wp-content\/uploads\/2018\/11\/foto-270x158.jpg 270w, https:\/\/astrovac.nl\/wp-content\/uploads\/2018\/11\/foto-200x117.jpg 200w\" sizes=\"auto, (max-width: 293px) 100vw, 293px\" \/><\/a><\/p>\n<h4><\/h4>\n<h4><\/h4>\n<h4><\/h4>\n<h4><\/h4>\n<p><a href=\"https:\/\/www.youtube.com\/watch?v=OS-lBpOzZyo\">Das Video ansehen<\/a>\u00a0 <a href=\"https:\/\/astrovac.nl\/wp-content\/uploads\/2018\/11\/Brochure-Retraflex.pdf\">die Brosch\u00fcre ansehen<\/a>\u00a0\u00a0 <a href=\"https:\/\/astrovac.nl\/de\/produktkategorie\/retraflex\/\">Preise pr\u00fcfen<\/a><\/p>\n<h4><span style=\"font-weight: 400;\">MK25 - Stra\u00dfenl\u00e4rm<\/span><span style=\"font-weight: 400;\"><br \/>\n<\/span><\/h4>\n<p><span style=\"font-weight: 400;\">Wenn Sie nach einem <\/span><span style=\"font-weight: 400;\">zentrales Staubsaugersystem<\/span><span style=\"font-weight: 400;\"> mit viel Saugkraft und wenig L\u00e4rm, dann die neue <\/span><a href=\"https:\/\/astrovac.nl\/de\/shop\/mk25-vakuumeinheit\/\"><span style=\"font-weight: 400;\">MK25 <\/span><\/a>Vakuumanlage<span style=\"font-weight: 400;\"> sicher etwas f\u00fcr Sie. Der leistungsstarke Lamb-Motor macht diesen Staubsauger ideal f\u00fcr Haushalte und \u00e4hnliche Anwendungen mit 1 bis 10 Staubkontakten. 600 m\u00b2 Bodenfl\u00e4che? Mit Leichtigkeit!<br \/>\n<\/span><\/p>\n<p><span style=\"font-weight: 400;\">Die MK25 verf\u00fcgt \u00fcber einen Schlauch mit elektronischer Geschwindigkeitsregelung am Handgriff. Das ist <\/span><span style=\"font-weight: 400;\">kein unn\u00f6tiger Luxus, denn in vielen F\u00e4llen wird die au\u00dfergew\u00f6hnliche Saugleistung des 37 KPA zu hoch sein. Der Ger\u00e4uschpegel dieses Staubsaugers ist dagegen extrem niedrig: bei voller Leistung nur 55 dB. <\/span>Das MK25 ist das mit Abstand leiseste Ger\u00e4t auf dem Markt!<\/p>\n<h4>AstroVac in den Medien<\/h4>\n<p>Installation Total ist die Plattform f\u00fcr Installationsunternehmen und Berater. Lesen Sie <a href=\"https:\/\/bit.ly\/2KPAxoH\">hier.<\/a> Die Nachricht \u00fcber AstroVac.<\/p>\n<p><a class=\"https:\/\/bit.ly\/2KPAxoH\" href=\"https:\/\/astrovac.nl\/wp-content\/uploads\/2018\/05\/EMST20180218-008-e1527238659111.jpg\" target=\"_blank\" rel=\"noopener\"><img loading=\"lazy\" decoding=\"async\" class=\"alignleft wp-image-6737\" src=\"https:\/\/astrovac.nl\/wp-content\/uploads\/2018\/05\/EMST20180218-008-270x159.jpg\" alt=\"\" width=\"288\" height=\"169\" \/><\/a><\/p>\n<p>&nbsp;<\/p>\n<p>&nbsp;<\/p>\n<p>&nbsp;<\/p>\n<p>&nbsp;<\/p>","protected":false},"excerpt":{"rendered":"<p>&nbsp; Hoogwaardig\u00a0centraal stofzuigsysteem voor hygi\u00ebnisch stofzuigen AstroVac levert sinds 1979 een ruim assortiment centrale stofzuigsystemen, bestaande uit kwalitatief hoogwaardige stofzuigunits en componenten. Met vele stofcontacten, waaraan \u2013 verdeeld door het hele pand \u2013 heel eenvoudig en snel de stofzuigslang gekoppeld kan worden. AstroVac &#8211; weg stof AstroVac garandeert u een stofarme en schone werk- en [&#8230;]\n","protected":false},"author":6,"featured_media":9883,"parent":0,"menu_order":0,"comment_status":"open","ping_status":"open","template":"","meta":{"footnotes":""},"class_list":["post-2","page","type-page","status-publish","has-post-thumbnail","hentry"],"yoast_head":"<!-- This site is optimized with the Yoast SEO plugin v27.3 - https:\/\/yoast.com\/product\/yoast-seo-wordpress\/ -->\n<title>Hygi\u00ebnisch stofzuigen: permanent stofvrij met centrale stofzuigsystemen<\/title>\n<meta name=\"description\" content=\"Een centraal stofzuigsysteem betekent hygi\u00ebnisch stofzuigen. Zorg snel en eenvoudig voor een schone leefomgeving. Ideaal voor o.a. woningen, winkels...\" \/>\n<meta name=\"robots\" content=\"index, follow, max-snippet:-1, max-image-preview:large, max-video-preview:-1\" \/>\n<link rel=\"canonical\" href=\"https:\/\/astrovac.nl\/de\/hygienisches-staubsaugen\/\" \/>\n<meta property=\"og:locale\" content=\"de_DE\" \/>\n<meta property=\"og:type\" content=\"article\" \/>\n<meta property=\"og:title\" content=\"Hygi\u00ebnisch stofzuigen: permanent stofvrij met centrale stofzuigsystemen\" \/>\n<meta property=\"og:description\" content=\"Een centraal stofzuigsysteem betekent hygi\u00ebnisch stofzuigen. Zorg snel en eenvoudig voor een schone leefomgeving. Ideaal voor o.a. woningen, winkels...\" \/>\n<meta property=\"og:url\" content=\"https:\/\/astrovac.nl\/de\/hygienisches-staubsaugen\/\" \/>\n<meta property=\"og:site_name\" content=\"AstroVac\" \/>\n<meta property=\"article:publisher\" content=\"https:\/\/www.facebook.com\/profile.php?id=61559925887346\" \/>\n<meta property=\"article:modified_time\" content=\"2020-02-24T08:30:08+00:00\" \/>\n<meta property=\"og:image\" content=\"https:\/\/astrovac.nl\/wp-content\/uploads\/2019\/11\/foto.jpg\" \/>\n\t<meta property=\"og:image:width\" content=\"293\" \/>\n\t<meta property=\"og:image:height\" content=\"172\" \/>\n\t<meta property=\"og:image:type\" content=\"image\/jpeg\" \/>\n<meta name=\"twitter:card\" content=\"summary_large_image\" \/>\n<meta name=\"twitter:label1\" content=\"Gesch\u00e4tzte Lesezeit\" \/>\n\t<meta name=\"twitter:data1\" content=\"1\u00a0Minute\" \/>\n<script type=\"application\/ld+json\" class=\"yoast-schema-graph\">{\"@context\":\"https:\\\/\\\/schema.org\",\"@graph\":[{\"@type\":\"WebPage\",\"@id\":\"https:\\\/\\\/astrovac.nl\\\/hygienisch-stofzuigen\\\/\",\"url\":\"https:\\\/\\\/astrovac.nl\\\/hygienisch-stofzuigen\\\/\",\"name\":\"Hygi\u00ebnisch stofzuigen: permanent stofvrij met centrale stofzuigsystemen\",\"isPartOf\":{\"@id\":\"https:\\\/\\\/astrovac.nl\\\/de\\\/#website\"},\"primaryImageOfPage\":{\"@id\":\"https:\\\/\\\/astrovac.nl\\\/hygienisch-stofzuigen\\\/#primaryimage\"},\"image\":{\"@id\":\"https:\\\/\\\/astrovac.nl\\\/hygienisch-stofzuigen\\\/#primaryimage\"},\"thumbnailUrl\":\"https:\\\/\\\/astrovac.nl\\\/wp-content\\\/uploads\\\/2019\\\/11\\\/foto.jpg\",\"datePublished\":\"2012-11-19T08:34:53+00:00\",\"dateModified\":\"2020-02-24T08:30:08+00:00\",\"description\":\"Een centraal stofzuigsysteem betekent hygi\u00ebnisch stofzuigen. Zorg snel en eenvoudig voor een schone leefomgeving. Ideaal voor o.a. woningen, winkels...\",\"breadcrumb\":{\"@id\":\"https:\\\/\\\/astrovac.nl\\\/hygienisch-stofzuigen\\\/#breadcrumb\"},\"inLanguage\":\"de\",\"potentialAction\":[{\"@type\":\"ReadAction\",\"target\":[\"https:\\\/\\\/astrovac.nl\\\/hygienisch-stofzuigen\\\/\"]}]},{\"@type\":\"ImageObject\",\"inLanguage\":\"de\",\"@id\":\"https:\\\/\\\/astrovac.nl\\\/hygienisch-stofzuigen\\\/#primaryimage\",\"url\":\"https:\\\/\\\/astrovac.nl\\\/wp-content\\\/uploads\\\/2019\\\/11\\\/foto.jpg\",\"contentUrl\":\"https:\\\/\\\/astrovac.nl\\\/wp-content\\\/uploads\\\/2019\\\/11\\\/foto.jpg\",\"width\":293,\"height\":172,\"caption\":\"Retraflex\"},{\"@type\":\"BreadcrumbList\",\"@id\":\"https:\\\/\\\/astrovac.nl\\\/hygienisch-stofzuigen\\\/#breadcrumb\",\"itemListElement\":[{\"@type\":\"ListItem\",\"position\":1,\"name\":\"Home\",\"item\":\"https:\\\/\\\/astrovac.nl\\\/\"},{\"@type\":\"ListItem\",\"position\":2,\"name\":\"Hygi\u00ebnisch stofzuigen met AstroVac\"}]},{\"@type\":\"WebSite\",\"@id\":\"https:\\\/\\\/astrovac.nl\\\/de\\\/#website\",\"url\":\"https:\\\/\\\/astrovac.nl\\\/de\\\/\",\"name\":\"AstroVac\",\"description\":\"Centrale Stofzuiginstallaties\",\"publisher\":{\"@id\":\"https:\\\/\\\/astrovac.nl\\\/de\\\/#organization\"},\"potentialAction\":[{\"@type\":\"SearchAction\",\"target\":{\"@type\":\"EntryPoint\",\"urlTemplate\":\"https:\\\/\\\/astrovac.nl\\\/de\\\/?s={search_term_string}\"},\"query-input\":{\"@type\":\"PropertyValueSpecification\",\"valueRequired\":true,\"valueName\":\"search_term_string\"}}],\"inLanguage\":\"de\"},{\"@type\":\"Organization\",\"@id\":\"https:\\\/\\\/astrovac.nl\\\/de\\\/#organization\",\"name\":\"AstroVac\",\"url\":\"https:\\\/\\\/astrovac.nl\\\/de\\\/\",\"logo\":{\"@type\":\"ImageObject\",\"inLanguage\":\"de\",\"@id\":\"https:\\\/\\\/astrovac.nl\\\/de\\\/#\\\/schema\\\/logo\\\/image\\\/\",\"url\":\"https:\\\/\\\/astrovac.nl\\\/wp-content\\\/uploads\\\/2024\\\/03\\\/Astrovac-logo-2024.png\",\"contentUrl\":\"https:\\\/\\\/astrovac.nl\\\/wp-content\\\/uploads\\\/2024\\\/03\\\/Astrovac-logo-2024.png\",\"width\":3092,\"height\":906,\"caption\":\"AstroVac\"},\"image\":{\"@id\":\"https:\\\/\\\/astrovac.nl\\\/de\\\/#\\\/schema\\\/logo\\\/image\\\/\"},\"sameAs\":[\"https:\\\/\\\/www.facebook.com\\\/profile.php?id=61559925887346\"]}]}<\/script>\n<!-- \/ Yoast SEO plugin. -->","yoast_head_json":{"title":"Hygienisches Saugen: dauerhaft staubfrei mit Zentralstaubsauganlagen","description":"Ein zentrales Staubsaugersystem bedeutet hygienisches Staubsaugen. Sorgen Sie schnell und einfach f\u00fcr ein sauberes Wohnumfeld. Ideal f\u00fcr Wohnungen, Gesch\u00e4fte, etc.","robots":{"index":"index","follow":"follow","max-snippet":"max-snippet:-1","max-image-preview":"max-image-preview:large","max-video-preview":"max-video-preview:-1"},"canonical":"https:\/\/astrovac.nl\/de\/hygienisches-staubsaugen\/","og_locale":"de_DE","og_type":"article","og_title":"Hygi\u00ebnisch stofzuigen: permanent stofvrij met centrale stofzuigsystemen","og_description":"Een centraal stofzuigsysteem betekent hygi\u00ebnisch stofzuigen. Zorg snel en eenvoudig voor een schone leefomgeving. Ideaal voor o.a. woningen, winkels...","og_url":"https:\/\/astrovac.nl\/de\/hygienisches-staubsaugen\/","og_site_name":"AstroVac","article_publisher":"https:\/\/www.facebook.com\/profile.php?id=61559925887346","article_modified_time":"2020-02-24T08:30:08+00:00","og_image":[{"width":293,"height":172,"url":"https:\/\/astrovac.nl\/wp-content\/uploads\/2019\/11\/foto.jpg","type":"image\/jpeg"}],"twitter_card":"summary_large_image","twitter_misc":{"Gesch\u00e4tzte Lesezeit":"1\u00a0Minute"},"schema":{"@context":"https:\/\/schema.org","@graph":[{"@type":"WebPage","@id":"https:\/\/astrovac.nl\/hygienisch-stofzuigen\/","url":"https:\/\/astrovac.nl\/hygienisch-stofzuigen\/","name":"Hygienisches Saugen: dauerhaft staubfrei mit Zentralstaubsauganlagen","isPartOf":{"@id":"https:\/\/astrovac.nl\/de\/#website"},"primaryImageOfPage":{"@id":"https:\/\/astrovac.nl\/hygienisch-stofzuigen\/#primaryimage"},"image":{"@id":"https:\/\/astrovac.nl\/hygienisch-stofzuigen\/#primaryimage"},"thumbnailUrl":"https:\/\/astrovac.nl\/wp-content\/uploads\/2019\/11\/foto.jpg","datePublished":"2012-11-19T08:34:53+00:00","dateModified":"2020-02-24T08:30:08+00:00","description":"Ein zentrales Staubsaugersystem bedeutet hygienisches Staubsaugen. Sorgen Sie schnell und einfach f\u00fcr ein sauberes Wohnumfeld. Ideal f\u00fcr Wohnungen, Gesch\u00e4fte, etc.","breadcrumb":{"@id":"https:\/\/astrovac.nl\/hygienisch-stofzuigen\/#breadcrumb"},"inLanguage":"de","potentialAction":[{"@type":"ReadAction","target":["https:\/\/astrovac.nl\/hygienisch-stofzuigen\/"]}]},{"@type":"ImageObject","inLanguage":"de","@id":"https:\/\/astrovac.nl\/hygienisch-stofzuigen\/#primaryimage","url":"https:\/\/astrovac.nl\/wp-content\/uploads\/2019\/11\/foto.jpg","contentUrl":"https:\/\/astrovac.nl\/wp-content\/uploads\/2019\/11\/foto.jpg","width":293,"height":172,"caption":"Retraflex"},{"@type":"BreadcrumbList","@id":"https:\/\/astrovac.nl\/hygienisch-stofzuigen\/#breadcrumb","itemListElement":[{"@type":"ListItem","position":1,"name":"Home","item":"https:\/\/astrovac.nl\/"},{"@type":"ListItem","position":2,"name":"Hygi\u00ebnisch stofzuigen met AstroVac"}]},{"@type":"WebSite","@id":"https:\/\/astrovac.nl\/de\/#website","url":"https:\/\/astrovac.nl\/de\/","name":"AstroVac","description":"Zentrale Vakuumsysteme","publisher":{"@id":"https:\/\/astrovac.nl\/de\/#organization"},"potentialAction":[{"@type":"SearchAction","target":{"@type":"EntryPoint","urlTemplate":"https:\/\/astrovac.nl\/de\/?s={search_term_string}"},"query-input":{"@type":"PropertyValueSpecification","valueRequired":true,"valueName":"search_term_string"}}],"inLanguage":"de"},{"@type":"Organization","@id":"https:\/\/astrovac.nl\/de\/#organization","name":"AstroVac","url":"https:\/\/astrovac.nl\/de\/","logo":{"@type":"ImageObject","inLanguage":"de","@id":"https:\/\/astrovac.nl\/de\/#\/schema\/logo\/image\/","url":"https:\/\/astrovac.nl\/wp-content\/uploads\/2024\/03\/Astrovac-logo-2024.png","contentUrl":"https:\/\/astrovac.nl\/wp-content\/uploads\/2024\/03\/Astrovac-logo-2024.png","width":3092,"height":906,"caption":"AstroVac"},"image":{"@id":"https:\/\/astrovac.nl\/de\/#\/schema\/logo\/image\/"},"sameAs":["https:\/\/www.facebook.com\/profile.php?id=61559925887346"]}]}},"_links":{"self":[{"href":"https:\/\/astrovac.nl\/de\/wp-json\/wp\/v2\/pages\/2","targetHints":{"allow":["GET"]}}],"collection":[{"href":"https:\/\/astrovac.nl\/de\/wp-json\/wp\/v2\/pages"}],"about":[{"href":"https:\/\/astrovac.nl\/de\/wp-json\/wp\/v2\/types\/page"}],"author":[{"embeddable":true,"href":"https:\/\/astrovac.nl\/de\/wp-json\/wp\/v2\/users\/6"}],"replies":[{"embeddable":true,"href":"https:\/\/astrovac.nl\/de\/wp-json\/wp\/v2\/comments?post=2"}],"version-history":[{"count":0,"href":"https:\/\/astrovac.nl\/de\/wp-json\/wp\/v2\/pages\/2\/revisions"}],"wp:featuredmedia":[{"embeddable":true,"href":"https:\/\/astrovac.nl\/de\/wp-json\/wp\/v2\/media\/9883"}],"wp:attachment":[{"href":"https:\/\/astrovac.nl\/de\/wp-json\/wp\/v2\/media?parent=2"}],"curies":[{"name":"wp","href":"https:\/\/api.w.org\/{rel}","templated":true}]}}