{"id":270,"date":"2012-12-19T11:48:32","date_gmt":"2012-12-19T10:48:32","guid":{"rendered":"https:\/\/astrotrans.testontwikkeling.nl\/?page_id=270"},"modified":"2023-08-02T10:50:56","modified_gmt":"2023-08-02T09:50:56","slug":"filter-und-filterlos","status":"publish","type":"page","link":"https:\/\/astrovac.nl\/de\/informatie\/filter-en-filterloos\/","title":{"rendered":"Filter oder filterlos"},"content":{"rendered":"<section class=\"section\" id=\"section_130815487\">\n\t\t<div class=\"section-bg fill\" >\n\t\t\t\t\t\t\t\t\t\n\t\t\t\n\n\t\t<\/div>\n\n\t\t\n\n\t\t<div class=\"section-content relative\">\n\t\t\t\n<div class=\"row\"  id=\"row-392717722\">\n\n\t<div id=\"col-662007877\" class=\"col small-12 large-12\"  >\n\t\t\t\t<div class=\"col-inner\"  >\n\t\t\t\n\t\t\t\n<div class=\"container section-title-container\" ><h1 class=\"section-title section-title-normal\"><b aria-hidden=\"true\"><\/b><span class=\"section-title-main\" >Filter oder filterlos<\/span><b aria-hidden=\"true\"><\/b><\/h1><\/div>\n\t\t<\/div>\n\t\t\t\t\t<\/div>\n\n\t\n<\/div>\n<div class=\"row\"  id=\"row-1734825273\">\n\n\t<div id=\"col-27004332\" class=\"col medium-6 small-12 large-6\"  >\n\t\t\t\t<div class=\"col-inner text-left\"  >\n\t\t\t\n\t\t\t\n<h3>Mit Filter<\/h3>\n<p>Die Filterger\u00e4te von AstroVac scheiden den Staub mit Hilfe eines austauschbaren Staubbeutels aus der Luft ab. Ein gef\u00fchrter Luftauslass nach au\u00dfen (durch die Wand oder das Dach) ist m\u00f6glich, aber nicht notwendig.<br \/>\nBei einem Luftablass nach au\u00dfen wird ein Standard-Staubbeutel verwendet.<\/p>\n<p>Sie wollen oder d\u00fcrfen keine Abluft ins Freie bringen? Verwenden Sie dann einen hocheffizienten Staubbeutel. Die Staubbeutel sind leicht austauschbar und haben ein Inhalt von 30 Litern.<\/p>\n\t\t<\/div>\n\t\t\t\t\t<\/div>\n\n\t\n\n\t<div id=\"col-168894658\" class=\"col medium-6 small-12 large-6\"  >\n\t\t\t\t<div class=\"col-inner text-center\"  >\n\t\t\t\n\t\t\t\n\t<div class=\"img has-hover x md-x lg-x y md-y lg-y\" id=\"image_976185194\">\n\t\t\t\t\t\t\t\t<div class=\"img-inner dark\" >\n\t\t\t<img loading=\"lazy\" decoding=\"async\" width=\"928\" height=\"643\" src=\"https:\/\/astrovac.nl\/wp-content\/uploads\/2019\/11\/met-filter-3.jpg\" class=\"attachment-original size-original\" alt=\"\" srcset=\"https:\/\/astrovac.nl\/wp-content\/uploads\/2019\/11\/met-filter-3.jpg 928w, https:\/\/astrovac.nl\/wp-content\/uploads\/2019\/11\/met-filter-3-510x353.jpg 510w, https:\/\/astrovac.nl\/wp-content\/uploads\/2019\/11\/met-filter-3-200x139.jpg 200w, https:\/\/astrovac.nl\/wp-content\/uploads\/2019\/11\/met-filter-3-270x187.jpg 270w, https:\/\/astrovac.nl\/wp-content\/uploads\/2019\/11\/met-filter-3-768x532.jpg 768w\" sizes=\"auto, (max-width: 928px) 100vw, 928px\" \/>\t\t\t\t\t\t\n\t\t\t\t\t<\/div>\n\t\t\t\t\t\t\t\t\n<style>\n#image_976185194 {\n  width: 65%;\n}\n<\/style>\n\t<\/div>\n\t\n\t\t<\/div>\n\t\t\t\t\t<\/div>\n\n\t\n<\/div>\n<div class=\"row\"  id=\"row-1708077058\">\n\n\t<div id=\"col-1973631449\" class=\"col medium-6 small-12 large-6\"  >\n\t\t\t\t<div class=\"col-inner text-left\"  >\n\t\t\t\n\t\t\t\n<h3>Ohne Filter<\/h3>\n<p>AstroVacs v\u00f6llig filterlose Zentralstaubsauger verlieren nicht an Saugkraft und sind wartungsarm. Mit fortschrittlicher Zyklontechnologie wird der Staub aus der Luft zentrifugiert, ohne die Luft zu filtern.<\/p>\n<p>Durch das v\u00f6llige Fehlen von Filtern wird etwas mehr Staub (ca. 5%) nach au\u00dfen geblasen als bei einem vergleichbaren Staubsauger mit einem Filter. Wartungsarme Anlagen, bei denen die Abluft nach au\u00dfen geblasen werden muss.<\/p>\n\t\t<\/div>\n\t\t\t\t\t<\/div>\n\n\t\n\n\t<div id=\"col-1441905262\" class=\"col medium-6 small-12 large-6\"  >\n\t\t\t\t<div class=\"col-inner text-center\"  >\n\t\t\t\n\t\t\t\n\t<div class=\"img has-hover x md-x lg-x y md-y lg-y\" id=\"image_176130445\">\n\t\t\t\t\t\t\t\t<div class=\"img-inner dark\" >\n\t\t\t<img loading=\"lazy\" decoding=\"async\" width=\"928\" height=\"893\" src=\"https:\/\/astrovac.nl\/wp-content\/uploads\/2019\/11\/zonder-filter-3.jpg\" class=\"attachment-original size-original\" alt=\"\" srcset=\"https:\/\/astrovac.nl\/wp-content\/uploads\/2019\/11\/zonder-filter-3.jpg 928w, https:\/\/astrovac.nl\/wp-content\/uploads\/2019\/11\/zonder-filter-3-510x491.jpg 510w, https:\/\/astrovac.nl\/wp-content\/uploads\/2019\/11\/zonder-filter-3-200x192.jpg 200w, https:\/\/astrovac.nl\/wp-content\/uploads\/2019\/11\/zonder-filter-3-270x260.jpg 270w, https:\/\/astrovac.nl\/wp-content\/uploads\/2019\/11\/zonder-filter-3-768x739.jpg 768w\" sizes=\"auto, (max-width: 928px) 100vw, 928px\" \/>\t\t\t\t\t\t\n\t\t\t\t\t<\/div>\n\t\t\t\t\t\t\t\t\n<style>\n#image_176130445 {\n  width: 65%;\n}\n<\/style>\n\t<\/div>\n\t\n\t\t<\/div>\n\t\t\t\t\t<\/div>\n\n\t\n<\/div>\n\t\t<\/div>\n\n\t\t\n<style>\n#section_130815487 {\n  padding-top: 30px;\n  padding-bottom: 30px;\n}\n<\/style>\n\t<\/section>","protected":false},"excerpt":{"rendered":"","protected":false},"author":6,"featured_media":1116,"parent":136,"menu_order":0,"comment_status":"closed","ping_status":"open","template":"","meta":{"footnotes":""},"class_list":["post-270","page","type-page","status-publish","has-post-thumbnail","hentry"],"yoast_head":"<!-- This site is optimized with the Yoast SEO plugin v27.3 - https:\/\/yoast.com\/product\/yoast-seo-wordpress\/ -->\n<title>Filter of filterloze centrale stofafzuigsystemen | Astrovac<\/title>\n<meta name=\"description\" content=\"Filter of filterloze centrale stofafzuigsystemen? Bekijk ze hier. | Astrovac = D\u00e9 top in centrale stofafzuiging \u2713 Schoner \u2713 Stiller \u2713 Gezonder!\" \/>\n<meta name=\"robots\" content=\"index, follow, max-snippet:-1, max-image-preview:large, max-video-preview:-1\" \/>\n<link rel=\"canonical\" href=\"https:\/\/astrovac.nl\/de\/informationen\/filter-und-filterlos\/\" \/>\n<meta property=\"og:locale\" content=\"de_DE\" \/>\n<meta property=\"og:type\" content=\"article\" \/>\n<meta property=\"og:title\" content=\"Filter of filterloze centrale stofafzuigsystemen | Astrovac\" \/>\n<meta property=\"og:description\" content=\"Filter of filterloze centrale stofafzuigsystemen? Bekijk ze hier. | Astrovac = D\u00e9 top in centrale stofafzuiging \u2713 Schoner \u2713 Stiller \u2713 Gezonder!\" \/>\n<meta property=\"og:url\" content=\"https:\/\/astrovac.nl\/de\/informationen\/filter-und-filterlos\/\" \/>\n<meta property=\"og:site_name\" content=\"AstroVac\" \/>\n<meta property=\"article:publisher\" content=\"https:\/\/www.facebook.com\/profile.php?id=61559925887346\" \/>\n<meta property=\"article:modified_time\" content=\"2023-08-02T09:50:56+00:00\" \/>\n<meta name=\"twitter:card\" content=\"summary_large_image\" \/>\n<meta name=\"twitter:label1\" content=\"Gesch\u00e4tzte Lesezeit\" \/>\n\t<meta name=\"twitter:data1\" content=\"2\u00a0Minuten\" \/>\n<script type=\"application\/ld+json\" class=\"yoast-schema-graph\">{\"@context\":\"https:\\\/\\\/schema.org\",\"@graph\":[{\"@type\":\"WebPage\",\"@id\":\"https:\\\/\\\/astrovac.nl\\\/informatie\\\/filter-en-filterloos\\\/\",\"url\":\"https:\\\/\\\/astrovac.nl\\\/informatie\\\/filter-en-filterloos\\\/\",\"name\":\"Filter of filterloze centrale stofafzuigsystemen | Astrovac\",\"isPartOf\":{\"@id\":\"https:\\\/\\\/astrovac.nl\\\/de\\\/#website\"},\"primaryImageOfPage\":{\"@id\":\"https:\\\/\\\/astrovac.nl\\\/informatie\\\/filter-en-filterloos\\\/#primaryimage\"},\"image\":{\"@id\":\"https:\\\/\\\/astrovac.nl\\\/informatie\\\/filter-en-filterloos\\\/#primaryimage\"},\"thumbnailUrl\":\"https:\\\/\\\/astrovac.nl\\\/wp-content\\\/uploads\\\/2012\\\/12\\\/Doorsnee-stofzuiger.tif\",\"datePublished\":\"2012-12-19T10:48:32+00:00\",\"dateModified\":\"2023-08-02T09:50:56+00:00\",\"description\":\"Filter of filterloze centrale stofafzuigsystemen? Bekijk ze hier. | Astrovac = D\u00e9 top in centrale stofafzuiging \u2713 Schoner \u2713 Stiller \u2713 Gezonder!\",\"breadcrumb\":{\"@id\":\"https:\\\/\\\/astrovac.nl\\\/informatie\\\/filter-en-filterloos\\\/#breadcrumb\"},\"inLanguage\":\"de\",\"potentialAction\":[{\"@type\":\"ReadAction\",\"target\":[\"https:\\\/\\\/astrovac.nl\\\/informatie\\\/filter-en-filterloos\\\/\"]}]},{\"@type\":\"ImageObject\",\"inLanguage\":\"de\",\"@id\":\"https:\\\/\\\/astrovac.nl\\\/informatie\\\/filter-en-filterloos\\\/#primaryimage\",\"url\":\"https:\\\/\\\/astrovac.nl\\\/wp-content\\\/uploads\\\/2012\\\/12\\\/Doorsnee-stofzuiger.tif\",\"contentUrl\":\"https:\\\/\\\/astrovac.nl\\\/wp-content\\\/uploads\\\/2012\\\/12\\\/Doorsnee-stofzuiger.tif\"},{\"@type\":\"BreadcrumbList\",\"@id\":\"https:\\\/\\\/astrovac.nl\\\/informatie\\\/filter-en-filterloos\\\/#breadcrumb\",\"itemListElement\":[{\"@type\":\"ListItem\",\"position\":1,\"name\":\"Home\",\"item\":\"https:\\\/\\\/astrovac.nl\\\/\"},{\"@type\":\"ListItem\",\"position\":2,\"name\":\"Informatie\",\"item\":\"https:\\\/\\\/astrovac.nl\\\/informatie\\\/\"},{\"@type\":\"ListItem\",\"position\":3,\"name\":\"Filter of filterloos\"}]},{\"@type\":\"WebSite\",\"@id\":\"https:\\\/\\\/astrovac.nl\\\/de\\\/#website\",\"url\":\"https:\\\/\\\/astrovac.nl\\\/de\\\/\",\"name\":\"AstroVac\",\"description\":\"Centrale Stofzuiginstallaties\",\"publisher\":{\"@id\":\"https:\\\/\\\/astrovac.nl\\\/de\\\/#organization\"},\"potentialAction\":[{\"@type\":\"SearchAction\",\"target\":{\"@type\":\"EntryPoint\",\"urlTemplate\":\"https:\\\/\\\/astrovac.nl\\\/de\\\/?s={search_term_string}\"},\"query-input\":{\"@type\":\"PropertyValueSpecification\",\"valueRequired\":true,\"valueName\":\"search_term_string\"}}],\"inLanguage\":\"de\"},{\"@type\":\"Organization\",\"@id\":\"https:\\\/\\\/astrovac.nl\\\/de\\\/#organization\",\"name\":\"AstroVac\",\"url\":\"https:\\\/\\\/astrovac.nl\\\/de\\\/\",\"logo\":{\"@type\":\"ImageObject\",\"inLanguage\":\"de\",\"@id\":\"https:\\\/\\\/astrovac.nl\\\/de\\\/#\\\/schema\\\/logo\\\/image\\\/\",\"url\":\"https:\\\/\\\/astrovac.nl\\\/wp-content\\\/uploads\\\/2024\\\/03\\\/Astrovac-logo-2024.png\",\"contentUrl\":\"https:\\\/\\\/astrovac.nl\\\/wp-content\\\/uploads\\\/2024\\\/03\\\/Astrovac-logo-2024.png\",\"width\":3092,\"height\":906,\"caption\":\"AstroVac\"},\"image\":{\"@id\":\"https:\\\/\\\/astrovac.nl\\\/de\\\/#\\\/schema\\\/logo\\\/image\\\/\"},\"sameAs\":[\"https:\\\/\\\/www.facebook.com\\\/profile.php?id=61559925887346\"]}]}<\/script>\n<!-- \/ Yoast SEO plugin. -->","yoast_head_json":{"title":"Zentrale Entstaubungsanlagen mit oder ohne Filter | Astrovac","description":"Zentrale Entstaubungsanlagen mit oder ohne Filter? Informieren Sie sich hier. | Astrovac = Die Spitze der zentralen Staubabsaugung \u2713 Sauberer \u2713 Leiser \u2713 Ges\u00fcnder!","robots":{"index":"index","follow":"follow","max-snippet":"max-snippet:-1","max-image-preview":"max-image-preview:large","max-video-preview":"max-video-preview:-1"},"canonical":"https:\/\/astrovac.nl\/de\/informationen\/filter-und-filterlos\/","og_locale":"de_DE","og_type":"article","og_title":"Filter of filterloze centrale stofafzuigsystemen | Astrovac","og_description":"Filter of filterloze centrale stofafzuigsystemen? Bekijk ze hier. | Astrovac = D\u00e9 top in centrale stofafzuiging \u2713 Schoner \u2713 Stiller \u2713 Gezonder!","og_url":"https:\/\/astrovac.nl\/de\/informationen\/filter-und-filterlos\/","og_site_name":"AstroVac","article_publisher":"https:\/\/www.facebook.com\/profile.php?id=61559925887346","article_modified_time":"2023-08-02T09:50:56+00:00","twitter_card":"summary_large_image","twitter_misc":{"Gesch\u00e4tzte Lesezeit":"2\u00a0Minuten"},"schema":{"@context":"https:\/\/schema.org","@graph":[{"@type":"WebPage","@id":"https:\/\/astrovac.nl\/informatie\/filter-en-filterloos\/","url":"https:\/\/astrovac.nl\/informatie\/filter-en-filterloos\/","name":"Zentrale Entstaubungsanlagen mit oder ohne Filter | Astrovac","isPartOf":{"@id":"https:\/\/astrovac.nl\/de\/#website"},"primaryImageOfPage":{"@id":"https:\/\/astrovac.nl\/informatie\/filter-en-filterloos\/#primaryimage"},"image":{"@id":"https:\/\/astrovac.nl\/informatie\/filter-en-filterloos\/#primaryimage"},"thumbnailUrl":"https:\/\/astrovac.nl\/wp-content\/uploads\/2012\/12\/Doorsnee-stofzuiger.tif","datePublished":"2012-12-19T10:48:32+00:00","dateModified":"2023-08-02T09:50:56+00:00","description":"Zentrale Entstaubungsanlagen mit oder ohne Filter? Informieren Sie sich hier. | Astrovac = Die Spitze der zentralen Staubabsaugung \u2713 Sauberer \u2713 Leiser \u2713 Ges\u00fcnder!","breadcrumb":{"@id":"https:\/\/astrovac.nl\/informatie\/filter-en-filterloos\/#breadcrumb"},"inLanguage":"de","potentialAction":[{"@type":"ReadAction","target":["https:\/\/astrovac.nl\/informatie\/filter-en-filterloos\/"]}]},{"@type":"ImageObject","inLanguage":"de","@id":"https:\/\/astrovac.nl\/informatie\/filter-en-filterloos\/#primaryimage","url":"https:\/\/astrovac.nl\/wp-content\/uploads\/2012\/12\/Doorsnee-stofzuiger.tif","contentUrl":"https:\/\/astrovac.nl\/wp-content\/uploads\/2012\/12\/Doorsnee-stofzuiger.tif"},{"@type":"BreadcrumbList","@id":"https:\/\/astrovac.nl\/informatie\/filter-en-filterloos\/#breadcrumb","itemListElement":[{"@type":"ListItem","position":1,"name":"Home","item":"https:\/\/astrovac.nl\/"},{"@type":"ListItem","position":2,"name":"Informatie","item":"https:\/\/astrovac.nl\/informatie\/"},{"@type":"ListItem","position":3,"name":"Filter of filterloos"}]},{"@type":"WebSite","@id":"https:\/\/astrovac.nl\/de\/#website","url":"https:\/\/astrovac.nl\/de\/","name":"AstroVac","description":"Zentrale Vakuumsysteme","publisher":{"@id":"https:\/\/astrovac.nl\/de\/#organization"},"potentialAction":[{"@type":"SearchAction","target":{"@type":"EntryPoint","urlTemplate":"https:\/\/astrovac.nl\/de\/?s={search_term_string}"},"query-input":{"@type":"PropertyValueSpecification","valueRequired":true,"valueName":"search_term_string"}}],"inLanguage":"de"},{"@type":"Organization","@id":"https:\/\/astrovac.nl\/de\/#organization","name":"AstroVac","url":"https:\/\/astrovac.nl\/de\/","logo":{"@type":"ImageObject","inLanguage":"de","@id":"https:\/\/astrovac.nl\/de\/#\/schema\/logo\/image\/","url":"https:\/\/astrovac.nl\/wp-content\/uploads\/2024\/03\/Astrovac-logo-2024.png","contentUrl":"https:\/\/astrovac.nl\/wp-content\/uploads\/2024\/03\/Astrovac-logo-2024.png","width":3092,"height":906,"caption":"AstroVac"},"image":{"@id":"https:\/\/astrovac.nl\/de\/#\/schema\/logo\/image\/"},"sameAs":["https:\/\/www.facebook.com\/profile.php?id=61559925887346"]}]}},"_links":{"self":[{"href":"https:\/\/astrovac.nl\/de\/wp-json\/wp\/v2\/pages\/270","targetHints":{"allow":["GET"]}}],"collection":[{"href":"https:\/\/astrovac.nl\/de\/wp-json\/wp\/v2\/pages"}],"about":[{"href":"https:\/\/astrovac.nl\/de\/wp-json\/wp\/v2\/types\/page"}],"author":[{"embeddable":true,"href":"https:\/\/astrovac.nl\/de\/wp-json\/wp\/v2\/users\/6"}],"replies":[{"embeddable":true,"href":"https:\/\/astrovac.nl\/de\/wp-json\/wp\/v2\/comments?post=270"}],"version-history":[{"count":10,"href":"https:\/\/astrovac.nl\/de\/wp-json\/wp\/v2\/pages\/270\/revisions"}],"predecessor-version":[{"id":24001,"href":"https:\/\/astrovac.nl\/de\/wp-json\/wp\/v2\/pages\/270\/revisions\/24001"}],"up":[{"embeddable":true,"href":"https:\/\/astrovac.nl\/de\/wp-json\/wp\/v2\/pages\/136"}],"wp:featuredmedia":[{"embeddable":true,"href":"https:\/\/astrovac.nl\/de\/wp-json\/wp\/v2\/media\/1116"}],"wp:attachment":[{"href":"https:\/\/astrovac.nl\/de\/wp-json\/wp\/v2\/media?parent=270"}],"curies":[{"name":"wp","href":"https:\/\/api.w.org\/{rel}","templated":true}]}}