{"id":6701,"date":"2018-05-24T12:14:11","date_gmt":"2018-05-24T11:14:11","guid":{"rendered":"https:\/\/astrotrans.testontwikkeling.nl\/?page_id=6701"},"modified":"2025-11-14T11:41:41","modified_gmt":"2025-11-14T10:41:41","slug":"cookie-erklarung","status":"publish","type":"page","link":"https:\/\/astrovac.nl\/de\/cookieverklaring\/","title":{"rendered":"Cookie Einstellungen"},"content":{"rendered":"<p>AstroVac verwendet bei der Bereitstellung seiner elektronischen Dienste \u2018Cookies\u2019. Ein Cookie ist eine kleine Datei, die auf der Festplatte Ihres Computers gespeichert wird, um Sie bei einem erneuten Besuch der Website wiederzuerkennen. Diese Cookies werden ausschlie\u00dflich dazu verwendet, die Nutzung der Website zu vereinfachen. Sie k\u00f6nnen Ihren Browser so einstellen, dass Sie benachrichtigt werden, wenn ein Cookie gesetzt wird, oder dass das Sammeln von Cookies nicht m\u00f6glich ist. In diesem Fall k\u00f6nnen Sie jedoch nicht alle Funktionen der Website nutzen. Verwenden Sie dazu die folgenden Anleitungen: <a href=\"https:\/\/www.google.com\/settings\/ads\/plugin\/?hl=nl\">Google Chrome<\/a>,\u00a0<a href=\"http:\/\/support.mozilla.org\/nl\/kb\/cookies-in-en-uitschakelen-websites-voorkeuren?redirectlocale=nl&amp;redirectslug=Cookies+in-+en+uitschakelen\">Mozilla Firefox<\/a>\u00a0und\u00a0<a href=\"http:\/\/windows.microsoft.com\/nl-NL\/windows7\/Block-enable-or-allow-cookies\">Internet Explorer<\/a>.<\/p>\n<p>Der Domainname, unter dem die Cookies gespeichert werden, lautet www.astrovac.nl. Die G\u00fcltigkeitsdauer der Cookies variiert zwischen der Dauer Ihres Besuchs und unbegrenzt. Die Speicherung und \u00dcbertragung Ihrer Daten \u00fcber das Internet sind gesichert. Sie haben das Recht, auf die \u00fcber Cookies gesammelten personenbezogenen Daten zuzugreifen und diese Daten durch eine E-Mail an info@astrovac.nl berichtigen und\/oder l\u00f6schen zu lassen. AstroVac sammelt keine personenbezogenen Daten \u00fcber Cookies.<\/p>\n<p>Wenn Sie ein digitales Formular ausf\u00fcllen und abschicken, wird dieses Formular einen Monat lang in unserem Backup gespeichert. Der Grund daf\u00fcr ist, dass wir sicher sein wollen, dass wir Ihr Formular tats\u00e4chlich erhalten haben. Sollte dies nicht der Fall sein, k\u00f6nnen wir Ihr Formular trotzdem \u00fcber dieses Back-up anfordern. Sie m\u00fcssen es nicht erneut ausf\u00fcllen.<\/p>\n<p><u>Funktionale Cookies:<\/u><br \/>\nUnsere Website platziert eine Reihe von funktionalen Cookies. Diese werden durch das WordPress-Verwaltungssystem und das Woocommerce-Webshopsystem platziert. Diese Cookies enthalten keine datenschutzrelevanten Daten und werden nicht an Dritte weitergegeben. Dar\u00fcber hinaus platziert der Live-Chat-Dienst Smartsupp einige Cookies im Zusammenhang mit der Online-Chat-Funktion. Diese Cookies werden unmittelbar nach dem Besuch unserer Website entfernt.<\/p>\n<p><u>Tracking Cookies:<br \/>\n<\/u>Es werden keine Tracking Cookies gesetzt.<\/p>\n<p><u>Analytische Cookies:<\/u><br \/>\n\u00dcber unsere Website wird ein Cookie von der amerikanischen Firma Google im Rahmen des Dienstes \"Analytics\" gesetzt. AstroVac nutzt diesen Dienst, um zu verfolgen und Berichte dar\u00fcber zu erhalten, wie Besucher die Website nutzen, und so die Benutzerfreundlichkeit zu verbessern. AstroVac sieht nicht, wer (oder welcher PC) die Website besucht. Google, als Anbieter des Dienstes, kann das. Google kann diese Informationen an Dritte weitergeben, wenn Google gesetzlich dazu verpflichtet ist oder wenn Dritte die Informationen im Auftrag von Google verarbeiten. AstroVac hat hierauf keinen Einfluss. AstroVac hat Google nicht gestattet, die erhaltenen Analysedaten f\u00fcr andere Google-Dienste zu verwenden.\u00a0<strong>nicht<\/strong>\u00a0berechtigt, die erhaltenen Analysedaten f\u00fcr andere Google-Dienste zu nutzen.<\/p>\n<p>Die von Google gesammelten Informationen werden so weit wie m\u00f6glich anonymisiert. Ihre IP-Adresse wird ausdr\u00fccklich nicht angegeben. Die Informationen werden an Google \u00fcbertragen und von Google auf Servern in den Vereinigten Staaten gespeichert. Google behauptet, die Privacy-Shield-Prinzipien zu befolgen und ist dem Privacy-Shield-Programm des US-Handelsministeriums beigetreten. Dies bedeutet, dass ein angemessenes Schutzniveau f\u00fcr die Verarbeitung personenbezogener Daten besteht.<br \/>\nAstroVac hat eine Datenschutzvereinbarung mit Google abgeschlossen, hat das letzte Oktett der IP-Adresse maskiert, die \"Datenweitergabe\" ausgeschaltet und verwendet keine anderen Google-Dienste in Kombination mit den Google Analytics-Cookies.<\/p>\n<p>Weitere Informationen zu den Google Analytics-Cookies finden Sie auf der Google Analytics-Website.<\/p>\n<p><u>Inhalte von Dritten:<br \/>\n<\/u>Unsere Website enth\u00e4lt Inhalte von Smartsupp, einer Online-Live-Chat-Plattform, die wir nutzen, um Ihnen als Besucher die M\u00f6glichkeit zu geben, uns auf einfache und zug\u00e4ngliche Weise eine Frage zu stellen. Mit Smartsupp wurde ein Auftragsverarbeitungsvertrag abgeschlossen, in dem Vereinbarungen \u00fcber die Sicherheit Ihrer Daten getroffen wurden. Auf unserer Website zeigen wir Kundenrezensionen, diese Daten werden von The Feedback Company gesammelt. Mit The Feedback Company gibt es einen Verarbeitungsvertrag, der Vereinbarungen \u00fcber die Sicherheit Ihrer Daten enth\u00e4lt. AstroVac erlaubt es Dritten nicht, die gesammelten Daten zu nutzen, diese Daten werden nur f\u00fcr die von AstroVac erworbenen Dienstleistungen verwendet.<\/p>\n<p>\"Unsere Website kann Schaltfl\u00e4chen zum Bewerben (\"like\") oder Teilen (\"tweet\") von Webseiten in sozialen Netzwerken wie Facebook und Twitter enthalten. Diese Schaltfl\u00e4chen funktionieren \u00fcber Codeteile, die von Facebook bzw. Twitter stammen. Mit Hilfe dieses Codes werden Cookies gesetzt. Darauf haben wir keinen Einfluss. Bitte lesen Sie die Datenschutzerkl\u00e4rungen von Facebook und Twitter (die sich regelm\u00e4\u00dfig \u00e4ndern k\u00f6nnen), um zu erfahren, was sie mit Ihren (personenbezogenen) Daten machen, die sie durch diese Cookies verarbeiten.<\/p>\n<p>\"Die gesammelten Informationen werden so weit wie m\u00f6glich anonymisiert. Die Informationen werden an Twitter, Facebook und Google+ \u00fcbertragen und dort auf Servern in den Vereinigten Staaten gespeichert. Twitter, Facebook und Google+ geben an, sich an die Grunds\u00e4tze des Privacy Shield zu halten und sind dem Privacy-Shield-Programm des US-Handelsministeriums angeschlossen. Dies bedeutet, dass ein angemessenes Schutzniveau f\u00fcr die Verarbeitung personenbezogener Daten besteht.<\/p>","protected":false},"excerpt":{"rendered":"<p>AstroVac maakt bij het aanbieden van haar elektronische diensten gebruik van &#8216;cookies&#8217;. Een cookie is een klein bestand dat op de harde schijf van uw computer wordt opgeslagen om u te kunnen herkennen als u de site opnieuw bezoekt. Deze cookies worden uitsluitend gebruikt om het gebruik van de website gemakkelijker te maken. U kunt [&#8230;]\n","protected":false},"author":6,"featured_media":3567,"parent":0,"menu_order":0,"comment_status":"closed","ping_status":"closed","template":"","meta":{"footnotes":""},"class_list":["post-6701","page","type-page","status-publish","has-post-thumbnail","hentry"],"yoast_head":"<!-- This site is optimized with the Yoast SEO plugin v27.3 - https:\/\/yoast.com\/product\/yoast-seo-wordpress\/ -->\n<title>Cookies | Astrovac<\/title>\n<meta name=\"description\" content=\"Bekijk onze cookie policy. | Astrovac = D\u00e9 top in centrale stofafzuiging \u2713 Schoner \u2713 Stiller \u2713 Gezonder!\" \/>\n<meta name=\"robots\" content=\"noindex, nofollow\" \/>\n<meta property=\"og:locale\" content=\"de_DE\" \/>\n<meta property=\"og:type\" content=\"article\" \/>\n<meta property=\"og:title\" content=\"Cookies | Astrovac\" \/>\n<meta property=\"og:description\" content=\"Bekijk onze cookie policy. | Astrovac = D\u00e9 top in centrale stofafzuiging \u2713 Schoner \u2713 Stiller \u2713 Gezonder!\" \/>\n<meta property=\"og:url\" content=\"https:\/\/astrovac.nl\/de\/cookie-erklarung\/\" \/>\n<meta property=\"og:site_name\" content=\"AstroVac\" \/>\n<meta property=\"article:publisher\" content=\"https:\/\/www.facebook.com\/profile.php?id=61559925887346\" \/>\n<meta property=\"article:modified_time\" content=\"2025-11-14T10:41:41+00:00\" \/>\n<meta property=\"og:image\" content=\"https:\/\/astrovac.nl\/wp-content\/uploads\/2016\/04\/Astrovac_front_img-e1488467982584.png\" \/>\n\t<meta property=\"og:image:width\" content=\"480\" \/>\n\t<meta property=\"og:image:height\" content=\"349\" \/>\n\t<meta property=\"og:image:type\" content=\"image\/png\" \/>\n<meta name=\"twitter:card\" content=\"summary_large_image\" \/>\n<meta name=\"twitter:label1\" content=\"Gesch\u00e4tzte Lesezeit\" \/>\n\t<meta name=\"twitter:data1\" content=\"4\u00a0Minuten\" \/>\n<script type=\"application\/ld+json\" class=\"yoast-schema-graph\">{\"@context\":\"https:\\\/\\\/schema.org\",\"@graph\":[{\"@type\":\"WebPage\",\"@id\":\"https:\\\/\\\/astrovac.nl\\\/cookieverklaring\\\/\",\"url\":\"https:\\\/\\\/astrovac.nl\\\/cookieverklaring\\\/\",\"name\":\"Cookies | Astrovac\",\"isPartOf\":{\"@id\":\"https:\\\/\\\/astrovac.nl\\\/de\\\/#website\"},\"primaryImageOfPage\":{\"@id\":\"https:\\\/\\\/astrovac.nl\\\/cookieverklaring\\\/#primaryimage\"},\"image\":{\"@id\":\"https:\\\/\\\/astrovac.nl\\\/cookieverklaring\\\/#primaryimage\"},\"thumbnailUrl\":\"https:\\\/\\\/astrovac.nl\\\/wp-content\\\/uploads\\\/2016\\\/04\\\/Astrovac_front_img-e1488467982584.png\",\"datePublished\":\"2018-05-24T11:14:11+00:00\",\"dateModified\":\"2025-11-14T10:41:41+00:00\",\"description\":\"Bekijk onze cookie policy. | Astrovac = D\u00e9 top in centrale stofafzuiging \u2713 Schoner \u2713 Stiller \u2713 Gezonder!\",\"breadcrumb\":{\"@id\":\"https:\\\/\\\/astrovac.nl\\\/cookieverklaring\\\/#breadcrumb\"},\"inLanguage\":\"de\",\"potentialAction\":[{\"@type\":\"ReadAction\",\"target\":[\"https:\\\/\\\/astrovac.nl\\\/cookieverklaring\\\/\"]}]},{\"@type\":\"ImageObject\",\"inLanguage\":\"de\",\"@id\":\"https:\\\/\\\/astrovac.nl\\\/cookieverklaring\\\/#primaryimage\",\"url\":\"https:\\\/\\\/astrovac.nl\\\/wp-content\\\/uploads\\\/2016\\\/04\\\/Astrovac_front_img-e1488467982584.png\",\"contentUrl\":\"https:\\\/\\\/astrovac.nl\\\/wp-content\\\/uploads\\\/2016\\\/04\\\/Astrovac_front_img-e1488467982584.png\",\"width\":480,\"height\":349,\"caption\":\"Een centraal stofzuigsysteem blaast ultrafijne stof naar buiten\"},{\"@type\":\"BreadcrumbList\",\"@id\":\"https:\\\/\\\/astrovac.nl\\\/cookieverklaring\\\/#breadcrumb\",\"itemListElement\":[{\"@type\":\"ListItem\",\"position\":1,\"name\":\"Home\",\"item\":\"https:\\\/\\\/astrovac.nl\\\/\"},{\"@type\":\"ListItem\",\"position\":2,\"name\":\"Cookieverklaring\"}]},{\"@type\":\"WebSite\",\"@id\":\"https:\\\/\\\/astrovac.nl\\\/de\\\/#website\",\"url\":\"https:\\\/\\\/astrovac.nl\\\/de\\\/\",\"name\":\"AstroVac\",\"description\":\"Centrale Stofzuiginstallaties\",\"publisher\":{\"@id\":\"https:\\\/\\\/astrovac.nl\\\/de\\\/#organization\"},\"potentialAction\":[{\"@type\":\"SearchAction\",\"target\":{\"@type\":\"EntryPoint\",\"urlTemplate\":\"https:\\\/\\\/astrovac.nl\\\/de\\\/?s={search_term_string}\"},\"query-input\":{\"@type\":\"PropertyValueSpecification\",\"valueRequired\":true,\"valueName\":\"search_term_string\"}}],\"inLanguage\":\"de\"},{\"@type\":\"Organization\",\"@id\":\"https:\\\/\\\/astrovac.nl\\\/de\\\/#organization\",\"name\":\"AstroVac\",\"url\":\"https:\\\/\\\/astrovac.nl\\\/de\\\/\",\"logo\":{\"@type\":\"ImageObject\",\"inLanguage\":\"de\",\"@id\":\"https:\\\/\\\/astrovac.nl\\\/de\\\/#\\\/schema\\\/logo\\\/image\\\/\",\"url\":\"https:\\\/\\\/astrovac.nl\\\/wp-content\\\/uploads\\\/2024\\\/03\\\/Astrovac-logo-2024.png\",\"contentUrl\":\"https:\\\/\\\/astrovac.nl\\\/wp-content\\\/uploads\\\/2024\\\/03\\\/Astrovac-logo-2024.png\",\"width\":3092,\"height\":906,\"caption\":\"AstroVac\"},\"image\":{\"@id\":\"https:\\\/\\\/astrovac.nl\\\/de\\\/#\\\/schema\\\/logo\\\/image\\\/\"},\"sameAs\":[\"https:\\\/\\\/www.facebook.com\\\/profile.php?id=61559925887346\"]}]}<\/script>\n<!-- \/ Yoast SEO plugin. -->","yoast_head_json":{"title":"Cookies | Astrovac","description":"Siehe unsere Cookie-Richtlinie. | Astrovac = Die Spitze der zentralen Staubabsaugung \u2713 Sauberer \u2713 Leiser \u2713 Ges\u00fcnder!","robots":{"index":"noindex","follow":"nofollow"},"og_locale":"de_DE","og_type":"article","og_title":"Cookies | Astrovac","og_description":"Bekijk onze cookie policy. | Astrovac = D\u00e9 top in centrale stofafzuiging \u2713 Schoner \u2713 Stiller \u2713 Gezonder!","og_url":"https:\/\/astrovac.nl\/de\/cookie-erklarung\/","og_site_name":"AstroVac","article_publisher":"https:\/\/www.facebook.com\/profile.php?id=61559925887346","article_modified_time":"2025-11-14T10:41:41+00:00","og_image":[{"width":480,"height":349,"url":"https:\/\/astrovac.nl\/wp-content\/uploads\/2016\/04\/Astrovac_front_img-e1488467982584.png","type":"image\/png"}],"twitter_card":"summary_large_image","twitter_misc":{"Gesch\u00e4tzte Lesezeit":"4\u00a0Minuten"},"schema":{"@context":"https:\/\/schema.org","@graph":[{"@type":"WebPage","@id":"https:\/\/astrovac.nl\/cookieverklaring\/","url":"https:\/\/astrovac.nl\/cookieverklaring\/","name":"Cookies | Astrovac","isPartOf":{"@id":"https:\/\/astrovac.nl\/de\/#website"},"primaryImageOfPage":{"@id":"https:\/\/astrovac.nl\/cookieverklaring\/#primaryimage"},"image":{"@id":"https:\/\/astrovac.nl\/cookieverklaring\/#primaryimage"},"thumbnailUrl":"https:\/\/astrovac.nl\/wp-content\/uploads\/2016\/04\/Astrovac_front_img-e1488467982584.png","datePublished":"2018-05-24T11:14:11+00:00","dateModified":"2025-11-14T10:41:41+00:00","description":"Siehe unsere Cookie-Richtlinie. | Astrovac = Die Spitze der zentralen Staubabsaugung \u2713 Sauberer \u2713 Leiser \u2713 Ges\u00fcnder!","breadcrumb":{"@id":"https:\/\/astrovac.nl\/cookieverklaring\/#breadcrumb"},"inLanguage":"de","potentialAction":[{"@type":"ReadAction","target":["https:\/\/astrovac.nl\/cookieverklaring\/"]}]},{"@type":"ImageObject","inLanguage":"de","@id":"https:\/\/astrovac.nl\/cookieverklaring\/#primaryimage","url":"https:\/\/astrovac.nl\/wp-content\/uploads\/2016\/04\/Astrovac_front_img-e1488467982584.png","contentUrl":"https:\/\/astrovac.nl\/wp-content\/uploads\/2016\/04\/Astrovac_front_img-e1488467982584.png","width":480,"height":349,"caption":"Een centraal stofzuigsysteem blaast ultrafijne stof naar buiten"},{"@type":"BreadcrumbList","@id":"https:\/\/astrovac.nl\/cookieverklaring\/#breadcrumb","itemListElement":[{"@type":"ListItem","position":1,"name":"Home","item":"https:\/\/astrovac.nl\/"},{"@type":"ListItem","position":2,"name":"Cookieverklaring"}]},{"@type":"WebSite","@id":"https:\/\/astrovac.nl\/de\/#website","url":"https:\/\/astrovac.nl\/de\/","name":"AstroVac","description":"Zentrale Vakuumsysteme","publisher":{"@id":"https:\/\/astrovac.nl\/de\/#organization"},"potentialAction":[{"@type":"SearchAction","target":{"@type":"EntryPoint","urlTemplate":"https:\/\/astrovac.nl\/de\/?s={search_term_string}"},"query-input":{"@type":"PropertyValueSpecification","valueRequired":true,"valueName":"search_term_string"}}],"inLanguage":"de"},{"@type":"Organization","@id":"https:\/\/astrovac.nl\/de\/#organization","name":"AstroVac","url":"https:\/\/astrovac.nl\/de\/","logo":{"@type":"ImageObject","inLanguage":"de","@id":"https:\/\/astrovac.nl\/de\/#\/schema\/logo\/image\/","url":"https:\/\/astrovac.nl\/wp-content\/uploads\/2024\/03\/Astrovac-logo-2024.png","contentUrl":"https:\/\/astrovac.nl\/wp-content\/uploads\/2024\/03\/Astrovac-logo-2024.png","width":3092,"height":906,"caption":"AstroVac"},"image":{"@id":"https:\/\/astrovac.nl\/de\/#\/schema\/logo\/image\/"},"sameAs":["https:\/\/www.facebook.com\/profile.php?id=61559925887346"]}]}},"_links":{"self":[{"href":"https:\/\/astrovac.nl\/de\/wp-json\/wp\/v2\/pages\/6701","targetHints":{"allow":["GET"]}}],"collection":[{"href":"https:\/\/astrovac.nl\/de\/wp-json\/wp\/v2\/pages"}],"about":[{"href":"https:\/\/astrovac.nl\/de\/wp-json\/wp\/v2\/types\/page"}],"author":[{"embeddable":true,"href":"https:\/\/astrovac.nl\/de\/wp-json\/wp\/v2\/users\/6"}],"replies":[{"embeddable":true,"href":"https:\/\/astrovac.nl\/de\/wp-json\/wp\/v2\/comments?post=6701"}],"version-history":[{"count":2,"href":"https:\/\/astrovac.nl\/de\/wp-json\/wp\/v2\/pages\/6701\/revisions"}],"predecessor-version":[{"id":26775,"href":"https:\/\/astrovac.nl\/de\/wp-json\/wp\/v2\/pages\/6701\/revisions\/26775"}],"wp:featuredmedia":[{"embeddable":true,"href":"https:\/\/astrovac.nl\/de\/wp-json\/wp\/v2\/media\/3567"}],"wp:attachment":[{"href":"https:\/\/astrovac.nl\/de\/wp-json\/wp\/v2\/media?parent=6701"}],"curies":[{"name":"wp","href":"https:\/\/api.w.org\/{rel}","templated":true}]}}