{"id":6705,"date":"2018-05-24T12:15:30","date_gmt":"2018-05-24T11:15:30","guid":{"rendered":"https:\/\/astrotrans.testontwikkeling.nl\/?page_id=6705"},"modified":"2023-03-03T13:18:26","modified_gmt":"2023-03-03T12:18:26","slug":"datenschutzbestimmungen","status":"publish","type":"page","link":"https:\/\/astrovac.nl\/de\/privacybeleid\/","title":{"rendered":"Datenschutzrichtlinie"},"content":{"rendered":"<p><strong>Datenschutzerkl\u00e4rung AstroVac Zentralstaubsauger<\/strong><br \/>\n<em>Version 2, diese Seite wurde zuletzt am 22. M\u00e4rz 2022 ge\u00e4ndert.<\/em><\/p>\n<p>Wir sind uns bewusst, dass Sie uns Ihr Vertrauen entgegenbringen. Wir sehen es als unsere Verantwortung an, Ihre Privatsph\u00e4re zu sch\u00fctzen. Auf dieser Seite erfahren Sie, welche Informationen wir sammeln, wenn Sie unsere Website nutzen, warum wir sie sammeln und wie wir sie verwenden, um Ihre Nutzererfahrung zu verbessern. Auf diese Weise werden Sie genau verstehen, wie wir arbeiten.<\/p>\n<p>Diese Datenschutzerkl\u00e4rung gilt f\u00fcr die Dienstleistungen von AstroVac Zentralstaubsauger, im Folgenden als: AstroVac. Sie sollten sich bewusst sein, dass AstroVac nicht f\u00fcr die Datenschutzrichtlinien anderer Websites und Quellen verantwortlich ist. Durch die Nutzung dieser Website erkl\u00e4ren Sie sich mit den Datenschutzbestimmungen einverstanden.<\/p>\n<p>AstroVac respektiert die Privatsph\u00e4re aller Nutzer seiner Website und stellt sicher, dass die von Ihnen zur Verf\u00fcgung gestellten pers\u00f6nlichen Daten vertraulich behandelt werden.<\/p>\n<p><strong><em>Unsere Verwendung der gesammelten Daten<\/em><\/strong><\/p>\n<p><strong>Inanspruchnahme unserer Dienstleistungen<\/strong><br \/>\nWenn Sie sich f\u00fcr einen unserer Dienste anmelden, bitten wir Sie um die Angabe pers\u00f6nlicher Daten. Diese Daten werden zur Erbringung der Dienstleistung verwendet. Die Daten werden auf den eigenen sicheren Servern von AstroVac oder auf denen eines Dritten gespeichert.<\/p>\n<p><strong>Kommunikation<\/strong><br \/>\nWenn Sie uns E-Mails oder andere Nachrichten senden, k\u00f6nnen wir diese Nachrichten aufbewahren. Manchmal werden wir Sie um Ihre pers\u00f6nlichen Daten bitten, die f\u00fcr die jeweilige Situation relevant sind. Dies erm\u00f6glicht uns, Ihre Fragen zu bearbeiten und Ihre Anfragen zu beantworten. Die Daten werden auf den eigenen sicheren Servern von AstroVac oder auf denen eines Dritten gespeichert.<\/p>\n<p><strong>Cookies<\/strong><br \/>\nWir sammeln Daten zu Forschungszwecken, um unsere Kunden besser zu verstehen und unsere Dienstleistungen entsprechend anzupassen. Lesen Sie unsere <a href=\"https:\/\/astrovac.nl\/de\/cookie-erklarung\/\">Cookie-Erkl\u00e4rung.<\/a>.<\/p>\n<p><strong>Zwecke<\/strong><br \/>\nWir sammeln oder verwenden keine Informationen f\u00fcr andere als die in dieser Datenschutzrichtlinie beschriebenen Zwecke, es sei denn, wir haben Ihre vorherige Zustimmung eingeholt.<\/p>\n<p><strong>Dritte Parteien<\/strong><br \/>\nDie Informationen werden nicht an Dritte weitergegeben, mit Ausnahme der Webanwendungen, die wir f\u00fcr unsere Website\/Webshop verwenden. Diese Daten werden nur f\u00fcr den Zweck der jeweiligen Bewerbung verwendet und nicht weitergegeben. In einigen F\u00e4llen k\u00f6nnen die Informationen auch intern weitergegeben werden. Unsere Mitarbeiter sind verpflichtet, die Vertraulichkeit Ihrer Daten zu wahren. F\u00fcr unseren Live-Chat verwenden wir die Software von Smartsupp. Mit Smartupp wurde ein Verarbeitungsvertrag geschlossen, in dem Vereinbarungen \u00fcber die Verwendung von datenschutzsensiblen Daten getroffen wurden. AstroVac erteilt Smartsupp nicht die Erlaubnis, Ihre Daten f\u00fcr andere Anwendungen als unseren Online-Live-Chat zu verwenden.<br \/>\nAuf unserer Website zeigen wir Kundenrezensionen, diese Daten werden von The Feedback Company gesammelt. Mit The Feedback Company ist ein Verarbeitungsvertrag auggestellt, in dem Vereinbarungen \u00fcber die Sicherheit Ihrer Daten getroffen werden.<\/p>\n<p><strong>\u00c4nderungen<\/strong><br \/>\nDiese Erkl\u00e4rung zum Datenschutz ist auf die Nutzung und die M\u00f6glichkeiten dieser Website zugeschnitten. M\u00f6gliche Anpassungen und\/oder \u00c4nderungen an der Website k\u00f6nnen zu \u00c4nderungen dieser Datenschutzerkl\u00e4rung f\u00fchren. Es ist daher ratsam, diese Datenschutzerkl\u00e4rung regelm\u00e4\u00dfig zu lesen.<\/p>\n<p><strong>Auswahl f\u00fcr pers\u00f6nliche Daten<\/strong><br \/>\nWir bieten allen Besuchern die M\u00f6glichkeit, die uns zur Verf\u00fcgung gestellten pers\u00f6nlichen Daten einzusehen, zu \u00e4ndern oder zu l\u00f6schen.<\/p>\n<p><strong>Anpassen\/abmelden des Newsletter-Dienstes <\/strong><br \/>\nAm Ende jedes Mailings finden Sie die M\u00f6glichkeit, Ihre Daten zu \u00e4ndern oder sich abzumelden.<\/p>\n<p><strong>Anpassung\/Abbestellung der Kommunikation <\/strong><br \/>\nWenn Sie Ihre Daten \u00e4ndern oder sich aus unseren Dateien entfernen m\u00f6chten, nehmen Sie bitte Kontakt mit uns auf. Siehe Kontaktdaten unten.<\/p>\n<p><strong>Cookies deaktivieren<\/strong><br \/>\nDie meisten Browser sind von vornherein so eingestellt, dass sie Cookies akzeptieren, aber Sie k\u00f6nnen Ihren Browser so einstellen, dass er alle Cookies ablehnt oder anzeigt, wenn ein Cookie gesendet wird. Einige Funktionen und Dienste auf unserer und anderen Websites funktionieren jedoch m\u00f6glicherweise nicht richtig, wenn Cookies in Ihrem Browser deaktiviert sind.<\/p>\n<p><strong>Speicherpolitik<br \/>\n<\/strong>Ihre Daten werden zu statischen Zwecken, zur Erstellung von Statistiken und\/oder zu Forschungszwecken sicher in unseren Systemen gespeichert. Wenn Sie ein digitales Formular ausf\u00fcllen und abschicken, wird dieses Formular 1 Monat lang digital in unserem Backup gespeichert. Der Grund daf\u00fcr ist, dass wir sicher sein wollen, dass Ihr Formular tats\u00e4chlich bei uns eingegangen ist. Sollte dies nicht der Fall sein, k\u00f6nnen wir Ihr Formular \u00fcber dieses Backup abrufen. Sie m\u00fcssen es dann nicht erneut ausf\u00fcllen. Daten \u00fcber Ihr Webshop-Konto und Ihre Bestellhistorie werden auf unbestimmte Zeit gespeichert, um Ihre Erfahrung auf unserer Website zu optimieren.<\/p>\n<p><strong>Fragen und Feedback<br \/>\n<\/strong>Wir \u00fcberpr\u00fcfen regelm\u00e4\u00dfig, ob wir diese Datenschutzrichtlinie einhalten. Wenn Sie Fragen zu dieser Datenschutzrichtlinie haben, wenden Sie sich bitte an uns:<\/p>\n<p><em>AstroVac Zentrale Staubsaugeranlagen<\/em><br \/>\nMoskesbaan 6<br \/>\n4823 AH  Breda - Niederlande<br \/>\ninfo@astrovac.nl<\/p>\n<p>AstroVac ist ein Handelsname von Van Dijnsen Multitrading BV, seit 1979 Importeur von Zentralstaubsaugern.<\/p>","protected":false},"excerpt":{"rendered":"<p>Privacybeleid AstroVac Centrale Stofzuiginstallaties Versie 1, deze pagina is voor het laatst aangepast op 5 september 2018. Wij zijn er van bewust dat u vertrouwen stelt in ons. Wij zien het dan ook als onze verantwoordelijkheid om uw privacy te beschermen. Op deze pagina laten we u weten welke gegevens we verzamelen als u onze [&#8230;]\n","protected":false},"author":6,"featured_media":3567,"parent":0,"menu_order":0,"comment_status":"closed","ping_status":"closed","template":"","meta":{"footnotes":""},"class_list":["post-6705","page","type-page","status-publish","has-post-thumbnail","hentry"],"yoast_head":"<!-- This site is optimized with the Yoast SEO plugin v27.3 - https:\/\/yoast.com\/product\/yoast-seo-wordpress\/ -->\n<title>Privacybeleid | Astrovac<\/title>\n<meta name=\"description\" content=\"Bekijk ons Privacybeleid | Astrovac = D\u00e9 top in centrale stofafzuiging \u2713 Schoner \u2713 Stiller \u2713 Gezonder!\" \/>\n<meta name=\"robots\" content=\"noindex, nofollow\" \/>\n<meta property=\"og:locale\" content=\"de_DE\" \/>\n<meta property=\"og:type\" content=\"article\" \/>\n<meta property=\"og:title\" content=\"Privacybeleid | Astrovac\" \/>\n<meta property=\"og:description\" content=\"Bekijk ons Privacybeleid | Astrovac = D\u00e9 top in centrale stofafzuiging \u2713 Schoner \u2713 Stiller \u2713 Gezonder!\" \/>\n<meta property=\"og:url\" content=\"https:\/\/astrovac.nl\/de\/datenschutzbestimmungen\/\" \/>\n<meta property=\"og:site_name\" content=\"AstroVac\" \/>\n<meta property=\"article:publisher\" content=\"https:\/\/www.facebook.com\/profile.php?id=61559925887346\" \/>\n<meta property=\"article:modified_time\" content=\"2023-03-03T12:18:26+00:00\" \/>\n<meta property=\"og:image\" content=\"https:\/\/astrovac.nl\/wp-content\/uploads\/2016\/04\/Astrovac_front_img-e1488467982584.png\" \/>\n\t<meta property=\"og:image:width\" content=\"480\" \/>\n\t<meta property=\"og:image:height\" content=\"349\" \/>\n\t<meta property=\"og:image:type\" content=\"image\/png\" \/>\n<meta name=\"twitter:card\" content=\"summary_large_image\" \/>\n<meta name=\"twitter:label1\" content=\"Gesch\u00e4tzte Lesezeit\" \/>\n\t<meta name=\"twitter:data1\" content=\"4\u00a0Minuten\" \/>\n<script type=\"application\/ld+json\" class=\"yoast-schema-graph\">{\"@context\":\"https:\\\/\\\/schema.org\",\"@graph\":[{\"@type\":\"WebPage\",\"@id\":\"https:\\\/\\\/astrovac.nl\\\/privacybeleid\\\/\",\"url\":\"https:\\\/\\\/astrovac.nl\\\/privacybeleid\\\/\",\"name\":\"Privacybeleid | Astrovac\",\"isPartOf\":{\"@id\":\"https:\\\/\\\/astrovac.nl\\\/de\\\/#website\"},\"primaryImageOfPage\":{\"@id\":\"https:\\\/\\\/astrovac.nl\\\/privacybeleid\\\/#primaryimage\"},\"image\":{\"@id\":\"https:\\\/\\\/astrovac.nl\\\/privacybeleid\\\/#primaryimage\"},\"thumbnailUrl\":\"https:\\\/\\\/astrovac.nl\\\/wp-content\\\/uploads\\\/2016\\\/04\\\/Astrovac_front_img-e1488467982584.png\",\"datePublished\":\"2018-05-24T11:15:30+00:00\",\"dateModified\":\"2023-03-03T12:18:26+00:00\",\"description\":\"Bekijk ons Privacybeleid | Astrovac = D\u00e9 top in centrale stofafzuiging \u2713 Schoner \u2713 Stiller \u2713 Gezonder!\",\"breadcrumb\":{\"@id\":\"https:\\\/\\\/astrovac.nl\\\/privacybeleid\\\/#breadcrumb\"},\"inLanguage\":\"de\",\"potentialAction\":[{\"@type\":\"ReadAction\",\"target\":[\"https:\\\/\\\/astrovac.nl\\\/privacybeleid\\\/\"]}]},{\"@type\":\"ImageObject\",\"inLanguage\":\"de\",\"@id\":\"https:\\\/\\\/astrovac.nl\\\/privacybeleid\\\/#primaryimage\",\"url\":\"https:\\\/\\\/astrovac.nl\\\/wp-content\\\/uploads\\\/2016\\\/04\\\/Astrovac_front_img-e1488467982584.png\",\"contentUrl\":\"https:\\\/\\\/astrovac.nl\\\/wp-content\\\/uploads\\\/2016\\\/04\\\/Astrovac_front_img-e1488467982584.png\",\"width\":480,\"height\":349,\"caption\":\"Een centraal stofzuigsysteem blaast ultrafijne stof naar buiten\"},{\"@type\":\"BreadcrumbList\",\"@id\":\"https:\\\/\\\/astrovac.nl\\\/privacybeleid\\\/#breadcrumb\",\"itemListElement\":[{\"@type\":\"ListItem\",\"position\":1,\"name\":\"Home\",\"item\":\"https:\\\/\\\/astrovac.nl\\\/\"},{\"@type\":\"ListItem\",\"position\":2,\"name\":\"Privacybeleid\"}]},{\"@type\":\"WebSite\",\"@id\":\"https:\\\/\\\/astrovac.nl\\\/de\\\/#website\",\"url\":\"https:\\\/\\\/astrovac.nl\\\/de\\\/\",\"name\":\"AstroVac\",\"description\":\"Centrale Stofzuiginstallaties\",\"publisher\":{\"@id\":\"https:\\\/\\\/astrovac.nl\\\/de\\\/#organization\"},\"potentialAction\":[{\"@type\":\"SearchAction\",\"target\":{\"@type\":\"EntryPoint\",\"urlTemplate\":\"https:\\\/\\\/astrovac.nl\\\/de\\\/?s={search_term_string}\"},\"query-input\":{\"@type\":\"PropertyValueSpecification\",\"valueRequired\":true,\"valueName\":\"search_term_string\"}}],\"inLanguage\":\"de\"},{\"@type\":\"Organization\",\"@id\":\"https:\\\/\\\/astrovac.nl\\\/de\\\/#organization\",\"name\":\"AstroVac\",\"url\":\"https:\\\/\\\/astrovac.nl\\\/de\\\/\",\"logo\":{\"@type\":\"ImageObject\",\"inLanguage\":\"de\",\"@id\":\"https:\\\/\\\/astrovac.nl\\\/de\\\/#\\\/schema\\\/logo\\\/image\\\/\",\"url\":\"https:\\\/\\\/astrovac.nl\\\/wp-content\\\/uploads\\\/2024\\\/03\\\/Astrovac-logo-2024.png\",\"contentUrl\":\"https:\\\/\\\/astrovac.nl\\\/wp-content\\\/uploads\\\/2024\\\/03\\\/Astrovac-logo-2024.png\",\"width\":3092,\"height\":906,\"caption\":\"AstroVac\"},\"image\":{\"@id\":\"https:\\\/\\\/astrovac.nl\\\/de\\\/#\\\/schema\\\/logo\\\/image\\\/\"},\"sameAs\":[\"https:\\\/\\\/www.facebook.com\\\/profile.php?id=61559925887346\"]}]}<\/script>\n<!-- \/ Yoast SEO plugin. -->","yoast_head_json":{"title":"Datenschutzpolitik | Astrovac","description":"Siehe unsere Datenschutzerkl\u00e4rung | Astrovac = Die Spitze der zentralen Staubabsaugung \u2713 Sauberer \u2713 Leiser \u2713 Ges\u00fcnder!","robots":{"index":"noindex","follow":"nofollow"},"og_locale":"de_DE","og_type":"article","og_title":"Privacybeleid | Astrovac","og_description":"Bekijk ons Privacybeleid | Astrovac = D\u00e9 top in centrale stofafzuiging \u2713 Schoner \u2713 Stiller \u2713 Gezonder!","og_url":"https:\/\/astrovac.nl\/de\/datenschutzbestimmungen\/","og_site_name":"AstroVac","article_publisher":"https:\/\/www.facebook.com\/profile.php?id=61559925887346","article_modified_time":"2023-03-03T12:18:26+00:00","og_image":[{"width":480,"height":349,"url":"https:\/\/astrovac.nl\/wp-content\/uploads\/2016\/04\/Astrovac_front_img-e1488467982584.png","type":"image\/png"}],"twitter_card":"summary_large_image","twitter_misc":{"Gesch\u00e4tzte Lesezeit":"4\u00a0Minuten"},"schema":{"@context":"https:\/\/schema.org","@graph":[{"@type":"WebPage","@id":"https:\/\/astrovac.nl\/privacybeleid\/","url":"https:\/\/astrovac.nl\/privacybeleid\/","name":"Datenschutzpolitik | Astrovac","isPartOf":{"@id":"https:\/\/astrovac.nl\/de\/#website"},"primaryImageOfPage":{"@id":"https:\/\/astrovac.nl\/privacybeleid\/#primaryimage"},"image":{"@id":"https:\/\/astrovac.nl\/privacybeleid\/#primaryimage"},"thumbnailUrl":"https:\/\/astrovac.nl\/wp-content\/uploads\/2016\/04\/Astrovac_front_img-e1488467982584.png","datePublished":"2018-05-24T11:15:30+00:00","dateModified":"2023-03-03T12:18:26+00:00","description":"Siehe unsere Datenschutzerkl\u00e4rung | Astrovac = Die Spitze der zentralen Staubabsaugung \u2713 Sauberer \u2713 Leiser \u2713 Ges\u00fcnder!","breadcrumb":{"@id":"https:\/\/astrovac.nl\/privacybeleid\/#breadcrumb"},"inLanguage":"de","potentialAction":[{"@type":"ReadAction","target":["https:\/\/astrovac.nl\/privacybeleid\/"]}]},{"@type":"ImageObject","inLanguage":"de","@id":"https:\/\/astrovac.nl\/privacybeleid\/#primaryimage","url":"https:\/\/astrovac.nl\/wp-content\/uploads\/2016\/04\/Astrovac_front_img-e1488467982584.png","contentUrl":"https:\/\/astrovac.nl\/wp-content\/uploads\/2016\/04\/Astrovac_front_img-e1488467982584.png","width":480,"height":349,"caption":"Een centraal stofzuigsysteem blaast ultrafijne stof naar buiten"},{"@type":"BreadcrumbList","@id":"https:\/\/astrovac.nl\/privacybeleid\/#breadcrumb","itemListElement":[{"@type":"ListItem","position":1,"name":"Home","item":"https:\/\/astrovac.nl\/"},{"@type":"ListItem","position":2,"name":"Privacybeleid"}]},{"@type":"WebSite","@id":"https:\/\/astrovac.nl\/de\/#website","url":"https:\/\/astrovac.nl\/de\/","name":"AstroVac","description":"Zentrale Vakuumsysteme","publisher":{"@id":"https:\/\/astrovac.nl\/de\/#organization"},"potentialAction":[{"@type":"SearchAction","target":{"@type":"EntryPoint","urlTemplate":"https:\/\/astrovac.nl\/de\/?s={search_term_string}"},"query-input":{"@type":"PropertyValueSpecification","valueRequired":true,"valueName":"search_term_string"}}],"inLanguage":"de"},{"@type":"Organization","@id":"https:\/\/astrovac.nl\/de\/#organization","name":"AstroVac","url":"https:\/\/astrovac.nl\/de\/","logo":{"@type":"ImageObject","inLanguage":"de","@id":"https:\/\/astrovac.nl\/de\/#\/schema\/logo\/image\/","url":"https:\/\/astrovac.nl\/wp-content\/uploads\/2024\/03\/Astrovac-logo-2024.png","contentUrl":"https:\/\/astrovac.nl\/wp-content\/uploads\/2024\/03\/Astrovac-logo-2024.png","width":3092,"height":906,"caption":"AstroVac"},"image":{"@id":"https:\/\/astrovac.nl\/de\/#\/schema\/logo\/image\/"},"sameAs":["https:\/\/www.facebook.com\/profile.php?id=61559925887346"]}]}},"_links":{"self":[{"href":"https:\/\/astrovac.nl\/de\/wp-json\/wp\/v2\/pages\/6705","targetHints":{"allow":["GET"]}}],"collection":[{"href":"https:\/\/astrovac.nl\/de\/wp-json\/wp\/v2\/pages"}],"about":[{"href":"https:\/\/astrovac.nl\/de\/wp-json\/wp\/v2\/types\/page"}],"author":[{"embeddable":true,"href":"https:\/\/astrovac.nl\/de\/wp-json\/wp\/v2\/users\/6"}],"replies":[{"embeddable":true,"href":"https:\/\/astrovac.nl\/de\/wp-json\/wp\/v2\/comments?post=6705"}],"version-history":[{"count":1,"href":"https:\/\/astrovac.nl\/de\/wp-json\/wp\/v2\/pages\/6705\/revisions"}],"predecessor-version":[{"id":23419,"href":"https:\/\/astrovac.nl\/de\/wp-json\/wp\/v2\/pages\/6705\/revisions\/23419"}],"wp:featuredmedia":[{"embeddable":true,"href":"https:\/\/astrovac.nl\/de\/wp-json\/wp\/v2\/media\/3567"}],"wp:attachment":[{"href":"https:\/\/astrovac.nl\/de\/wp-json\/wp\/v2\/media?parent=6705"}],"curies":[{"name":"wp","href":"https:\/\/api.w.org\/{rel}","templated":true}]}}