{"id":77,"date":"2012-11-27T11:26:40","date_gmt":"2012-11-27T10:26:40","guid":{"rendered":"https:\/\/astrotrans.testontwikkeling.nl\/?page_id=77"},"modified":"2025-10-31T23:54:46","modified_gmt":"2025-10-31T22:54:46","slug":"firmenprofil","status":"publish","type":"page","link":"https:\/\/astrovac.nl\/de\/contact\/bedrijfsprofiel\/","title":{"rendered":"\u00dcber uns"},"content":{"rendered":"<section class=\"section\" id=\"section_1080050100\">\n\t\t<div class=\"section-bg fill\" >\n\t\t\t\t\t\t\t\t\t\n\t\t\t\n\n\t\t<\/div>\n\n\t\t\n\n\t\t<div class=\"section-content relative\">\n\t\t\t\n<div class=\"row\"  id=\"row-1056234456\">\n\n\t<div id=\"col-1775674847\" class=\"col small-12 large-12\"  >\n\t\t\t\t<div class=\"col-inner\"  >\n\t\t\t\n\t\t\t\n<div class=\"container section-title-container\" ><h1 class=\"section-title section-title-normal\"><b aria-hidden=\"true\"><\/b><span class=\"section-title-main\" >\u00dcber uns<\/span><b aria-hidden=\"true\"><\/b><\/h1><\/div>\n<div class=\"row\"  id=\"row-1109990910\">\n\n\t<div id=\"col-2029203023\" class=\"col medium-7 small-12 large-7\"  >\n\t\t\t\t<div class=\"col-inner\"  >\n\t\t\t\n\t\t\t\n<h3>Unternehmensprofil<\/h3>\n<p>AstroVac bietet Ihnen ein umfangreiches Sortiment an qualitativ hochwertigen Staubsaugeranlagen und -komponenten f\u00fcr den Einsatz in Haushalten, Gesch\u00e4ften, B\u00fcros usw. an. AstroVac verf\u00fcgt \u00fcber eine eigene Planungs- und Kalkulationsabteilung, eine spezialisierte Service- und Wartungsabteilung und ein gro\u00dfes Ersatzteilelager. Vom Zentrallager aus werden fast alle Bestellungen ab Lager innerhalb von 1 bis 2 Arbeitstagen geliefert.<\/p>\n<h3>AstroVac in Europa<\/h3>\n<p>AstroVac ist ein Importeur f\u00fcr die Niederlande und Belgien. Dar\u00fcber hinaus werden regelm\u00e4\u00dfig Bestellungen u. a. nach Deutschland, Frankreich, \u00d6sterreich, in die Schweiz, nach Schweden, D\u00e4nemark und Spanien geliefert.<\/p>\n<a href=\"https:\/\/astrovac.nl\/de\/kontakt\/\" class=\"button primary\" >\n\t\t<span>Unternehmensdaten<\/span>\n\t<\/a>\n\n\t\t<\/div>\n\t\t\t\t\t<\/div>\n\n\t\n<\/div>\n\t\t<\/div>\n\t\t\t\t\t<\/div>\n\n\t\n<\/div>\n\t\t<\/div>\n\n\t\t\n<style>\n#section_1080050100 {\n  padding-top: 30px;\n  padding-bottom: 30px;\n}\n<\/style>\n\t<\/section>","protected":false},"excerpt":{"rendered":"","protected":false},"author":6,"featured_media":3567,"parent":10,"menu_order":0,"comment_status":"closed","ping_status":"open","template":"","meta":{"footnotes":""},"class_list":["post-77","page","type-page","status-publish","has-post-thumbnail","hentry"],"yoast_head":"<!-- This site is optimized with the Yoast SEO plugin v27.3 - https:\/\/yoast.com\/product\/yoast-seo-wordpress\/ -->\n<title>Bekijk ons bedrijfsprofiel | Astrovac<\/title>\n<meta name=\"description\" content=\"Heeft u vragen over Astrovac? Bekijk ons bedrijfsprofiel. | Astrovac = D\u00e9 top in centrale stofafzuiging \u2713 Schoner \u2713 Stiller \u2713 Gezonder!\" \/>\n<meta name=\"robots\" content=\"index, follow, max-snippet:-1, max-image-preview:large, max-video-preview:-1\" \/>\n<link rel=\"canonical\" href=\"https:\/\/astrovac.nl\/de\/kontakt\/firmenprofil\/\" \/>\n<meta property=\"og:locale\" content=\"de_DE\" \/>\n<meta property=\"og:type\" content=\"article\" \/>\n<meta property=\"og:title\" content=\"Bekijk ons bedrijfsprofiel | Astrovac\" \/>\n<meta property=\"og:description\" content=\"Heeft u vragen over Astrovac? Bekijk ons bedrijfsprofiel. | Astrovac = D\u00e9 top in centrale stofafzuiging \u2713 Schoner \u2713 Stiller \u2713 Gezonder!\" \/>\n<meta property=\"og:url\" content=\"https:\/\/astrovac.nl\/de\/kontakt\/firmenprofil\/\" \/>\n<meta property=\"og:site_name\" content=\"AstroVac\" \/>\n<meta property=\"article:publisher\" content=\"https:\/\/www.facebook.com\/profile.php?id=61559925887346\" \/>\n<meta property=\"article:modified_time\" content=\"2025-10-31T22:54:46+00:00\" \/>\n<meta property=\"og:image\" content=\"https:\/\/astrovac.nl\/wp-content\/uploads\/2016\/04\/Astrovac_front_img-e1488467982584.png\" \/>\n\t<meta property=\"og:image:width\" content=\"480\" \/>\n\t<meta property=\"og:image:height\" content=\"349\" \/>\n\t<meta property=\"og:image:type\" content=\"image\/png\" \/>\n<meta name=\"twitter:card\" content=\"summary_large_image\" \/>\n<meta name=\"twitter:label1\" content=\"Gesch\u00e4tzte Lesezeit\" \/>\n\t<meta name=\"twitter:data1\" content=\"1\u00a0Minute\" \/>\n<script type=\"application\/ld+json\" class=\"yoast-schema-graph\">{\"@context\":\"https:\\\/\\\/schema.org\",\"@graph\":[{\"@type\":\"WebPage\",\"@id\":\"https:\\\/\\\/astrovac.nl\\\/contact\\\/bedrijfsprofiel\\\/\",\"url\":\"https:\\\/\\\/astrovac.nl\\\/contact\\\/bedrijfsprofiel\\\/\",\"name\":\"Bekijk ons bedrijfsprofiel | Astrovac\",\"isPartOf\":{\"@id\":\"https:\\\/\\\/astrovac.nl\\\/de\\\/#website\"},\"primaryImageOfPage\":{\"@id\":\"https:\\\/\\\/astrovac.nl\\\/contact\\\/bedrijfsprofiel\\\/#primaryimage\"},\"image\":{\"@id\":\"https:\\\/\\\/astrovac.nl\\\/contact\\\/bedrijfsprofiel\\\/#primaryimage\"},\"thumbnailUrl\":\"https:\\\/\\\/astrovac.nl\\\/wp-content\\\/uploads\\\/2016\\\/04\\\/Astrovac_front_img-e1488467982584.png\",\"datePublished\":\"2012-11-27T10:26:40+00:00\",\"dateModified\":\"2025-10-31T22:54:46+00:00\",\"description\":\"Heeft u vragen over Astrovac? Bekijk ons bedrijfsprofiel. | Astrovac = D\u00e9 top in centrale stofafzuiging \u2713 Schoner \u2713 Stiller \u2713 Gezonder!\",\"breadcrumb\":{\"@id\":\"https:\\\/\\\/astrovac.nl\\\/contact\\\/bedrijfsprofiel\\\/#breadcrumb\"},\"inLanguage\":\"de\",\"potentialAction\":[{\"@type\":\"ReadAction\",\"target\":[\"https:\\\/\\\/astrovac.nl\\\/contact\\\/bedrijfsprofiel\\\/\"]}]},{\"@type\":\"ImageObject\",\"inLanguage\":\"de\",\"@id\":\"https:\\\/\\\/astrovac.nl\\\/contact\\\/bedrijfsprofiel\\\/#primaryimage\",\"url\":\"https:\\\/\\\/astrovac.nl\\\/wp-content\\\/uploads\\\/2016\\\/04\\\/Astrovac_front_img-e1488467982584.png\",\"contentUrl\":\"https:\\\/\\\/astrovac.nl\\\/wp-content\\\/uploads\\\/2016\\\/04\\\/Astrovac_front_img-e1488467982584.png\",\"width\":480,\"height\":349,\"caption\":\"Een centraal stofzuigsysteem blaast ultrafijne stof naar buiten\"},{\"@type\":\"BreadcrumbList\",\"@id\":\"https:\\\/\\\/astrovac.nl\\\/contact\\\/bedrijfsprofiel\\\/#breadcrumb\",\"itemListElement\":[{\"@type\":\"ListItem\",\"position\":1,\"name\":\"Home\",\"item\":\"https:\\\/\\\/astrovac.nl\\\/\"},{\"@type\":\"ListItem\",\"position\":2,\"name\":\"Contact\",\"item\":\"https:\\\/\\\/astrovac.nl\\\/contact\\\/\"},{\"@type\":\"ListItem\",\"position\":3,\"name\":\"Over ons\"}]},{\"@type\":\"WebSite\",\"@id\":\"https:\\\/\\\/astrovac.nl\\\/de\\\/#website\",\"url\":\"https:\\\/\\\/astrovac.nl\\\/de\\\/\",\"name\":\"AstroVac\",\"description\":\"Centrale Stofzuiginstallaties\",\"publisher\":{\"@id\":\"https:\\\/\\\/astrovac.nl\\\/de\\\/#organization\"},\"potentialAction\":[{\"@type\":\"SearchAction\",\"target\":{\"@type\":\"EntryPoint\",\"urlTemplate\":\"https:\\\/\\\/astrovac.nl\\\/de\\\/?s={search_term_string}\"},\"query-input\":{\"@type\":\"PropertyValueSpecification\",\"valueRequired\":true,\"valueName\":\"search_term_string\"}}],\"inLanguage\":\"de\"},{\"@type\":\"Organization\",\"@id\":\"https:\\\/\\\/astrovac.nl\\\/de\\\/#organization\",\"name\":\"AstroVac\",\"url\":\"https:\\\/\\\/astrovac.nl\\\/de\\\/\",\"logo\":{\"@type\":\"ImageObject\",\"inLanguage\":\"de\",\"@id\":\"https:\\\/\\\/astrovac.nl\\\/de\\\/#\\\/schema\\\/logo\\\/image\\\/\",\"url\":\"https:\\\/\\\/astrovac.nl\\\/wp-content\\\/uploads\\\/2024\\\/03\\\/Astrovac-logo-2024.png\",\"contentUrl\":\"https:\\\/\\\/astrovac.nl\\\/wp-content\\\/uploads\\\/2024\\\/03\\\/Astrovac-logo-2024.png\",\"width\":3092,\"height\":906,\"caption\":\"AstroVac\"},\"image\":{\"@id\":\"https:\\\/\\\/astrovac.nl\\\/de\\\/#\\\/schema\\\/logo\\\/image\\\/\"},\"sameAs\":[\"https:\\\/\\\/www.facebook.com\\\/profile.php?id=61559925887346\"]}]}<\/script>\n<!-- \/ Yoast SEO plugin. -->","yoast_head_json":{"title":"Unser Firmenprofil ansehen | Astrovac","description":"Haben Sie Fragen zu Astrovac? Sehen Sie sich unser Firmenprofil an | Astrovac = Die Spitze der zentralen Staubabsaugung \u2713 Sauberer \u2713 Leiser \u2713 Ges\u00fcnder!","robots":{"index":"index","follow":"follow","max-snippet":"max-snippet:-1","max-image-preview":"max-image-preview:large","max-video-preview":"max-video-preview:-1"},"canonical":"https:\/\/astrovac.nl\/de\/kontakt\/firmenprofil\/","og_locale":"de_DE","og_type":"article","og_title":"Bekijk ons bedrijfsprofiel | Astrovac","og_description":"Heeft u vragen over Astrovac? Bekijk ons bedrijfsprofiel. | Astrovac = D\u00e9 top in centrale stofafzuiging \u2713 Schoner \u2713 Stiller \u2713 Gezonder!","og_url":"https:\/\/astrovac.nl\/de\/kontakt\/firmenprofil\/","og_site_name":"AstroVac","article_publisher":"https:\/\/www.facebook.com\/profile.php?id=61559925887346","article_modified_time":"2025-10-31T22:54:46+00:00","og_image":[{"width":480,"height":349,"url":"https:\/\/astrovac.nl\/wp-content\/uploads\/2016\/04\/Astrovac_front_img-e1488467982584.png","type":"image\/png"}],"twitter_card":"summary_large_image","twitter_misc":{"Gesch\u00e4tzte Lesezeit":"1\u00a0Minute"},"schema":{"@context":"https:\/\/schema.org","@graph":[{"@type":"WebPage","@id":"https:\/\/astrovac.nl\/contact\/bedrijfsprofiel\/","url":"https:\/\/astrovac.nl\/contact\/bedrijfsprofiel\/","name":"Unser Firmenprofil ansehen | Astrovac","isPartOf":{"@id":"https:\/\/astrovac.nl\/de\/#website"},"primaryImageOfPage":{"@id":"https:\/\/astrovac.nl\/contact\/bedrijfsprofiel\/#primaryimage"},"image":{"@id":"https:\/\/astrovac.nl\/contact\/bedrijfsprofiel\/#primaryimage"},"thumbnailUrl":"https:\/\/astrovac.nl\/wp-content\/uploads\/2016\/04\/Astrovac_front_img-e1488467982584.png","datePublished":"2012-11-27T10:26:40+00:00","dateModified":"2025-10-31T22:54:46+00:00","description":"Haben Sie Fragen zu Astrovac? Sehen Sie sich unser Firmenprofil an | Astrovac = Die Spitze der zentralen Staubabsaugung \u2713 Sauberer \u2713 Leiser \u2713 Ges\u00fcnder!","breadcrumb":{"@id":"https:\/\/astrovac.nl\/contact\/bedrijfsprofiel\/#breadcrumb"},"inLanguage":"de","potentialAction":[{"@type":"ReadAction","target":["https:\/\/astrovac.nl\/contact\/bedrijfsprofiel\/"]}]},{"@type":"ImageObject","inLanguage":"de","@id":"https:\/\/astrovac.nl\/contact\/bedrijfsprofiel\/#primaryimage","url":"https:\/\/astrovac.nl\/wp-content\/uploads\/2016\/04\/Astrovac_front_img-e1488467982584.png","contentUrl":"https:\/\/astrovac.nl\/wp-content\/uploads\/2016\/04\/Astrovac_front_img-e1488467982584.png","width":480,"height":349,"caption":"Een centraal stofzuigsysteem blaast ultrafijne stof naar buiten"},{"@type":"BreadcrumbList","@id":"https:\/\/astrovac.nl\/contact\/bedrijfsprofiel\/#breadcrumb","itemListElement":[{"@type":"ListItem","position":1,"name":"Home","item":"https:\/\/astrovac.nl\/"},{"@type":"ListItem","position":2,"name":"Contact","item":"https:\/\/astrovac.nl\/contact\/"},{"@type":"ListItem","position":3,"name":"Over ons"}]},{"@type":"WebSite","@id":"https:\/\/astrovac.nl\/de\/#website","url":"https:\/\/astrovac.nl\/de\/","name":"AstroVac","description":"Zentrale Vakuumsysteme","publisher":{"@id":"https:\/\/astrovac.nl\/de\/#organization"},"potentialAction":[{"@type":"SearchAction","target":{"@type":"EntryPoint","urlTemplate":"https:\/\/astrovac.nl\/de\/?s={search_term_string}"},"query-input":{"@type":"PropertyValueSpecification","valueRequired":true,"valueName":"search_term_string"}}],"inLanguage":"de"},{"@type":"Organization","@id":"https:\/\/astrovac.nl\/de\/#organization","name":"AstroVac","url":"https:\/\/astrovac.nl\/de\/","logo":{"@type":"ImageObject","inLanguage":"de","@id":"https:\/\/astrovac.nl\/de\/#\/schema\/logo\/image\/","url":"https:\/\/astrovac.nl\/wp-content\/uploads\/2024\/03\/Astrovac-logo-2024.png","contentUrl":"https:\/\/astrovac.nl\/wp-content\/uploads\/2024\/03\/Astrovac-logo-2024.png","width":3092,"height":906,"caption":"AstroVac"},"image":{"@id":"https:\/\/astrovac.nl\/de\/#\/schema\/logo\/image\/"},"sameAs":["https:\/\/www.facebook.com\/profile.php?id=61559925887346"]}]}},"_links":{"self":[{"href":"https:\/\/astrovac.nl\/de\/wp-json\/wp\/v2\/pages\/77","targetHints":{"allow":["GET"]}}],"collection":[{"href":"https:\/\/astrovac.nl\/de\/wp-json\/wp\/v2\/pages"}],"about":[{"href":"https:\/\/astrovac.nl\/de\/wp-json\/wp\/v2\/types\/page"}],"author":[{"embeddable":true,"href":"https:\/\/astrovac.nl\/de\/wp-json\/wp\/v2\/users\/6"}],"replies":[{"embeddable":true,"href":"https:\/\/astrovac.nl\/de\/wp-json\/wp\/v2\/comments?post=77"}],"version-history":[{"count":6,"href":"https:\/\/astrovac.nl\/de\/wp-json\/wp\/v2\/pages\/77\/revisions"}],"predecessor-version":[{"id":26714,"href":"https:\/\/astrovac.nl\/de\/wp-json\/wp\/v2\/pages\/77\/revisions\/26714"}],"up":[{"embeddable":true,"href":"https:\/\/astrovac.nl\/de\/wp-json\/wp\/v2\/pages\/10"}],"wp:featuredmedia":[{"embeddable":true,"href":"https:\/\/astrovac.nl\/de\/wp-json\/wp\/v2\/media\/3567"}],"wp:attachment":[{"href":"https:\/\/astrovac.nl\/de\/wp-json\/wp\/v2\/media?parent=77"}],"curies":[{"name":"wp","href":"https:\/\/api.w.org\/{rel}","templated":true}]}}