{"id":8,"date":"2012-11-19T11:43:57","date_gmt":"2012-11-19T10:43:57","guid":{"rendered":"https:\/\/astrotrans.testontwikkeling.nl\/?page_id=8"},"modified":"2023-08-01T12:48:46","modified_gmt":"2023-08-01T11:48:46","slug":"zentrales-staubsaugersystem","status":"publish","type":"page","link":"https:\/\/astrovac.nl\/de\/centraal-stofzuigersysteem\/","title":{"rendered":"Zentralstaubsauger"},"content":{"rendered":"<section class=\"section\" id=\"section_51207940\">\n\t\t<div class=\"section-bg fill\" >\n\t\t\t\t\t\t\t\t\t\n\t\t\t\n\n\t\t<\/div>\n\n\t\t\n\n\t\t<div class=\"section-content relative\">\n\t\t\t\n<div class=\"row align-middle\"  id=\"row-1571029454\">\n\n\t<div id=\"col-1246836155\" class=\"col medium-8 small-12 large-8\"  >\n\t\t\t\t<div class=\"col-inner\"  >\n\t\t\t\n\t\t\t\n<div class=\"container section-title-container\" ><h1 class=\"section-title section-title-normal\"><b aria-hidden=\"true\"><\/b><span class=\"section-title-main\" >Zentralstaubsauger<\/span><b aria-hidden=\"true\"><\/b><\/h1><\/div>\n<h3>Zentrale Saugsysteme sind die Staubsauger der Zukunft! Lesen Sie hier warum<\/h3>\n<p>Herk\u00f6mmliche Staubsauger blasen die gefilterte Luft zur\u00fcck in den Raum und verwirbeln die Luft unn\u00f6tig. Das ist fatal f\u00fcr Menschen, die empfindlich oder allergisch auf Hausstaubmilben, Pollen, Bakterien, Schimmelpilze usw. reagieren. Ein zentrales Staubsaugersystem hingegen entsorgt den Staub, der f\u00fcr 100% aufgesaugt wird. Der Staub wird gesammelt in\u00a0<a href=\"https:\/\/astrovac.nl\/de\/produktkategorie\/vakuumanlagen-2\/\">Zentralger\u00e4t<\/a>\u00a0aufgefangen, das z. B. in der Garage oder im Keller aufgestellt wird. Durch diesen fest eingebauten Aufstellungsort bietet der Zentralstaubsauger eine zus\u00e4tzliche Saugleistung, so dass Sie jeden Arbeitsgang nur einmal durchf\u00fchren m\u00fcssen. Das Stolpern \u00fcber den Staubsauger geh\u00f6rt der Vergangenheit an. Sie befestigen den\u00a0<a href=\"https:\/\/astrovac.nl\/de\/produktkategorie\/schlauche-und-bursten\/schlangen\/\">Schlauch<\/a>\u00a0an eine in der Wand\u00a0<a href=\"https:\/\/astrovac.nl\/de\/produktkategorie\/vakuumkontakte-2\/\">eingebauten Saugdose!<\/a>!<\/p>\n<h3>Nie wieder Staub!<\/h3>\n<p>Der Ultrafeinstaub, den ein herk\u00f6mmlicher Staubsauger zur\u00fcck in den Raum bl\u00e4st, wird bei einer zentralen Staubsaugeranlage mit einem separaten Rohr ins Freie geblasen. Das macht AstroVac-Zentralsauger zur saubersten Art des Staubsaugens, ohne Zweifel. Was man aufsaugt, wird man los! Wirklich los! \u00a0 \u00a0<\/p>\n\t\t<\/div>\n\t\t\t\t\t<\/div>\n\n\t\n\n\t<div id=\"col-1478823041\" class=\"col medium-4 small-12 large-4\"  >\n\t\t\t\t<div class=\"col-inner\"  >\n\t\t\t\n\t\t\t\n\t<div class=\"img has-hover x md-x lg-x y md-y lg-y\" id=\"image_588277373\">\n\t\t\t\t\t\t\t\t<div class=\"img-inner dark\" >\n\t\t\t<img loading=\"lazy\" decoding=\"async\" width=\"1240\" height=\"1754\" src=\"https:\/\/astrovac.nl\/wp-content\/uploads\/2014\/11\/filterloos-doorsnede1.jpg\" class=\"attachment-original size-original\" alt=\"\" srcset=\"https:\/\/astrovac.nl\/wp-content\/uploads\/2014\/11\/filterloos-doorsnede1.jpg 1240w, https:\/\/astrovac.nl\/wp-content\/uploads\/2014\/11\/filterloos-doorsnede1-510x721.jpg 510w, https:\/\/astrovac.nl\/wp-content\/uploads\/2014\/11\/filterloos-doorsnede1-270x382.jpg 270w, https:\/\/astrovac.nl\/wp-content\/uploads\/2014\/11\/filterloos-doorsnede1-141x200.jpg 141w, https:\/\/astrovac.nl\/wp-content\/uploads\/2014\/11\/filterloos-doorsnede1-255x360.jpg 255w, https:\/\/astrovac.nl\/wp-content\/uploads\/2014\/11\/filterloos-doorsnede1-768x1086.jpg 768w, https:\/\/astrovac.nl\/wp-content\/uploads\/2014\/11\/filterloos-doorsnede1-724x1024.jpg 724w\" sizes=\"auto, (max-width: 1240px) 100vw, 1240px\" \/>\t\t\t\t\t\t\n\t\t\t\t\t<\/div>\n\t\t\t\t\t\t\t\t\n<style>\n#image_588277373 {\n  width: 64%;\n}\n<\/style>\n\t<\/div>\n\t\n\t\t<\/div>\n\t\t\t\t\t<\/div>\n\n\t\n<\/div>\n\t\t<\/div>\n\n\t\t\n<style>\n#section_51207940 {\n  padding-top: 30px;\n  padding-bottom: 30px;\n}\n<\/style>\n\t<\/section>","protected":false},"excerpt":{"rendered":"","protected":false},"author":6,"featured_media":7883,"parent":0,"menu_order":0,"comment_status":"closed","ping_status":"open","template":"","meta":{"footnotes":""},"class_list":["post-8","page","type-page","status-publish","has-post-thumbnail","hentry"],"yoast_head":"<!-- This site is optimized with the Yoast SEO plugin v27.3 - https:\/\/yoast.com\/product\/yoast-seo-wordpress\/ -->\n<title>Centraal stofzuigersysteem van AstroVac | Permanent stofvrijCentrale stofafzuiging nodig? Bekijk de keuzes | Astrovac<\/title>\n<meta name=\"description\" content=\"Bekijk al onze Centrale stofafzuiging systemen in dit handige overzicht. | Astrovac = D\u00e9 top in centrale stofafzuiging \u2713 Schoner \u2713 Stiller \u2713 Gezonder!\" \/>\n<meta name=\"robots\" content=\"index, follow, max-snippet:-1, max-image-preview:large, max-video-preview:-1\" \/>\n<link rel=\"canonical\" href=\"https:\/\/astrovac.nl\/de\/zentrales-staubsaugersystem\/\" \/>\n<meta property=\"og:locale\" content=\"de_DE\" \/>\n<meta property=\"og:type\" content=\"article\" \/>\n<meta property=\"og:title\" content=\"Centraal stofzuigersysteem van AstroVac | Permanent stofvrijCentrale stofafzuiging nodig? Bekijk de keuzes | Astrovac\" \/>\n<meta property=\"og:description\" content=\"Bekijk al onze Centrale stofafzuiging systemen in dit handige overzicht. | Astrovac = D\u00e9 top in centrale stofafzuiging \u2713 Schoner \u2713 Stiller \u2713 Gezonder!\" \/>\n<meta property=\"og:url\" content=\"https:\/\/astrovac.nl\/de\/zentrales-staubsaugersystem\/\" \/>\n<meta property=\"og:site_name\" content=\"AstroVac\" \/>\n<meta property=\"article:publisher\" content=\"https:\/\/www.facebook.com\/profile.php?id=61559925887346\" \/>\n<meta property=\"article:modified_time\" content=\"2023-08-01T11:48:46+00:00\" \/>\n<meta property=\"og:image\" content=\"https:\/\/astrovac.nl\/wp-content\/uploads\/2018\/11\/madame-retraflex-cyclo-vac-suisse-7-1.jpg\" \/>\n\t<meta property=\"og:image:width\" content=\"486\" \/>\n\t<meta property=\"og:image:height\" content=\"657\" \/>\n\t<meta property=\"og:image:type\" content=\"image\/jpeg\" \/>\n<meta name=\"twitter:card\" content=\"summary_large_image\" \/>\n<meta name=\"twitter:label1\" content=\"Gesch\u00e4tzte Lesezeit\" \/>\n\t<meta name=\"twitter:data1\" content=\"1\u00a0Minute\" \/>\n<script type=\"application\/ld+json\" class=\"yoast-schema-graph\">{\"@context\":\"https:\\\/\\\/schema.org\",\"@graph\":[{\"@type\":\"WebPage\",\"@id\":\"https:\\\/\\\/astrovac.nl\\\/centraal-stofzuigersysteem\\\/\",\"url\":\"https:\\\/\\\/astrovac.nl\\\/centraal-stofzuigersysteem\\\/\",\"name\":\"Centraal stofzuigersysteem van AstroVac | Permanent stofvrijCentrale stofafzuiging nodig? Bekijk de keuzes | Astrovac\",\"isPartOf\":{\"@id\":\"https:\\\/\\\/astrovac.nl\\\/de\\\/#website\"},\"primaryImageOfPage\":{\"@id\":\"https:\\\/\\\/astrovac.nl\\\/centraal-stofzuigersysteem\\\/#primaryimage\"},\"image\":{\"@id\":\"https:\\\/\\\/astrovac.nl\\\/centraal-stofzuigersysteem\\\/#primaryimage\"},\"thumbnailUrl\":\"https:\\\/\\\/astrovac.nl\\\/wp-content\\\/uploads\\\/2018\\\/11\\\/madame-retraflex-cyclo-vac-suisse-7-1.jpg\",\"datePublished\":\"2012-11-19T10:43:57+00:00\",\"dateModified\":\"2023-08-01T11:48:46+00:00\",\"description\":\"Bekijk al onze Centrale stofafzuiging systemen in dit handige overzicht. | Astrovac = D\u00e9 top in centrale stofafzuiging \u2713 Schoner \u2713 Stiller \u2713 Gezonder!\",\"breadcrumb\":{\"@id\":\"https:\\\/\\\/astrovac.nl\\\/centraal-stofzuigersysteem\\\/#breadcrumb\"},\"inLanguage\":\"de\",\"potentialAction\":[{\"@type\":\"ReadAction\",\"target\":[\"https:\\\/\\\/astrovac.nl\\\/centraal-stofzuigersysteem\\\/\"]}]},{\"@type\":\"ImageObject\",\"inLanguage\":\"de\",\"@id\":\"https:\\\/\\\/astrovac.nl\\\/centraal-stofzuigersysteem\\\/#primaryimage\",\"url\":\"https:\\\/\\\/astrovac.nl\\\/wp-content\\\/uploads\\\/2018\\\/11\\\/madame-retraflex-cyclo-vac-suisse-7-1.jpg\",\"contentUrl\":\"https:\\\/\\\/astrovac.nl\\\/wp-content\\\/uploads\\\/2018\\\/11\\\/madame-retraflex-cyclo-vac-suisse-7-1.jpg\",\"width\":486,\"height\":657,\"caption\":\"Centraal stofzuigersysteem van AstroVac | Permanent stofvrij\"},{\"@type\":\"BreadcrumbList\",\"@id\":\"https:\\\/\\\/astrovac.nl\\\/centraal-stofzuigersysteem\\\/#breadcrumb\",\"itemListElement\":[{\"@type\":\"ListItem\",\"position\":1,\"name\":\"Home\",\"item\":\"https:\\\/\\\/astrovac.nl\\\/\"},{\"@type\":\"ListItem\",\"position\":2,\"name\":\"Centraal stofzuigersysteem\"}]},{\"@type\":\"WebSite\",\"@id\":\"https:\\\/\\\/astrovac.nl\\\/de\\\/#website\",\"url\":\"https:\\\/\\\/astrovac.nl\\\/de\\\/\",\"name\":\"AstroVac\",\"description\":\"Centrale Stofzuiginstallaties\",\"publisher\":{\"@id\":\"https:\\\/\\\/astrovac.nl\\\/de\\\/#organization\"},\"potentialAction\":[{\"@type\":\"SearchAction\",\"target\":{\"@type\":\"EntryPoint\",\"urlTemplate\":\"https:\\\/\\\/astrovac.nl\\\/de\\\/?s={search_term_string}\"},\"query-input\":{\"@type\":\"PropertyValueSpecification\",\"valueRequired\":true,\"valueName\":\"search_term_string\"}}],\"inLanguage\":\"de\"},{\"@type\":\"Organization\",\"@id\":\"https:\\\/\\\/astrovac.nl\\\/de\\\/#organization\",\"name\":\"AstroVac\",\"url\":\"https:\\\/\\\/astrovac.nl\\\/de\\\/\",\"logo\":{\"@type\":\"ImageObject\",\"inLanguage\":\"de\",\"@id\":\"https:\\\/\\\/astrovac.nl\\\/de\\\/#\\\/schema\\\/logo\\\/image\\\/\",\"url\":\"https:\\\/\\\/astrovac.nl\\\/wp-content\\\/uploads\\\/2024\\\/03\\\/Astrovac-logo-2024.png\",\"contentUrl\":\"https:\\\/\\\/astrovac.nl\\\/wp-content\\\/uploads\\\/2024\\\/03\\\/Astrovac-logo-2024.png\",\"width\":3092,\"height\":906,\"caption\":\"AstroVac\"},\"image\":{\"@id\":\"https:\\\/\\\/astrovac.nl\\\/de\\\/#\\\/schema\\\/logo\\\/image\\\/\"},\"sameAs\":[\"https:\\\/\\\/www.facebook.com\\\/profile.php?id=61559925887346\"]}]}<\/script>\n<!-- \/ Yoast SEO plugin. -->","yoast_head_json":{"title":"Zentrale Staubabsaugung von AstroVac | Dauerhaft staubfreiZentrale Staubabsaugung erforderlich? Schauen Sie sich die Auswahl an | Astrovac","description":"Sehen Sie alle unsere zentralen Staubabsaugsysteme in dieser praktischen \u00dcbersicht. | Astrovac = Die Spitze der zentralen Staubabsaugung \u2713 Sauberer \u2713 Leiser \u2713 Ges\u00fcnder!","robots":{"index":"index","follow":"follow","max-snippet":"max-snippet:-1","max-image-preview":"max-image-preview:large","max-video-preview":"max-video-preview:-1"},"canonical":"https:\/\/astrovac.nl\/de\/zentrales-staubsaugersystem\/","og_locale":"de_DE","og_type":"article","og_title":"Centraal stofzuigersysteem van AstroVac | Permanent stofvrijCentrale stofafzuiging nodig? Bekijk de keuzes | Astrovac","og_description":"Bekijk al onze Centrale stofafzuiging systemen in dit handige overzicht. | Astrovac = D\u00e9 top in centrale stofafzuiging \u2713 Schoner \u2713 Stiller \u2713 Gezonder!","og_url":"https:\/\/astrovac.nl\/de\/zentrales-staubsaugersystem\/","og_site_name":"AstroVac","article_publisher":"https:\/\/www.facebook.com\/profile.php?id=61559925887346","article_modified_time":"2023-08-01T11:48:46+00:00","og_image":[{"width":486,"height":657,"url":"https:\/\/astrovac.nl\/wp-content\/uploads\/2018\/11\/madame-retraflex-cyclo-vac-suisse-7-1.jpg","type":"image\/jpeg"}],"twitter_card":"summary_large_image","twitter_misc":{"Gesch\u00e4tzte Lesezeit":"1\u00a0Minute"},"schema":{"@context":"https:\/\/schema.org","@graph":[{"@type":"WebPage","@id":"https:\/\/astrovac.nl\/centraal-stofzuigersysteem\/","url":"https:\/\/astrovac.nl\/centraal-stofzuigersysteem\/","name":"Zentrale Staubabsaugung von AstroVac | Dauerhaft staubfreiZentrale Staubabsaugung erforderlich? Schauen Sie sich die Auswahl an | Astrovac","isPartOf":{"@id":"https:\/\/astrovac.nl\/de\/#website"},"primaryImageOfPage":{"@id":"https:\/\/astrovac.nl\/centraal-stofzuigersysteem\/#primaryimage"},"image":{"@id":"https:\/\/astrovac.nl\/centraal-stofzuigersysteem\/#primaryimage"},"thumbnailUrl":"https:\/\/astrovac.nl\/wp-content\/uploads\/2018\/11\/madame-retraflex-cyclo-vac-suisse-7-1.jpg","datePublished":"2012-11-19T10:43:57+00:00","dateModified":"2023-08-01T11:48:46+00:00","description":"Sehen Sie alle unsere zentralen Staubabsaugsysteme in dieser praktischen \u00dcbersicht. | Astrovac = Die Spitze der zentralen Staubabsaugung \u2713 Sauberer \u2713 Leiser \u2713 Ges\u00fcnder!","breadcrumb":{"@id":"https:\/\/astrovac.nl\/centraal-stofzuigersysteem\/#breadcrumb"},"inLanguage":"de","potentialAction":[{"@type":"ReadAction","target":["https:\/\/astrovac.nl\/centraal-stofzuigersysteem\/"]}]},{"@type":"ImageObject","inLanguage":"de","@id":"https:\/\/astrovac.nl\/centraal-stofzuigersysteem\/#primaryimage","url":"https:\/\/astrovac.nl\/wp-content\/uploads\/2018\/11\/madame-retraflex-cyclo-vac-suisse-7-1.jpg","contentUrl":"https:\/\/astrovac.nl\/wp-content\/uploads\/2018\/11\/madame-retraflex-cyclo-vac-suisse-7-1.jpg","width":486,"height":657,"caption":"Centraal stofzuigersysteem van AstroVac | Permanent stofvrij"},{"@type":"BreadcrumbList","@id":"https:\/\/astrovac.nl\/centraal-stofzuigersysteem\/#breadcrumb","itemListElement":[{"@type":"ListItem","position":1,"name":"Home","item":"https:\/\/astrovac.nl\/"},{"@type":"ListItem","position":2,"name":"Centraal stofzuigersysteem"}]},{"@type":"WebSite","@id":"https:\/\/astrovac.nl\/de\/#website","url":"https:\/\/astrovac.nl\/de\/","name":"AstroVac","description":"Zentrale Vakuumsysteme","publisher":{"@id":"https:\/\/astrovac.nl\/de\/#organization"},"potentialAction":[{"@type":"SearchAction","target":{"@type":"EntryPoint","urlTemplate":"https:\/\/astrovac.nl\/de\/?s={search_term_string}"},"query-input":{"@type":"PropertyValueSpecification","valueRequired":true,"valueName":"search_term_string"}}],"inLanguage":"de"},{"@type":"Organization","@id":"https:\/\/astrovac.nl\/de\/#organization","name":"AstroVac","url":"https:\/\/astrovac.nl\/de\/","logo":{"@type":"ImageObject","inLanguage":"de","@id":"https:\/\/astrovac.nl\/de\/#\/schema\/logo\/image\/","url":"https:\/\/astrovac.nl\/wp-content\/uploads\/2024\/03\/Astrovac-logo-2024.png","contentUrl":"https:\/\/astrovac.nl\/wp-content\/uploads\/2024\/03\/Astrovac-logo-2024.png","width":3092,"height":906,"caption":"AstroVac"},"image":{"@id":"https:\/\/astrovac.nl\/de\/#\/schema\/logo\/image\/"},"sameAs":["https:\/\/www.facebook.com\/profile.php?id=61559925887346"]}]}},"_links":{"self":[{"href":"https:\/\/astrovac.nl\/de\/wp-json\/wp\/v2\/pages\/8","targetHints":{"allow":["GET"]}}],"collection":[{"href":"https:\/\/astrovac.nl\/de\/wp-json\/wp\/v2\/pages"}],"about":[{"href":"https:\/\/astrovac.nl\/de\/wp-json\/wp\/v2\/types\/page"}],"author":[{"embeddable":true,"href":"https:\/\/astrovac.nl\/de\/wp-json\/wp\/v2\/users\/6"}],"replies":[{"embeddable":true,"href":"https:\/\/astrovac.nl\/de\/wp-json\/wp\/v2\/comments?post=8"}],"version-history":[{"count":11,"href":"https:\/\/astrovac.nl\/de\/wp-json\/wp\/v2\/pages\/8\/revisions"}],"predecessor-version":[{"id":23886,"href":"https:\/\/astrovac.nl\/de\/wp-json\/wp\/v2\/pages\/8\/revisions\/23886"}],"wp:featuredmedia":[{"embeddable":true,"href":"https:\/\/astrovac.nl\/de\/wp-json\/wp\/v2\/media\/7883"}],"wp:attachment":[{"href":"https:\/\/astrovac.nl\/de\/wp-json\/wp\/v2\/media?parent=8"}],"curies":[{"name":"wp","href":"https:\/\/api.w.org\/{rel}","templated":true}]}}