{"id":9523,"date":"2019-11-25T09:27:34","date_gmt":"2019-11-25T08:27:34","guid":{"rendered":"https:\/\/astrotrans.testontwikkeling.nl\/?page_id=9523"},"modified":"2025-11-01T00:39:31","modified_gmt":"2025-10-31T23:39:31","slug":"herkommlich","status":"publish","type":"page","link":"https:\/\/astrovac.nl\/de\/centraal-stofzuigersysteem\/conventioneel\/","title":{"rendered":"Herk\u00f6mmlich"},"content":{"rendered":"<section class=\"section\" id=\"section_1065715695\">\n\t\t<div class=\"section-bg fill\" >\n\t\t\t\t\t\t\t\t\t\n\t\t\t\n\n\t\t<\/div>\n\n\t\t\n\n\t\t<div class=\"section-content relative\">\n\t\t\t\n<div class=\"row\"  id=\"row-490992941\">\n\n\t<div id=\"col-313979815\" class=\"col small-12 large-12\"  >\n\t\t\t\t<div class=\"col-inner\"  >\n\t\t\t\n\t\t\t\n<div class=\"container section-title-container\" ><h1 class=\"section-title section-title-normal\"><b aria-hidden=\"true\"><\/b><span class=\"section-title-main\" >Herk\u00f6mmlich<\/span><b aria-hidden=\"true\"><\/b><\/h1><\/div>\n\t\t<\/div>\n\t\t\t\t\t<\/div>\n\n\t\n<\/div>\n<div class=\"row\"  id=\"row-1199979725\">\n\n\t<div id=\"col-1535919339\" class=\"col medium-8 small-12 large-8\"  >\n\t\t\t\t<div class=\"col-inner\"  >\n\t\t\t\n\t\t\t\n<p> Schlie\u00dfen Sie den Schlauch an einen der Staubkontakte an und beginnen Sie sofort zu saugen. Wo immer Sie wollen. Nach Gebrauch h\u00e4ngen Sie den Schlauch wieder in die Aufh\u00e4ngung. Dieses System kann in fast jedem Geb\u00e4ude eingesetzt werden, auch in bestehenden Geb\u00e4uden.<\/p>\n<p>Die formsch\u00f6nen Staubkontakte von nur 90 x 90 mm sind in verschiedenen Farben und Designs erh\u00e4ltlich und f\u00fcgen sich oft nahtlos in Ihre Schaltanlage ein.<\/p>\n<p><h5>Sie k\u00f6nnen zwischen 2 verschiedenen Systemen w\u00e4hlen, um Ihre Absauganlage aus der Ferne ein- und auszuschalten:<\/h5><\/p>\n\t\t<\/div>\n\t\t\t\t\t<\/div>\n\n\t\n\n\t<div id=\"col-1174466124\" class=\"col medium-4 small-12 large-4\"  >\n\t\t\t\t<div class=\"col-inner text-center\"  >\n\t\t\t\n\t\t\t\n\t<div class=\"img has-hover x md-x lg-x y md-y lg-y\" id=\"image_907604646\">\n\t\t\t\t\t\t\t\t<div class=\"img-inner dark\" >\n\t\t\t<img loading=\"lazy\" decoding=\"async\" width=\"2560\" height=\"1784\" src=\"https:\/\/astrovac.nl\/wp-content\/uploads\/2019\/11\/astrovac-centraal-stofzuigen-01-scaled.jpg\" class=\"attachment-original size-original\" alt=\"AstroVac liefert seit 1979 eine breite Palette von zentralen Vakuumsystemen, bestehend aus hochwertigen Vakuumeinheiten und Komponenten\" srcset=\"https:\/\/astrovac.nl\/wp-content\/uploads\/2019\/11\/astrovac-centraal-stofzuigen-01-scaled.jpg 2560w, https:\/\/astrovac.nl\/wp-content\/uploads\/2019\/11\/astrovac-centraal-stofzuigen-01-scaled-510x355.jpg 510w, https:\/\/astrovac.nl\/wp-content\/uploads\/2019\/11\/astrovac-centraal-stofzuigen-01-270x188.jpg 270w, https:\/\/astrovac.nl\/wp-content\/uploads\/2019\/11\/astrovac-centraal-stofzuigen-01-200x139.jpg 200w, https:\/\/astrovac.nl\/wp-content\/uploads\/2019\/11\/astrovac-centraal-stofzuigen-01-768x535.jpg 768w, https:\/\/astrovac.nl\/wp-content\/uploads\/2019\/11\/astrovac-centraal-stofzuigen-01-1024x713.jpg 1024w\" sizes=\"auto, (max-width: 2560px) 100vw, 2560px\" \/>\t\t\t\t\t\t\n\t\t\t\t\t<\/div>\n\t\t\t\t\t\t\t\t\n<style>\n#image_907604646 {\n  width: 80%;\n}\n<\/style>\n\t<\/div>\n\t\n\t\t<\/div>\n\t\t\t\t\t<\/div>\n\n\t\n<\/div>\n\t\t<\/div>\n\n\t\t\n<style>\n#section_1065715695 {\n  padding-top: 30px;\n  padding-bottom: 30px;\n}\n<\/style>\n\t<\/section>\n\t\n\n\t<section class=\"section\" id=\"section_1910686018\">\n\t\t<div class=\"section-bg fill\" >\n\t\t\t\t\t\t\t\t\t\n\t\t\t\n\n\t\t<\/div>\n\n\t\t\n\n\t\t<div class=\"section-content relative\">\n\t\t\t\n<div class=\"row\"  id=\"row-810586649\">\n\n\t<div id=\"col-1278411238\" class=\"col medium-5 small-12 large-5\"  >\n\t\t\t\t<div class=\"col-inner text-center\"  >\n\t\t\t\n\t<div class=\"is-border\"\n\t\tstyle=\"border-color:rgb(0, 0, 0);border-width:2px 2px 2px 2px;\">\n\t<\/div>\n\t\t\t\n\t<div class=\"img has-hover x md-x lg-x y md-y lg-y\" id=\"image_2091073252\">\n\t\t\t\t\t\t\t\t<div class=\"img-inner dark\" >\n\t\t\t\t\t\t\t\t\t\n\t\t\t\t\t<\/div>\n\t\t\t\t\t\t\t\t\n<style>\n#image_2091073252 {\n  width: 40%;\n}\n<\/style>\n\t<\/div>\n\t\n<h3>Direkt-start<\/h3>\n<p>Die Absauganlage schaltet sich automatisch ein, wenn Sie den Schlauch in den Staubkontakt stecken. Ein sicheres und nahezu unverw\u00fcstliches System.<\/p>\n<p>\u00a0<\/p>\n<a href=\"https:\/\/astrovac.nl\/de\/produktkategorie\/schlauche-und-bursten\/schlangen\/slangen-inclusief-handvat\/\" class=\"button primary\" >\n\t\t<span>Sehen Sie sich<\/span>\n\t<\/a>\n\n\t\t<\/div>\n\t\t\t\t\n<style>\n#col-1278411238 > .col-inner {\n  padding: 20px 20px 20px 20px;\n}\n<\/style>\n\t<\/div>\n\n\t\n\n\t<div id=\"col-457705669\" class=\"col medium-1 small-12 large-1\"  >\n\t\t\t\t<div class=\"col-inner\"  >\n\t\t\t\n\t\t\t\n\t<div id=\"gap-2138616719\" class=\"gap-element clearfix\" style=\"display:block; height:auto;\">\n\t\t\n<style>\n#gap-2138616719 {\n  padding-top: 30px;\n}\n<\/style>\n\t<\/div>\n\t\n\t\t<\/div>\n\t\t\t\t\t<\/div>\n\n\t\n\n\t<div id=\"col-1524293351\" class=\"col medium-5 small-12 large-5\"  >\n\t\t\t\t<div class=\"col-inner text-center\"  >\n\t\t\t\n\t<div class=\"is-border\"\n\t\tstyle=\"border-color:rgb(0, 0, 0);border-width:2px 2px 2px 2px;\">\n\t<\/div>\n\t\t\t\n\t<div class=\"img has-hover x md-x lg-x y md-y lg-y\" id=\"image_2119192440\">\n\t\t\t\t\t\t\t\t<div class=\"img-inner dark\" >\n\t\t\t\t\t\t\t\t\t\n\t\t\t\t\t<\/div>\n\t\t\t\t\t\t\t\t\n<style>\n#image_2119192440 {\n  width: 40%;\n}\n<\/style>\n\t<\/div>\n\t\n<h3>Ein\/Aus-Schalter am Handgriff<\/h3>\n<p> Sie k\u00f6nnen sich auch f\u00fcr einen Schlauch mit einem Schalter entscheiden. Dann schalten Sie den Sauger mit einem Schalter am Griff ein und aus. Praktisch, wenn Sie ans Telefon gehen oder ein Paket von der Haust\u00fcr abholen wollen. <\/p>\n<a href=\"https:\/\/astrovac.nl\/de\/produktkategorie\/schlauche-und-bursten\/schlangen\/slangen-met-schakelaar\/\" class=\"button primary\" >\n\t\t<span>Sehen Sie sich<\/span>\n\t<\/a>\n\n\t\t<\/div>\n\t\t\t\t\n<style>\n#col-1524293351 > .col-inner {\n  padding: 20px 20px 20px 20px;\n}\n<\/style>\n\t<\/div>\n\n\t\n<\/div>\n\t\t<\/div>\n\n\t\t\n<style>\n#section_1910686018 {\n  padding-top: 30px;\n  padding-bottom: 30px;\n}\n<\/style>\n\t<\/section>","protected":false},"excerpt":{"rendered":"","protected":false},"author":6,"featured_media":0,"parent":8,"menu_order":0,"comment_status":"closed","ping_status":"closed","template":"","meta":{"footnotes":""},"class_list":["post-9523","page","type-page","status-publish","hentry"],"yoast_head":"<!-- This site is optimized with the Yoast SEO plugin v27.3 - https:\/\/yoast.com\/product\/yoast-seo-wordpress\/ -->\n<title>Conventioneel | AstroVacConventioneel stofzuiger systeem? Bekijk de opties | Astrovac<\/title>\n<meta name=\"description\" content=\"Bekijk al onze Conventionele stofzuiger systemen in dit handige overzicht. | Astrovac = D\u00e9 top in centrale stofafzuiging \u2713 Schoner \u2713 Stiller \u2713 Gezonder!\" \/>\n<meta name=\"robots\" content=\"index, follow, max-snippet:-1, max-image-preview:large, max-video-preview:-1\" \/>\n<link rel=\"canonical\" href=\"https:\/\/astrovac.nl\/de\/zentrales-staubsaugersystem\/herkommlich\/\" \/>\n<meta property=\"og:locale\" content=\"de_DE\" \/>\n<meta property=\"og:type\" content=\"article\" \/>\n<meta property=\"og:title\" content=\"Conventioneel | AstroVacConventioneel stofzuiger systeem? Bekijk de opties | Astrovac\" \/>\n<meta property=\"og:description\" content=\"Bekijk al onze Conventionele stofzuiger systemen in dit handige overzicht. | Astrovac = D\u00e9 top in centrale stofafzuiging \u2713 Schoner \u2713 Stiller \u2713 Gezonder!\" \/>\n<meta property=\"og:url\" content=\"https:\/\/astrovac.nl\/de\/zentrales-staubsaugersystem\/herkommlich\/\" \/>\n<meta property=\"og:site_name\" content=\"AstroVac\" \/>\n<meta property=\"article:publisher\" content=\"https:\/\/www.facebook.com\/profile.php?id=61559925887346\" \/>\n<meta property=\"article:modified_time\" content=\"2025-10-31T23:39:31+00:00\" \/>\n<meta name=\"twitter:card\" content=\"summary_large_image\" \/>\n<meta name=\"twitter:label1\" content=\"Gesch\u00e4tzte Lesezeit\" \/>\n\t<meta name=\"twitter:data1\" content=\"2\u00a0Minuten\" \/>\n<script type=\"application\/ld+json\" class=\"yoast-schema-graph\">{\"@context\":\"https:\\\/\\\/schema.org\",\"@graph\":[{\"@type\":\"WebPage\",\"@id\":\"https:\\\/\\\/astrovac.nl\\\/centraal-stofzuigersysteem\\\/conventioneel\\\/\",\"url\":\"https:\\\/\\\/astrovac.nl\\\/centraal-stofzuigersysteem\\\/conventioneel\\\/\",\"name\":\"Conventioneel | AstroVacConventioneel stofzuiger systeem? Bekijk de opties | Astrovac\",\"isPartOf\":{\"@id\":\"https:\\\/\\\/astrovac.nl\\\/de\\\/#website\"},\"datePublished\":\"2019-11-25T08:27:34+00:00\",\"dateModified\":\"2025-10-31T23:39:31+00:00\",\"description\":\"Bekijk al onze Conventionele stofzuiger systemen in dit handige overzicht. | Astrovac = D\u00e9 top in centrale stofafzuiging \u2713 Schoner \u2713 Stiller \u2713 Gezonder!\",\"breadcrumb\":{\"@id\":\"https:\\\/\\\/astrovac.nl\\\/centraal-stofzuigersysteem\\\/conventioneel\\\/#breadcrumb\"},\"inLanguage\":\"de\",\"potentialAction\":[{\"@type\":\"ReadAction\",\"target\":[\"https:\\\/\\\/astrovac.nl\\\/centraal-stofzuigersysteem\\\/conventioneel\\\/\"]}]},{\"@type\":\"BreadcrumbList\",\"@id\":\"https:\\\/\\\/astrovac.nl\\\/centraal-stofzuigersysteem\\\/conventioneel\\\/#breadcrumb\",\"itemListElement\":[{\"@type\":\"ListItem\",\"position\":1,\"name\":\"Home\",\"item\":\"https:\\\/\\\/astrovac.nl\\\/\"},{\"@type\":\"ListItem\",\"position\":2,\"name\":\"Centraal stofzuigersysteem\",\"item\":\"https:\\\/\\\/astrovac.nl\\\/centraal-stofzuigersysteem\\\/\"},{\"@type\":\"ListItem\",\"position\":3,\"name\":\"Conventioneel\"}]},{\"@type\":\"WebSite\",\"@id\":\"https:\\\/\\\/astrovac.nl\\\/de\\\/#website\",\"url\":\"https:\\\/\\\/astrovac.nl\\\/de\\\/\",\"name\":\"AstroVac\",\"description\":\"Centrale Stofzuiginstallaties\",\"publisher\":{\"@id\":\"https:\\\/\\\/astrovac.nl\\\/de\\\/#organization\"},\"potentialAction\":[{\"@type\":\"SearchAction\",\"target\":{\"@type\":\"EntryPoint\",\"urlTemplate\":\"https:\\\/\\\/astrovac.nl\\\/de\\\/?s={search_term_string}\"},\"query-input\":{\"@type\":\"PropertyValueSpecification\",\"valueRequired\":true,\"valueName\":\"search_term_string\"}}],\"inLanguage\":\"de\"},{\"@type\":\"Organization\",\"@id\":\"https:\\\/\\\/astrovac.nl\\\/de\\\/#organization\",\"name\":\"AstroVac\",\"url\":\"https:\\\/\\\/astrovac.nl\\\/de\\\/\",\"logo\":{\"@type\":\"ImageObject\",\"inLanguage\":\"de\",\"@id\":\"https:\\\/\\\/astrovac.nl\\\/de\\\/#\\\/schema\\\/logo\\\/image\\\/\",\"url\":\"https:\\\/\\\/astrovac.nl\\\/wp-content\\\/uploads\\\/2024\\\/03\\\/Astrovac-logo-2024.png\",\"contentUrl\":\"https:\\\/\\\/astrovac.nl\\\/wp-content\\\/uploads\\\/2024\\\/03\\\/Astrovac-logo-2024.png\",\"width\":3092,\"height\":906,\"caption\":\"AstroVac\"},\"image\":{\"@id\":\"https:\\\/\\\/astrovac.nl\\\/de\\\/#\\\/schema\\\/logo\\\/image\\\/\"},\"sameAs\":[\"https:\\\/\\\/www.facebook.com\\\/profile.php?id=61559925887346\"]}]}<\/script>\n<!-- \/ Yoast SEO plugin. -->","yoast_head_json":{"title":"Konventionell | AstroVacKonventionelles Vakuumsystem? Sehen Sie sich die Optionen an | Astrovac","description":"Sehen Sie sich alle unsere konventionellen Staubsaugersysteme in dieser praktischen \u00dcbersicht an. | Astrovac = Die Spitze der zentralen Staubabsaugung \u2713 Sauberer \u2713 Leiser \u2713 Ges\u00fcnder!","robots":{"index":"index","follow":"follow","max-snippet":"max-snippet:-1","max-image-preview":"max-image-preview:large","max-video-preview":"max-video-preview:-1"},"canonical":"https:\/\/astrovac.nl\/de\/zentrales-staubsaugersystem\/herkommlich\/","og_locale":"de_DE","og_type":"article","og_title":"Conventioneel | AstroVacConventioneel stofzuiger systeem? Bekijk de opties | Astrovac","og_description":"Bekijk al onze Conventionele stofzuiger systemen in dit handige overzicht. | Astrovac = D\u00e9 top in centrale stofafzuiging \u2713 Schoner \u2713 Stiller \u2713 Gezonder!","og_url":"https:\/\/astrovac.nl\/de\/zentrales-staubsaugersystem\/herkommlich\/","og_site_name":"AstroVac","article_publisher":"https:\/\/www.facebook.com\/profile.php?id=61559925887346","article_modified_time":"2025-10-31T23:39:31+00:00","twitter_card":"summary_large_image","twitter_misc":{"Gesch\u00e4tzte Lesezeit":"2\u00a0Minuten"},"schema":{"@context":"https:\/\/schema.org","@graph":[{"@type":"WebPage","@id":"https:\/\/astrovac.nl\/centraal-stofzuigersysteem\/conventioneel\/","url":"https:\/\/astrovac.nl\/centraal-stofzuigersysteem\/conventioneel\/","name":"Konventionell | AstroVacKonventionelles Vakuumsystem? Sehen Sie sich die Optionen an | Astrovac","isPartOf":{"@id":"https:\/\/astrovac.nl\/de\/#website"},"datePublished":"2019-11-25T08:27:34+00:00","dateModified":"2025-10-31T23:39:31+00:00","description":"Sehen Sie sich alle unsere konventionellen Staubsaugersysteme in dieser praktischen \u00dcbersicht an. | Astrovac = Die Spitze der zentralen Staubabsaugung \u2713 Sauberer \u2713 Leiser \u2713 Ges\u00fcnder!","breadcrumb":{"@id":"https:\/\/astrovac.nl\/centraal-stofzuigersysteem\/conventioneel\/#breadcrumb"},"inLanguage":"de","potentialAction":[{"@type":"ReadAction","target":["https:\/\/astrovac.nl\/centraal-stofzuigersysteem\/conventioneel\/"]}]},{"@type":"BreadcrumbList","@id":"https:\/\/astrovac.nl\/centraal-stofzuigersysteem\/conventioneel\/#breadcrumb","itemListElement":[{"@type":"ListItem","position":1,"name":"Home","item":"https:\/\/astrovac.nl\/"},{"@type":"ListItem","position":2,"name":"Centraal stofzuigersysteem","item":"https:\/\/astrovac.nl\/centraal-stofzuigersysteem\/"},{"@type":"ListItem","position":3,"name":"Conventioneel"}]},{"@type":"WebSite","@id":"https:\/\/astrovac.nl\/de\/#website","url":"https:\/\/astrovac.nl\/de\/","name":"AstroVac","description":"Zentrale Vakuumsysteme","publisher":{"@id":"https:\/\/astrovac.nl\/de\/#organization"},"potentialAction":[{"@type":"SearchAction","target":{"@type":"EntryPoint","urlTemplate":"https:\/\/astrovac.nl\/de\/?s={search_term_string}"},"query-input":{"@type":"PropertyValueSpecification","valueRequired":true,"valueName":"search_term_string"}}],"inLanguage":"de"},{"@type":"Organization","@id":"https:\/\/astrovac.nl\/de\/#organization","name":"AstroVac","url":"https:\/\/astrovac.nl\/de\/","logo":{"@type":"ImageObject","inLanguage":"de","@id":"https:\/\/astrovac.nl\/de\/#\/schema\/logo\/image\/","url":"https:\/\/astrovac.nl\/wp-content\/uploads\/2024\/03\/Astrovac-logo-2024.png","contentUrl":"https:\/\/astrovac.nl\/wp-content\/uploads\/2024\/03\/Astrovac-logo-2024.png","width":3092,"height":906,"caption":"AstroVac"},"image":{"@id":"https:\/\/astrovac.nl\/de\/#\/schema\/logo\/image\/"},"sameAs":["https:\/\/www.facebook.com\/profile.php?id=61559925887346"]}]}},"_links":{"self":[{"href":"https:\/\/astrovac.nl\/de\/wp-json\/wp\/v2\/pages\/9523","targetHints":{"allow":["GET"]}}],"collection":[{"href":"https:\/\/astrovac.nl\/de\/wp-json\/wp\/v2\/pages"}],"about":[{"href":"https:\/\/astrovac.nl\/de\/wp-json\/wp\/v2\/types\/page"}],"author":[{"embeddable":true,"href":"https:\/\/astrovac.nl\/de\/wp-json\/wp\/v2\/users\/6"}],"replies":[{"embeddable":true,"href":"https:\/\/astrovac.nl\/de\/wp-json\/wp\/v2\/comments?post=9523"}],"version-history":[{"count":31,"href":"https:\/\/astrovac.nl\/de\/wp-json\/wp\/v2\/pages\/9523\/revisions"}],"predecessor-version":[{"id":26724,"href":"https:\/\/astrovac.nl\/de\/wp-json\/wp\/v2\/pages\/9523\/revisions\/26724"}],"up":[{"embeddable":true,"href":"https:\/\/astrovac.nl\/de\/wp-json\/wp\/v2\/pages\/8"}],"wp:attachment":[{"href":"https:\/\/astrovac.nl\/de\/wp-json\/wp\/v2\/media?parent=9523"}],"curies":[{"name":"wp","href":"https:\/\/api.w.org\/{rel}","templated":true}]}}