{"id":9531,"date":"2019-11-25T09:29:23","date_gmt":"2019-11-25T08:29:23","guid":{"rendered":"https:\/\/astrotrans.testontwikkeling.nl\/?page_id=9531"},"modified":"2024-08-05T08:16:08","modified_gmt":"2024-08-05T07:16:08","slug":"einen-schlauch-verstecken-3","status":"publish","type":"page","link":"https:\/\/astrovac.nl\/de\/centraal-stofzuigersysteem\/hide-a-hose\/","title":{"rendered":"Versteckte Schl\u00e4uche"},"content":{"rendered":"<section class=\"section\" id=\"section_1202293263\">\n\t\t<div class=\"section-bg fill\" >\n\t\t\t\t\t\t\t\t\t\n\t\t\t\n\n\t\t<\/div>\n\n\t\t\n\n\t\t<div class=\"section-content relative\">\n\t\t\t\n<div class=\"row\"  id=\"row-307921029\">\n\n\t<div id=\"col-235770453\" class=\"col small-12 large-12\"  >\n\t\t\t\t<div class=\"col-inner\"  >\n\t\t\t\n\t\t\t\n<div class=\"container section-title-container\" ><h1 class=\"section-title section-title-normal\"><b aria-hidden=\"true\"><\/b><span class=\"section-title-main\" >Versteckte Schl\u00e4uche<\/span><b aria-hidden=\"true\"><\/b><\/h1><\/div>\n\t\t<\/div>\n\t\t\t\t\t<\/div>\n\n\t\n<\/div>\n<div class=\"row align-middle\"  id=\"row-239640189\">\n\n\t<div id=\"col-580231332\" class=\"col medium-5 small-12 large-5\"  >\n\t\t\t\t<div class=\"col-inner\"  >\n\t\t\t\n\t\t\t\n\t<div id=\"text-2420902431\" class=\"text\">\n\t\t\n<p>Hide-a-Hose ist der Schlauch, der sich selbst verstaut. Immer in Reichweite und immer einsatzbereit. Der Schlauch Ihres AstroVac-Systems verschwindet in der Wand. Genauso einfach und schnell, wie Sie ihn herausnehmen.<\/p>\n<p>Mit Hide-a-Hose haben Sie bei jedem Staubkontakt einen flexiblen Schlauch zum Saugen zur Hand. Die Aufbewahrung des Schlauchs ist nicht mehr n\u00f6tig. Mit einer einfachen Handbewegung verschwindet er im Handumdrehen wieder in der Wand.<\/p>\n\t\t\n<style>\n#text-2420902431 {\n  text-align: left;\n}\n<\/style>\n\t<\/div>\n\t\n<a href=\"https:\/\/www.youtube.com\/watch?v=UMriFYwR2DU\" class=\"button primary\" >\n\t\t<span>Das Video ansehen<\/span>\n\t<\/a>\n\n\t\t<\/div>\n\t\t\t\t\t<\/div>\n\n\t\n\n\t<div id=\"col-1082355979\" class=\"col medium-6 small-12 large-6\"  >\n\t\t\t\t<div class=\"col-inner text-right\"  >\n\t\t\t\n\t\t\t\n<div class=\"video video-fit mb\" style=\"padding-top:52%;\"><p><iframe loading=\"lazy\" title=\"Wie Hide-A-Hose Zentralstaubsauger-Systeme funktionieren 2024\" width=\"1020\" height=\"574\" src=\"https:\/\/www.youtube.com\/embed\/UMriFYwR2DU?feature=oembed\" frameborder=\"0\" allow=\"accelerometer; autoplay; clipboard-write; encrypted-media; gyroscope; picture-in-picture; web-share\" referrerpolicy=\"strict-origin-when-cross-origin\" allowfullscreen><\/iframe><\/p>\n<\/div>\n\t\t<\/div>\n\t\t\t\t\t<\/div>\n\n\t\n<\/div>\n\t\t<\/div>\n\n\t\t\n<style>\n#section_1202293263 {\n  padding-top: 30px;\n  padding-bottom: 30px;\n}\n<\/style>\n\t<\/section>\n\t\n\n\t<section class=\"section\" id=\"section_1516639011\">\n\t\t<div class=\"section-bg fill\" >\n\t\t\t\t\t\t\t\t\t\n\t\t\t\n\n\t\t<\/div>\n\n\t\t\n\n\t\t<div class=\"section-content relative\">\n\t\t\t\n<div class=\"row align-middle\"  id=\"row-1210078118\">\n\n\t<div id=\"col-661968857\" class=\"col medium-6 small-12 large-6\"  >\n\t\t\t\t<div class=\"col-inner\"  >\n\t\t\t\n\t\t\t\n\t<div class=\"img has-hover x md-x lg-x y md-y lg-y\" id=\"image_669308351\">\n\t\t\t\t\t\t\t\t<div class=\"img-inner dark\" >\n\t\t\t\t\t\t\t\t\t\n\t\t\t\t\t<\/div>\n\t\t\t\t\t\t\t\t\n<style>\n#image_669308351 {\n  width: 70%;\n}\n<\/style>\n\t<\/div>\n\t\n\t\t<\/div>\n\t\t\t\t\t<\/div>\n\n\t\n\n\t<div id=\"col-925188109\" class=\"col medium-6 small-12 large-6\"  >\n\t\t\t\t<div class=\"col-inner\"  >\n\t\t\t\n\t\t\t\n<h3>Montage<\/h3>\n<p>Die Installation eines Hide-a-Hose-Systems unterscheidet sich nicht wesentlich von der Installation eines \"herk\u00f6mmlichen\" Vakuumsystems. Sie ist jedoch mit einigen besonderen Bedingungen verbunden. An die Rohrf\u00fchrung und an die verwendeten Materialien.<\/p>\n<a href=\"https:\/\/astrovac.nl\/wp-content\/uploads\/2022\/11\/Hide-a-Hose-installatiehandleiding-NL.pdf\" target=\"_blank\" class=\"button primary\" rel=\"noopener\" >\n\t\t<span>Installationshandbuch<\/span>\n\t<\/a>\n\n\t\t<\/div>\n\t\t\t\t\t<\/div>\n\n\t\n<\/div>\n\t\t<\/div>\n\n\t\t\n<style>\n#section_1516639011 {\n  padding-top: 100px;\n  padding-bottom: 100px;\n}\n<\/style>\n\t<\/section>\n\t\n\n\t<section class=\"section\" id=\"section_1729758120\">\n\t\t<div class=\"section-bg fill\" >\n\t\t\t\t\t\t\t\t\t\n\t\t\t\n\n\t\t<\/div>\n\n\t\t\n\n\t\t<div class=\"section-content relative\">\n\t\t\t\n<div class=\"row align-middle\"  id=\"row-134968645\">\n\n\t<div id=\"col-868009025\" class=\"col medium-6 small-12 large-6\"  >\n\t\t\t\t<div class=\"col-inner\"  >\n\t\t\t\n\t\t\t\n<h3>Artikel<\/h3>\n<p>Es ist wichtig zu beachten, dass nur Teile verwendet werden, die speziell f\u00fcr Hide-a-Hose entwickelt wurden. Das Astrovac Better Tube kann weiterhin verwendet werden, aber nur in Kombination mit den originalen extralangen Hide-a-Hose-B\u00f6gen. AstroVac liefert (bitte beachten!) die originalen Hide-a-Hose Materialien.<\/p>\n<a href=\"https:\/\/astrovac.nl\/de\/produktkategorie\/einen-schlauch-verstecken-2\/\" class=\"button primary\" >\n\t\t<span>Sehen Sie sich<\/span>\n\t<\/a>\n\n\t\t<\/div>\n\t\t\t\t\t<\/div>\n\n\t\n\n\t<div id=\"col-25453285\" class=\"col medium-6 small-12 large-6\"  >\n\t\t\t\t<div class=\"col-inner\"  >\n\t\t\t\n\t\t\t\n<p><img decoding=\"async\" src=\"https:\/\/astrovac.nl\/wp-content\/uploads\/2024\/08\/Combineer-Hide-a-Hose-met-conventionele-stofcontacten-.png\" alt=\"Hilfreicher Tipp!\" \/><\/p>\n\t\t<\/div>\n\t\t\t\t\t<\/div>\n\n\t\n<\/div>\n\t\t<\/div>\n\n\t\t\n<style>\n#section_1729758120 {\n  padding-top: 100px;\n  padding-bottom: 100px;\n}\n<\/style>\n\t<\/section>","protected":false},"excerpt":{"rendered":"","protected":false},"author":6,"featured_media":7781,"parent":8,"menu_order":0,"comment_status":"closed","ping_status":"closed","template":"","meta":{"footnotes":""},"class_list":["post-9531","page","type-page","status-publish","has-post-thumbnail","hentry"],"yoast_head":"<!-- This site is optimized with the Yoast SEO plugin v27.3 - https:\/\/yoast.com\/product\/yoast-seo-wordpress\/ -->\n<title>Lees alles over onze Retraflex stofzuigsystemen | Astrovac<\/title>\n<meta name=\"description\" content=\"Meer weten over Retraflex? Lees alles over het Retraflex stofzuigsyeteem | Astrovac = D\u00e9 top in centrale stofafzuiging \u2713 Schoner \u2713 Stiller \u2713 Gezonder!\" \/>\n<meta name=\"robots\" content=\"index, follow, max-snippet:-1, max-image-preview:large, max-video-preview:-1\" \/>\n<link rel=\"canonical\" href=\"https:\/\/astrovac.nl\/de\/zentrales-staubsaugersystem\/einen-schlauch-verstecken-3\/\" \/>\n<meta property=\"og:locale\" content=\"de_DE\" \/>\n<meta property=\"og:type\" content=\"article\" \/>\n<meta property=\"og:title\" content=\"Lees alles over onze Retraflex stofzuigsystemen | Astrovac\" \/>\n<meta property=\"og:description\" content=\"Meer weten over Retraflex? Lees alles over het Retraflex stofzuigsyeteem | Astrovac = D\u00e9 top in centrale stofafzuiging \u2713 Schoner \u2713 Stiller \u2713 Gezonder!\" \/>\n<meta property=\"og:url\" content=\"https:\/\/astrovac.nl\/de\/zentrales-staubsaugersystem\/einen-schlauch-verstecken-3\/\" \/>\n<meta property=\"og:site_name\" content=\"AstroVac\" \/>\n<meta property=\"article:publisher\" content=\"https:\/\/www.facebook.com\/profile.php?id=61559925887346\" \/>\n<meta property=\"article:modified_time\" content=\"2024-08-05T07:16:08+00:00\" \/>\n<meta property=\"og:image\" content=\"https:\/\/astrovac.nl\/wp-content\/uploads\/2018\/11\/RetraflexII_Men_StandardHose-2.jpg\" \/>\n\t<meta property=\"og:image:width\" content=\"1573\" \/>\n\t<meta property=\"og:image:height\" content=\"1849\" \/>\n\t<meta property=\"og:image:type\" content=\"image\/jpeg\" \/>\n<meta name=\"twitter:card\" content=\"summary_large_image\" \/>\n<meta name=\"twitter:label1\" content=\"Gesch\u00e4tzte Lesezeit\" \/>\n\t<meta name=\"twitter:data1\" content=\"2\u00a0Minuten\" \/>\n<script type=\"application\/ld+json\" class=\"yoast-schema-graph\">{\"@context\":\"https:\\\/\\\/schema.org\",\"@graph\":[{\"@type\":\"WebPage\",\"@id\":\"https:\\\/\\\/astrovac.nl\\\/centraal-stofzuigersysteem\\\/hide-a-hose\\\/\",\"url\":\"https:\\\/\\\/astrovac.nl\\\/centraal-stofzuigersysteem\\\/hide-a-hose\\\/\",\"name\":\"Lees alles over onze Retraflex stofzuigsystemen | Astrovac\",\"isPartOf\":{\"@id\":\"https:\\\/\\\/astrovac.nl\\\/de\\\/#website\"},\"primaryImageOfPage\":{\"@id\":\"https:\\\/\\\/astrovac.nl\\\/centraal-stofzuigersysteem\\\/hide-a-hose\\\/#primaryimage\"},\"image\":{\"@id\":\"https:\\\/\\\/astrovac.nl\\\/centraal-stofzuigersysteem\\\/hide-a-hose\\\/#primaryimage\"},\"thumbnailUrl\":\"https:\\\/\\\/astrovac.nl\\\/wp-content\\\/uploads\\\/2018\\\/11\\\/RetraflexII_Men_StandardHose-2.jpg\",\"datePublished\":\"2019-11-25T08:29:23+00:00\",\"dateModified\":\"2024-08-05T07:16:08+00:00\",\"description\":\"Meer weten over Retraflex? Lees alles over het Retraflex stofzuigsyeteem | Astrovac = D\u00e9 top in centrale stofafzuiging \u2713 Schoner \u2713 Stiller \u2713 Gezonder!\",\"breadcrumb\":{\"@id\":\"https:\\\/\\\/astrovac.nl\\\/centraal-stofzuigersysteem\\\/hide-a-hose\\\/#breadcrumb\"},\"inLanguage\":\"de\",\"potentialAction\":[{\"@type\":\"ReadAction\",\"target\":[\"https:\\\/\\\/astrovac.nl\\\/centraal-stofzuigersysteem\\\/hide-a-hose\\\/\"]}]},{\"@type\":\"ImageObject\",\"inLanguage\":\"de\",\"@id\":\"https:\\\/\\\/astrovac.nl\\\/centraal-stofzuigersysteem\\\/hide-a-hose\\\/#primaryimage\",\"url\":\"https:\\\/\\\/astrovac.nl\\\/wp-content\\\/uploads\\\/2018\\\/11\\\/RetraflexII_Men_StandardHose-2.jpg\",\"contentUrl\":\"https:\\\/\\\/astrovac.nl\\\/wp-content\\\/uploads\\\/2018\\\/11\\\/RetraflexII_Men_StandardHose-2.jpg\",\"width\":1573,\"height\":1849,\"caption\":\"Retraflex: bij elk stofcontact een flexibele slang om te stofzuigen\"},{\"@type\":\"BreadcrumbList\",\"@id\":\"https:\\\/\\\/astrovac.nl\\\/centraal-stofzuigersysteem\\\/hide-a-hose\\\/#breadcrumb\",\"itemListElement\":[{\"@type\":\"ListItem\",\"position\":1,\"name\":\"Home\",\"item\":\"https:\\\/\\\/astrovac.nl\\\/\"},{\"@type\":\"ListItem\",\"position\":2,\"name\":\"Centraal stofzuigersysteem\",\"item\":\"https:\\\/\\\/astrovac.nl\\\/centraal-stofzuigersysteem\\\/\"},{\"@type\":\"ListItem\",\"position\":3,\"name\":\"Hide-a-Hose\"}]},{\"@type\":\"WebSite\",\"@id\":\"https:\\\/\\\/astrovac.nl\\\/de\\\/#website\",\"url\":\"https:\\\/\\\/astrovac.nl\\\/de\\\/\",\"name\":\"AstroVac\",\"description\":\"Centrale Stofzuiginstallaties\",\"publisher\":{\"@id\":\"https:\\\/\\\/astrovac.nl\\\/de\\\/#organization\"},\"potentialAction\":[{\"@type\":\"SearchAction\",\"target\":{\"@type\":\"EntryPoint\",\"urlTemplate\":\"https:\\\/\\\/astrovac.nl\\\/de\\\/?s={search_term_string}\"},\"query-input\":{\"@type\":\"PropertyValueSpecification\",\"valueRequired\":true,\"valueName\":\"search_term_string\"}}],\"inLanguage\":\"de\"},{\"@type\":\"Organization\",\"@id\":\"https:\\\/\\\/astrovac.nl\\\/de\\\/#organization\",\"name\":\"AstroVac\",\"url\":\"https:\\\/\\\/astrovac.nl\\\/de\\\/\",\"logo\":{\"@type\":\"ImageObject\",\"inLanguage\":\"de\",\"@id\":\"https:\\\/\\\/astrovac.nl\\\/de\\\/#\\\/schema\\\/logo\\\/image\\\/\",\"url\":\"https:\\\/\\\/astrovac.nl\\\/wp-content\\\/uploads\\\/2024\\\/03\\\/Astrovac-logo-2024.png\",\"contentUrl\":\"https:\\\/\\\/astrovac.nl\\\/wp-content\\\/uploads\\\/2024\\\/03\\\/Astrovac-logo-2024.png\",\"width\":3092,\"height\":906,\"caption\":\"AstroVac\"},\"image\":{\"@id\":\"https:\\\/\\\/astrovac.nl\\\/de\\\/#\\\/schema\\\/logo\\\/image\\\/\"},\"sameAs\":[\"https:\\\/\\\/www.facebook.com\\\/profile.php?id=61559925887346\"]}]}<\/script>\n<!-- \/ Yoast SEO plugin. -->","yoast_head_json":{"title":"Lesen Sie alles \u00fcber unsere Retraflex-Vakuumsysteme | Astrovac","description":"M\u00f6chten Sie mehr \u00fcber Retraflex erfahren? Lesen Sie alles \u00fcber das Retraflex Staubsaugsystem | Astrovac = Die Spitze der zentralen Staubabsaugung \u2713 Sauberer \u2713 Leiser \u2713 Ges\u00fcnder!","robots":{"index":"index","follow":"follow","max-snippet":"max-snippet:-1","max-image-preview":"max-image-preview:large","max-video-preview":"max-video-preview:-1"},"canonical":"https:\/\/astrovac.nl\/de\/zentrales-staubsaugersystem\/einen-schlauch-verstecken-3\/","og_locale":"de_DE","og_type":"article","og_title":"Lees alles over onze Retraflex stofzuigsystemen | Astrovac","og_description":"Meer weten over Retraflex? Lees alles over het Retraflex stofzuigsyeteem | Astrovac = D\u00e9 top in centrale stofafzuiging \u2713 Schoner \u2713 Stiller \u2713 Gezonder!","og_url":"https:\/\/astrovac.nl\/de\/zentrales-staubsaugersystem\/einen-schlauch-verstecken-3\/","og_site_name":"AstroVac","article_publisher":"https:\/\/www.facebook.com\/profile.php?id=61559925887346","article_modified_time":"2024-08-05T07:16:08+00:00","og_image":[{"width":1573,"height":1849,"url":"https:\/\/astrovac.nl\/wp-content\/uploads\/2018\/11\/RetraflexII_Men_StandardHose-2.jpg","type":"image\/jpeg"}],"twitter_card":"summary_large_image","twitter_misc":{"Gesch\u00e4tzte Lesezeit":"2\u00a0Minuten"},"schema":{"@context":"https:\/\/schema.org","@graph":[{"@type":"WebPage","@id":"https:\/\/astrovac.nl\/centraal-stofzuigersysteem\/hide-a-hose\/","url":"https:\/\/astrovac.nl\/centraal-stofzuigersysteem\/hide-a-hose\/","name":"Lesen Sie alles \u00fcber unsere Retraflex-Vakuumsysteme | Astrovac","isPartOf":{"@id":"https:\/\/astrovac.nl\/de\/#website"},"primaryImageOfPage":{"@id":"https:\/\/astrovac.nl\/centraal-stofzuigersysteem\/hide-a-hose\/#primaryimage"},"image":{"@id":"https:\/\/astrovac.nl\/centraal-stofzuigersysteem\/hide-a-hose\/#primaryimage"},"thumbnailUrl":"https:\/\/astrovac.nl\/wp-content\/uploads\/2018\/11\/RetraflexII_Men_StandardHose-2.jpg","datePublished":"2019-11-25T08:29:23+00:00","dateModified":"2024-08-05T07:16:08+00:00","description":"M\u00f6chten Sie mehr \u00fcber Retraflex erfahren? Lesen Sie alles \u00fcber das Retraflex Staubsaugsystem | Astrovac = Die Spitze der zentralen Staubabsaugung \u2713 Sauberer \u2713 Leiser \u2713 Ges\u00fcnder!","breadcrumb":{"@id":"https:\/\/astrovac.nl\/centraal-stofzuigersysteem\/hide-a-hose\/#breadcrumb"},"inLanguage":"de","potentialAction":[{"@type":"ReadAction","target":["https:\/\/astrovac.nl\/centraal-stofzuigersysteem\/hide-a-hose\/"]}]},{"@type":"ImageObject","inLanguage":"de","@id":"https:\/\/astrovac.nl\/centraal-stofzuigersysteem\/hide-a-hose\/#primaryimage","url":"https:\/\/astrovac.nl\/wp-content\/uploads\/2018\/11\/RetraflexII_Men_StandardHose-2.jpg","contentUrl":"https:\/\/astrovac.nl\/wp-content\/uploads\/2018\/11\/RetraflexII_Men_StandardHose-2.jpg","width":1573,"height":1849,"caption":"Retraflex: bij elk stofcontact een flexibele slang om te stofzuigen"},{"@type":"BreadcrumbList","@id":"https:\/\/astrovac.nl\/centraal-stofzuigersysteem\/hide-a-hose\/#breadcrumb","itemListElement":[{"@type":"ListItem","position":1,"name":"Home","item":"https:\/\/astrovac.nl\/"},{"@type":"ListItem","position":2,"name":"Centraal stofzuigersysteem","item":"https:\/\/astrovac.nl\/centraal-stofzuigersysteem\/"},{"@type":"ListItem","position":3,"name":"Hide-a-Hose"}]},{"@type":"WebSite","@id":"https:\/\/astrovac.nl\/de\/#website","url":"https:\/\/astrovac.nl\/de\/","name":"AstroVac","description":"Zentrale Vakuumsysteme","publisher":{"@id":"https:\/\/astrovac.nl\/de\/#organization"},"potentialAction":[{"@type":"SearchAction","target":{"@type":"EntryPoint","urlTemplate":"https:\/\/astrovac.nl\/de\/?s={search_term_string}"},"query-input":{"@type":"PropertyValueSpecification","valueRequired":true,"valueName":"search_term_string"}}],"inLanguage":"de"},{"@type":"Organization","@id":"https:\/\/astrovac.nl\/de\/#organization","name":"AstroVac","url":"https:\/\/astrovac.nl\/de\/","logo":{"@type":"ImageObject","inLanguage":"de","@id":"https:\/\/astrovac.nl\/de\/#\/schema\/logo\/image\/","url":"https:\/\/astrovac.nl\/wp-content\/uploads\/2024\/03\/Astrovac-logo-2024.png","contentUrl":"https:\/\/astrovac.nl\/wp-content\/uploads\/2024\/03\/Astrovac-logo-2024.png","width":3092,"height":906,"caption":"AstroVac"},"image":{"@id":"https:\/\/astrovac.nl\/de\/#\/schema\/logo\/image\/"},"sameAs":["https:\/\/www.facebook.com\/profile.php?id=61559925887346"]}]}},"_links":{"self":[{"href":"https:\/\/astrovac.nl\/de\/wp-json\/wp\/v2\/pages\/9531","targetHints":{"allow":["GET"]}}],"collection":[{"href":"https:\/\/astrovac.nl\/de\/wp-json\/wp\/v2\/pages"}],"about":[{"href":"https:\/\/astrovac.nl\/de\/wp-json\/wp\/v2\/types\/page"}],"author":[{"embeddable":true,"href":"https:\/\/astrovac.nl\/de\/wp-json\/wp\/v2\/users\/6"}],"replies":[{"embeddable":true,"href":"https:\/\/astrovac.nl\/de\/wp-json\/wp\/v2\/comments?post=9531"}],"version-history":[{"count":39,"href":"https:\/\/astrovac.nl\/de\/wp-json\/wp\/v2\/pages\/9531\/revisions"}],"predecessor-version":[{"id":25711,"href":"https:\/\/astrovac.nl\/de\/wp-json\/wp\/v2\/pages\/9531\/revisions\/25711"}],"up":[{"embeddable":true,"href":"https:\/\/astrovac.nl\/de\/wp-json\/wp\/v2\/pages\/8"}],"wp:featuredmedia":[{"embeddable":true,"href":"https:\/\/astrovac.nl\/de\/wp-json\/wp\/v2\/media\/7781"}],"wp:attachment":[{"href":"https:\/\/astrovac.nl\/de\/wp-json\/wp\/v2\/media?parent=9531"}],"curies":[{"name":"wp","href":"https:\/\/api.w.org\/{rel}","templated":true}]}}