{"id":1088,"date":"2013-02-11T15:43:21","date_gmt":"2013-02-11T14:43:21","guid":{"rendered":"https:\/\/astrotrans.testontwikkeling.nl\/?post_type=product&#038;p=1088"},"modified":"2026-02-23T16:13:35","modified_gmt":"2026-02-22T10:11:17","slug":"kleiner-dusenaufsatz","status":"publish","type":"product","link":"https:\/\/astrovac.nl\/de\/winkel\/kleine-zuigmond-opzetstuk\/","title":{"rendered":"Polster- und Teppichb\u00fcrste"},"content":{"rendered":"<p>F\u00fcr harte und sanfte Oberfl\u00e4chen. Der Aufsatz wird seitlich aufgeschoben und kann leicht abgenommen werden. Das macht diesen Pinsel besonders vielseitig.<\/p>\n<p>Mit dem Aufsatz k\u00f6nnen Sie ihn auf harten Oberfl\u00e4chen wie B\u00f6den, Tischen, Treppen und Fensterb\u00e4nken verwenden.<\/p>\n<p>Ohne den Aufsatz k\u00f6nnen Sie ihn auf sanften Oberfl\u00e4chen wie Teppichen, dem Sofa, den Vorh\u00e4ngen und (nicht zu vergessen!) der Matratze verwenden.<\/p>","protected":false},"excerpt":{"rendered":"<p>Voor harde en zachte oppervlakken. Het opzetstuk is er zijdelings opgeschoven en kan eenvoudig worden verwijderd. Dat maakt deze borstel extra veelzijdig. M\u00e9t het opzetstuk kun je hem gebruiken voor harde oppervlakken, zoals vloeren, tafels, trappen en vensterbanken. Z\u00f3nder het opzetstuk kun je hem gebruiken voor zachte oppervlakken, zoals tapijt, het bankstel, de gordijnen en [&#8230;]\n","protected":false},"featured_media":25527,"template":"","meta":[],"product_brand":[],"product_cat":[629],"product_tag":[],"class_list":{"0":"post-1088","1":"product","2":"type-product","3":"status-publish","4":"has-post-thumbnail","6":"product_cat-borstels-accessoires-2","8":"first","9":"instock","10":"taxable","11":"shipping-taxable","12":"purchasable","13":"product-type-simple"},"yoast_head":"<!-- This site is optimized with the Yoast SEO plugin v27.3 - https:\/\/yoast.com\/product\/yoast-seo-wordpress\/ -->\n<title>Kleine zuigmond + opzetstuk - AstroVac<\/title>\n<meta name=\"robots\" content=\"index, follow, max-snippet:-1, max-image-preview:large, max-video-preview:-1\" \/>\n<link rel=\"canonical\" href=\"https:\/\/astrovac.nl\/de\/shop\/kleiner-dusenaufsatz\/\" \/>\n<meta property=\"og:locale\" content=\"de_DE\" \/>\n<meta property=\"og:type\" content=\"article\" \/>\n<meta property=\"og:title\" content=\"Kleine zuigmond + opzetstuk - AstroVac\" \/>\n<meta property=\"og:description\" content=\"Voor harde en zachte oppervlakken. Het opzetstuk is er zijdelings opgeschoven en kan eenvoudig worden verwijderd. Dat maakt deze borstel extra veelzijdig. M\u00e9t het opzetstuk kun je hem gebruiken voor harde oppervlakken, zoals vloeren, tafels, trappen en vensterbanken. Z\u00f3nder het opzetstuk kun je hem gebruiken voor zachte oppervlakken, zoals tapijt, het bankstel, de gordijnen en [...]\" \/>\n<meta property=\"og:url\" content=\"https:\/\/astrovac.nl\/de\/shop\/kleiner-dusenaufsatz\/\" \/>\n<meta property=\"og:site_name\" content=\"AstroVac\" \/>\n<meta property=\"article:publisher\" content=\"https:\/\/www.facebook.com\/profile.php?id=61559925887346\" \/>\n<meta property=\"article:modified_time\" content=\"2026-02-22T10:11:17+00:00\" \/>\n<meta property=\"og:image\" content=\"https:\/\/astrovac.nl\/wp-content\/uploads\/2013\/02\/5024202111-Kleine-zuigmond-opzetstuk-1.webp\" \/>\n\t<meta property=\"og:image:width\" content=\"1080\" \/>\n\t<meta property=\"og:image:height\" content=\"1080\" \/>\n\t<meta property=\"og:image:type\" content=\"image\/webp\" \/>\n<meta name=\"twitter:card\" content=\"summary_large_image\" \/>\n<script type=\"application\/ld+json\" class=\"yoast-schema-graph\">{\"@context\":\"https:\\\/\\\/schema.org\",\"@graph\":[{\"@type\":\"WebPage\",\"@id\":\"https:\\\/\\\/astrovac.nl\\\/winkel\\\/kleine-zuigmond-opzetstuk\\\/\",\"url\":\"https:\\\/\\\/astrovac.nl\\\/winkel\\\/kleine-zuigmond-opzetstuk\\\/\",\"name\":\"Kleine zuigmond + opzetstuk - AstroVac\",\"isPartOf\":{\"@id\":\"https:\\\/\\\/astrovac.nl\\\/de\\\/#website\"},\"primaryImageOfPage\":{\"@id\":\"https:\\\/\\\/astrovac.nl\\\/winkel\\\/kleine-zuigmond-opzetstuk\\\/#primaryimage\"},\"image\":{\"@id\":\"https:\\\/\\\/astrovac.nl\\\/winkel\\\/kleine-zuigmond-opzetstuk\\\/#primaryimage\"},\"thumbnailUrl\":\"https:\\\/\\\/astrovac.nl\\\/wp-content\\\/uploads\\\/2013\\\/02\\\/5024202111-Kleine-zuigmond-opzetstuk-1.webp\",\"datePublished\":\"2013-02-11T14:43:21+00:00\",\"dateModified\":\"2026-02-22T10:11:17+00:00\",\"breadcrumb\":{\"@id\":\"https:\\\/\\\/astrovac.nl\\\/winkel\\\/kleine-zuigmond-opzetstuk\\\/#breadcrumb\"},\"inLanguage\":\"de\",\"potentialAction\":[{\"@type\":\"ReadAction\",\"target\":[\"https:\\\/\\\/astrovac.nl\\\/winkel\\\/kleine-zuigmond-opzetstuk\\\/\"]}]},{\"@type\":\"ImageObject\",\"inLanguage\":\"de\",\"@id\":\"https:\\\/\\\/astrovac.nl\\\/winkel\\\/kleine-zuigmond-opzetstuk\\\/#primaryimage\",\"url\":\"https:\\\/\\\/astrovac.nl\\\/wp-content\\\/uploads\\\/2013\\\/02\\\/5024202111-Kleine-zuigmond-opzetstuk-1.webp\",\"contentUrl\":\"https:\\\/\\\/astrovac.nl\\\/wp-content\\\/uploads\\\/2013\\\/02\\\/5024202111-Kleine-zuigmond-opzetstuk-1.webp\",\"width\":1080,\"height\":1080,\"caption\":\"Kleine zuigmond + opzetstuk\"},{\"@type\":\"BreadcrumbList\",\"@id\":\"https:\\\/\\\/astrovac.nl\\\/winkel\\\/kleine-zuigmond-opzetstuk\\\/#breadcrumb\",\"itemListElement\":[{\"@type\":\"ListItem\",\"position\":1,\"name\":\"Home\",\"item\":\"https:\\\/\\\/astrovac.nl\\\/\"},{\"@type\":\"ListItem\",\"position\":2,\"name\":\"Winkel\",\"item\":\"https:\\\/\\\/astrovac.nl\\\/winkel\\\/\"},{\"@type\":\"ListItem\",\"position\":3,\"name\":\"Accessoires\",\"item\":\"https:\\\/\\\/astrovac.nl\\\/product-category\\\/accessoires\\\/\"},{\"@type\":\"ListItem\",\"position\":4,\"name\":\"Borstels\",\"item\":\"https:\\\/\\\/astrovac.nl\\\/product-category\\\/accessoires\\\/borstels-accessoires-2\\\/\"},{\"@type\":\"ListItem\",\"position\":5,\"name\":\"Kleine zuigmond + opzetstuk\"}]},{\"@type\":\"WebSite\",\"@id\":\"https:\\\/\\\/astrovac.nl\\\/de\\\/#website\",\"url\":\"https:\\\/\\\/astrovac.nl\\\/de\\\/\",\"name\":\"AstroVac\",\"description\":\"Centrale Stofzuiginstallaties\",\"publisher\":{\"@id\":\"https:\\\/\\\/astrovac.nl\\\/de\\\/#organization\"},\"potentialAction\":[{\"@type\":\"SearchAction\",\"target\":{\"@type\":\"EntryPoint\",\"urlTemplate\":\"https:\\\/\\\/astrovac.nl\\\/de\\\/?s={search_term_string}\"},\"query-input\":{\"@type\":\"PropertyValueSpecification\",\"valueRequired\":true,\"valueName\":\"search_term_string\"}}],\"inLanguage\":\"de\"},{\"@type\":\"Organization\",\"@id\":\"https:\\\/\\\/astrovac.nl\\\/de\\\/#organization\",\"name\":\"AstroVac\",\"url\":\"https:\\\/\\\/astrovac.nl\\\/de\\\/\",\"logo\":{\"@type\":\"ImageObject\",\"inLanguage\":\"de\",\"@id\":\"https:\\\/\\\/astrovac.nl\\\/de\\\/#\\\/schema\\\/logo\\\/image\\\/\",\"url\":\"https:\\\/\\\/astrovac.nl\\\/wp-content\\\/uploads\\\/2024\\\/03\\\/Astrovac-logo-2024.png\",\"contentUrl\":\"https:\\\/\\\/astrovac.nl\\\/wp-content\\\/uploads\\\/2024\\\/03\\\/Astrovac-logo-2024.png\",\"width\":3092,\"height\":906,\"caption\":\"AstroVac\"},\"image\":{\"@id\":\"https:\\\/\\\/astrovac.nl\\\/de\\\/#\\\/schema\\\/logo\\\/image\\\/\"},\"sameAs\":[\"https:\\\/\\\/www.facebook.com\\\/profile.php?id=61559925887346\"]}]}<\/script>\n<!-- \/ Yoast SEO plugin. -->","yoast_head_json":{"title":"Kleine D\u00fcse + Aufsatz - AstroVac","robots":{"index":"index","follow":"follow","max-snippet":"max-snippet:-1","max-image-preview":"max-image-preview:large","max-video-preview":"max-video-preview:-1"},"canonical":"https:\/\/astrovac.nl\/de\/shop\/kleiner-dusenaufsatz\/","og_locale":"de_DE","og_type":"article","og_title":"Kleine zuigmond + opzetstuk - AstroVac","og_description":"Voor harde en zachte oppervlakken. Het opzetstuk is er zijdelings opgeschoven en kan eenvoudig worden verwijderd. Dat maakt deze borstel extra veelzijdig. M\u00e9t het opzetstuk kun je hem gebruiken voor harde oppervlakken, zoals vloeren, tafels, trappen en vensterbanken. Z\u00f3nder het opzetstuk kun je hem gebruiken voor zachte oppervlakken, zoals tapijt, het bankstel, de gordijnen en [...]","og_url":"https:\/\/astrovac.nl\/de\/shop\/kleiner-dusenaufsatz\/","og_site_name":"AstroVac","article_publisher":"https:\/\/www.facebook.com\/profile.php?id=61559925887346","article_modified_time":"2026-02-22T10:11:17+00:00","og_image":[{"width":1080,"height":1080,"url":"https:\/\/astrovac.nl\/wp-content\/uploads\/2013\/02\/5024202111-Kleine-zuigmond-opzetstuk-1.webp","type":"image\/webp"}],"twitter_card":"summary_large_image","schema":{"@context":"https:\/\/schema.org","@graph":[{"@type":"WebPage","@id":"https:\/\/astrovac.nl\/winkel\/kleine-zuigmond-opzetstuk\/","url":"https:\/\/astrovac.nl\/winkel\/kleine-zuigmond-opzetstuk\/","name":"Kleine D\u00fcse + Aufsatz - AstroVac","isPartOf":{"@id":"https:\/\/astrovac.nl\/de\/#website"},"primaryImageOfPage":{"@id":"https:\/\/astrovac.nl\/winkel\/kleine-zuigmond-opzetstuk\/#primaryimage"},"image":{"@id":"https:\/\/astrovac.nl\/winkel\/kleine-zuigmond-opzetstuk\/#primaryimage"},"thumbnailUrl":"https:\/\/astrovac.nl\/wp-content\/uploads\/2013\/02\/5024202111-Kleine-zuigmond-opzetstuk-1.webp","datePublished":"2013-02-11T14:43:21+00:00","dateModified":"2026-02-22T10:11:17+00:00","breadcrumb":{"@id":"https:\/\/astrovac.nl\/winkel\/kleine-zuigmond-opzetstuk\/#breadcrumb"},"inLanguage":"de","potentialAction":[{"@type":"ReadAction","target":["https:\/\/astrovac.nl\/winkel\/kleine-zuigmond-opzetstuk\/"]}]},{"@type":"ImageObject","inLanguage":"de","@id":"https:\/\/astrovac.nl\/winkel\/kleine-zuigmond-opzetstuk\/#primaryimage","url":"https:\/\/astrovac.nl\/wp-content\/uploads\/2013\/02\/5024202111-Kleine-zuigmond-opzetstuk-1.webp","contentUrl":"https:\/\/astrovac.nl\/wp-content\/uploads\/2013\/02\/5024202111-Kleine-zuigmond-opzetstuk-1.webp","width":1080,"height":1080,"caption":"Kleine zuigmond + opzetstuk"},{"@type":"BreadcrumbList","@id":"https:\/\/astrovac.nl\/winkel\/kleine-zuigmond-opzetstuk\/#breadcrumb","itemListElement":[{"@type":"ListItem","position":1,"name":"Home","item":"https:\/\/astrovac.nl\/"},{"@type":"ListItem","position":2,"name":"Winkel","item":"https:\/\/astrovac.nl\/winkel\/"},{"@type":"ListItem","position":3,"name":"Accessoires","item":"https:\/\/astrovac.nl\/product-category\/accessoires\/"},{"@type":"ListItem","position":4,"name":"Borstels","item":"https:\/\/astrovac.nl\/product-category\/accessoires\/borstels-accessoires-2\/"},{"@type":"ListItem","position":5,"name":"Kleine zuigmond + opzetstuk"}]},{"@type":"WebSite","@id":"https:\/\/astrovac.nl\/de\/#website","url":"https:\/\/astrovac.nl\/de\/","name":"AstroVac","description":"Zentrale Vakuumsysteme","publisher":{"@id":"https:\/\/astrovac.nl\/de\/#organization"},"potentialAction":[{"@type":"SearchAction","target":{"@type":"EntryPoint","urlTemplate":"https:\/\/astrovac.nl\/de\/?s={search_term_string}"},"query-input":{"@type":"PropertyValueSpecification","valueRequired":true,"valueName":"search_term_string"}}],"inLanguage":"de"},{"@type":"Organization","@id":"https:\/\/astrovac.nl\/de\/#organization","name":"AstroVac","url":"https:\/\/astrovac.nl\/de\/","logo":{"@type":"ImageObject","inLanguage":"de","@id":"https:\/\/astrovac.nl\/de\/#\/schema\/logo\/image\/","url":"https:\/\/astrovac.nl\/wp-content\/uploads\/2024\/03\/Astrovac-logo-2024.png","contentUrl":"https:\/\/astrovac.nl\/wp-content\/uploads\/2024\/03\/Astrovac-logo-2024.png","width":3092,"height":906,"caption":"AstroVac"},"image":{"@id":"https:\/\/astrovac.nl\/de\/#\/schema\/logo\/image\/"},"sameAs":["https:\/\/www.facebook.com\/profile.php?id=61559925887346"]}]}},"_links":{"self":[{"href":"https:\/\/astrovac.nl\/de\/wp-json\/wp\/v2\/product\/1088","targetHints":{"allow":["GET"]}}],"collection":[{"href":"https:\/\/astrovac.nl\/de\/wp-json\/wp\/v2\/product"}],"about":[{"href":"https:\/\/astrovac.nl\/de\/wp-json\/wp\/v2\/types\/product"}],"wp:featuredmedia":[{"embeddable":true,"href":"https:\/\/astrovac.nl\/de\/wp-json\/wp\/v2\/media\/25527"}],"wp:attachment":[{"href":"https:\/\/astrovac.nl\/de\/wp-json\/wp\/v2\/media?parent=1088"}],"wp:term":[{"taxonomy":"product_brand","embeddable":true,"href":"https:\/\/astrovac.nl\/de\/wp-json\/wp\/v2\/product_brand?post=1088"},{"taxonomy":"product_cat","embeddable":true,"href":"https:\/\/astrovac.nl\/de\/wp-json\/wp\/v2\/product_cat?post=1088"},{"taxonomy":"product_tag","embeddable":true,"href":"https:\/\/astrovac.nl\/de\/wp-json\/wp\/v2\/product_tag?post=1088"}],"curies":[{"name":"wp","href":"https:\/\/api.w.org\/{rel}","templated":true}]}}