{"id":11613,"date":"2020-02-24T13:05:59","date_gmt":"2020-02-24T12:05:59","guid":{"rendered":"https:\/\/astrotrans.testontwikkeling.nl\/?post_type=product&#038;p=11613"},"modified":"2026-03-31T14:13:08","modified_gmt":"2026-01-01T01:04:23","slug":"schlauch-15-meter-gv-mit-schalter","status":"publish","type":"product","link":"https:\/\/astrovac.nl\/de\/winkel\/slang-15-meter-gv-met-schakelaar\/","title":{"rendered":"Schlauch 15m - 32mm - ergo - an\/aus"},"content":{"rendered":"<div>\n<p>Schlauch mit Ein\/Aus-Schalter am Griff. Das Zentralstaubsaugerger\u00e4t kann mit dem Schalter am Handgriff ein- und ausgeschaltet werden, ohne dass der Schlauch herausgenommen werden muss.<\/p>\n<p>Einzigartig am GV-Schlauch ist, dass sowohl der Handgriff als auch die Schlauchmuffe um 360 Grad gedreht werden k\u00f6nnen.<\/p>\n<p>Hinweis: Schl\u00e4uche mit Schaltern funktionieren nur, wenn die Saugdosen auf der Innenseite mit 2 Kupferkontakten (Pin-Jacks) versehen sind. Neue Saugdosen sind standardm\u00e4\u00dfig mit dieser Funktionalit\u00e4t ausgestattet.<\/p>\n<\/div>","protected":false},"excerpt":{"rendered":"<p>Bij een slang met aan\/uit schakelaar op het handvat treedt de centrale stofzuigunit automatisch in werking zodra de slang op een van de stofcontacten wordt aangesloten. Tijdens het gebruik kan de stofzuigunit met behulp van de tuimelschakelaar op het handvat worden in- en uitgeschakeld zonder de slang los te koppelen. Uniek bij de slang GV [&#8230;]\n","protected":false},"featured_media":25481,"template":"","meta":[],"product_brand":[],"product_cat":[622],"product_tag":[],"class_list":{"0":"post-11613","1":"product","2":"type-product","3":"status-publish","4":"has-post-thumbnail","6":"product_cat-ergonomisch-aan-uit","8":"first","9":"instock","10":"taxable","11":"shipping-taxable","12":"purchasable","13":"product-type-simple"},"yoast_head":"<!-- This site is optimized with the Yoast SEO plugin v27.3 - https:\/\/yoast.com\/product\/yoast-seo-wordpress\/ -->\n<title>Slang 15m - 32mm - ergo - aan\/uit - AstroVac<\/title>\n<meta name=\"robots\" content=\"index, follow, max-snippet:-1, max-image-preview:large, max-video-preview:-1\" \/>\n<link rel=\"canonical\" href=\"https:\/\/astrovac.nl\/de\/shop\/schlauch-15-meter-gv-mit-schalter\/\" \/>\n<meta property=\"og:locale\" content=\"de_DE\" \/>\n<meta property=\"og:type\" content=\"article\" \/>\n<meta property=\"og:title\" content=\"Slang 15m - 32mm - ergo - aan\/uit - AstroVac\" \/>\n<meta property=\"og:description\" content=\"Bij een slang met aan\/uit schakelaar op het handvat treedt de centrale stofzuigunit automatisch in werking zodra de slang op een van de stofcontacten wordt aangesloten. Tijdens het gebruik kan de stofzuigunit met behulp van de tuimelschakelaar op het handvat worden in- en uitgeschakeld zonder de slang los te koppelen. Uniek bij de slang GV [...]\" \/>\n<meta property=\"og:url\" content=\"https:\/\/astrovac.nl\/de\/shop\/schlauch-15-meter-gv-mit-schalter\/\" \/>\n<meta property=\"og:site_name\" content=\"AstroVac\" \/>\n<meta property=\"article:publisher\" content=\"https:\/\/www.facebook.com\/profile.php?id=61559925887346\" \/>\n<meta property=\"article:modified_time\" content=\"2026-01-01T01:04:23+00:00\" \/>\n<meta property=\"og:image\" content=\"https:\/\/astrovac.nl\/wp-content\/uploads\/2024\/03\/5024101606-Slang-7m-32mm-ergo-aan-uit-3.webp\" \/>\n\t<meta property=\"og:image:width\" content=\"1080\" \/>\n\t<meta property=\"og:image:height\" content=\"1080\" \/>\n\t<meta property=\"og:image:type\" content=\"image\/webp\" \/>\n<meta name=\"twitter:card\" content=\"summary_large_image\" \/>\n<script type=\"application\/ld+json\" class=\"yoast-schema-graph\">{\"@context\":\"https:\\\/\\\/schema.org\",\"@graph\":[{\"@type\":\"WebPage\",\"@id\":\"https:\\\/\\\/astrovac.nl\\\/winkel\\\/slang-15-meter-gv-met-schakelaar\\\/\",\"url\":\"https:\\\/\\\/astrovac.nl\\\/winkel\\\/slang-15-meter-gv-met-schakelaar\\\/\",\"name\":\"Slang 15m - 32mm - ergo - aan\\\/uit - AstroVac\",\"isPartOf\":{\"@id\":\"https:\\\/\\\/astrovac.nl\\\/de\\\/#website\"},\"primaryImageOfPage\":{\"@id\":\"https:\\\/\\\/astrovac.nl\\\/winkel\\\/slang-15-meter-gv-met-schakelaar\\\/#primaryimage\"},\"image\":{\"@id\":\"https:\\\/\\\/astrovac.nl\\\/winkel\\\/slang-15-meter-gv-met-schakelaar\\\/#primaryimage\"},\"thumbnailUrl\":\"https:\\\/\\\/astrovac.nl\\\/wp-content\\\/uploads\\\/2024\\\/03\\\/5024101606-Slang-7m-32mm-ergo-aan-uit-3.webp\",\"datePublished\":\"2020-02-24T12:05:59+00:00\",\"dateModified\":\"2026-01-01T01:04:23+00:00\",\"breadcrumb\":{\"@id\":\"https:\\\/\\\/astrovac.nl\\\/winkel\\\/slang-15-meter-gv-met-schakelaar\\\/#breadcrumb\"},\"inLanguage\":\"de\",\"potentialAction\":[{\"@type\":\"ReadAction\",\"target\":[\"https:\\\/\\\/astrovac.nl\\\/winkel\\\/slang-15-meter-gv-met-schakelaar\\\/\"]}]},{\"@type\":\"ImageObject\",\"inLanguage\":\"de\",\"@id\":\"https:\\\/\\\/astrovac.nl\\\/winkel\\\/slang-15-meter-gv-met-schakelaar\\\/#primaryimage\",\"url\":\"https:\\\/\\\/astrovac.nl\\\/wp-content\\\/uploads\\\/2024\\\/03\\\/5024101606-Slang-7m-32mm-ergo-aan-uit-3.webp\",\"contentUrl\":\"https:\\\/\\\/astrovac.nl\\\/wp-content\\\/uploads\\\/2024\\\/03\\\/5024101606-Slang-7m-32mm-ergo-aan-uit-3.webp\",\"width\":1080,\"height\":1080,\"caption\":\"Slang - 32mm - ergo - aan-uit\"},{\"@type\":\"BreadcrumbList\",\"@id\":\"https:\\\/\\\/astrovac.nl\\\/winkel\\\/slang-15-meter-gv-met-schakelaar\\\/#breadcrumb\",\"itemListElement\":[{\"@type\":\"ListItem\",\"position\":1,\"name\":\"Home\",\"item\":\"https:\\\/\\\/astrovac.nl\\\/\"},{\"@type\":\"ListItem\",\"position\":2,\"name\":\"Winkel\",\"item\":\"https:\\\/\\\/astrovac.nl\\\/winkel\\\/\"},{\"@type\":\"ListItem\",\"position\":3,\"name\":\"Slangen\",\"item\":\"https:\\\/\\\/astrovac.nl\\\/product-category\\\/slangen\\\/\"},{\"@type\":\"ListItem\",\"position\":4,\"name\":\"Ergonomisch Aan\\\/uit\",\"item\":\"https:\\\/\\\/astrovac.nl\\\/product-category\\\/slangen\\\/ergonomisch-aan-uit\\\/\"},{\"@type\":\"ListItem\",\"position\":5,\"name\":\"Slang 15m &#8211; 32mm &#8211; ergo &#8211; aan\\\/uit\"}]},{\"@type\":\"WebSite\",\"@id\":\"https:\\\/\\\/astrovac.nl\\\/de\\\/#website\",\"url\":\"https:\\\/\\\/astrovac.nl\\\/de\\\/\",\"name\":\"AstroVac\",\"description\":\"Centrale Stofzuiginstallaties\",\"publisher\":{\"@id\":\"https:\\\/\\\/astrovac.nl\\\/de\\\/#organization\"},\"potentialAction\":[{\"@type\":\"SearchAction\",\"target\":{\"@type\":\"EntryPoint\",\"urlTemplate\":\"https:\\\/\\\/astrovac.nl\\\/de\\\/?s={search_term_string}\"},\"query-input\":{\"@type\":\"PropertyValueSpecification\",\"valueRequired\":true,\"valueName\":\"search_term_string\"}}],\"inLanguage\":\"de\"},{\"@type\":\"Organization\",\"@id\":\"https:\\\/\\\/astrovac.nl\\\/de\\\/#organization\",\"name\":\"AstroVac\",\"url\":\"https:\\\/\\\/astrovac.nl\\\/de\\\/\",\"logo\":{\"@type\":\"ImageObject\",\"inLanguage\":\"de\",\"@id\":\"https:\\\/\\\/astrovac.nl\\\/de\\\/#\\\/schema\\\/logo\\\/image\\\/\",\"url\":\"https:\\\/\\\/astrovac.nl\\\/wp-content\\\/uploads\\\/2024\\\/03\\\/Astrovac-logo-2024.png\",\"contentUrl\":\"https:\\\/\\\/astrovac.nl\\\/wp-content\\\/uploads\\\/2024\\\/03\\\/Astrovac-logo-2024.png\",\"width\":3092,\"height\":906,\"caption\":\"AstroVac\"},\"image\":{\"@id\":\"https:\\\/\\\/astrovac.nl\\\/de\\\/#\\\/schema\\\/logo\\\/image\\\/\"},\"sameAs\":[\"https:\\\/\\\/www.facebook.com\\\/profile.php?id=61559925887346\"]}]}<\/script>\n<!-- \/ Yoast SEO plugin. -->","yoast_head_json":{"title":"Schlauch 15m - 32mm - ergo - an\/aus - AstroVac","robots":{"index":"index","follow":"follow","max-snippet":"max-snippet:-1","max-image-preview":"max-image-preview:large","max-video-preview":"max-video-preview:-1"},"canonical":"https:\/\/astrovac.nl\/de\/shop\/schlauch-15-meter-gv-mit-schalter\/","og_locale":"de_DE","og_type":"article","og_title":"Slang 15m - 32mm - ergo - aan\/uit - AstroVac","og_description":"Bij een slang met aan\/uit schakelaar op het handvat treedt de centrale stofzuigunit automatisch in werking zodra de slang op een van de stofcontacten wordt aangesloten. Tijdens het gebruik kan de stofzuigunit met behulp van de tuimelschakelaar op het handvat worden in- en uitgeschakeld zonder de slang los te koppelen. Uniek bij de slang GV [...]","og_url":"https:\/\/astrovac.nl\/de\/shop\/schlauch-15-meter-gv-mit-schalter\/","og_site_name":"AstroVac","article_publisher":"https:\/\/www.facebook.com\/profile.php?id=61559925887346","article_modified_time":"2026-01-01T01:04:23+00:00","og_image":[{"width":1080,"height":1080,"url":"https:\/\/astrovac.nl\/wp-content\/uploads\/2024\/03\/5024101606-Slang-7m-32mm-ergo-aan-uit-3.webp","type":"image\/webp"}],"twitter_card":"summary_large_image","schema":{"@context":"https:\/\/schema.org","@graph":[{"@type":"WebPage","@id":"https:\/\/astrovac.nl\/winkel\/slang-15-meter-gv-met-schakelaar\/","url":"https:\/\/astrovac.nl\/winkel\/slang-15-meter-gv-met-schakelaar\/","name":"Schlauch 15m - 32mm - ergo - an\/aus - AstroVac","isPartOf":{"@id":"https:\/\/astrovac.nl\/de\/#website"},"primaryImageOfPage":{"@id":"https:\/\/astrovac.nl\/winkel\/slang-15-meter-gv-met-schakelaar\/#primaryimage"},"image":{"@id":"https:\/\/astrovac.nl\/winkel\/slang-15-meter-gv-met-schakelaar\/#primaryimage"},"thumbnailUrl":"https:\/\/astrovac.nl\/wp-content\/uploads\/2024\/03\/5024101606-Slang-7m-32mm-ergo-aan-uit-3.webp","datePublished":"2020-02-24T12:05:59+00:00","dateModified":"2026-01-01T01:04:23+00:00","breadcrumb":{"@id":"https:\/\/astrovac.nl\/winkel\/slang-15-meter-gv-met-schakelaar\/#breadcrumb"},"inLanguage":"de","potentialAction":[{"@type":"ReadAction","target":["https:\/\/astrovac.nl\/winkel\/slang-15-meter-gv-met-schakelaar\/"]}]},{"@type":"ImageObject","inLanguage":"de","@id":"https:\/\/astrovac.nl\/winkel\/slang-15-meter-gv-met-schakelaar\/#primaryimage","url":"https:\/\/astrovac.nl\/wp-content\/uploads\/2024\/03\/5024101606-Slang-7m-32mm-ergo-aan-uit-3.webp","contentUrl":"https:\/\/astrovac.nl\/wp-content\/uploads\/2024\/03\/5024101606-Slang-7m-32mm-ergo-aan-uit-3.webp","width":1080,"height":1080,"caption":"Slang - 32mm - ergo - aan-uit"},{"@type":"BreadcrumbList","@id":"https:\/\/astrovac.nl\/winkel\/slang-15-meter-gv-met-schakelaar\/#breadcrumb","itemListElement":[{"@type":"ListItem","position":1,"name":"Home","item":"https:\/\/astrovac.nl\/"},{"@type":"ListItem","position":2,"name":"Winkel","item":"https:\/\/astrovac.nl\/winkel\/"},{"@type":"ListItem","position":3,"name":"Slangen","item":"https:\/\/astrovac.nl\/product-category\/slangen\/"},{"@type":"ListItem","position":4,"name":"Ergonomisch Aan\/uit","item":"https:\/\/astrovac.nl\/product-category\/slangen\/ergonomisch-aan-uit\/"},{"@type":"ListItem","position":5,"name":"Slang 15m &#8211; 32mm &#8211; ergo &#8211; aan\/uit"}]},{"@type":"WebSite","@id":"https:\/\/astrovac.nl\/de\/#website","url":"https:\/\/astrovac.nl\/de\/","name":"AstroVac","description":"Zentrale Vakuumsysteme","publisher":{"@id":"https:\/\/astrovac.nl\/de\/#organization"},"potentialAction":[{"@type":"SearchAction","target":{"@type":"EntryPoint","urlTemplate":"https:\/\/astrovac.nl\/de\/?s={search_term_string}"},"query-input":{"@type":"PropertyValueSpecification","valueRequired":true,"valueName":"search_term_string"}}],"inLanguage":"de"},{"@type":"Organization","@id":"https:\/\/astrovac.nl\/de\/#organization","name":"AstroVac","url":"https:\/\/astrovac.nl\/de\/","logo":{"@type":"ImageObject","inLanguage":"de","@id":"https:\/\/astrovac.nl\/de\/#\/schema\/logo\/image\/","url":"https:\/\/astrovac.nl\/wp-content\/uploads\/2024\/03\/Astrovac-logo-2024.png","contentUrl":"https:\/\/astrovac.nl\/wp-content\/uploads\/2024\/03\/Astrovac-logo-2024.png","width":3092,"height":906,"caption":"AstroVac"},"image":{"@id":"https:\/\/astrovac.nl\/de\/#\/schema\/logo\/image\/"},"sameAs":["https:\/\/www.facebook.com\/profile.php?id=61559925887346"]}]}},"_links":{"self":[{"href":"https:\/\/astrovac.nl\/de\/wp-json\/wp\/v2\/product\/11613","targetHints":{"allow":["GET"]}}],"collection":[{"href":"https:\/\/astrovac.nl\/de\/wp-json\/wp\/v2\/product"}],"about":[{"href":"https:\/\/astrovac.nl\/de\/wp-json\/wp\/v2\/types\/product"}],"wp:featuredmedia":[{"embeddable":true,"href":"https:\/\/astrovac.nl\/de\/wp-json\/wp\/v2\/media\/25481"}],"wp:attachment":[{"href":"https:\/\/astrovac.nl\/de\/wp-json\/wp\/v2\/media?parent=11613"}],"wp:term":[{"taxonomy":"product_brand","embeddable":true,"href":"https:\/\/astrovac.nl\/de\/wp-json\/wp\/v2\/product_brand?post=11613"},{"taxonomy":"product_cat","embeddable":true,"href":"https:\/\/astrovac.nl\/de\/wp-json\/wp\/v2\/product_cat?post=11613"},{"taxonomy":"product_tag","embeddable":true,"href":"https:\/\/astrovac.nl\/de\/wp-json\/wp\/v2\/product_tag?post=11613"}],"curies":[{"name":"wp","href":"https:\/\/api.w.org\/{rel}","templated":true}]}}