{"id":22801,"date":"2022-11-11T16:09:49","date_gmt":"2022-11-11T15:09:49","guid":{"rendered":"https:\/\/astrovac.nl\/?post_type=product&#038;p=22801"},"modified":"2026-04-20T22:05:21","modified_gmt":"2026-04-20T21:05:21","slug":"hah-biegen-90","status":"publish","type":"product","link":"https:\/\/astrovac.nl\/de\/winkel\/hah-bocht-90\/","title":{"rendered":"PVC-Winkelst\u00fcck - 90\u00b0 - f\u00fcr Hide-a-Hose und Retraflex"},"content":{"rendered":"<p>Extra langer PVC-90\u00b0-Bogen, speziell entwickelt f\u00fcr die Verwendung in Kombination mit dem Hide-a-Hose-System. F\u00fcr Hide-a-Hose ist die Verwendung dieser B\u00f6gen eine Voraussetzung, ebenso wie f\u00fcr das Retraflex-System.<\/p>","protected":false},"excerpt":{"rendered":"<p>Extra langer PVC-90\u00b0-Bogen, speziell entwickelt f\u00fcr die Verwendung in Kombination mit dem Hide-a-Hose-System. F\u00fcr Hide-a-Hose ist die Verwendung dieser B\u00f6gen eine Voraussetzung, ebenso wie f\u00fcr das Retraflex-System.<\/p>","protected":false},"featured_media":26443,"template":"","meta":[],"product_brand":[],"product_cat":[659,635,633],"product_tag":[],"class_list":{"0":"post-22801","1":"product","2":"type-product","3":"status-publish","4":"has-post-thumbnail","6":"product_cat-installatiemateriaal-hide-a-hose-en-retraflex","7":"product_cat-pvc","8":"product_cat-retraflex","10":"first","11":"instock","12":"taxable","13":"shipping-taxable","14":"purchasable","15":"product-type-simple"},"yoast_head":"<!-- This site is optimized with the Yoast SEO plugin v27.3 - https:\/\/yoast.com\/product\/yoast-seo-wordpress\/ -->\n<title>PVC bocht - 90\u00b0 - T.b.v. Hide-a-Hose en Retraflex - AstroVac<\/title>\n<meta name=\"robots\" content=\"index, follow, max-snippet:-1, max-image-preview:large, max-video-preview:-1\" \/>\n<link rel=\"canonical\" href=\"https:\/\/astrovac.nl\/de\/shop\/hah-biegen-90\/\" \/>\n<meta property=\"og:locale\" content=\"de_DE\" \/>\n<meta property=\"og:type\" content=\"article\" \/>\n<meta property=\"og:title\" content=\"PVC bocht - 90\u00b0 - T.b.v. Hide-a-Hose en Retraflex - AstroVac\" \/>\n<meta property=\"og:description\" content=\"Extra lange PVC 90\u00b0 bocht, speciaal ontwikkeld voor toepassing in combinatie met het Hide-a-Hose systeem. Voor Hide-a-Hose is toepassing van deze bochten een vereiste evenals voor het Retraflex systeem.\" \/>\n<meta property=\"og:url\" content=\"https:\/\/astrovac.nl\/de\/shop\/hah-biegen-90\/\" \/>\n<meta property=\"og:site_name\" content=\"AstroVac\" \/>\n<meta property=\"article:publisher\" content=\"https:\/\/www.facebook.com\/profile.php?id=61559925887346\" \/>\n<meta property=\"article:modified_time\" content=\"2026-04-20T21:05:21+00:00\" \/>\n<meta property=\"og:image\" content=\"https:\/\/astrovac.nl\/wp-content\/uploads\/2022\/11\/5024806402-PVC-bocht-90\u00b0-T.b.v.-Hide-a-Hose-en-Retraflex-1.webp\" \/>\n\t<meta property=\"og:image:width\" content=\"1080\" \/>\n\t<meta property=\"og:image:height\" content=\"1080\" \/>\n\t<meta property=\"og:image:type\" content=\"image\/webp\" \/>\n<meta name=\"twitter:card\" content=\"summary_large_image\" \/>\n<script type=\"application\/ld+json\" class=\"yoast-schema-graph\">{\"@context\":\"https:\\\/\\\/schema.org\",\"@graph\":[{\"@type\":\"WebPage\",\"@id\":\"https:\\\/\\\/astrovac.nl\\\/winkel\\\/hah-bocht-90\\\/\",\"url\":\"https:\\\/\\\/astrovac.nl\\\/winkel\\\/hah-bocht-90\\\/\",\"name\":\"PVC bocht - 90\u00b0 - T.b.v. Hide-a-Hose en Retraflex - AstroVac\",\"isPartOf\":{\"@id\":\"https:\\\/\\\/astrovac.nl\\\/de\\\/#website\"},\"primaryImageOfPage\":{\"@id\":\"https:\\\/\\\/astrovac.nl\\\/winkel\\\/hah-bocht-90\\\/#primaryimage\"},\"image\":{\"@id\":\"https:\\\/\\\/astrovac.nl\\\/winkel\\\/hah-bocht-90\\\/#primaryimage\"},\"thumbnailUrl\":\"https:\\\/\\\/astrovac.nl\\\/wp-content\\\/uploads\\\/2022\\\/11\\\/5024806402-PVC-bocht-90\u00b0-T.b.v.-Hide-a-Hose-en-Retraflex-1.webp\",\"datePublished\":\"2022-11-11T15:09:49+00:00\",\"dateModified\":\"2026-04-20T21:05:21+00:00\",\"breadcrumb\":{\"@id\":\"https:\\\/\\\/astrovac.nl\\\/winkel\\\/hah-bocht-90\\\/#breadcrumb\"},\"inLanguage\":\"de\",\"potentialAction\":[{\"@type\":\"ReadAction\",\"target\":[\"https:\\\/\\\/astrovac.nl\\\/winkel\\\/hah-bocht-90\\\/\"]}]},{\"@type\":\"ImageObject\",\"inLanguage\":\"de\",\"@id\":\"https:\\\/\\\/astrovac.nl\\\/winkel\\\/hah-bocht-90\\\/#primaryimage\",\"url\":\"https:\\\/\\\/astrovac.nl\\\/wp-content\\\/uploads\\\/2022\\\/11\\\/5024806402-PVC-bocht-90\u00b0-T.b.v.-Hide-a-Hose-en-Retraflex-1.webp\",\"contentUrl\":\"https:\\\/\\\/astrovac.nl\\\/wp-content\\\/uploads\\\/2022\\\/11\\\/5024806402-PVC-bocht-90\u00b0-T.b.v.-Hide-a-Hose-en-Retraflex-1.webp\",\"width\":1080,\"height\":1080,\"caption\":\"PVC bocht - 90\u00b0 - T.b.v. Hide-a-Hose en Retraflex\"},{\"@type\":\"BreadcrumbList\",\"@id\":\"https:\\\/\\\/astrovac.nl\\\/winkel\\\/hah-bocht-90\\\/#breadcrumb\",\"itemListElement\":[{\"@type\":\"ListItem\",\"position\":1,\"name\":\"Home\",\"item\":\"https:\\\/\\\/astrovac.nl\\\/\"},{\"@type\":\"ListItem\",\"position\":2,\"name\":\"Winkel\",\"item\":\"https:\\\/\\\/astrovac.nl\\\/winkel\\\/\"},{\"@type\":\"ListItem\",\"position\":3,\"name\":\"RetraFlex\",\"item\":\"https:\\\/\\\/astrovac.nl\\\/product-category\\\/retraflex\\\/\"},{\"@type\":\"ListItem\",\"position\":4,\"name\":\"PVC bocht &#8211; 90\u00b0 &#8211; T.b.v. Hide-a-Hose en Retraflex\"}]},{\"@type\":\"WebSite\",\"@id\":\"https:\\\/\\\/astrovac.nl\\\/de\\\/#website\",\"url\":\"https:\\\/\\\/astrovac.nl\\\/de\\\/\",\"name\":\"AstroVac\",\"description\":\"Centrale Stofzuiginstallaties\",\"publisher\":{\"@id\":\"https:\\\/\\\/astrovac.nl\\\/de\\\/#organization\"},\"potentialAction\":[{\"@type\":\"SearchAction\",\"target\":{\"@type\":\"EntryPoint\",\"urlTemplate\":\"https:\\\/\\\/astrovac.nl\\\/de\\\/?s={search_term_string}\"},\"query-input\":{\"@type\":\"PropertyValueSpecification\",\"valueRequired\":true,\"valueName\":\"search_term_string\"}}],\"inLanguage\":\"de\"},{\"@type\":\"Organization\",\"@id\":\"https:\\\/\\\/astrovac.nl\\\/de\\\/#organization\",\"name\":\"AstroVac\",\"url\":\"https:\\\/\\\/astrovac.nl\\\/de\\\/\",\"logo\":{\"@type\":\"ImageObject\",\"inLanguage\":\"de\",\"@id\":\"https:\\\/\\\/astrovac.nl\\\/de\\\/#\\\/schema\\\/logo\\\/image\\\/\",\"url\":\"https:\\\/\\\/astrovac.nl\\\/wp-content\\\/uploads\\\/2024\\\/03\\\/Astrovac-logo-2024.png\",\"contentUrl\":\"https:\\\/\\\/astrovac.nl\\\/wp-content\\\/uploads\\\/2024\\\/03\\\/Astrovac-logo-2024.png\",\"width\":3092,\"height\":906,\"caption\":\"AstroVac\"},\"image\":{\"@id\":\"https:\\\/\\\/astrovac.nl\\\/de\\\/#\\\/schema\\\/logo\\\/image\\\/\"},\"sameAs\":[\"https:\\\/\\\/www.facebook.com\\\/profile.php?id=61559925887346\"]}]}<\/script>\n<!-- \/ Yoast SEO plugin. -->","yoast_head_json":{"title":"PVC-Winkelst\u00fcck - 90\u00b0 - f\u00fcr Hide-a-Hose und Retraflex - AstroVac","robots":{"index":"index","follow":"follow","max-snippet":"max-snippet:-1","max-image-preview":"max-image-preview:large","max-video-preview":"max-video-preview:-1"},"canonical":"https:\/\/astrovac.nl\/de\/shop\/hah-biegen-90\/","og_locale":"de_DE","og_type":"article","og_title":"PVC bocht - 90\u00b0 - T.b.v. Hide-a-Hose en Retraflex - AstroVac","og_description":"Extra lange PVC 90\u00b0 bocht, speciaal ontwikkeld voor toepassing in combinatie met het Hide-a-Hose systeem. Voor Hide-a-Hose is toepassing van deze bochten een vereiste evenals voor het Retraflex systeem.","og_url":"https:\/\/astrovac.nl\/de\/shop\/hah-biegen-90\/","og_site_name":"AstroVac","article_publisher":"https:\/\/www.facebook.com\/profile.php?id=61559925887346","article_modified_time":"2026-04-20T21:05:21+00:00","og_image":[{"width":1080,"height":1080,"url":"https:\/\/astrovac.nl\/wp-content\/uploads\/2022\/11\/5024806402-PVC-bocht-90\u00b0-T.b.v.-Hide-a-Hose-en-Retraflex-1.webp","type":"image\/webp"}],"twitter_card":"summary_large_image","schema":{"@context":"https:\/\/schema.org","@graph":[{"@type":"WebPage","@id":"https:\/\/astrovac.nl\/winkel\/hah-bocht-90\/","url":"https:\/\/astrovac.nl\/winkel\/hah-bocht-90\/","name":"PVC-Winkelst\u00fcck - 90\u00b0 - f\u00fcr Hide-a-Hose und Retraflex - AstroVac","isPartOf":{"@id":"https:\/\/astrovac.nl\/de\/#website"},"primaryImageOfPage":{"@id":"https:\/\/astrovac.nl\/winkel\/hah-bocht-90\/#primaryimage"},"image":{"@id":"https:\/\/astrovac.nl\/winkel\/hah-bocht-90\/#primaryimage"},"thumbnailUrl":"https:\/\/astrovac.nl\/wp-content\/uploads\/2022\/11\/5024806402-PVC-bocht-90\u00b0-T.b.v.-Hide-a-Hose-en-Retraflex-1.webp","datePublished":"2022-11-11T15:09:49+00:00","dateModified":"2026-04-20T21:05:21+00:00","breadcrumb":{"@id":"https:\/\/astrovac.nl\/winkel\/hah-bocht-90\/#breadcrumb"},"inLanguage":"de","potentialAction":[{"@type":"ReadAction","target":["https:\/\/astrovac.nl\/winkel\/hah-bocht-90\/"]}]},{"@type":"ImageObject","inLanguage":"de","@id":"https:\/\/astrovac.nl\/winkel\/hah-bocht-90\/#primaryimage","url":"https:\/\/astrovac.nl\/wp-content\/uploads\/2022\/11\/5024806402-PVC-bocht-90\u00b0-T.b.v.-Hide-a-Hose-en-Retraflex-1.webp","contentUrl":"https:\/\/astrovac.nl\/wp-content\/uploads\/2022\/11\/5024806402-PVC-bocht-90\u00b0-T.b.v.-Hide-a-Hose-en-Retraflex-1.webp","width":1080,"height":1080,"caption":"PVC bocht - 90\u00b0 - T.b.v. Hide-a-Hose en Retraflex"},{"@type":"BreadcrumbList","@id":"https:\/\/astrovac.nl\/winkel\/hah-bocht-90\/#breadcrumb","itemListElement":[{"@type":"ListItem","position":1,"name":"Home","item":"https:\/\/astrovac.nl\/"},{"@type":"ListItem","position":2,"name":"Winkel","item":"https:\/\/astrovac.nl\/winkel\/"},{"@type":"ListItem","position":3,"name":"RetraFlex","item":"https:\/\/astrovac.nl\/product-category\/retraflex\/"},{"@type":"ListItem","position":4,"name":"PVC bocht &#8211; 90\u00b0 &#8211; T.b.v. Hide-a-Hose en Retraflex"}]},{"@type":"WebSite","@id":"https:\/\/astrovac.nl\/de\/#website","url":"https:\/\/astrovac.nl\/de\/","name":"AstroVac","description":"Zentrale Vakuumsysteme","publisher":{"@id":"https:\/\/astrovac.nl\/de\/#organization"},"potentialAction":[{"@type":"SearchAction","target":{"@type":"EntryPoint","urlTemplate":"https:\/\/astrovac.nl\/de\/?s={search_term_string}"},"query-input":{"@type":"PropertyValueSpecification","valueRequired":true,"valueName":"search_term_string"}}],"inLanguage":"de"},{"@type":"Organization","@id":"https:\/\/astrovac.nl\/de\/#organization","name":"AstroVac","url":"https:\/\/astrovac.nl\/de\/","logo":{"@type":"ImageObject","inLanguage":"de","@id":"https:\/\/astrovac.nl\/de\/#\/schema\/logo\/image\/","url":"https:\/\/astrovac.nl\/wp-content\/uploads\/2024\/03\/Astrovac-logo-2024.png","contentUrl":"https:\/\/astrovac.nl\/wp-content\/uploads\/2024\/03\/Astrovac-logo-2024.png","width":3092,"height":906,"caption":"AstroVac"},"image":{"@id":"https:\/\/astrovac.nl\/de\/#\/schema\/logo\/image\/"},"sameAs":["https:\/\/www.facebook.com\/profile.php?id=61559925887346"]}]}},"_links":{"self":[{"href":"https:\/\/astrovac.nl\/de\/wp-json\/wp\/v2\/product\/22801","targetHints":{"allow":["GET"]}}],"collection":[{"href":"https:\/\/astrovac.nl\/de\/wp-json\/wp\/v2\/product"}],"about":[{"href":"https:\/\/astrovac.nl\/de\/wp-json\/wp\/v2\/types\/product"}],"wp:featuredmedia":[{"embeddable":true,"href":"https:\/\/astrovac.nl\/de\/wp-json\/wp\/v2\/media\/26443"}],"wp:attachment":[{"href":"https:\/\/astrovac.nl\/de\/wp-json\/wp\/v2\/media?parent=22801"}],"wp:term":[{"taxonomy":"product_brand","embeddable":true,"href":"https:\/\/astrovac.nl\/de\/wp-json\/wp\/v2\/product_brand?post=22801"},{"taxonomy":"product_cat","embeddable":true,"href":"https:\/\/astrovac.nl\/de\/wp-json\/wp\/v2\/product_cat?post=22801"},{"taxonomy":"product_tag","embeddable":true,"href":"https:\/\/astrovac.nl\/de\/wp-json\/wp\/v2\/product_tag?post=22801"}],"curies":[{"name":"wp","href":"https:\/\/api.w.org\/{rel}","templated":true}]}}