{"id":24817,"date":"2024-05-13T15:40:23","date_gmt":"2024-05-13T14:40:23","guid":{"rendered":"https:\/\/astrovac.nl\/winkel\/opbouwcontact-vierkant-t-b-v-es-stofzuigcontact\/"},"modified":"2026-01-27T14:37:31","modified_gmt":"2026-01-27T13:37:31","slug":"quadratischer-aufputzkontakt-fur-es-absaugkontakt","status":"publish","type":"product","link":"https:\/\/astrovac.nl\/de\/winkel\/opbouwcontact-vierkant-t-b-v-es-stofzuigcontact\/","title":{"rendered":"Aufputz-Steckdose quadratisch - Klinke - wei\u00df"},"content":{"rendered":"<p>Quadratischer Kontakt f\u00fcr Oberfl\u00e4chenmontage<\/p>","protected":false},"excerpt":{"rendered":"<p>Quadratischer Kontakt f\u00fcr Oberfl\u00e4chenmontage<\/p>","protected":false},"featured_media":25786,"template":"","meta":[],"product_brand":[],"product_cat":[639],"product_tag":[],"class_list":{"0":"post-24817","1":"product","2":"type-product","3":"status-publish","4":"has-post-thumbnail","6":"product_cat-opbouw-contact","8":"first","9":"instock","10":"taxable","11":"shipping-taxable","12":"purchasable","13":"product-type-simple"},"yoast_head":"<!-- This site is optimized with the Yoast SEO plugin v27.3 - https:\/\/yoast.com\/product\/yoast-seo-wordpress\/ -->\n<title>Opbouwcontact vierkant - pin jack - wit - AstroVac<\/title>\n<meta name=\"robots\" content=\"index, follow, max-snippet:-1, max-image-preview:large, max-video-preview:-1\" \/>\n<link rel=\"canonical\" href=\"https:\/\/astrovac.nl\/de\/shop\/quadratischer-aufputzkontakt-fur-es-absaugkontakt\/\" \/>\n<meta property=\"og:locale\" content=\"de_DE\" \/>\n<meta property=\"og:type\" content=\"article\" \/>\n<meta property=\"og:title\" content=\"Opbouwcontact vierkant - pin jack - wit - AstroVac\" \/>\n<meta property=\"og:description\" content=\"Opbouwcontact vierkant\" \/>\n<meta property=\"og:url\" content=\"https:\/\/astrovac.nl\/de\/shop\/quadratischer-aufputzkontakt-fur-es-absaugkontakt\/\" \/>\n<meta property=\"og:site_name\" content=\"AstroVac\" \/>\n<meta property=\"article:publisher\" content=\"https:\/\/www.facebook.com\/profile.php?id=61559925887346\" \/>\n<meta property=\"article:modified_time\" content=\"2026-01-27T13:37:31+00:00\" \/>\n<meta property=\"og:image\" content=\"https:\/\/astrovac.nl\/wp-content\/uploads\/2024\/05\/5024203039-Opbouwcontact-vierkant-pin-jack-wit-2.webp\" \/>\n\t<meta property=\"og:image:width\" content=\"1080\" \/>\n\t<meta property=\"og:image:height\" content=\"1080\" \/>\n\t<meta property=\"og:image:type\" content=\"image\/webp\" \/>\n<meta name=\"twitter:card\" content=\"summary_large_image\" \/>\n<script type=\"application\/ld+json\" class=\"yoast-schema-graph\">{\"@context\":\"https:\\\/\\\/schema.org\",\"@graph\":[{\"@type\":\"WebPage\",\"@id\":\"https:\\\/\\\/astrovac.nl\\\/winkel\\\/opbouwcontact-vierkant-t-b-v-es-stofzuigcontact\\\/\",\"url\":\"https:\\\/\\\/astrovac.nl\\\/winkel\\\/opbouwcontact-vierkant-t-b-v-es-stofzuigcontact\\\/\",\"name\":\"Opbouwcontact vierkant - pin jack - wit - AstroVac\",\"isPartOf\":{\"@id\":\"https:\\\/\\\/astrovac.nl\\\/de\\\/#website\"},\"primaryImageOfPage\":{\"@id\":\"https:\\\/\\\/astrovac.nl\\\/winkel\\\/opbouwcontact-vierkant-t-b-v-es-stofzuigcontact\\\/#primaryimage\"},\"image\":{\"@id\":\"https:\\\/\\\/astrovac.nl\\\/winkel\\\/opbouwcontact-vierkant-t-b-v-es-stofzuigcontact\\\/#primaryimage\"},\"thumbnailUrl\":\"https:\\\/\\\/astrovac.nl\\\/wp-content\\\/uploads\\\/2024\\\/05\\\/5024203039-Opbouwcontact-vierkant-pin-jack-wit-2.webp\",\"datePublished\":\"2024-05-13T14:40:23+00:00\",\"dateModified\":\"2026-01-27T13:37:31+00:00\",\"breadcrumb\":{\"@id\":\"https:\\\/\\\/astrovac.nl\\\/winkel\\\/opbouwcontact-vierkant-t-b-v-es-stofzuigcontact\\\/#breadcrumb\"},\"inLanguage\":\"de\",\"potentialAction\":[{\"@type\":\"ReadAction\",\"target\":[\"https:\\\/\\\/astrovac.nl\\\/winkel\\\/opbouwcontact-vierkant-t-b-v-es-stofzuigcontact\\\/\"]}]},{\"@type\":\"ImageObject\",\"inLanguage\":\"de\",\"@id\":\"https:\\\/\\\/astrovac.nl\\\/winkel\\\/opbouwcontact-vierkant-t-b-v-es-stofzuigcontact\\\/#primaryimage\",\"url\":\"https:\\\/\\\/astrovac.nl\\\/wp-content\\\/uploads\\\/2024\\\/05\\\/5024203039-Opbouwcontact-vierkant-pin-jack-wit-2.webp\",\"contentUrl\":\"https:\\\/\\\/astrovac.nl\\\/wp-content\\\/uploads\\\/2024\\\/05\\\/5024203039-Opbouwcontact-vierkant-pin-jack-wit-2.webp\",\"width\":1080,\"height\":1080,\"caption\":\"Opbouwcontact vierkant - pin jack - wit\"},{\"@type\":\"BreadcrumbList\",\"@id\":\"https:\\\/\\\/astrovac.nl\\\/winkel\\\/opbouwcontact-vierkant-t-b-v-es-stofzuigcontact\\\/#breadcrumb\",\"itemListElement\":[{\"@type\":\"ListItem\",\"position\":1,\"name\":\"Home\",\"item\":\"https:\\\/\\\/astrovac.nl\\\/\"},{\"@type\":\"ListItem\",\"position\":2,\"name\":\"Winkel\",\"item\":\"https:\\\/\\\/astrovac.nl\\\/winkel\\\/\"},{\"@type\":\"ListItem\",\"position\":3,\"name\":\"Stofzuigcontacten\",\"item\":\"https:\\\/\\\/astrovac.nl\\\/product-category\\\/stofzuigcontacten-1\\\/\"},{\"@type\":\"ListItem\",\"position\":4,\"name\":\"Opbouw-contact\",\"item\":\"https:\\\/\\\/astrovac.nl\\\/product-category\\\/stofzuigcontacten-1\\\/opbouw-contact\\\/\"},{\"@type\":\"ListItem\",\"position\":5,\"name\":\"Opbouwcontact vierkant &#8211; pin jack &#8211; wit\"}]},{\"@type\":\"WebSite\",\"@id\":\"https:\\\/\\\/astrovac.nl\\\/de\\\/#website\",\"url\":\"https:\\\/\\\/astrovac.nl\\\/de\\\/\",\"name\":\"AstroVac\",\"description\":\"Centrale Stofzuiginstallaties\",\"publisher\":{\"@id\":\"https:\\\/\\\/astrovac.nl\\\/de\\\/#organization\"},\"potentialAction\":[{\"@type\":\"SearchAction\",\"target\":{\"@type\":\"EntryPoint\",\"urlTemplate\":\"https:\\\/\\\/astrovac.nl\\\/de\\\/?s={search_term_string}\"},\"query-input\":{\"@type\":\"PropertyValueSpecification\",\"valueRequired\":true,\"valueName\":\"search_term_string\"}}],\"inLanguage\":\"de\"},{\"@type\":\"Organization\",\"@id\":\"https:\\\/\\\/astrovac.nl\\\/de\\\/#organization\",\"name\":\"AstroVac\",\"url\":\"https:\\\/\\\/astrovac.nl\\\/de\\\/\",\"logo\":{\"@type\":\"ImageObject\",\"inLanguage\":\"de\",\"@id\":\"https:\\\/\\\/astrovac.nl\\\/de\\\/#\\\/schema\\\/logo\\\/image\\\/\",\"url\":\"https:\\\/\\\/astrovac.nl\\\/wp-content\\\/uploads\\\/2024\\\/03\\\/Astrovac-logo-2024.png\",\"contentUrl\":\"https:\\\/\\\/astrovac.nl\\\/wp-content\\\/uploads\\\/2024\\\/03\\\/Astrovac-logo-2024.png\",\"width\":3092,\"height\":906,\"caption\":\"AstroVac\"},\"image\":{\"@id\":\"https:\\\/\\\/astrovac.nl\\\/de\\\/#\\\/schema\\\/logo\\\/image\\\/\"},\"sameAs\":[\"https:\\\/\\\/www.facebook.com\\\/profile.php?id=61559925887346\"]}]}<\/script>\n<!-- \/ Yoast SEO plugin. -->","yoast_head_json":{"title":"Aufputz-Steckdose quadratisch - Stiftbuchse - wei\u00df - AstroVac","robots":{"index":"index","follow":"follow","max-snippet":"max-snippet:-1","max-image-preview":"max-image-preview:large","max-video-preview":"max-video-preview:-1"},"canonical":"https:\/\/astrovac.nl\/de\/shop\/quadratischer-aufputzkontakt-fur-es-absaugkontakt\/","og_locale":"de_DE","og_type":"article","og_title":"Opbouwcontact vierkant - pin jack - wit - AstroVac","og_description":"Opbouwcontact vierkant","og_url":"https:\/\/astrovac.nl\/de\/shop\/quadratischer-aufputzkontakt-fur-es-absaugkontakt\/","og_site_name":"AstroVac","article_publisher":"https:\/\/www.facebook.com\/profile.php?id=61559925887346","article_modified_time":"2026-01-27T13:37:31+00:00","og_image":[{"width":1080,"height":1080,"url":"https:\/\/astrovac.nl\/wp-content\/uploads\/2024\/05\/5024203039-Opbouwcontact-vierkant-pin-jack-wit-2.webp","type":"image\/webp"}],"twitter_card":"summary_large_image","schema":{"@context":"https:\/\/schema.org","@graph":[{"@type":"WebPage","@id":"https:\/\/astrovac.nl\/winkel\/opbouwcontact-vierkant-t-b-v-es-stofzuigcontact\/","url":"https:\/\/astrovac.nl\/winkel\/opbouwcontact-vierkant-t-b-v-es-stofzuigcontact\/","name":"Aufputz-Steckdose quadratisch - Stiftbuchse - wei\u00df - AstroVac","isPartOf":{"@id":"https:\/\/astrovac.nl\/de\/#website"},"primaryImageOfPage":{"@id":"https:\/\/astrovac.nl\/winkel\/opbouwcontact-vierkant-t-b-v-es-stofzuigcontact\/#primaryimage"},"image":{"@id":"https:\/\/astrovac.nl\/winkel\/opbouwcontact-vierkant-t-b-v-es-stofzuigcontact\/#primaryimage"},"thumbnailUrl":"https:\/\/astrovac.nl\/wp-content\/uploads\/2024\/05\/5024203039-Opbouwcontact-vierkant-pin-jack-wit-2.webp","datePublished":"2024-05-13T14:40:23+00:00","dateModified":"2026-01-27T13:37:31+00:00","breadcrumb":{"@id":"https:\/\/astrovac.nl\/winkel\/opbouwcontact-vierkant-t-b-v-es-stofzuigcontact\/#breadcrumb"},"inLanguage":"de","potentialAction":[{"@type":"ReadAction","target":["https:\/\/astrovac.nl\/winkel\/opbouwcontact-vierkant-t-b-v-es-stofzuigcontact\/"]}]},{"@type":"ImageObject","inLanguage":"de","@id":"https:\/\/astrovac.nl\/winkel\/opbouwcontact-vierkant-t-b-v-es-stofzuigcontact\/#primaryimage","url":"https:\/\/astrovac.nl\/wp-content\/uploads\/2024\/05\/5024203039-Opbouwcontact-vierkant-pin-jack-wit-2.webp","contentUrl":"https:\/\/astrovac.nl\/wp-content\/uploads\/2024\/05\/5024203039-Opbouwcontact-vierkant-pin-jack-wit-2.webp","width":1080,"height":1080,"caption":"Opbouwcontact vierkant - pin jack - wit"},{"@type":"BreadcrumbList","@id":"https:\/\/astrovac.nl\/winkel\/opbouwcontact-vierkant-t-b-v-es-stofzuigcontact\/#breadcrumb","itemListElement":[{"@type":"ListItem","position":1,"name":"Home","item":"https:\/\/astrovac.nl\/"},{"@type":"ListItem","position":2,"name":"Winkel","item":"https:\/\/astrovac.nl\/winkel\/"},{"@type":"ListItem","position":3,"name":"Stofzuigcontacten","item":"https:\/\/astrovac.nl\/product-category\/stofzuigcontacten-1\/"},{"@type":"ListItem","position":4,"name":"Opbouw-contact","item":"https:\/\/astrovac.nl\/product-category\/stofzuigcontacten-1\/opbouw-contact\/"},{"@type":"ListItem","position":5,"name":"Opbouwcontact vierkant &#8211; pin jack &#8211; wit"}]},{"@type":"WebSite","@id":"https:\/\/astrovac.nl\/de\/#website","url":"https:\/\/astrovac.nl\/de\/","name":"AstroVac","description":"Zentrale Vakuumsysteme","publisher":{"@id":"https:\/\/astrovac.nl\/de\/#organization"},"potentialAction":[{"@type":"SearchAction","target":{"@type":"EntryPoint","urlTemplate":"https:\/\/astrovac.nl\/de\/?s={search_term_string}"},"query-input":{"@type":"PropertyValueSpecification","valueRequired":true,"valueName":"search_term_string"}}],"inLanguage":"de"},{"@type":"Organization","@id":"https:\/\/astrovac.nl\/de\/#organization","name":"AstroVac","url":"https:\/\/astrovac.nl\/de\/","logo":{"@type":"ImageObject","inLanguage":"de","@id":"https:\/\/astrovac.nl\/de\/#\/schema\/logo\/image\/","url":"https:\/\/astrovac.nl\/wp-content\/uploads\/2024\/03\/Astrovac-logo-2024.png","contentUrl":"https:\/\/astrovac.nl\/wp-content\/uploads\/2024\/03\/Astrovac-logo-2024.png","width":3092,"height":906,"caption":"AstroVac"},"image":{"@id":"https:\/\/astrovac.nl\/de\/#\/schema\/logo\/image\/"},"sameAs":["https:\/\/www.facebook.com\/profile.php?id=61559925887346"]}]}},"_links":{"self":[{"href":"https:\/\/astrovac.nl\/de\/wp-json\/wp\/v2\/product\/24817","targetHints":{"allow":["GET"]}}],"collection":[{"href":"https:\/\/astrovac.nl\/de\/wp-json\/wp\/v2\/product"}],"about":[{"href":"https:\/\/astrovac.nl\/de\/wp-json\/wp\/v2\/types\/product"}],"wp:featuredmedia":[{"embeddable":true,"href":"https:\/\/astrovac.nl\/de\/wp-json\/wp\/v2\/media\/25786"}],"wp:attachment":[{"href":"https:\/\/astrovac.nl\/de\/wp-json\/wp\/v2\/media?parent=24817"}],"wp:term":[{"taxonomy":"product_brand","embeddable":true,"href":"https:\/\/astrovac.nl\/de\/wp-json\/wp\/v2\/product_brand?post=24817"},{"taxonomy":"product_cat","embeddable":true,"href":"https:\/\/astrovac.nl\/de\/wp-json\/wp\/v2\/product_cat?post=24817"},{"taxonomy":"product_tag","embeddable":true,"href":"https:\/\/astrovac.nl\/de\/wp-json\/wp\/v2\/product_tag?post=24817"}],"curies":[{"name":"wp","href":"https:\/\/api.w.org\/{rel}","templated":true}]}}