{"id":26057,"date":"2024-12-31T18:10:18","date_gmt":"2024-12-31T17:10:18","guid":{"rendered":"https:\/\/astrovac.nl\/winkel\/slimline-verloop-51mm-mof-mof\/"},"modified":"2026-01-01T02:18:00","modified_gmt":"2026-01-01T01:18:00","slug":"slimline-reduzierer-51mm-hulse-hulse","status":"publish","type":"product","link":"https:\/\/astrovac.nl\/de\/winkel\/slimline-verloop-51mm-mof-mof\/","title":{"rendered":"SlimLine Junction - 51mm - H\u00fclse-H\u00fclse"},"content":{"rendered":"<h1><strong>SlimLine Junction 51mm Socket-Sleeve - F\u00fcr den Anschluss an traditionelle Rohrleitungen<\/strong><\/h1>\n<p>Die SlimLine-Reduziermuffe 51mm wurde speziell entwickelt, um einen einfachen \u00dcbergang zwischen SlimLine-Rohrleitungen und herk\u00f6mmlichen 51mm-Rohrleitungen zu schaffen. Dies ist besonders n\u00fctzlich, wenn das SlimLine-System nur in einem Teil der Strecke oder in einem Raum verwendet wird. Dank dieser cleveren Verbindung k\u00f6nnen Sie beide Systeme ohne Verlust der Luftdichtigkeit oder Saugf\u00e4higkeit kombinieren.<\/p>\n<h2><strong>Merkmale:<\/strong><\/h2>\n<ul>\n<li>Geeignet f\u00fcr SlimLine-Schl\u00e4uche und Standard-Saugschlauch \u00d8 51 mm<\/li>\n<li>Beidseitig mit Muffenende (\u00fcberschiebbar) ausgestattet<\/li>\n<li>Solide, stabile Verbindung ohne Luftverlust<\/li>\n<li>Erm\u00f6glicht einen sauberen \u00dcbergang zwischen SlimLine und herk\u00f6mmlicher Verrohrung<\/li>\n<li>Leicht zu verkleben mit handels\u00fcblichem PVC-Kleber<\/li>\n<li>Hergestellt aus hochwertigem Kunststoff<\/li>\n<\/ul>\n<h2><strong>Anwendung:<\/strong><\/h2>\n<p>Verwenden Sie dieses Reduzierst\u00fcck, wenn Sie SlimLine-Rohre an Standardrohre mit \u00d8 51 mm anschlie\u00dfen m\u00f6chten. Auf diese Weise k\u00f6nnen Sie problemlos zwei verschiedene Arten von Rohrleitungen in einem zentralen Vakuumsystem ohne komplizierte \u00dcberg\u00e4nge verbinden. Die Muffenverbindung gew\u00e4hrleistet eine luftdichte Verbindung, was wichtig ist, um Druckverluste und eine verminderte Saugleistung zu vermeiden. Die Verklebung ist einfach auf dem\u00a0<strong>au\u00dferhalb<\/strong> des Rohrs, bevor sie in das Reduzierst\u00fcck geschoben werden.<\/p>\n<p>Au\u00dferdem bietet er Flexibilit\u00e4t bei der Installation oder Erweiterung. Sie k\u00f6nnen das Reduzierst\u00fcck bei Neubauten, Renovierungen oder bei der Modifizierung bestehender Systeme verwenden.<\/p>\n<p>F\u00fcr die beste Verbindung kombinieren Sie dieses Reduzierst\u00fcck mit dem<a href=\"https:\/\/astrovac.nl\/de\/shop\/slimline-pvc-rohr-150cm-pro-stuck\/\"> SlimLine PVC-Rohr<\/a> und die<a href=\"https:\/\/astrovac.nl\/de\/shop\/slimline-pvc-rohr-150cm-pro-stuck\/\"> Bessere R\u00f6hren<\/a>. Diese f\u00fcgen sich perfekt in das Gef\u00e4lle ein und bilden zusammen einen stabilen, sauberen \u00dcbergang zwischen den beiden Systemen.<\/p>\n<h3><strong>Empfohlene Verwendung:<\/strong><\/h3>\n<ul>\n<li>Ideal f\u00fcr den \u00dcbergang von herk\u00f6mmlichen Rohrleitungen mit \u00d8 51 mm zu SlimLine<\/li>\n<li>Zu verwenden bei der Erweiterung oder dem Austausch von Systemen<\/li>\n<li>Pr\u00fcfen Sie immer, ob beide Enden richtig sitzen, um eine luftdichte Verbindung herzustellen.<\/li>\n<\/ul>\n<p>Der SlimLine-Adapter 51 mm Muffe-Muffe ist ein unverzichtbares Zubeh\u00f6r f\u00fcr jeden Installateur oder Benutzer, der SlimLine und herk\u00f6mmliche Rohrleitungen in einem Zentralstaubsaugersystem kombinieren m\u00f6chte. Dies erm\u00f6glicht eine flexible und effiziente Installation, ohne Kompromisse bei der Leistung einzugehen. Zuverl\u00e4ssige Luftdichtheit, maximale Saugleistung und ein sauberer Abschluss, auch bei komplexen oder platzsparenden Installationen.<\/p>","protected":false},"excerpt":{"rendered":"<p>Die SlimLine-Reduziermuffe (51 mm) erm\u00f6glicht den einfachen \u00dcbergang vom SlimLine-System zum herk\u00f6mmlichen 51-mm-System in einem Zentralstaubsaugersystem.<\/p>","protected":false},"featured_media":26302,"template":"","meta":[],"product_brand":[],"product_cat":[695],"product_tag":[],"class_list":{"0":"post-26057","1":"product","2":"type-product","3":"status-publish","4":"has-post-thumbnail","6":"product_cat-slimline-ultra-dunne-zuigbuis","8":"first","9":"instock","10":"taxable","11":"shipping-taxable","12":"purchasable","13":"product-type-simple"},"yoast_head":"<!-- This site is optimized with the Yoast SEO plugin v27.3 - https:\/\/yoast.com\/product\/yoast-seo-wordpress\/ -->\n<title>SlimLine Verloop - 51mm - Mof-Mof - AstroVac<\/title>\n<meta name=\"description\" content=\"SlimLine verloop 51mm mof-mof voor centrale stofzuigersystemen. Ontworpen om eenvoudig de overgang te maken van 51mm leidingwerk naar SlimLine leidingwerk.\" \/>\n<meta name=\"robots\" content=\"index, follow, max-snippet:-1, max-image-preview:large, max-video-preview:-1\" \/>\n<link rel=\"canonical\" href=\"https:\/\/astrovac.nl\/de\/shop\/slimline-reduzierer-51mm-hulse-hulse\/\" \/>\n<meta property=\"og:locale\" content=\"de_DE\" \/>\n<meta property=\"og:type\" content=\"article\" \/>\n<meta property=\"og:title\" content=\"SlimLine Verloop - 51mm - Mof-Mof - AstroVac\" \/>\n<meta property=\"og:description\" content=\"SlimLine verloop 51mm mof-mof voor centrale stofzuigersystemen. Ontworpen om eenvoudig de overgang te maken van 51mm leidingwerk naar SlimLine leidingwerk.\" \/>\n<meta property=\"og:url\" content=\"https:\/\/astrovac.nl\/de\/shop\/slimline-reduzierer-51mm-hulse-hulse\/\" \/>\n<meta property=\"og:site_name\" content=\"AstroVac\" \/>\n<meta property=\"article:publisher\" content=\"https:\/\/www.facebook.com\/profile.php?id=61559925887346\" \/>\n<meta property=\"article:modified_time\" content=\"2026-01-01T01:18:00+00:00\" \/>\n<meta property=\"og:image\" content=\"https:\/\/astrovac.nl\/wp-content\/uploads\/2024\/12\/5024400031-SlimLine-Verloop-51mm-Mof-Mof-2.webp\" \/>\n\t<meta property=\"og:image:width\" content=\"1080\" \/>\n\t<meta property=\"og:image:height\" content=\"1080\" \/>\n\t<meta property=\"og:image:type\" content=\"image\/webp\" \/>\n<meta name=\"twitter:card\" content=\"summary_large_image\" \/>\n<meta name=\"twitter:label1\" content=\"Gesch\u00e4tzte Lesezeit\" \/>\n\t<meta name=\"twitter:data1\" content=\"2\u00a0Minuten\" \/>\n<script type=\"application\/ld+json\" class=\"yoast-schema-graph\">{\"@context\":\"https:\\\/\\\/schema.org\",\"@graph\":[{\"@type\":\"WebPage\",\"@id\":\"https:\\\/\\\/astrovac.nl\\\/winkel\\\/slimline-verloop-51mm-mof-mof\\\/\",\"url\":\"https:\\\/\\\/astrovac.nl\\\/winkel\\\/slimline-verloop-51mm-mof-mof\\\/\",\"name\":\"SlimLine Verloop - 51mm - Mof-Mof - AstroVac\",\"isPartOf\":{\"@id\":\"https:\\\/\\\/astrovac.nl\\\/de\\\/#website\"},\"primaryImageOfPage\":{\"@id\":\"https:\\\/\\\/astrovac.nl\\\/winkel\\\/slimline-verloop-51mm-mof-mof\\\/#primaryimage\"},\"image\":{\"@id\":\"https:\\\/\\\/astrovac.nl\\\/winkel\\\/slimline-verloop-51mm-mof-mof\\\/#primaryimage\"},\"thumbnailUrl\":\"https:\\\/\\\/astrovac.nl\\\/wp-content\\\/uploads\\\/2024\\\/12\\\/5024400031-SlimLine-Verloop-51mm-Mof-Mof-2.webp\",\"datePublished\":\"2024-12-31T17:10:18+00:00\",\"dateModified\":\"2026-01-01T01:18:00+00:00\",\"description\":\"SlimLine verloop 51mm mof-mof voor centrale stofzuigersystemen. Ontworpen om eenvoudig de overgang te maken van 51mm leidingwerk naar SlimLine leidingwerk.\",\"breadcrumb\":{\"@id\":\"https:\\\/\\\/astrovac.nl\\\/winkel\\\/slimline-verloop-51mm-mof-mof\\\/#breadcrumb\"},\"inLanguage\":\"de\",\"potentialAction\":[{\"@type\":\"ReadAction\",\"target\":[\"https:\\\/\\\/astrovac.nl\\\/winkel\\\/slimline-verloop-51mm-mof-mof\\\/\"]}]},{\"@type\":\"ImageObject\",\"inLanguage\":\"de\",\"@id\":\"https:\\\/\\\/astrovac.nl\\\/winkel\\\/slimline-verloop-51mm-mof-mof\\\/#primaryimage\",\"url\":\"https:\\\/\\\/astrovac.nl\\\/wp-content\\\/uploads\\\/2024\\\/12\\\/5024400031-SlimLine-Verloop-51mm-Mof-Mof-2.webp\",\"contentUrl\":\"https:\\\/\\\/astrovac.nl\\\/wp-content\\\/uploads\\\/2024\\\/12\\\/5024400031-SlimLine-Verloop-51mm-Mof-Mof-2.webp\",\"width\":1080,\"height\":1080,\"caption\":\"SlimLine Verloop - 51mm - Mof-Mof\"},{\"@type\":\"BreadcrumbList\",\"@id\":\"https:\\\/\\\/astrovac.nl\\\/winkel\\\/slimline-verloop-51mm-mof-mof\\\/#breadcrumb\",\"itemListElement\":[{\"@type\":\"ListItem\",\"position\":1,\"name\":\"Home\",\"item\":\"https:\\\/\\\/astrovac.nl\\\/\"},{\"@type\":\"ListItem\",\"position\":2,\"name\":\"Winkel\",\"item\":\"https:\\\/\\\/astrovac.nl\\\/winkel\\\/\"},{\"@type\":\"ListItem\",\"position\":3,\"name\":\"SlimLine - Ultra dunne zuigbuis\",\"item\":\"https:\\\/\\\/astrovac.nl\\\/product-category\\\/slimline-ultra-dunne-zuigbuis\\\/\"},{\"@type\":\"ListItem\",\"position\":4,\"name\":\"SlimLine Verloop &#8211; 51mm &#8211; Mof-Mof\"}]},{\"@type\":\"WebSite\",\"@id\":\"https:\\\/\\\/astrovac.nl\\\/de\\\/#website\",\"url\":\"https:\\\/\\\/astrovac.nl\\\/de\\\/\",\"name\":\"AstroVac\",\"description\":\"Centrale Stofzuiginstallaties\",\"publisher\":{\"@id\":\"https:\\\/\\\/astrovac.nl\\\/de\\\/#organization\"},\"potentialAction\":[{\"@type\":\"SearchAction\",\"target\":{\"@type\":\"EntryPoint\",\"urlTemplate\":\"https:\\\/\\\/astrovac.nl\\\/de\\\/?s={search_term_string}\"},\"query-input\":{\"@type\":\"PropertyValueSpecification\",\"valueRequired\":true,\"valueName\":\"search_term_string\"}}],\"inLanguage\":\"de\"},{\"@type\":\"Organization\",\"@id\":\"https:\\\/\\\/astrovac.nl\\\/de\\\/#organization\",\"name\":\"AstroVac\",\"url\":\"https:\\\/\\\/astrovac.nl\\\/de\\\/\",\"logo\":{\"@type\":\"ImageObject\",\"inLanguage\":\"de\",\"@id\":\"https:\\\/\\\/astrovac.nl\\\/de\\\/#\\\/schema\\\/logo\\\/image\\\/\",\"url\":\"https:\\\/\\\/astrovac.nl\\\/wp-content\\\/uploads\\\/2024\\\/03\\\/Astrovac-logo-2024.png\",\"contentUrl\":\"https:\\\/\\\/astrovac.nl\\\/wp-content\\\/uploads\\\/2024\\\/03\\\/Astrovac-logo-2024.png\",\"width\":3092,\"height\":906,\"caption\":\"AstroVac\"},\"image\":{\"@id\":\"https:\\\/\\\/astrovac.nl\\\/de\\\/#\\\/schema\\\/logo\\\/image\\\/\"},\"sameAs\":[\"https:\\\/\\\/www.facebook.com\\\/profile.php?id=61559925887346\"]}]}<\/script>\n<!-- \/ Yoast SEO plugin. -->","yoast_head_json":{"title":"SlimLine Abzweigung - 51mm - Muffe-Muffe - AstroVac","description":"SlimLine Reduzierst\u00fcck 51mm Muffe-Muffe f\u00fcr Zentralstaubsauganlagen. F\u00fcr den einfachen \u00dcbergang von 51-mm-Rohrleitungen auf SlimLine-Rohrleitungen.","robots":{"index":"index","follow":"follow","max-snippet":"max-snippet:-1","max-image-preview":"max-image-preview:large","max-video-preview":"max-video-preview:-1"},"canonical":"https:\/\/astrovac.nl\/de\/shop\/slimline-reduzierer-51mm-hulse-hulse\/","og_locale":"de_DE","og_type":"article","og_title":"SlimLine Verloop - 51mm - Mof-Mof - AstroVac","og_description":"SlimLine verloop 51mm mof-mof voor centrale stofzuigersystemen. Ontworpen om eenvoudig de overgang te maken van 51mm leidingwerk naar SlimLine leidingwerk.","og_url":"https:\/\/astrovac.nl\/de\/shop\/slimline-reduzierer-51mm-hulse-hulse\/","og_site_name":"AstroVac","article_publisher":"https:\/\/www.facebook.com\/profile.php?id=61559925887346","article_modified_time":"2026-01-01T01:18:00+00:00","og_image":[{"width":1080,"height":1080,"url":"https:\/\/astrovac.nl\/wp-content\/uploads\/2024\/12\/5024400031-SlimLine-Verloop-51mm-Mof-Mof-2.webp","type":"image\/webp"}],"twitter_card":"summary_large_image","twitter_misc":{"Gesch\u00e4tzte Lesezeit":"2\u00a0Minuten"},"schema":{"@context":"https:\/\/schema.org","@graph":[{"@type":"WebPage","@id":"https:\/\/astrovac.nl\/winkel\/slimline-verloop-51mm-mof-mof\/","url":"https:\/\/astrovac.nl\/winkel\/slimline-verloop-51mm-mof-mof\/","name":"SlimLine Abzweigung - 51mm - Muffe-Muffe - AstroVac","isPartOf":{"@id":"https:\/\/astrovac.nl\/de\/#website"},"primaryImageOfPage":{"@id":"https:\/\/astrovac.nl\/winkel\/slimline-verloop-51mm-mof-mof\/#primaryimage"},"image":{"@id":"https:\/\/astrovac.nl\/winkel\/slimline-verloop-51mm-mof-mof\/#primaryimage"},"thumbnailUrl":"https:\/\/astrovac.nl\/wp-content\/uploads\/2024\/12\/5024400031-SlimLine-Verloop-51mm-Mof-Mof-2.webp","datePublished":"2024-12-31T17:10:18+00:00","dateModified":"2026-01-01T01:18:00+00:00","description":"SlimLine Reduzierst\u00fcck 51mm Muffe-Muffe f\u00fcr Zentralstaubsauganlagen. F\u00fcr den einfachen \u00dcbergang von 51-mm-Rohrleitungen auf SlimLine-Rohrleitungen.","breadcrumb":{"@id":"https:\/\/astrovac.nl\/winkel\/slimline-verloop-51mm-mof-mof\/#breadcrumb"},"inLanguage":"de","potentialAction":[{"@type":"ReadAction","target":["https:\/\/astrovac.nl\/winkel\/slimline-verloop-51mm-mof-mof\/"]}]},{"@type":"ImageObject","inLanguage":"de","@id":"https:\/\/astrovac.nl\/winkel\/slimline-verloop-51mm-mof-mof\/#primaryimage","url":"https:\/\/astrovac.nl\/wp-content\/uploads\/2024\/12\/5024400031-SlimLine-Verloop-51mm-Mof-Mof-2.webp","contentUrl":"https:\/\/astrovac.nl\/wp-content\/uploads\/2024\/12\/5024400031-SlimLine-Verloop-51mm-Mof-Mof-2.webp","width":1080,"height":1080,"caption":"SlimLine Verloop - 51mm - Mof-Mof"},{"@type":"BreadcrumbList","@id":"https:\/\/astrovac.nl\/winkel\/slimline-verloop-51mm-mof-mof\/#breadcrumb","itemListElement":[{"@type":"ListItem","position":1,"name":"Home","item":"https:\/\/astrovac.nl\/"},{"@type":"ListItem","position":2,"name":"Winkel","item":"https:\/\/astrovac.nl\/winkel\/"},{"@type":"ListItem","position":3,"name":"SlimLine - Ultra dunne zuigbuis","item":"https:\/\/astrovac.nl\/product-category\/slimline-ultra-dunne-zuigbuis\/"},{"@type":"ListItem","position":4,"name":"SlimLine Verloop &#8211; 51mm &#8211; Mof-Mof"}]},{"@type":"WebSite","@id":"https:\/\/astrovac.nl\/de\/#website","url":"https:\/\/astrovac.nl\/de\/","name":"AstroVac","description":"Zentrale Vakuumsysteme","publisher":{"@id":"https:\/\/astrovac.nl\/de\/#organization"},"potentialAction":[{"@type":"SearchAction","target":{"@type":"EntryPoint","urlTemplate":"https:\/\/astrovac.nl\/de\/?s={search_term_string}"},"query-input":{"@type":"PropertyValueSpecification","valueRequired":true,"valueName":"search_term_string"}}],"inLanguage":"de"},{"@type":"Organization","@id":"https:\/\/astrovac.nl\/de\/#organization","name":"AstroVac","url":"https:\/\/astrovac.nl\/de\/","logo":{"@type":"ImageObject","inLanguage":"de","@id":"https:\/\/astrovac.nl\/de\/#\/schema\/logo\/image\/","url":"https:\/\/astrovac.nl\/wp-content\/uploads\/2024\/03\/Astrovac-logo-2024.png","contentUrl":"https:\/\/astrovac.nl\/wp-content\/uploads\/2024\/03\/Astrovac-logo-2024.png","width":3092,"height":906,"caption":"AstroVac"},"image":{"@id":"https:\/\/astrovac.nl\/de\/#\/schema\/logo\/image\/"},"sameAs":["https:\/\/www.facebook.com\/profile.php?id=61559925887346"]}]}},"_links":{"self":[{"href":"https:\/\/astrovac.nl\/de\/wp-json\/wp\/v2\/product\/26057","targetHints":{"allow":["GET"]}}],"collection":[{"href":"https:\/\/astrovac.nl\/de\/wp-json\/wp\/v2\/product"}],"about":[{"href":"https:\/\/astrovac.nl\/de\/wp-json\/wp\/v2\/types\/product"}],"wp:featuredmedia":[{"embeddable":true,"href":"https:\/\/astrovac.nl\/de\/wp-json\/wp\/v2\/media\/26302"}],"wp:attachment":[{"href":"https:\/\/astrovac.nl\/de\/wp-json\/wp\/v2\/media?parent=26057"}],"wp:term":[{"taxonomy":"product_brand","embeddable":true,"href":"https:\/\/astrovac.nl\/de\/wp-json\/wp\/v2\/product_brand?post=26057"},{"taxonomy":"product_cat","embeddable":true,"href":"https:\/\/astrovac.nl\/de\/wp-json\/wp\/v2\/product_cat?post=26057"},{"taxonomy":"product_tag","embeddable":true,"href":"https:\/\/astrovac.nl\/de\/wp-json\/wp\/v2\/product_tag?post=26057"}],"curies":[{"name":"wp","href":"https:\/\/api.w.org\/{rel}","templated":true}]}}