{"id":4017,"date":"2016-08-05T16:10:08","date_gmt":"2016-08-05T15:10:08","guid":{"rendered":"https:\/\/astrotrans.testontwikkeling.nl\/?post_type=product&#038;p=4017"},"modified":"2026-01-01T02:17:47","modified_gmt":"2026-01-01T01:17:47","slug":"auslassgitter-aus-rostfreiem-stahl","status":"publish","type":"product","link":"https:\/\/astrovac.nl\/de\/winkel\/uitblaasrooster-rvs\/","title":{"rendered":"Ausblasgitter f\u00fcr die Fassade - rostfreier Stahl"},"content":{"rendered":"<p>Abluftklappe aus Edelstahl, mit R\u00fcckschlagklappe. Wird mit einem Gummi-Abweisring, einem \u00dcbergangsst\u00fcck \u00d8 100-50mm und 4 Schrauben aus Edelstahl geliefert.<\/p>\n<p>Abmessungen: 153 x 153mm<\/p>","protected":false},"excerpt":{"rendered":"<p>Art. Nr. 24103002<\/p>","protected":false},"featured_media":4095,"template":"","meta":[],"product_brand":[],"product_cat":[663],"product_tag":[],"class_list":{"0":"post-4017","1":"product","2":"type-product","3":"status-publish","4":"has-post-thumbnail","6":"product_cat-dakdoorvoeren-en-uitblaasroosters-kappen","8":"first","9":"outofstock","10":"taxable","11":"shipping-taxable","12":"purchasable","13":"product-type-simple"},"yoast_head":"<!-- This site is optimized with the Yoast SEO plugin v27.3 - https:\/\/yoast.com\/product\/yoast-seo-wordpress\/ -->\n<title>Uitblaasrooster voor op de gevel - RVS - AstroVac<\/title>\n<meta name=\"robots\" content=\"index, follow, max-snippet:-1, max-image-preview:large, max-video-preview:-1\" \/>\n<link rel=\"canonical\" href=\"https:\/\/astrovac.nl\/de\/shop\/auslassgitter-aus-rostfreiem-stahl\/\" \/>\n<meta property=\"og:locale\" content=\"de_DE\" \/>\n<meta property=\"og:type\" content=\"article\" \/>\n<meta property=\"og:title\" content=\"Uitblaasrooster voor op de gevel - RVS - AstroVac\" \/>\n<meta property=\"og:description\" content=\"art. nr. 24103002\" \/>\n<meta property=\"og:url\" content=\"https:\/\/astrovac.nl\/de\/shop\/auslassgitter-aus-rostfreiem-stahl\/\" \/>\n<meta property=\"og:site_name\" content=\"AstroVac\" \/>\n<meta property=\"article:publisher\" content=\"https:\/\/www.facebook.com\/profile.php?id=61559925887346\" \/>\n<meta property=\"article:modified_time\" content=\"2026-01-01T01:17:47+00:00\" \/>\n<meta property=\"og:image\" content=\"https:\/\/astrovac.nl\/wp-content\/uploads\/2016\/09\/Abluftdose-Edelstahl.jpg\" \/>\n\t<meta property=\"og:image:width\" content=\"270\" \/>\n\t<meta property=\"og:image:height\" content=\"360\" \/>\n\t<meta property=\"og:image:type\" content=\"image\/jpeg\" \/>\n<meta name=\"twitter:card\" content=\"summary_large_image\" \/>\n<script type=\"application\/ld+json\" class=\"yoast-schema-graph\">{\"@context\":\"https:\\\/\\\/schema.org\",\"@graph\":[{\"@type\":\"WebPage\",\"@id\":\"https:\\\/\\\/astrovac.nl\\\/winkel\\\/uitblaasrooster-rvs\\\/\",\"url\":\"https:\\\/\\\/astrovac.nl\\\/winkel\\\/uitblaasrooster-rvs\\\/\",\"name\":\"Uitblaasrooster voor op de gevel - RVS - AstroVac\",\"isPartOf\":{\"@id\":\"https:\\\/\\\/astrovac.nl\\\/de\\\/#website\"},\"primaryImageOfPage\":{\"@id\":\"https:\\\/\\\/astrovac.nl\\\/winkel\\\/uitblaasrooster-rvs\\\/#primaryimage\"},\"image\":{\"@id\":\"https:\\\/\\\/astrovac.nl\\\/winkel\\\/uitblaasrooster-rvs\\\/#primaryimage\"},\"thumbnailUrl\":\"https:\\\/\\\/astrovac.nl\\\/wp-content\\\/uploads\\\/2016\\\/09\\\/Abluftdose-Edelstahl.jpg\",\"datePublished\":\"2016-08-05T15:10:08+00:00\",\"dateModified\":\"2026-01-01T01:17:47+00:00\",\"breadcrumb\":{\"@id\":\"https:\\\/\\\/astrovac.nl\\\/winkel\\\/uitblaasrooster-rvs\\\/#breadcrumb\"},\"inLanguage\":\"de\",\"potentialAction\":[{\"@type\":\"ReadAction\",\"target\":[\"https:\\\/\\\/astrovac.nl\\\/winkel\\\/uitblaasrooster-rvs\\\/\"]}]},{\"@type\":\"ImageObject\",\"inLanguage\":\"de\",\"@id\":\"https:\\\/\\\/astrovac.nl\\\/winkel\\\/uitblaasrooster-rvs\\\/#primaryimage\",\"url\":\"https:\\\/\\\/astrovac.nl\\\/wp-content\\\/uploads\\\/2016\\\/09\\\/Abluftdose-Edelstahl.jpg\",\"contentUrl\":\"https:\\\/\\\/astrovac.nl\\\/wp-content\\\/uploads\\\/2016\\\/09\\\/Abluftdose-Edelstahl.jpg\",\"width\":270,\"height\":360,\"caption\":\"gevel uitblaasrooster RVS\"},{\"@type\":\"BreadcrumbList\",\"@id\":\"https:\\\/\\\/astrovac.nl\\\/winkel\\\/uitblaasrooster-rvs\\\/#breadcrumb\",\"itemListElement\":[{\"@type\":\"ListItem\",\"position\":1,\"name\":\"Home\",\"item\":\"https:\\\/\\\/astrovac.nl\\\/\"},{\"@type\":\"ListItem\",\"position\":2,\"name\":\"Winkel\",\"item\":\"https:\\\/\\\/astrovac.nl\\\/winkel\\\/\"},{\"@type\":\"ListItem\",\"position\":3,\"name\":\"Installatiemateriaal\",\"item\":\"https:\\\/\\\/astrovac.nl\\\/product-category\\\/installatiemateriaal\\\/\"},{\"@type\":\"ListItem\",\"position\":4,\"name\":\"Dakdoorvoeren en Uitblaasroosters \\\/ kappen\",\"item\":\"https:\\\/\\\/astrovac.nl\\\/product-category\\\/installatiemateriaal\\\/dakdoorvoeren-en-uitblaasroosters-kappen\\\/\"},{\"@type\":\"ListItem\",\"position\":5,\"name\":\"Uitblaasrooster voor op de gevel &#8211; RVS\"}]},{\"@type\":\"WebSite\",\"@id\":\"https:\\\/\\\/astrovac.nl\\\/de\\\/#website\",\"url\":\"https:\\\/\\\/astrovac.nl\\\/de\\\/\",\"name\":\"AstroVac\",\"description\":\"Centrale Stofzuiginstallaties\",\"publisher\":{\"@id\":\"https:\\\/\\\/astrovac.nl\\\/de\\\/#organization\"},\"potentialAction\":[{\"@type\":\"SearchAction\",\"target\":{\"@type\":\"EntryPoint\",\"urlTemplate\":\"https:\\\/\\\/astrovac.nl\\\/de\\\/?s={search_term_string}\"},\"query-input\":{\"@type\":\"PropertyValueSpecification\",\"valueRequired\":true,\"valueName\":\"search_term_string\"}}],\"inLanguage\":\"de\"},{\"@type\":\"Organization\",\"@id\":\"https:\\\/\\\/astrovac.nl\\\/de\\\/#organization\",\"name\":\"AstroVac\",\"url\":\"https:\\\/\\\/astrovac.nl\\\/de\\\/\",\"logo\":{\"@type\":\"ImageObject\",\"inLanguage\":\"de\",\"@id\":\"https:\\\/\\\/astrovac.nl\\\/de\\\/#\\\/schema\\\/logo\\\/image\\\/\",\"url\":\"https:\\\/\\\/astrovac.nl\\\/wp-content\\\/uploads\\\/2024\\\/03\\\/Astrovac-logo-2024.png\",\"contentUrl\":\"https:\\\/\\\/astrovac.nl\\\/wp-content\\\/uploads\\\/2024\\\/03\\\/Astrovac-logo-2024.png\",\"width\":3092,\"height\":906,\"caption\":\"AstroVac\"},\"image\":{\"@id\":\"https:\\\/\\\/astrovac.nl\\\/de\\\/#\\\/schema\\\/logo\\\/image\\\/\"},\"sameAs\":[\"https:\\\/\\\/www.facebook.com\\\/profile.php?id=61559925887346\"]}]}<\/script>\n<!-- \/ Yoast SEO plugin. -->","yoast_head_json":{"title":"Ausblasgitter f\u00fcr die Fassade - Edelstahl - AstroVac","robots":{"index":"index","follow":"follow","max-snippet":"max-snippet:-1","max-image-preview":"max-image-preview:large","max-video-preview":"max-video-preview:-1"},"canonical":"https:\/\/astrovac.nl\/de\/shop\/auslassgitter-aus-rostfreiem-stahl\/","og_locale":"de_DE","og_type":"article","og_title":"Uitblaasrooster voor op de gevel - RVS - AstroVac","og_description":"art. nr. 24103002","og_url":"https:\/\/astrovac.nl\/de\/shop\/auslassgitter-aus-rostfreiem-stahl\/","og_site_name":"AstroVac","article_publisher":"https:\/\/www.facebook.com\/profile.php?id=61559925887346","article_modified_time":"2026-01-01T01:17:47+00:00","og_image":[{"width":270,"height":360,"url":"https:\/\/astrovac.nl\/wp-content\/uploads\/2016\/09\/Abluftdose-Edelstahl.jpg","type":"image\/jpeg"}],"twitter_card":"summary_large_image","schema":{"@context":"https:\/\/schema.org","@graph":[{"@type":"WebPage","@id":"https:\/\/astrovac.nl\/winkel\/uitblaasrooster-rvs\/","url":"https:\/\/astrovac.nl\/winkel\/uitblaasrooster-rvs\/","name":"Ausblasgitter f\u00fcr die Fassade - Edelstahl - AstroVac","isPartOf":{"@id":"https:\/\/astrovac.nl\/de\/#website"},"primaryImageOfPage":{"@id":"https:\/\/astrovac.nl\/winkel\/uitblaasrooster-rvs\/#primaryimage"},"image":{"@id":"https:\/\/astrovac.nl\/winkel\/uitblaasrooster-rvs\/#primaryimage"},"thumbnailUrl":"https:\/\/astrovac.nl\/wp-content\/uploads\/2016\/09\/Abluftdose-Edelstahl.jpg","datePublished":"2016-08-05T15:10:08+00:00","dateModified":"2026-01-01T01:17:47+00:00","breadcrumb":{"@id":"https:\/\/astrovac.nl\/winkel\/uitblaasrooster-rvs\/#breadcrumb"},"inLanguage":"de","potentialAction":[{"@type":"ReadAction","target":["https:\/\/astrovac.nl\/winkel\/uitblaasrooster-rvs\/"]}]},{"@type":"ImageObject","inLanguage":"de","@id":"https:\/\/astrovac.nl\/winkel\/uitblaasrooster-rvs\/#primaryimage","url":"https:\/\/astrovac.nl\/wp-content\/uploads\/2016\/09\/Abluftdose-Edelstahl.jpg","contentUrl":"https:\/\/astrovac.nl\/wp-content\/uploads\/2016\/09\/Abluftdose-Edelstahl.jpg","width":270,"height":360,"caption":"gevel uitblaasrooster RVS"},{"@type":"BreadcrumbList","@id":"https:\/\/astrovac.nl\/winkel\/uitblaasrooster-rvs\/#breadcrumb","itemListElement":[{"@type":"ListItem","position":1,"name":"Home","item":"https:\/\/astrovac.nl\/"},{"@type":"ListItem","position":2,"name":"Winkel","item":"https:\/\/astrovac.nl\/winkel\/"},{"@type":"ListItem","position":3,"name":"Installatiemateriaal","item":"https:\/\/astrovac.nl\/product-category\/installatiemateriaal\/"},{"@type":"ListItem","position":4,"name":"Dakdoorvoeren en Uitblaasroosters \/ kappen","item":"https:\/\/astrovac.nl\/product-category\/installatiemateriaal\/dakdoorvoeren-en-uitblaasroosters-kappen\/"},{"@type":"ListItem","position":5,"name":"Uitblaasrooster voor op de gevel &#8211; RVS"}]},{"@type":"WebSite","@id":"https:\/\/astrovac.nl\/de\/#website","url":"https:\/\/astrovac.nl\/de\/","name":"AstroVac","description":"Zentrale Vakuumsysteme","publisher":{"@id":"https:\/\/astrovac.nl\/de\/#organization"},"potentialAction":[{"@type":"SearchAction","target":{"@type":"EntryPoint","urlTemplate":"https:\/\/astrovac.nl\/de\/?s={search_term_string}"},"query-input":{"@type":"PropertyValueSpecification","valueRequired":true,"valueName":"search_term_string"}}],"inLanguage":"de"},{"@type":"Organization","@id":"https:\/\/astrovac.nl\/de\/#organization","name":"AstroVac","url":"https:\/\/astrovac.nl\/de\/","logo":{"@type":"ImageObject","inLanguage":"de","@id":"https:\/\/astrovac.nl\/de\/#\/schema\/logo\/image\/","url":"https:\/\/astrovac.nl\/wp-content\/uploads\/2024\/03\/Astrovac-logo-2024.png","contentUrl":"https:\/\/astrovac.nl\/wp-content\/uploads\/2024\/03\/Astrovac-logo-2024.png","width":3092,"height":906,"caption":"AstroVac"},"image":{"@id":"https:\/\/astrovac.nl\/de\/#\/schema\/logo\/image\/"},"sameAs":["https:\/\/www.facebook.com\/profile.php?id=61559925887346"]}]}},"_links":{"self":[{"href":"https:\/\/astrovac.nl\/de\/wp-json\/wp\/v2\/product\/4017","targetHints":{"allow":["GET"]}}],"collection":[{"href":"https:\/\/astrovac.nl\/de\/wp-json\/wp\/v2\/product"}],"about":[{"href":"https:\/\/astrovac.nl\/de\/wp-json\/wp\/v2\/types\/product"}],"wp:featuredmedia":[{"embeddable":true,"href":"https:\/\/astrovac.nl\/de\/wp-json\/wp\/v2\/media\/4095"}],"wp:attachment":[{"href":"https:\/\/astrovac.nl\/de\/wp-json\/wp\/v2\/media?parent=4017"}],"wp:term":[{"taxonomy":"product_brand","embeddable":true,"href":"https:\/\/astrovac.nl\/de\/wp-json\/wp\/v2\/product_brand?post=4017"},{"taxonomy":"product_cat","embeddable":true,"href":"https:\/\/astrovac.nl\/de\/wp-json\/wp\/v2\/product_cat?post=4017"},{"taxonomy":"product_tag","embeddable":true,"href":"https:\/\/astrovac.nl\/de\/wp-json\/wp\/v2\/product_tag?post=4017"}],"curies":[{"name":"wp","href":"https:\/\/api.w.org\/{rel}","templated":true}]}}