{"id":512,"date":"2013-01-10T19:49:24","date_gmt":"2013-01-10T18:49:24","guid":{"rendered":"https:\/\/astrotrans.testontwikkeling.nl\/?post_type=product&#038;p=512"},"modified":"2026-04-27T21:26:33","modified_gmt":"2026-04-13T11:31:15","slug":"kombi-rakel-2-positionen","status":"publish","type":"product","link":"https:\/\/astrovac.nl\/de\/winkel\/combinatie-zuigmond-2-standen\/","title":{"rendered":"Kombi-B\u00fcrste 30cm - zwei Einstellungen"},"content":{"rendered":"<p>Die umschaltbare Kombibodenb\u00fcrste f\u00fcr harte und weiche B\u00f6den ist ein Muss f\u00fcr alle, die ein sauberes und frisches Wohnumfeld lieben. Mit einer Arbeitsbreite von 26 cm und der M\u00f6glichkeit, schnell zwischen harten und weichen B\u00f6den zu wechseln, bietet Ihnen diese B\u00fcrste einen optimalen Bedienungskomfort.<\/p>\n<p>Diese Bodenb\u00fcrste wurde entwickelt, um Staub und Schmutz auf Ihren B\u00f6den effektiv und effizient zu entfernen, egal ob Sie harte B\u00f6den wie PVC, Holz, Fliesen oder Laminat oder weiche B\u00f6den wie Teppich oder Teppiche haben. Dank des umschaltbaren Designs k\u00f6nnen Sie ganz einfach zwischen den beiden Modi wechseln, sodass Sie saugen k\u00f6nnen, ohne die B\u00fcrsten wechseln zu m\u00fcssen.<\/p>\n<p>Mit ihrer hochwertigen und robusten Konstruktion bietet diese Bodenb\u00fcrste eine lange Lebensdauer und wird Ihnen \u00fcber Jahre hinweg dienen. Au\u00dferdem ist sie leicht zu befestigen.<\/p>\n<p>Also eine effektive und vielseitige Bodenb\u00fcrste, die sowohl f\u00fcr harte als auch f\u00fcr weiche B\u00f6den geeignet ist.<\/p>\n<p><strong>Arbeitsbreite: 26 cm.<\/strong><\/p>\n<p><em>Das Bild kann im Detail abweichen<\/em><\/p>","protected":false},"excerpt":{"rendered":"<p>De omstelbare combi vloerborstel voor harde en zachte vloeren is een must-have als je houdt van een schone en frisse leefomgeving. Met zijn werkbreedte van 26 cm en de mogelijkheid om snel te schakelen tussen harde en zachte vloeren, biedt deze borstel je optimaal gebruiksgemak. Deze vloerborstel is ontworpen om het stof en vuil op [&#8230;]\n","protected":false},"featured_media":25490,"template":"","meta":[],"product_brand":[],"product_cat":[629],"product_tag":[],"class_list":{"0":"post-512","1":"product","2":"type-product","3":"status-publish","4":"has-post-thumbnail","6":"product_cat-borstels-accessoires-2","8":"first","9":"outofstock","10":"taxable","11":"shipping-taxable","12":"purchasable","13":"product-type-simple"},"yoast_head":"<!-- This site is optimized with the Yoast SEO plugin v27.3 - https:\/\/yoast.com\/product\/yoast-seo-wordpress\/ -->\n<title>Combi-borstel 30cm - twee standen - AstroVac<\/title>\n<meta name=\"robots\" content=\"index, follow, max-snippet:-1, max-image-preview:large, max-video-preview:-1\" \/>\n<link rel=\"canonical\" href=\"https:\/\/astrovac.nl\/de\/shop\/kombi-rakel-2-positionen\/\" \/>\n<meta property=\"og:locale\" content=\"de_DE\" \/>\n<meta property=\"og:type\" content=\"article\" \/>\n<meta property=\"og:title\" content=\"Combi-borstel 30cm - twee standen - AstroVac\" \/>\n<meta property=\"og:description\" content=\"De omstelbare combi vloerborstel voor harde en zachte vloeren is een must-have als je houdt van een schone en frisse leefomgeving. Met zijn werkbreedte van 26 cm en de mogelijkheid om snel te schakelen tussen harde en zachte vloeren, biedt deze borstel je optimaal gebruiksgemak. Deze vloerborstel is ontworpen om het stof en vuil op [...]\" \/>\n<meta property=\"og:url\" content=\"https:\/\/astrovac.nl\/de\/shop\/kombi-rakel-2-positionen\/\" \/>\n<meta property=\"og:site_name\" content=\"AstroVac\" \/>\n<meta property=\"article:publisher\" content=\"https:\/\/www.facebook.com\/profile.php?id=61559925887346\" \/>\n<meta property=\"article:modified_time\" content=\"2026-04-13T11:31:15+00:00\" \/>\n<meta property=\"og:image\" content=\"https:\/\/astrovac.nl\/wp-content\/uploads\/2013\/01\/5024102033-Combi-borstel-30cm-twee-standen-2.webp\" \/>\n\t<meta property=\"og:image:width\" content=\"1080\" \/>\n\t<meta property=\"og:image:height\" content=\"1080\" \/>\n\t<meta property=\"og:image:type\" content=\"image\/webp\" \/>\n<meta name=\"twitter:card\" content=\"summary_large_image\" \/>\n<meta name=\"twitter:label1\" content=\"Gesch\u00e4tzte Lesezeit\" \/>\n\t<meta name=\"twitter:data1\" content=\"1\u00a0Minute\" \/>\n<script type=\"application\/ld+json\" class=\"yoast-schema-graph\">{\"@context\":\"https:\\\/\\\/schema.org\",\"@graph\":[{\"@type\":\"WebPage\",\"@id\":\"https:\\\/\\\/astrovac.nl\\\/winkel\\\/combinatie-zuigmond-2-standen\\\/\",\"url\":\"https:\\\/\\\/astrovac.nl\\\/winkel\\\/combinatie-zuigmond-2-standen\\\/\",\"name\":\"Combi-borstel 30cm - twee standen - AstroVac\",\"isPartOf\":{\"@id\":\"https:\\\/\\\/astrovac.nl\\\/de\\\/#website\"},\"primaryImageOfPage\":{\"@id\":\"https:\\\/\\\/astrovac.nl\\\/winkel\\\/combinatie-zuigmond-2-standen\\\/#primaryimage\"},\"image\":{\"@id\":\"https:\\\/\\\/astrovac.nl\\\/winkel\\\/combinatie-zuigmond-2-standen\\\/#primaryimage\"},\"thumbnailUrl\":\"https:\\\/\\\/astrovac.nl\\\/wp-content\\\/uploads\\\/2013\\\/01\\\/5024102033-Combi-borstel-30cm-twee-standen-2.webp\",\"datePublished\":\"2013-01-10T18:49:24+00:00\",\"dateModified\":\"2026-04-13T11:31:15+00:00\",\"breadcrumb\":{\"@id\":\"https:\\\/\\\/astrovac.nl\\\/winkel\\\/combinatie-zuigmond-2-standen\\\/#breadcrumb\"},\"inLanguage\":\"de\",\"potentialAction\":[{\"@type\":\"ReadAction\",\"target\":[\"https:\\\/\\\/astrovac.nl\\\/winkel\\\/combinatie-zuigmond-2-standen\\\/\"]}]},{\"@type\":\"ImageObject\",\"inLanguage\":\"de\",\"@id\":\"https:\\\/\\\/astrovac.nl\\\/winkel\\\/combinatie-zuigmond-2-standen\\\/#primaryimage\",\"url\":\"https:\\\/\\\/astrovac.nl\\\/wp-content\\\/uploads\\\/2013\\\/01\\\/5024102033-Combi-borstel-30cm-twee-standen-2.webp\",\"contentUrl\":\"https:\\\/\\\/astrovac.nl\\\/wp-content\\\/uploads\\\/2013\\\/01\\\/5024102033-Combi-borstel-30cm-twee-standen-2.webp\",\"width\":1080,\"height\":1080,\"caption\":\"Combi-borstel 30cm - twee standen\"},{\"@type\":\"BreadcrumbList\",\"@id\":\"https:\\\/\\\/astrovac.nl\\\/winkel\\\/combinatie-zuigmond-2-standen\\\/#breadcrumb\",\"itemListElement\":[{\"@type\":\"ListItem\",\"position\":1,\"name\":\"Home\",\"item\":\"https:\\\/\\\/astrovac.nl\\\/\"},{\"@type\":\"ListItem\",\"position\":2,\"name\":\"Winkel\",\"item\":\"https:\\\/\\\/astrovac.nl\\\/winkel\\\/\"},{\"@type\":\"ListItem\",\"position\":3,\"name\":\"Accessoires\",\"item\":\"https:\\\/\\\/astrovac.nl\\\/product-category\\\/accessoires\\\/\"},{\"@type\":\"ListItem\",\"position\":4,\"name\":\"Borstels\",\"item\":\"https:\\\/\\\/astrovac.nl\\\/product-category\\\/accessoires\\\/borstels-accessoires-2\\\/\"},{\"@type\":\"ListItem\",\"position\":5,\"name\":\"Combi-borstel 30cm &#8211; twee standen\"}]},{\"@type\":\"WebSite\",\"@id\":\"https:\\\/\\\/astrovac.nl\\\/de\\\/#website\",\"url\":\"https:\\\/\\\/astrovac.nl\\\/de\\\/\",\"name\":\"AstroVac\",\"description\":\"Centrale Stofzuiginstallaties\",\"publisher\":{\"@id\":\"https:\\\/\\\/astrovac.nl\\\/de\\\/#organization\"},\"potentialAction\":[{\"@type\":\"SearchAction\",\"target\":{\"@type\":\"EntryPoint\",\"urlTemplate\":\"https:\\\/\\\/astrovac.nl\\\/de\\\/?s={search_term_string}\"},\"query-input\":{\"@type\":\"PropertyValueSpecification\",\"valueRequired\":true,\"valueName\":\"search_term_string\"}}],\"inLanguage\":\"de\"},{\"@type\":\"Organization\",\"@id\":\"https:\\\/\\\/astrovac.nl\\\/de\\\/#organization\",\"name\":\"AstroVac\",\"url\":\"https:\\\/\\\/astrovac.nl\\\/de\\\/\",\"logo\":{\"@type\":\"ImageObject\",\"inLanguage\":\"de\",\"@id\":\"https:\\\/\\\/astrovac.nl\\\/de\\\/#\\\/schema\\\/logo\\\/image\\\/\",\"url\":\"https:\\\/\\\/astrovac.nl\\\/wp-content\\\/uploads\\\/2024\\\/03\\\/Astrovac-logo-2024.png\",\"contentUrl\":\"https:\\\/\\\/astrovac.nl\\\/wp-content\\\/uploads\\\/2024\\\/03\\\/Astrovac-logo-2024.png\",\"width\":3092,\"height\":906,\"caption\":\"AstroVac\"},\"image\":{\"@id\":\"https:\\\/\\\/astrovac.nl\\\/de\\\/#\\\/schema\\\/logo\\\/image\\\/\"},\"sameAs\":[\"https:\\\/\\\/www.facebook.com\\\/profile.php?id=61559925887346\"]}]}<\/script>\n<!-- \/ Yoast SEO plugin. -->","yoast_head_json":{"title":"Kombi-B\u00fcrste 30cm - zwei Positionen - AstroVac","robots":{"index":"index","follow":"follow","max-snippet":"max-snippet:-1","max-image-preview":"max-image-preview:large","max-video-preview":"max-video-preview:-1"},"canonical":"https:\/\/astrovac.nl\/de\/shop\/kombi-rakel-2-positionen\/","og_locale":"de_DE","og_type":"article","og_title":"Combi-borstel 30cm - twee standen - AstroVac","og_description":"De omstelbare combi vloerborstel voor harde en zachte vloeren is een must-have als je houdt van een schone en frisse leefomgeving. Met zijn werkbreedte van 26 cm en de mogelijkheid om snel te schakelen tussen harde en zachte vloeren, biedt deze borstel je optimaal gebruiksgemak. Deze vloerborstel is ontworpen om het stof en vuil op [...]","og_url":"https:\/\/astrovac.nl\/de\/shop\/kombi-rakel-2-positionen\/","og_site_name":"AstroVac","article_publisher":"https:\/\/www.facebook.com\/profile.php?id=61559925887346","article_modified_time":"2026-04-13T11:31:15+00:00","og_image":[{"width":1080,"height":1080,"url":"https:\/\/astrovac.nl\/wp-content\/uploads\/2013\/01\/5024102033-Combi-borstel-30cm-twee-standen-2.webp","type":"image\/webp"}],"twitter_card":"summary_large_image","twitter_misc":{"Gesch\u00e4tzte Lesezeit":"1\u00a0Minute"},"schema":{"@context":"https:\/\/schema.org","@graph":[{"@type":"WebPage","@id":"https:\/\/astrovac.nl\/winkel\/combinatie-zuigmond-2-standen\/","url":"https:\/\/astrovac.nl\/winkel\/combinatie-zuigmond-2-standen\/","name":"Kombi-B\u00fcrste 30cm - zwei Positionen - AstroVac","isPartOf":{"@id":"https:\/\/astrovac.nl\/de\/#website"},"primaryImageOfPage":{"@id":"https:\/\/astrovac.nl\/winkel\/combinatie-zuigmond-2-standen\/#primaryimage"},"image":{"@id":"https:\/\/astrovac.nl\/winkel\/combinatie-zuigmond-2-standen\/#primaryimage"},"thumbnailUrl":"https:\/\/astrovac.nl\/wp-content\/uploads\/2013\/01\/5024102033-Combi-borstel-30cm-twee-standen-2.webp","datePublished":"2013-01-10T18:49:24+00:00","dateModified":"2026-04-13T11:31:15+00:00","breadcrumb":{"@id":"https:\/\/astrovac.nl\/winkel\/combinatie-zuigmond-2-standen\/#breadcrumb"},"inLanguage":"de","potentialAction":[{"@type":"ReadAction","target":["https:\/\/astrovac.nl\/winkel\/combinatie-zuigmond-2-standen\/"]}]},{"@type":"ImageObject","inLanguage":"de","@id":"https:\/\/astrovac.nl\/winkel\/combinatie-zuigmond-2-standen\/#primaryimage","url":"https:\/\/astrovac.nl\/wp-content\/uploads\/2013\/01\/5024102033-Combi-borstel-30cm-twee-standen-2.webp","contentUrl":"https:\/\/astrovac.nl\/wp-content\/uploads\/2013\/01\/5024102033-Combi-borstel-30cm-twee-standen-2.webp","width":1080,"height":1080,"caption":"Combi-borstel 30cm - twee standen"},{"@type":"BreadcrumbList","@id":"https:\/\/astrovac.nl\/winkel\/combinatie-zuigmond-2-standen\/#breadcrumb","itemListElement":[{"@type":"ListItem","position":1,"name":"Home","item":"https:\/\/astrovac.nl\/"},{"@type":"ListItem","position":2,"name":"Winkel","item":"https:\/\/astrovac.nl\/winkel\/"},{"@type":"ListItem","position":3,"name":"Accessoires","item":"https:\/\/astrovac.nl\/product-category\/accessoires\/"},{"@type":"ListItem","position":4,"name":"Borstels","item":"https:\/\/astrovac.nl\/product-category\/accessoires\/borstels-accessoires-2\/"},{"@type":"ListItem","position":5,"name":"Combi-borstel 30cm &#8211; twee standen"}]},{"@type":"WebSite","@id":"https:\/\/astrovac.nl\/de\/#website","url":"https:\/\/astrovac.nl\/de\/","name":"AstroVac","description":"Zentrale Vakuumsysteme","publisher":{"@id":"https:\/\/astrovac.nl\/de\/#organization"},"potentialAction":[{"@type":"SearchAction","target":{"@type":"EntryPoint","urlTemplate":"https:\/\/astrovac.nl\/de\/?s={search_term_string}"},"query-input":{"@type":"PropertyValueSpecification","valueRequired":true,"valueName":"search_term_string"}}],"inLanguage":"de"},{"@type":"Organization","@id":"https:\/\/astrovac.nl\/de\/#organization","name":"AstroVac","url":"https:\/\/astrovac.nl\/de\/","logo":{"@type":"ImageObject","inLanguage":"de","@id":"https:\/\/astrovac.nl\/de\/#\/schema\/logo\/image\/","url":"https:\/\/astrovac.nl\/wp-content\/uploads\/2024\/03\/Astrovac-logo-2024.png","contentUrl":"https:\/\/astrovac.nl\/wp-content\/uploads\/2024\/03\/Astrovac-logo-2024.png","width":3092,"height":906,"caption":"AstroVac"},"image":{"@id":"https:\/\/astrovac.nl\/de\/#\/schema\/logo\/image\/"},"sameAs":["https:\/\/www.facebook.com\/profile.php?id=61559925887346"]}]}},"_links":{"self":[{"href":"https:\/\/astrovac.nl\/de\/wp-json\/wp\/v2\/product\/512","targetHints":{"allow":["GET"]}}],"collection":[{"href":"https:\/\/astrovac.nl\/de\/wp-json\/wp\/v2\/product"}],"about":[{"href":"https:\/\/astrovac.nl\/de\/wp-json\/wp\/v2\/types\/product"}],"wp:featuredmedia":[{"embeddable":true,"href":"https:\/\/astrovac.nl\/de\/wp-json\/wp\/v2\/media\/25490"}],"wp:attachment":[{"href":"https:\/\/astrovac.nl\/de\/wp-json\/wp\/v2\/media?parent=512"}],"wp:term":[{"taxonomy":"product_brand","embeddable":true,"href":"https:\/\/astrovac.nl\/de\/wp-json\/wp\/v2\/product_brand?post=512"},{"taxonomy":"product_cat","embeddable":true,"href":"https:\/\/astrovac.nl\/de\/wp-json\/wp\/v2\/product_cat?post=512"},{"taxonomy":"product_tag","embeddable":true,"href":"https:\/\/astrovac.nl\/de\/wp-json\/wp\/v2\/product_tag?post=512"}],"curies":[{"name":"wp","href":"https:\/\/api.w.org\/{rel}","templated":true}]}}