{"id":538,"date":"2013-01-10T20:32:51","date_gmt":"2013-01-10T19:32:51","guid":{"rendered":"https:\/\/astrotrans.testontwikkeling.nl\/?post_type=product&#038;p=538"},"modified":"2026-01-21T12:58:08","modified_gmt":"2026-01-01T01:30:09","slug":"aufhangebugel","status":"publish","type":"product","link":"https:\/\/astrovac.nl\/de\/winkel\/ophangbeugel\/","title":{"rendered":"Kunststoff-Aufh\u00e4ngeb\u00fcgel f\u00fcr Schlauch - schwarz"},"content":{"rendered":"<h4>Aufh\u00e4ngehaken f\u00fcr den Saugschlauch<\/h4>\n<p>Diese Schlauchhalterung ist ein einfaches Befestigungssystem, mit dem Sie den Schlauch Ihres AstroVac-Systems aufbewahren k\u00f6nnen. Die Kunststoffhalterung kann an der Wand oder einer anderen flachen Oberfl\u00e4che befestigt werden und bietet einen sicheren und ordentlichen Aufbewahrungsort f\u00fcr den Saugschlauch, wenn er nicht benutzt wird.<\/p>\n<p>Die Verwendung einer Schlauchhalterung hat mehrere Vorteile: Sie spart Platz, verhindert die Stolpergefahr, verl\u00e4ngert die Lebensdauer des Schlauchs und sorgt f\u00fcr eine ordentliche und \u00fcbersichtliche Lagerung. Eine einfache und sehr effektive L\u00f6sung.<\/p>\n<p>&nbsp;<\/p>","protected":false},"excerpt":{"rendered":"<p>Art. Nr. 24002051<\/p>","protected":false},"featured_media":25273,"template":"","meta":[],"product_brand":[],"product_cat":[632],"product_tag":[],"class_list":{"0":"post-538","1":"product","2":"type-product","3":"status-publish","4":"has-post-thumbnail","6":"product_cat-opbergmogelijkheden","8":"first","9":"instock","10":"taxable","11":"shipping-taxable","12":"purchasable","13":"product-type-simple"},"yoast_head":"<!-- This site is optimized with the Yoast SEO plugin v27.3 - https:\/\/yoast.com\/product\/yoast-seo-wordpress\/ -->\n<title>Kunststof ophangbeugel t.b.v. slang - zwart - AstroVac<\/title>\n<meta name=\"robots\" content=\"index, follow, max-snippet:-1, max-image-preview:large, max-video-preview:-1\" \/>\n<link rel=\"canonical\" href=\"https:\/\/astrovac.nl\/de\/shop\/aufhangebugel\/\" \/>\n<meta property=\"og:locale\" content=\"de_DE\" \/>\n<meta property=\"og:type\" content=\"article\" \/>\n<meta property=\"og:title\" content=\"Kunststof ophangbeugel t.b.v. slang - zwart - AstroVac\" \/>\n<meta property=\"og:description\" content=\"art. nr. 24002051\" \/>\n<meta property=\"og:url\" content=\"https:\/\/astrovac.nl\/de\/shop\/aufhangebugel\/\" \/>\n<meta property=\"og:site_name\" content=\"AstroVac\" \/>\n<meta property=\"article:publisher\" content=\"https:\/\/www.facebook.com\/profile.php?id=61559925887346\" \/>\n<meta property=\"article:modified_time\" content=\"2026-01-01T01:30:09+00:00\" \/>\n<meta property=\"og:image\" content=\"https:\/\/astrovac.nl\/wp-content\/uploads\/2013\/01\/5024002051-Kunststof-ophangbeugel-t.b.v.-slang-zwart-1.webp\" \/>\n\t<meta property=\"og:image:width\" content=\"1080\" \/>\n\t<meta property=\"og:image:height\" content=\"1080\" \/>\n\t<meta property=\"og:image:type\" content=\"image\/webp\" \/>\n<meta name=\"twitter:card\" content=\"summary_large_image\" \/>\n<script type=\"application\/ld+json\" class=\"yoast-schema-graph\">{\"@context\":\"https:\\\/\\\/schema.org\",\"@graph\":[{\"@type\":\"WebPage\",\"@id\":\"https:\\\/\\\/astrovac.nl\\\/winkel\\\/ophangbeugel\\\/\",\"url\":\"https:\\\/\\\/astrovac.nl\\\/winkel\\\/ophangbeugel\\\/\",\"name\":\"Kunststof ophangbeugel t.b.v. slang - zwart - AstroVac\",\"isPartOf\":{\"@id\":\"https:\\\/\\\/astrovac.nl\\\/de\\\/#website\"},\"primaryImageOfPage\":{\"@id\":\"https:\\\/\\\/astrovac.nl\\\/winkel\\\/ophangbeugel\\\/#primaryimage\"},\"image\":{\"@id\":\"https:\\\/\\\/astrovac.nl\\\/winkel\\\/ophangbeugel\\\/#primaryimage\"},\"thumbnailUrl\":\"https:\\\/\\\/astrovac.nl\\\/wp-content\\\/uploads\\\/2013\\\/01\\\/5024002051-Kunststof-ophangbeugel-t.b.v.-slang-zwart-1.webp\",\"datePublished\":\"2013-01-10T19:32:51+00:00\",\"dateModified\":\"2026-01-01T01:30:09+00:00\",\"breadcrumb\":{\"@id\":\"https:\\\/\\\/astrovac.nl\\\/winkel\\\/ophangbeugel\\\/#breadcrumb\"},\"inLanguage\":\"de\",\"potentialAction\":[{\"@type\":\"ReadAction\",\"target\":[\"https:\\\/\\\/astrovac.nl\\\/winkel\\\/ophangbeugel\\\/\"]}]},{\"@type\":\"ImageObject\",\"inLanguage\":\"de\",\"@id\":\"https:\\\/\\\/astrovac.nl\\\/winkel\\\/ophangbeugel\\\/#primaryimage\",\"url\":\"https:\\\/\\\/astrovac.nl\\\/wp-content\\\/uploads\\\/2013\\\/01\\\/5024002051-Kunststof-ophangbeugel-t.b.v.-slang-zwart-1.webp\",\"contentUrl\":\"https:\\\/\\\/astrovac.nl\\\/wp-content\\\/uploads\\\/2013\\\/01\\\/5024002051-Kunststof-ophangbeugel-t.b.v.-slang-zwart-1.webp\",\"width\":1080,\"height\":1080,\"caption\":\"Kunststof ophangbeugel t.b.v. slang - zwart\"},{\"@type\":\"BreadcrumbList\",\"@id\":\"https:\\\/\\\/astrovac.nl\\\/winkel\\\/ophangbeugel\\\/#breadcrumb\",\"itemListElement\":[{\"@type\":\"ListItem\",\"position\":1,\"name\":\"Home\",\"item\":\"https:\\\/\\\/astrovac.nl\\\/\"},{\"@type\":\"ListItem\",\"position\":2,\"name\":\"Winkel\",\"item\":\"https:\\\/\\\/astrovac.nl\\\/winkel\\\/\"},{\"@type\":\"ListItem\",\"position\":3,\"name\":\"Accessoires\",\"item\":\"https:\\\/\\\/astrovac.nl\\\/product-category\\\/accessoires\\\/\"},{\"@type\":\"ListItem\",\"position\":4,\"name\":\"Opbergmogelijkheden\",\"item\":\"https:\\\/\\\/astrovac.nl\\\/product-category\\\/accessoires\\\/opbergmogelijkheden\\\/\"},{\"@type\":\"ListItem\",\"position\":5,\"name\":\"Kunststof ophangbeugel t.b.v. slang &#8211; zwart\"}]},{\"@type\":\"WebSite\",\"@id\":\"https:\\\/\\\/astrovac.nl\\\/de\\\/#website\",\"url\":\"https:\\\/\\\/astrovac.nl\\\/de\\\/\",\"name\":\"AstroVac\",\"description\":\"Centrale Stofzuiginstallaties\",\"publisher\":{\"@id\":\"https:\\\/\\\/astrovac.nl\\\/de\\\/#organization\"},\"potentialAction\":[{\"@type\":\"SearchAction\",\"target\":{\"@type\":\"EntryPoint\",\"urlTemplate\":\"https:\\\/\\\/astrovac.nl\\\/de\\\/?s={search_term_string}\"},\"query-input\":{\"@type\":\"PropertyValueSpecification\",\"valueRequired\":true,\"valueName\":\"search_term_string\"}}],\"inLanguage\":\"de\"},{\"@type\":\"Organization\",\"@id\":\"https:\\\/\\\/astrovac.nl\\\/de\\\/#organization\",\"name\":\"AstroVac\",\"url\":\"https:\\\/\\\/astrovac.nl\\\/de\\\/\",\"logo\":{\"@type\":\"ImageObject\",\"inLanguage\":\"de\",\"@id\":\"https:\\\/\\\/astrovac.nl\\\/de\\\/#\\\/schema\\\/logo\\\/image\\\/\",\"url\":\"https:\\\/\\\/astrovac.nl\\\/wp-content\\\/uploads\\\/2024\\\/03\\\/Astrovac-logo-2024.png\",\"contentUrl\":\"https:\\\/\\\/astrovac.nl\\\/wp-content\\\/uploads\\\/2024\\\/03\\\/Astrovac-logo-2024.png\",\"width\":3092,\"height\":906,\"caption\":\"AstroVac\"},\"image\":{\"@id\":\"https:\\\/\\\/astrovac.nl\\\/de\\\/#\\\/schema\\\/logo\\\/image\\\/\"},\"sameAs\":[\"https:\\\/\\\/www.facebook.com\\\/profile.php?id=61559925887346\"]}]}<\/script>\n<!-- \/ Yoast SEO plugin. -->","yoast_head_json":{"title":"Aufh\u00e4ngeb\u00fcgel aus Kunststoff f\u00fcr Schlauch - schwarz - AstroVac","robots":{"index":"index","follow":"follow","max-snippet":"max-snippet:-1","max-image-preview":"max-image-preview:large","max-video-preview":"max-video-preview:-1"},"canonical":"https:\/\/astrovac.nl\/de\/shop\/aufhangebugel\/","og_locale":"de_DE","og_type":"article","og_title":"Kunststof ophangbeugel t.b.v. slang - zwart - AstroVac","og_description":"art. nr. 24002051","og_url":"https:\/\/astrovac.nl\/de\/shop\/aufhangebugel\/","og_site_name":"AstroVac","article_publisher":"https:\/\/www.facebook.com\/profile.php?id=61559925887346","article_modified_time":"2026-01-01T01:30:09+00:00","og_image":[{"width":1080,"height":1080,"url":"https:\/\/astrovac.nl\/wp-content\/uploads\/2013\/01\/5024002051-Kunststof-ophangbeugel-t.b.v.-slang-zwart-1.webp","type":"image\/webp"}],"twitter_card":"summary_large_image","schema":{"@context":"https:\/\/schema.org","@graph":[{"@type":"WebPage","@id":"https:\/\/astrovac.nl\/winkel\/ophangbeugel\/","url":"https:\/\/astrovac.nl\/winkel\/ophangbeugel\/","name":"Aufh\u00e4ngeb\u00fcgel aus Kunststoff f\u00fcr Schlauch - schwarz - AstroVac","isPartOf":{"@id":"https:\/\/astrovac.nl\/de\/#website"},"primaryImageOfPage":{"@id":"https:\/\/astrovac.nl\/winkel\/ophangbeugel\/#primaryimage"},"image":{"@id":"https:\/\/astrovac.nl\/winkel\/ophangbeugel\/#primaryimage"},"thumbnailUrl":"https:\/\/astrovac.nl\/wp-content\/uploads\/2013\/01\/5024002051-Kunststof-ophangbeugel-t.b.v.-slang-zwart-1.webp","datePublished":"2013-01-10T19:32:51+00:00","dateModified":"2026-01-01T01:30:09+00:00","breadcrumb":{"@id":"https:\/\/astrovac.nl\/winkel\/ophangbeugel\/#breadcrumb"},"inLanguage":"de","potentialAction":[{"@type":"ReadAction","target":["https:\/\/astrovac.nl\/winkel\/ophangbeugel\/"]}]},{"@type":"ImageObject","inLanguage":"de","@id":"https:\/\/astrovac.nl\/winkel\/ophangbeugel\/#primaryimage","url":"https:\/\/astrovac.nl\/wp-content\/uploads\/2013\/01\/5024002051-Kunststof-ophangbeugel-t.b.v.-slang-zwart-1.webp","contentUrl":"https:\/\/astrovac.nl\/wp-content\/uploads\/2013\/01\/5024002051-Kunststof-ophangbeugel-t.b.v.-slang-zwart-1.webp","width":1080,"height":1080,"caption":"Kunststof ophangbeugel t.b.v. slang - zwart"},{"@type":"BreadcrumbList","@id":"https:\/\/astrovac.nl\/winkel\/ophangbeugel\/#breadcrumb","itemListElement":[{"@type":"ListItem","position":1,"name":"Home","item":"https:\/\/astrovac.nl\/"},{"@type":"ListItem","position":2,"name":"Winkel","item":"https:\/\/astrovac.nl\/winkel\/"},{"@type":"ListItem","position":3,"name":"Accessoires","item":"https:\/\/astrovac.nl\/product-category\/accessoires\/"},{"@type":"ListItem","position":4,"name":"Opbergmogelijkheden","item":"https:\/\/astrovac.nl\/product-category\/accessoires\/opbergmogelijkheden\/"},{"@type":"ListItem","position":5,"name":"Kunststof ophangbeugel t.b.v. slang &#8211; zwart"}]},{"@type":"WebSite","@id":"https:\/\/astrovac.nl\/de\/#website","url":"https:\/\/astrovac.nl\/de\/","name":"AstroVac","description":"Zentrale Vakuumsysteme","publisher":{"@id":"https:\/\/astrovac.nl\/de\/#organization"},"potentialAction":[{"@type":"SearchAction","target":{"@type":"EntryPoint","urlTemplate":"https:\/\/astrovac.nl\/de\/?s={search_term_string}"},"query-input":{"@type":"PropertyValueSpecification","valueRequired":true,"valueName":"search_term_string"}}],"inLanguage":"de"},{"@type":"Organization","@id":"https:\/\/astrovac.nl\/de\/#organization","name":"AstroVac","url":"https:\/\/astrovac.nl\/de\/","logo":{"@type":"ImageObject","inLanguage":"de","@id":"https:\/\/astrovac.nl\/de\/#\/schema\/logo\/image\/","url":"https:\/\/astrovac.nl\/wp-content\/uploads\/2024\/03\/Astrovac-logo-2024.png","contentUrl":"https:\/\/astrovac.nl\/wp-content\/uploads\/2024\/03\/Astrovac-logo-2024.png","width":3092,"height":906,"caption":"AstroVac"},"image":{"@id":"https:\/\/astrovac.nl\/de\/#\/schema\/logo\/image\/"},"sameAs":["https:\/\/www.facebook.com\/profile.php?id=61559925887346"]}]}},"_links":{"self":[{"href":"https:\/\/astrovac.nl\/de\/wp-json\/wp\/v2\/product\/538","targetHints":{"allow":["GET"]}}],"collection":[{"href":"https:\/\/astrovac.nl\/de\/wp-json\/wp\/v2\/product"}],"about":[{"href":"https:\/\/astrovac.nl\/de\/wp-json\/wp\/v2\/types\/product"}],"wp:featuredmedia":[{"embeddable":true,"href":"https:\/\/astrovac.nl\/de\/wp-json\/wp\/v2\/media\/25273"}],"wp:attachment":[{"href":"https:\/\/astrovac.nl\/de\/wp-json\/wp\/v2\/media?parent=538"}],"wp:term":[{"taxonomy":"product_brand","embeddable":true,"href":"https:\/\/astrovac.nl\/de\/wp-json\/wp\/v2\/product_brand?post=538"},{"taxonomy":"product_cat","embeddable":true,"href":"https:\/\/astrovac.nl\/de\/wp-json\/wp\/v2\/product_cat?post=538"},{"taxonomy":"product_tag","embeddable":true,"href":"https:\/\/astrovac.nl\/de\/wp-json\/wp\/v2\/product_tag?post=538"}],"curies":[{"name":"wp","href":"https:\/\/api.w.org\/{rel}","templated":true}]}}