{"id":545,"date":"2013-01-12T10:40:10","date_gmt":"2013-01-12T09:40:10","guid":{"rendered":"https:\/\/astrotrans.testontwikkeling.nl\/?post_type=product&#038;p=545"},"modified":"2026-01-12T16:34:57","modified_gmt":"2026-01-12T15:34:57","slug":"hpb2h-versiegelbarer-staubbeutel","status":"publish","type":"product","link":"https:\/\/astrovac.nl\/de\/winkel\/hpb2h-stofzak-afsluitbaar\/","title":{"rendered":"HPB2 - Staubbeutel - abschlie\u00dfbar"},"content":{"rendered":"<p>Austauschbarer und verschlie\u00dfbarer Hochleistungs-Staubbeutel, Modell HPB2H. Fassungsverm\u00f6gen 30 Liter. 5-lagig. Bietet maximalen Schutz gegen Feinstaub. Ideal f\u00fcr Installationen, bei denen ein Luftablass nach au\u00dfen nicht erw\u00fcnscht und\/oder nicht m\u00f6glich ist.<\/p>\n<p>F\u00fcr u.a. MK20, MK23, MK25, MK28, MK35 und alle anderen AstroVac, Easyfrezz, VacuMaid und Cleanmaster Zentralger\u00e4te, in die ein Staubbeutel HPB1 platzierbar ist<\/p>\n<p><strong>W\u00e4hlen Sie original AstroVac Staubbeutel<\/strong><\/p>\n<p>Original AstroVac Staubsaugerbeutel wurden speziell f\u00fcr die Leistungsanforderungen und Abmessungen Ihres AstroVac Staubsaugerger\u00e4ts entwickelt. Auf diese Weise k\u00f6nnen Sie sicher sein, dass die Staubsaugerbeutel perfekt zu Ihrem Ger\u00e4t passen und eine perfekte Staubaufnahme und Filterwirkung gew\u00e4hrleisten.<\/p>","protected":false},"excerpt":{"rendered":"<p>Verwisselbare en afsluitbare high-effici\u00ebncy stofzak, type HPB2H. Inhoud 30 liter. 5-laags. Beschermt de motor maximaal tegen fijn stof. Ideaal bij opstellingen waarin een luchtafvoer naar buiten niet wenselijk en\/of niet mogelijk is. Voor o.a.\u00a0 MK20, MK23, MK25, MK28, MK35 en alle overige AstroVac, Easyfrezz en Cleanmaster stofzuigunits waarin een HPB1 papieren stofzak geplaatst kan worden [&#8230;]\n","protected":false},"featured_media":26108,"template":"","meta":[],"product_brand":[],"product_cat":[691],"product_tag":[],"class_list":{"0":"post-545","1":"product","2":"type-product","3":"status-publish","4":"has-post-thumbnail","6":"product_cat-stofzakken","8":"first","9":"instock","10":"taxable","11":"shipping-taxable","12":"purchasable","13":"product-type-simple"},"yoast_head":"<!-- This site is optimized with the Yoast SEO plugin v27.3 - https:\/\/yoast.com\/product\/yoast-seo-wordpress\/ -->\n<title>HPB2 - stofzak - afsluitbaar - AstroVac<\/title>\n<meta name=\"robots\" content=\"index, follow, max-snippet:-1, max-image-preview:large, max-video-preview:-1\" \/>\n<link rel=\"canonical\" href=\"https:\/\/astrovac.nl\/de\/shop\/hpb2h-versiegelbarer-staubbeutel\/\" \/>\n<meta property=\"og:locale\" content=\"de_DE\" \/>\n<meta property=\"og:type\" content=\"article\" \/>\n<meta property=\"og:title\" content=\"HPB2 - stofzak - afsluitbaar - AstroVac\" \/>\n<meta property=\"og:description\" content=\"Verwisselbare en afsluitbare high-effici\u00ebncy stofzak, type HPB2H. Inhoud 30 liter. 5-laags. Beschermt de motor maximaal tegen fijn stof. Ideaal bij opstellingen waarin een luchtafvoer naar buiten niet wenselijk en\/of niet mogelijk is. Voor o.a.\u00a0 MK20, MK23, MK25, MK28, MK35 en alle overige AstroVac, Easyfrezz en Cleanmaster stofzuigunits waarin een HPB1 papieren stofzak geplaatst kan worden [...]\" \/>\n<meta property=\"og:url\" content=\"https:\/\/astrovac.nl\/de\/shop\/hpb2h-versiegelbarer-staubbeutel\/\" \/>\n<meta property=\"og:site_name\" content=\"AstroVac\" \/>\n<meta property=\"article:publisher\" content=\"https:\/\/www.facebook.com\/profile.php?id=61559925887346\" \/>\n<meta property=\"article:modified_time\" content=\"2026-01-12T15:34:57+00:00\" \/>\n<meta property=\"og:image\" content=\"https:\/\/astrovac.nl\/wp-content\/uploads\/2013\/01\/5024002121-HPB2-stofzak-afsluitbaar-1.webp\" \/>\n\t<meta property=\"og:image:width\" content=\"1080\" \/>\n\t<meta property=\"og:image:height\" content=\"1080\" \/>\n\t<meta property=\"og:image:type\" content=\"image\/webp\" \/>\n<meta name=\"twitter:card\" content=\"summary_large_image\" \/>\n<script type=\"application\/ld+json\" class=\"yoast-schema-graph\">{\"@context\":\"https:\\\/\\\/schema.org\",\"@graph\":[{\"@type\":\"WebPage\",\"@id\":\"https:\\\/\\\/astrovac.nl\\\/winkel\\\/hpb2h-stofzak-afsluitbaar\\\/\",\"url\":\"https:\\\/\\\/astrovac.nl\\\/winkel\\\/hpb2h-stofzak-afsluitbaar\\\/\",\"name\":\"HPB2 - stofzak - afsluitbaar - AstroVac\",\"isPartOf\":{\"@id\":\"https:\\\/\\\/astrovac.nl\\\/de\\\/#website\"},\"primaryImageOfPage\":{\"@id\":\"https:\\\/\\\/astrovac.nl\\\/winkel\\\/hpb2h-stofzak-afsluitbaar\\\/#primaryimage\"},\"image\":{\"@id\":\"https:\\\/\\\/astrovac.nl\\\/winkel\\\/hpb2h-stofzak-afsluitbaar\\\/#primaryimage\"},\"thumbnailUrl\":\"https:\\\/\\\/astrovac.nl\\\/wp-content\\\/uploads\\\/2013\\\/01\\\/5024002121-HPB2-stofzak-afsluitbaar-1.webp\",\"datePublished\":\"2013-01-12T09:40:10+00:00\",\"dateModified\":\"2026-01-12T15:34:57+00:00\",\"breadcrumb\":{\"@id\":\"https:\\\/\\\/astrovac.nl\\\/winkel\\\/hpb2h-stofzak-afsluitbaar\\\/#breadcrumb\"},\"inLanguage\":\"de\",\"potentialAction\":[{\"@type\":\"ReadAction\",\"target\":[\"https:\\\/\\\/astrovac.nl\\\/winkel\\\/hpb2h-stofzak-afsluitbaar\\\/\"]}]},{\"@type\":\"ImageObject\",\"inLanguage\":\"de\",\"@id\":\"https:\\\/\\\/astrovac.nl\\\/winkel\\\/hpb2h-stofzak-afsluitbaar\\\/#primaryimage\",\"url\":\"https:\\\/\\\/astrovac.nl\\\/wp-content\\\/uploads\\\/2013\\\/01\\\/5024002121-HPB2-stofzak-afsluitbaar-1.webp\",\"contentUrl\":\"https:\\\/\\\/astrovac.nl\\\/wp-content\\\/uploads\\\/2013\\\/01\\\/5024002121-HPB2-stofzak-afsluitbaar-1.webp\",\"width\":1080,\"height\":1080,\"caption\":\"HPB2 - stofzak - afsluitbaar - 1x\"},{\"@type\":\"BreadcrumbList\",\"@id\":\"https:\\\/\\\/astrovac.nl\\\/winkel\\\/hpb2h-stofzak-afsluitbaar\\\/#breadcrumb\",\"itemListElement\":[{\"@type\":\"ListItem\",\"position\":1,\"name\":\"Home\",\"item\":\"https:\\\/\\\/astrovac.nl\\\/\"},{\"@type\":\"ListItem\",\"position\":2,\"name\":\"Winkel\",\"item\":\"https:\\\/\\\/astrovac.nl\\\/winkel\\\/\"},{\"@type\":\"ListItem\",\"position\":3,\"name\":\"Stofzakken en Filters\",\"item\":\"https:\\\/\\\/astrovac.nl\\\/product-category\\\/stofzakken-en-filters\\\/\"},{\"@type\":\"ListItem\",\"position\":4,\"name\":\"Stofzakken\",\"item\":\"https:\\\/\\\/astrovac.nl\\\/product-category\\\/stofzakken-en-filters\\\/stofzakken\\\/\"},{\"@type\":\"ListItem\",\"position\":5,\"name\":\"HPB2 &#8211; stofzak &#8211; afsluitbaar\"}]},{\"@type\":\"WebSite\",\"@id\":\"https:\\\/\\\/astrovac.nl\\\/de\\\/#website\",\"url\":\"https:\\\/\\\/astrovac.nl\\\/de\\\/\",\"name\":\"AstroVac\",\"description\":\"Centrale Stofzuiginstallaties\",\"publisher\":{\"@id\":\"https:\\\/\\\/astrovac.nl\\\/de\\\/#organization\"},\"potentialAction\":[{\"@type\":\"SearchAction\",\"target\":{\"@type\":\"EntryPoint\",\"urlTemplate\":\"https:\\\/\\\/astrovac.nl\\\/de\\\/?s={search_term_string}\"},\"query-input\":{\"@type\":\"PropertyValueSpecification\",\"valueRequired\":true,\"valueName\":\"search_term_string\"}}],\"inLanguage\":\"de\"},{\"@type\":\"Organization\",\"@id\":\"https:\\\/\\\/astrovac.nl\\\/de\\\/#organization\",\"name\":\"AstroVac\",\"url\":\"https:\\\/\\\/astrovac.nl\\\/de\\\/\",\"logo\":{\"@type\":\"ImageObject\",\"inLanguage\":\"de\",\"@id\":\"https:\\\/\\\/astrovac.nl\\\/de\\\/#\\\/schema\\\/logo\\\/image\\\/\",\"url\":\"https:\\\/\\\/astrovac.nl\\\/wp-content\\\/uploads\\\/2024\\\/03\\\/Astrovac-logo-2024.png\",\"contentUrl\":\"https:\\\/\\\/astrovac.nl\\\/wp-content\\\/uploads\\\/2024\\\/03\\\/Astrovac-logo-2024.png\",\"width\":3092,\"height\":906,\"caption\":\"AstroVac\"},\"image\":{\"@id\":\"https:\\\/\\\/astrovac.nl\\\/de\\\/#\\\/schema\\\/logo\\\/image\\\/\"},\"sameAs\":[\"https:\\\/\\\/www.facebook.com\\\/profile.php?id=61559925887346\"]}]}<\/script>\n<!-- \/ Yoast SEO plugin. -->","yoast_head_json":{"title":"HPB2 - Staubbeutel - verschlie\u00dfbar - AstroVac","robots":{"index":"index","follow":"follow","max-snippet":"max-snippet:-1","max-image-preview":"max-image-preview:large","max-video-preview":"max-video-preview:-1"},"canonical":"https:\/\/astrovac.nl\/de\/shop\/hpb2h-versiegelbarer-staubbeutel\/","og_locale":"de_DE","og_type":"article","og_title":"HPB2 - stofzak - afsluitbaar - AstroVac","og_description":"Verwisselbare en afsluitbare high-effici\u00ebncy stofzak, type HPB2H. Inhoud 30 liter. 5-laags. Beschermt de motor maximaal tegen fijn stof. Ideaal bij opstellingen waarin een luchtafvoer naar buiten niet wenselijk en\/of niet mogelijk is. Voor o.a.\u00a0 MK20, MK23, MK25, MK28, MK35 en alle overige AstroVac, Easyfrezz en Cleanmaster stofzuigunits waarin een HPB1 papieren stofzak geplaatst kan worden [...]","og_url":"https:\/\/astrovac.nl\/de\/shop\/hpb2h-versiegelbarer-staubbeutel\/","og_site_name":"AstroVac","article_publisher":"https:\/\/www.facebook.com\/profile.php?id=61559925887346","article_modified_time":"2026-01-12T15:34:57+00:00","og_image":[{"width":1080,"height":1080,"url":"https:\/\/astrovac.nl\/wp-content\/uploads\/2013\/01\/5024002121-HPB2-stofzak-afsluitbaar-1.webp","type":"image\/webp"}],"twitter_card":"summary_large_image","schema":{"@context":"https:\/\/schema.org","@graph":[{"@type":"WebPage","@id":"https:\/\/astrovac.nl\/winkel\/hpb2h-stofzak-afsluitbaar\/","url":"https:\/\/astrovac.nl\/winkel\/hpb2h-stofzak-afsluitbaar\/","name":"HPB2 - Staubbeutel - verschlie\u00dfbar - AstroVac","isPartOf":{"@id":"https:\/\/astrovac.nl\/de\/#website"},"primaryImageOfPage":{"@id":"https:\/\/astrovac.nl\/winkel\/hpb2h-stofzak-afsluitbaar\/#primaryimage"},"image":{"@id":"https:\/\/astrovac.nl\/winkel\/hpb2h-stofzak-afsluitbaar\/#primaryimage"},"thumbnailUrl":"https:\/\/astrovac.nl\/wp-content\/uploads\/2013\/01\/5024002121-HPB2-stofzak-afsluitbaar-1.webp","datePublished":"2013-01-12T09:40:10+00:00","dateModified":"2026-01-12T15:34:57+00:00","breadcrumb":{"@id":"https:\/\/astrovac.nl\/winkel\/hpb2h-stofzak-afsluitbaar\/#breadcrumb"},"inLanguage":"de","potentialAction":[{"@type":"ReadAction","target":["https:\/\/astrovac.nl\/winkel\/hpb2h-stofzak-afsluitbaar\/"]}]},{"@type":"ImageObject","inLanguage":"de","@id":"https:\/\/astrovac.nl\/winkel\/hpb2h-stofzak-afsluitbaar\/#primaryimage","url":"https:\/\/astrovac.nl\/wp-content\/uploads\/2013\/01\/5024002121-HPB2-stofzak-afsluitbaar-1.webp","contentUrl":"https:\/\/astrovac.nl\/wp-content\/uploads\/2013\/01\/5024002121-HPB2-stofzak-afsluitbaar-1.webp","width":1080,"height":1080,"caption":"HPB2 - stofzak - afsluitbaar - 1x"},{"@type":"BreadcrumbList","@id":"https:\/\/astrovac.nl\/winkel\/hpb2h-stofzak-afsluitbaar\/#breadcrumb","itemListElement":[{"@type":"ListItem","position":1,"name":"Home","item":"https:\/\/astrovac.nl\/"},{"@type":"ListItem","position":2,"name":"Winkel","item":"https:\/\/astrovac.nl\/winkel\/"},{"@type":"ListItem","position":3,"name":"Stofzakken en Filters","item":"https:\/\/astrovac.nl\/product-category\/stofzakken-en-filters\/"},{"@type":"ListItem","position":4,"name":"Stofzakken","item":"https:\/\/astrovac.nl\/product-category\/stofzakken-en-filters\/stofzakken\/"},{"@type":"ListItem","position":5,"name":"HPB2 &#8211; stofzak &#8211; afsluitbaar"}]},{"@type":"WebSite","@id":"https:\/\/astrovac.nl\/de\/#website","url":"https:\/\/astrovac.nl\/de\/","name":"AstroVac","description":"Zentrale Vakuumsysteme","publisher":{"@id":"https:\/\/astrovac.nl\/de\/#organization"},"potentialAction":[{"@type":"SearchAction","target":{"@type":"EntryPoint","urlTemplate":"https:\/\/astrovac.nl\/de\/?s={search_term_string}"},"query-input":{"@type":"PropertyValueSpecification","valueRequired":true,"valueName":"search_term_string"}}],"inLanguage":"de"},{"@type":"Organization","@id":"https:\/\/astrovac.nl\/de\/#organization","name":"AstroVac","url":"https:\/\/astrovac.nl\/de\/","logo":{"@type":"ImageObject","inLanguage":"de","@id":"https:\/\/astrovac.nl\/de\/#\/schema\/logo\/image\/","url":"https:\/\/astrovac.nl\/wp-content\/uploads\/2024\/03\/Astrovac-logo-2024.png","contentUrl":"https:\/\/astrovac.nl\/wp-content\/uploads\/2024\/03\/Astrovac-logo-2024.png","width":3092,"height":906,"caption":"AstroVac"},"image":{"@id":"https:\/\/astrovac.nl\/de\/#\/schema\/logo\/image\/"},"sameAs":["https:\/\/www.facebook.com\/profile.php?id=61559925887346"]}]}},"_links":{"self":[{"href":"https:\/\/astrovac.nl\/de\/wp-json\/wp\/v2\/product\/545","targetHints":{"allow":["GET"]}}],"collection":[{"href":"https:\/\/astrovac.nl\/de\/wp-json\/wp\/v2\/product"}],"about":[{"href":"https:\/\/astrovac.nl\/de\/wp-json\/wp\/v2\/types\/product"}],"wp:featuredmedia":[{"embeddable":true,"href":"https:\/\/astrovac.nl\/de\/wp-json\/wp\/v2\/media\/26108"}],"wp:attachment":[{"href":"https:\/\/astrovac.nl\/de\/wp-json\/wp\/v2\/media?parent=545"}],"wp:term":[{"taxonomy":"product_brand","embeddable":true,"href":"https:\/\/astrovac.nl\/de\/wp-json\/wp\/v2\/product_brand?post=545"},{"taxonomy":"product_cat","embeddable":true,"href":"https:\/\/astrovac.nl\/de\/wp-json\/wp\/v2\/product_cat?post=545"},{"taxonomy":"product_tag","embeddable":true,"href":"https:\/\/astrovac.nl\/de\/wp-json\/wp\/v2\/product_tag?post=545"}],"curies":[{"name":"wp","href":"https:\/\/api.w.org\/{rel}","templated":true}]}}