{"id":552,"date":"2013-01-12T11:02:35","date_gmt":"2013-01-12T10:02:35","guid":{"rendered":"https:\/\/astrotrans.testontwikkeling.nl\/?post_type=product&#038;p=552"},"modified":"2026-03-06T17:47:30","modified_gmt":"2026-01-01T01:08:29","slug":"verlangerungsrohr-fur-vakuumkontakt-es","status":"publish","type":"product","link":"https:\/\/astrovac.nl\/de\/winkel\/verlengpijpje-voor-stofzuigcontact-es\/","title":{"rendered":"Verl\u00e4ngerungsrohr f\u00fcr versenkten Vakuumkontakt - Aluminium - 15cm"},"content":{"rendered":"<p>F\u00fcllt die Distanz zwischen der R\u00fcckseite der Saugdose und einer zu tiefen Unterputzdose. L\u00e4nge 15 cm. Verk\u00fcrzbar.<\/p>\n<p><a href=\"https:\/\/astrovac.nl\/wp-content\/uploads\/2013\/01\/verlengpijpje.jpg\"><img loading=\"lazy\" decoding=\"async\" class=\"alignleft wp-image-5005\" src=\"https:\/\/astrovac.nl\/wp-content\/uploads\/2013\/01\/verlengpijpje.jpg\" alt=\"\" width=\"400\" height=\"233\" srcset=\"https:\/\/astrovac.nl\/wp-content\/uploads\/2013\/01\/verlengpijpje.jpg 1172w, https:\/\/astrovac.nl\/wp-content\/uploads\/2013\/01\/verlengpijpje-510x298.jpg 510w, https:\/\/astrovac.nl\/wp-content\/uploads\/2013\/01\/verlengpijpje-270x158.jpg 270w, https:\/\/astrovac.nl\/wp-content\/uploads\/2013\/01\/verlengpijpje-200x117.jpg 200w, https:\/\/astrovac.nl\/wp-content\/uploads\/2013\/01\/verlengpijpje-768x448.jpg 768w, https:\/\/astrovac.nl\/wp-content\/uploads\/2013\/01\/verlengpijpje-1024x598.jpg 1024w\" sizes=\"auto, (max-width: 400px) 100vw, 400px\" \/><\/a><\/p>","protected":false},"excerpt":{"rendered":"<p>Art. Nr. 24003023<\/p>","protected":false},"featured_media":635,"template":"","meta":[],"product_brand":[],"product_cat":[636],"product_tag":[],"class_list":{"0":"post-552","1":"product","2":"type-product","3":"status-publish","4":"has-post-thumbnail","6":"product_cat-overig-installatiemateriaal","8":"first","9":"instock","10":"taxable","11":"shipping-taxable","12":"purchasable","13":"product-type-simple"},"yoast_head":"<!-- This site is optimized with the Yoast SEO plugin v27.3 - https:\/\/yoast.com\/product\/yoast-seo-wordpress\/ -->\n<title>Verlengpijp voor inbouw-stofzuigcontact - aluminium - 15cm - AstroVac<\/title>\n<meta name=\"robots\" content=\"index, follow, max-snippet:-1, max-image-preview:large, max-video-preview:-1\" \/>\n<link rel=\"canonical\" href=\"https:\/\/astrovac.nl\/de\/shop\/verlangerungsrohr-fur-vakuumkontakt-es\/\" \/>\n<meta property=\"og:locale\" content=\"de_DE\" \/>\n<meta property=\"og:type\" content=\"article\" \/>\n<meta property=\"og:title\" content=\"Verlengpijp voor inbouw-stofzuigcontact - aluminium - 15cm - AstroVac\" \/>\n<meta property=\"og:description\" content=\"art. nr. 24003023\" \/>\n<meta property=\"og:url\" content=\"https:\/\/astrovac.nl\/de\/shop\/verlangerungsrohr-fur-vakuumkontakt-es\/\" \/>\n<meta property=\"og:site_name\" content=\"AstroVac\" \/>\n<meta property=\"article:publisher\" content=\"https:\/\/www.facebook.com\/profile.php?id=61559925887346\" \/>\n<meta property=\"article:modified_time\" content=\"2026-01-01T01:08:29+00:00\" \/>\n<meta property=\"og:image\" content=\"https:\/\/astrovac.nl\/wp-content\/uploads\/2013\/01\/24003023.jpg\" \/>\n\t<meta property=\"og:image:width\" content=\"270\" \/>\n\t<meta property=\"og:image:height\" content=\"360\" \/>\n\t<meta property=\"og:image:type\" content=\"image\/jpeg\" \/>\n<meta name=\"twitter:card\" content=\"summary_large_image\" \/>\n<script type=\"application\/ld+json\" class=\"yoast-schema-graph\">{\"@context\":\"https:\\\/\\\/schema.org\",\"@graph\":[{\"@type\":\"WebPage\",\"@id\":\"https:\\\/\\\/astrovac.nl\\\/winkel\\\/verlengpijpje-voor-stofzuigcontact-es\\\/\",\"url\":\"https:\\\/\\\/astrovac.nl\\\/winkel\\\/verlengpijpje-voor-stofzuigcontact-es\\\/\",\"name\":\"Verlengpijp voor inbouw-stofzuigcontact - aluminium - 15cm - AstroVac\",\"isPartOf\":{\"@id\":\"https:\\\/\\\/astrovac.nl\\\/de\\\/#website\"},\"primaryImageOfPage\":{\"@id\":\"https:\\\/\\\/astrovac.nl\\\/winkel\\\/verlengpijpje-voor-stofzuigcontact-es\\\/#primaryimage\"},\"image\":{\"@id\":\"https:\\\/\\\/astrovac.nl\\\/winkel\\\/verlengpijpje-voor-stofzuigcontact-es\\\/#primaryimage\"},\"thumbnailUrl\":\"https:\\\/\\\/astrovac.nl\\\/wp-content\\\/uploads\\\/2013\\\/01\\\/24003023.jpg\",\"datePublished\":\"2013-01-12T10:02:35+00:00\",\"dateModified\":\"2026-01-01T01:08:29+00:00\",\"breadcrumb\":{\"@id\":\"https:\\\/\\\/astrovac.nl\\\/winkel\\\/verlengpijpje-voor-stofzuigcontact-es\\\/#breadcrumb\"},\"inLanguage\":\"de\",\"potentialAction\":[{\"@type\":\"ReadAction\",\"target\":[\"https:\\\/\\\/astrovac.nl\\\/winkel\\\/verlengpijpje-voor-stofzuigcontact-es\\\/\"]}]},{\"@type\":\"ImageObject\",\"inLanguage\":\"de\",\"@id\":\"https:\\\/\\\/astrovac.nl\\\/winkel\\\/verlengpijpje-voor-stofzuigcontact-es\\\/#primaryimage\",\"url\":\"https:\\\/\\\/astrovac.nl\\\/wp-content\\\/uploads\\\/2013\\\/01\\\/24003023.jpg\",\"contentUrl\":\"https:\\\/\\\/astrovac.nl\\\/wp-content\\\/uploads\\\/2013\\\/01\\\/24003023.jpg\",\"width\":270,\"height\":360},{\"@type\":\"BreadcrumbList\",\"@id\":\"https:\\\/\\\/astrovac.nl\\\/winkel\\\/verlengpijpje-voor-stofzuigcontact-es\\\/#breadcrumb\",\"itemListElement\":[{\"@type\":\"ListItem\",\"position\":1,\"name\":\"Home\",\"item\":\"https:\\\/\\\/astrovac.nl\\\/\"},{\"@type\":\"ListItem\",\"position\":2,\"name\":\"Winkel\",\"item\":\"https:\\\/\\\/astrovac.nl\\\/winkel\\\/\"},{\"@type\":\"ListItem\",\"position\":3,\"name\":\"Installatiemateriaal\",\"item\":\"https:\\\/\\\/astrovac.nl\\\/product-category\\\/installatiemateriaal\\\/\"},{\"@type\":\"ListItem\",\"position\":4,\"name\":\"Overig\",\"item\":\"https:\\\/\\\/astrovac.nl\\\/product-category\\\/installatiemateriaal\\\/overig-installatiemateriaal\\\/\"},{\"@type\":\"ListItem\",\"position\":5,\"name\":\"Verlengpijp voor inbouw-stofzuigcontact &#8211; aluminium &#8211; 15cm\"}]},{\"@type\":\"WebSite\",\"@id\":\"https:\\\/\\\/astrovac.nl\\\/de\\\/#website\",\"url\":\"https:\\\/\\\/astrovac.nl\\\/de\\\/\",\"name\":\"AstroVac\",\"description\":\"Centrale Stofzuiginstallaties\",\"publisher\":{\"@id\":\"https:\\\/\\\/astrovac.nl\\\/de\\\/#organization\"},\"potentialAction\":[{\"@type\":\"SearchAction\",\"target\":{\"@type\":\"EntryPoint\",\"urlTemplate\":\"https:\\\/\\\/astrovac.nl\\\/de\\\/?s={search_term_string}\"},\"query-input\":{\"@type\":\"PropertyValueSpecification\",\"valueRequired\":true,\"valueName\":\"search_term_string\"}}],\"inLanguage\":\"de\"},{\"@type\":\"Organization\",\"@id\":\"https:\\\/\\\/astrovac.nl\\\/de\\\/#organization\",\"name\":\"AstroVac\",\"url\":\"https:\\\/\\\/astrovac.nl\\\/de\\\/\",\"logo\":{\"@type\":\"ImageObject\",\"inLanguage\":\"de\",\"@id\":\"https:\\\/\\\/astrovac.nl\\\/de\\\/#\\\/schema\\\/logo\\\/image\\\/\",\"url\":\"https:\\\/\\\/astrovac.nl\\\/wp-content\\\/uploads\\\/2024\\\/03\\\/Astrovac-logo-2024.png\",\"contentUrl\":\"https:\\\/\\\/astrovac.nl\\\/wp-content\\\/uploads\\\/2024\\\/03\\\/Astrovac-logo-2024.png\",\"width\":3092,\"height\":906,\"caption\":\"AstroVac\"},\"image\":{\"@id\":\"https:\\\/\\\/astrovac.nl\\\/de\\\/#\\\/schema\\\/logo\\\/image\\\/\"},\"sameAs\":[\"https:\\\/\\\/www.facebook.com\\\/profile.php?id=61559925887346\"]}]}<\/script>\n<!-- \/ Yoast SEO plugin. -->","yoast_head_json":{"title":"Verl\u00e4ngerungsrohr f\u00fcr Einbaustaubsauger - Aluminium - 15cm - AstroVac","robots":{"index":"index","follow":"follow","max-snippet":"max-snippet:-1","max-image-preview":"max-image-preview:large","max-video-preview":"max-video-preview:-1"},"canonical":"https:\/\/astrovac.nl\/de\/shop\/verlangerungsrohr-fur-vakuumkontakt-es\/","og_locale":"de_DE","og_type":"article","og_title":"Verlengpijp voor inbouw-stofzuigcontact - aluminium - 15cm - AstroVac","og_description":"art. nr. 24003023","og_url":"https:\/\/astrovac.nl\/de\/shop\/verlangerungsrohr-fur-vakuumkontakt-es\/","og_site_name":"AstroVac","article_publisher":"https:\/\/www.facebook.com\/profile.php?id=61559925887346","article_modified_time":"2026-01-01T01:08:29+00:00","og_image":[{"width":270,"height":360,"url":"https:\/\/astrovac.nl\/wp-content\/uploads\/2013\/01\/24003023.jpg","type":"image\/jpeg"}],"twitter_card":"summary_large_image","schema":{"@context":"https:\/\/schema.org","@graph":[{"@type":"WebPage","@id":"https:\/\/astrovac.nl\/winkel\/verlengpijpje-voor-stofzuigcontact-es\/","url":"https:\/\/astrovac.nl\/winkel\/verlengpijpje-voor-stofzuigcontact-es\/","name":"Verl\u00e4ngerungsrohr f\u00fcr Einbaustaubsauger - Aluminium - 15cm - AstroVac","isPartOf":{"@id":"https:\/\/astrovac.nl\/de\/#website"},"primaryImageOfPage":{"@id":"https:\/\/astrovac.nl\/winkel\/verlengpijpje-voor-stofzuigcontact-es\/#primaryimage"},"image":{"@id":"https:\/\/astrovac.nl\/winkel\/verlengpijpje-voor-stofzuigcontact-es\/#primaryimage"},"thumbnailUrl":"https:\/\/astrovac.nl\/wp-content\/uploads\/2013\/01\/24003023.jpg","datePublished":"2013-01-12T10:02:35+00:00","dateModified":"2026-01-01T01:08:29+00:00","breadcrumb":{"@id":"https:\/\/astrovac.nl\/winkel\/verlengpijpje-voor-stofzuigcontact-es\/#breadcrumb"},"inLanguage":"de","potentialAction":[{"@type":"ReadAction","target":["https:\/\/astrovac.nl\/winkel\/verlengpijpje-voor-stofzuigcontact-es\/"]}]},{"@type":"ImageObject","inLanguage":"de","@id":"https:\/\/astrovac.nl\/winkel\/verlengpijpje-voor-stofzuigcontact-es\/#primaryimage","url":"https:\/\/astrovac.nl\/wp-content\/uploads\/2013\/01\/24003023.jpg","contentUrl":"https:\/\/astrovac.nl\/wp-content\/uploads\/2013\/01\/24003023.jpg","width":270,"height":360},{"@type":"BreadcrumbList","@id":"https:\/\/astrovac.nl\/winkel\/verlengpijpje-voor-stofzuigcontact-es\/#breadcrumb","itemListElement":[{"@type":"ListItem","position":1,"name":"Home","item":"https:\/\/astrovac.nl\/"},{"@type":"ListItem","position":2,"name":"Winkel","item":"https:\/\/astrovac.nl\/winkel\/"},{"@type":"ListItem","position":3,"name":"Installatiemateriaal","item":"https:\/\/astrovac.nl\/product-category\/installatiemateriaal\/"},{"@type":"ListItem","position":4,"name":"Overig","item":"https:\/\/astrovac.nl\/product-category\/installatiemateriaal\/overig-installatiemateriaal\/"},{"@type":"ListItem","position":5,"name":"Verlengpijp voor inbouw-stofzuigcontact &#8211; aluminium &#8211; 15cm"}]},{"@type":"WebSite","@id":"https:\/\/astrovac.nl\/de\/#website","url":"https:\/\/astrovac.nl\/de\/","name":"AstroVac","description":"Zentrale Vakuumsysteme","publisher":{"@id":"https:\/\/astrovac.nl\/de\/#organization"},"potentialAction":[{"@type":"SearchAction","target":{"@type":"EntryPoint","urlTemplate":"https:\/\/astrovac.nl\/de\/?s={search_term_string}"},"query-input":{"@type":"PropertyValueSpecification","valueRequired":true,"valueName":"search_term_string"}}],"inLanguage":"de"},{"@type":"Organization","@id":"https:\/\/astrovac.nl\/de\/#organization","name":"AstroVac","url":"https:\/\/astrovac.nl\/de\/","logo":{"@type":"ImageObject","inLanguage":"de","@id":"https:\/\/astrovac.nl\/de\/#\/schema\/logo\/image\/","url":"https:\/\/astrovac.nl\/wp-content\/uploads\/2024\/03\/Astrovac-logo-2024.png","contentUrl":"https:\/\/astrovac.nl\/wp-content\/uploads\/2024\/03\/Astrovac-logo-2024.png","width":3092,"height":906,"caption":"AstroVac"},"image":{"@id":"https:\/\/astrovac.nl\/de\/#\/schema\/logo\/image\/"},"sameAs":["https:\/\/www.facebook.com\/profile.php?id=61559925887346"]}]}},"_links":{"self":[{"href":"https:\/\/astrovac.nl\/de\/wp-json\/wp\/v2\/product\/552","targetHints":{"allow":["GET"]}}],"collection":[{"href":"https:\/\/astrovac.nl\/de\/wp-json\/wp\/v2\/product"}],"about":[{"href":"https:\/\/astrovac.nl\/de\/wp-json\/wp\/v2\/types\/product"}],"wp:featuredmedia":[{"embeddable":true,"href":"https:\/\/astrovac.nl\/de\/wp-json\/wp\/v2\/media\/635"}],"wp:attachment":[{"href":"https:\/\/astrovac.nl\/de\/wp-json\/wp\/v2\/media?parent=552"}],"wp:term":[{"taxonomy":"product_brand","embeddable":true,"href":"https:\/\/astrovac.nl\/de\/wp-json\/wp\/v2\/product_brand?post=552"},{"taxonomy":"product_cat","embeddable":true,"href":"https:\/\/astrovac.nl\/de\/wp-json\/wp\/v2\/product_cat?post=552"},{"taxonomy":"product_tag","embeddable":true,"href":"https:\/\/astrovac.nl\/de\/wp-json\/wp\/v2\/product_tag?post=552"}],"curies":[{"name":"wp","href":"https:\/\/api.w.org\/{rel}","templated":true}]}}