{"id":563,"date":"2013-01-12T12:03:18","date_gmt":"2013-01-12T11:03:18","guid":{"rendered":"https:\/\/astrotrans.testontwikkeling.nl\/?post_type=product&#038;p=563"},"modified":"2026-03-20T09:56:18","modified_gmt":"2026-01-01T01:13:00","slug":"sockelauszug-schwarz","status":"publish","type":"product","link":"https:\/\/astrovac.nl\/de\/winkel\/plintafzuiging-zwart\/","title":{"rendered":"Sockelleistenauszug - Schwarz"},"content":{"rendered":"<p>Montieren Sie einen Sockelabsauger im Sockel Ihrer K\u00fcche, damit Sie Kr\u00fcmel ganz einfach entfernen k\u00f6nnen! Der Sockelabsauger l\u00e4sst sich ganz einfach mit dem Fu\u00df \u00f6ffnen, sodass Sie sich nicht b\u00fccken m\u00fcssen. Kr\u00fcmel und Staub werden \u00fcber den Sockelabsauger schnell und effizient zum Staubsauger abgef\u00fchrt. <\/p>\n<p>Wird mit einem 24-V-Anschluss geliefert.<\/p>\n<p>NB: F\u00fcr einen korrekten Anschluss empfehlen wir, das Anschluss-Set zu bestellen. Dies vereinfacht die Montage und den Wiedereinbau des K\u00fcchensockels. <a href=\"https:\/\/astrovac.nl\/de\/shop\/anschluss-set-fur-sockelkontakt\/\"><span style=\"text-decoration: underline;\">Anschlussset f\u00fcr Sockelkontakt<\/span><\/a><\/p>","protected":false},"excerpt":{"rendered":"<p>Art. Nr. 24003070<\/p>","protected":false},"featured_media":1100,"template":"","meta":[],"product_brand":[],"product_cat":[640],"product_tag":[],"class_list":{"0":"post-563","1":"product","2":"type-product","3":"status-publish","4":"has-post-thumbnail","6":"product_cat-plint-contact","8":"first","9":"instock","10":"taxable","11":"shipping-taxable","12":"purchasable","13":"product-type-simple"},"yoast_head":"<!-- This site is optimized with the Yoast SEO plugin v27.3 - https:\/\/yoast.com\/product\/yoast-seo-wordpress\/ -->\n<title>Plintafzuiging - Zwart - AstroVac<\/title>\n<meta name=\"robots\" content=\"index, follow, max-snippet:-1, max-image-preview:large, max-video-preview:-1\" \/>\n<link rel=\"canonical\" href=\"https:\/\/astrovac.nl\/de\/shop\/sockelauszug-schwarz\/\" \/>\n<meta property=\"og:locale\" content=\"de_DE\" \/>\n<meta property=\"og:type\" content=\"article\" \/>\n<meta property=\"og:title\" content=\"Plintafzuiging - Zwart - AstroVac\" \/>\n<meta property=\"og:description\" content=\"art. nr. 24003070\" \/>\n<meta property=\"og:url\" content=\"https:\/\/astrovac.nl\/de\/shop\/sockelauszug-schwarz\/\" \/>\n<meta property=\"og:site_name\" content=\"AstroVac\" \/>\n<meta property=\"article:publisher\" content=\"https:\/\/www.facebook.com\/profile.php?id=61559925887346\" \/>\n<meta property=\"article:modified_time\" content=\"2026-01-01T01:13:00+00:00\" \/>\n<meta property=\"og:image\" content=\"https:\/\/astrovac.nl\/wp-content\/uploads\/2013\/02\/24003070.jpg\" \/>\n\t<meta property=\"og:image:width\" content=\"270\" \/>\n\t<meta property=\"og:image:height\" content=\"360\" \/>\n\t<meta property=\"og:image:type\" content=\"image\/jpeg\" \/>\n<meta name=\"twitter:card\" content=\"summary_large_image\" \/>\n<script type=\"application\/ld+json\" class=\"yoast-schema-graph\">{\"@context\":\"https:\\\/\\\/schema.org\",\"@graph\":[{\"@type\":\"WebPage\",\"@id\":\"https:\\\/\\\/astrovac.nl\\\/winkel\\\/plintafzuiging-zwart\\\/\",\"url\":\"https:\\\/\\\/astrovac.nl\\\/winkel\\\/plintafzuiging-zwart\\\/\",\"name\":\"Plintafzuiging - Zwart - AstroVac\",\"isPartOf\":{\"@id\":\"https:\\\/\\\/astrovac.nl\\\/de\\\/#website\"},\"primaryImageOfPage\":{\"@id\":\"https:\\\/\\\/astrovac.nl\\\/winkel\\\/plintafzuiging-zwart\\\/#primaryimage\"},\"image\":{\"@id\":\"https:\\\/\\\/astrovac.nl\\\/winkel\\\/plintafzuiging-zwart\\\/#primaryimage\"},\"thumbnailUrl\":\"https:\\\/\\\/astrovac.nl\\\/wp-content\\\/uploads\\\/2013\\\/02\\\/24003070.jpg\",\"datePublished\":\"2013-01-12T11:03:18+00:00\",\"dateModified\":\"2026-01-01T01:13:00+00:00\",\"breadcrumb\":{\"@id\":\"https:\\\/\\\/astrovac.nl\\\/winkel\\\/plintafzuiging-zwart\\\/#breadcrumb\"},\"inLanguage\":\"de\",\"potentialAction\":[{\"@type\":\"ReadAction\",\"target\":[\"https:\\\/\\\/astrovac.nl\\\/winkel\\\/plintafzuiging-zwart\\\/\"]}]},{\"@type\":\"ImageObject\",\"inLanguage\":\"de\",\"@id\":\"https:\\\/\\\/astrovac.nl\\\/winkel\\\/plintafzuiging-zwart\\\/#primaryimage\",\"url\":\"https:\\\/\\\/astrovac.nl\\\/wp-content\\\/uploads\\\/2013\\\/02\\\/24003070.jpg\",\"contentUrl\":\"https:\\\/\\\/astrovac.nl\\\/wp-content\\\/uploads\\\/2013\\\/02\\\/24003070.jpg\",\"width\":270,\"height\":360},{\"@type\":\"BreadcrumbList\",\"@id\":\"https:\\\/\\\/astrovac.nl\\\/winkel\\\/plintafzuiging-zwart\\\/#breadcrumb\",\"itemListElement\":[{\"@type\":\"ListItem\",\"position\":1,\"name\":\"Home\",\"item\":\"https:\\\/\\\/astrovac.nl\\\/\"},{\"@type\":\"ListItem\",\"position\":2,\"name\":\"Winkel\",\"item\":\"https:\\\/\\\/astrovac.nl\\\/winkel\\\/\"},{\"@type\":\"ListItem\",\"position\":3,\"name\":\"Stofzuigcontacten\",\"item\":\"https:\\\/\\\/astrovac.nl\\\/product-category\\\/stofzuigcontacten-1\\\/\"},{\"@type\":\"ListItem\",\"position\":4,\"name\":\"Plint-contact\",\"item\":\"https:\\\/\\\/astrovac.nl\\\/product-category\\\/stofzuigcontacten-1\\\/plint-contact\\\/\"},{\"@type\":\"ListItem\",\"position\":5,\"name\":\"Plintafzuiging &#8211; Zwart\"}]},{\"@type\":\"WebSite\",\"@id\":\"https:\\\/\\\/astrovac.nl\\\/de\\\/#website\",\"url\":\"https:\\\/\\\/astrovac.nl\\\/de\\\/\",\"name\":\"AstroVac\",\"description\":\"Centrale Stofzuiginstallaties\",\"publisher\":{\"@id\":\"https:\\\/\\\/astrovac.nl\\\/de\\\/#organization\"},\"potentialAction\":[{\"@type\":\"SearchAction\",\"target\":{\"@type\":\"EntryPoint\",\"urlTemplate\":\"https:\\\/\\\/astrovac.nl\\\/de\\\/?s={search_term_string}\"},\"query-input\":{\"@type\":\"PropertyValueSpecification\",\"valueRequired\":true,\"valueName\":\"search_term_string\"}}],\"inLanguage\":\"de\"},{\"@type\":\"Organization\",\"@id\":\"https:\\\/\\\/astrovac.nl\\\/de\\\/#organization\",\"name\":\"AstroVac\",\"url\":\"https:\\\/\\\/astrovac.nl\\\/de\\\/\",\"logo\":{\"@type\":\"ImageObject\",\"inLanguage\":\"de\",\"@id\":\"https:\\\/\\\/astrovac.nl\\\/de\\\/#\\\/schema\\\/logo\\\/image\\\/\",\"url\":\"https:\\\/\\\/astrovac.nl\\\/wp-content\\\/uploads\\\/2024\\\/03\\\/Astrovac-logo-2024.png\",\"contentUrl\":\"https:\\\/\\\/astrovac.nl\\\/wp-content\\\/uploads\\\/2024\\\/03\\\/Astrovac-logo-2024.png\",\"width\":3092,\"height\":906,\"caption\":\"AstroVac\"},\"image\":{\"@id\":\"https:\\\/\\\/astrovac.nl\\\/de\\\/#\\\/schema\\\/logo\\\/image\\\/\"},\"sameAs\":[\"https:\\\/\\\/www.facebook.com\\\/profile.php?id=61559925887346\"]}]}<\/script>\n<!-- \/ Yoast SEO plugin. -->","yoast_head_json":{"title":"Sockelabsaugung - Schwarz - AstroVac","robots":{"index":"index","follow":"follow","max-snippet":"max-snippet:-1","max-image-preview":"max-image-preview:large","max-video-preview":"max-video-preview:-1"},"canonical":"https:\/\/astrovac.nl\/de\/shop\/sockelauszug-schwarz\/","og_locale":"de_DE","og_type":"article","og_title":"Plintafzuiging - Zwart - AstroVac","og_description":"art. nr. 24003070","og_url":"https:\/\/astrovac.nl\/de\/shop\/sockelauszug-schwarz\/","og_site_name":"AstroVac","article_publisher":"https:\/\/www.facebook.com\/profile.php?id=61559925887346","article_modified_time":"2026-01-01T01:13:00+00:00","og_image":[{"width":270,"height":360,"url":"https:\/\/astrovac.nl\/wp-content\/uploads\/2013\/02\/24003070.jpg","type":"image\/jpeg"}],"twitter_card":"summary_large_image","schema":{"@context":"https:\/\/schema.org","@graph":[{"@type":"WebPage","@id":"https:\/\/astrovac.nl\/winkel\/plintafzuiging-zwart\/","url":"https:\/\/astrovac.nl\/winkel\/plintafzuiging-zwart\/","name":"Sockelabsaugung - Schwarz - AstroVac","isPartOf":{"@id":"https:\/\/astrovac.nl\/de\/#website"},"primaryImageOfPage":{"@id":"https:\/\/astrovac.nl\/winkel\/plintafzuiging-zwart\/#primaryimage"},"image":{"@id":"https:\/\/astrovac.nl\/winkel\/plintafzuiging-zwart\/#primaryimage"},"thumbnailUrl":"https:\/\/astrovac.nl\/wp-content\/uploads\/2013\/02\/24003070.jpg","datePublished":"2013-01-12T11:03:18+00:00","dateModified":"2026-01-01T01:13:00+00:00","breadcrumb":{"@id":"https:\/\/astrovac.nl\/winkel\/plintafzuiging-zwart\/#breadcrumb"},"inLanguage":"de","potentialAction":[{"@type":"ReadAction","target":["https:\/\/astrovac.nl\/winkel\/plintafzuiging-zwart\/"]}]},{"@type":"ImageObject","inLanguage":"de","@id":"https:\/\/astrovac.nl\/winkel\/plintafzuiging-zwart\/#primaryimage","url":"https:\/\/astrovac.nl\/wp-content\/uploads\/2013\/02\/24003070.jpg","contentUrl":"https:\/\/astrovac.nl\/wp-content\/uploads\/2013\/02\/24003070.jpg","width":270,"height":360},{"@type":"BreadcrumbList","@id":"https:\/\/astrovac.nl\/winkel\/plintafzuiging-zwart\/#breadcrumb","itemListElement":[{"@type":"ListItem","position":1,"name":"Home","item":"https:\/\/astrovac.nl\/"},{"@type":"ListItem","position":2,"name":"Winkel","item":"https:\/\/astrovac.nl\/winkel\/"},{"@type":"ListItem","position":3,"name":"Stofzuigcontacten","item":"https:\/\/astrovac.nl\/product-category\/stofzuigcontacten-1\/"},{"@type":"ListItem","position":4,"name":"Plint-contact","item":"https:\/\/astrovac.nl\/product-category\/stofzuigcontacten-1\/plint-contact\/"},{"@type":"ListItem","position":5,"name":"Plintafzuiging &#8211; Zwart"}]},{"@type":"WebSite","@id":"https:\/\/astrovac.nl\/de\/#website","url":"https:\/\/astrovac.nl\/de\/","name":"AstroVac","description":"Zentrale Vakuumsysteme","publisher":{"@id":"https:\/\/astrovac.nl\/de\/#organization"},"potentialAction":[{"@type":"SearchAction","target":{"@type":"EntryPoint","urlTemplate":"https:\/\/astrovac.nl\/de\/?s={search_term_string}"},"query-input":{"@type":"PropertyValueSpecification","valueRequired":true,"valueName":"search_term_string"}}],"inLanguage":"de"},{"@type":"Organization","@id":"https:\/\/astrovac.nl\/de\/#organization","name":"AstroVac","url":"https:\/\/astrovac.nl\/de\/","logo":{"@type":"ImageObject","inLanguage":"de","@id":"https:\/\/astrovac.nl\/de\/#\/schema\/logo\/image\/","url":"https:\/\/astrovac.nl\/wp-content\/uploads\/2024\/03\/Astrovac-logo-2024.png","contentUrl":"https:\/\/astrovac.nl\/wp-content\/uploads\/2024\/03\/Astrovac-logo-2024.png","width":3092,"height":906,"caption":"AstroVac"},"image":{"@id":"https:\/\/astrovac.nl\/de\/#\/schema\/logo\/image\/"},"sameAs":["https:\/\/www.facebook.com\/profile.php?id=61559925887346"]}]}},"_links":{"self":[{"href":"https:\/\/astrovac.nl\/de\/wp-json\/wp\/v2\/product\/563","targetHints":{"allow":["GET"]}}],"collection":[{"href":"https:\/\/astrovac.nl\/de\/wp-json\/wp\/v2\/product"}],"about":[{"href":"https:\/\/astrovac.nl\/de\/wp-json\/wp\/v2\/types\/product"}],"wp:featuredmedia":[{"embeddable":true,"href":"https:\/\/astrovac.nl\/de\/wp-json\/wp\/v2\/media\/1100"}],"wp:attachment":[{"href":"https:\/\/astrovac.nl\/de\/wp-json\/wp\/v2\/media?parent=563"}],"wp:term":[{"taxonomy":"product_brand","embeddable":true,"href":"https:\/\/astrovac.nl\/de\/wp-json\/wp\/v2\/product_brand?post=563"},{"taxonomy":"product_cat","embeddable":true,"href":"https:\/\/astrovac.nl\/de\/wp-json\/wp\/v2\/product_cat?post=563"},{"taxonomy":"product_tag","embeddable":true,"href":"https:\/\/astrovac.nl\/de\/wp-json\/wp\/v2\/product_tag?post=563"}],"curies":[{"name":"wp","href":"https:\/\/api.w.org\/{rel}","templated":true}]}}