{"id":571,"date":"2013-01-12T13:07:37","date_gmt":"2013-01-12T12:07:37","guid":{"rendered":"https:\/\/astrotrans.testontwikkeling.nl\/?post_type=product&#038;p=571"},"modified":"2026-03-17T15:31:57","modified_gmt":"2026-03-14T18:25:03","slug":"kohleburste-pst-2","status":"publish","type":"product","link":"https:\/\/astrovac.nl\/de\/winkel\/koolborstel-pst-2\/","title":{"rendered":"Kohleb\u00fcrste f\u00fcr SR73 \/ S2200\/ S2800 \/ S3500 - pro St\u00fcck"},"content":{"rendered":"<p>Kohleb\u00fcrste u.a. f\u00fcr SR73, MK18, S2200, S2800 und S3500 Absauganlage (Baujahr &lt; 2014).<\/p>\n<p>Kontrollieren Sie vor der Bestellung immer die Details auf dem Foto. Im Zweifelsfall wenden Sie sich bitte an den Importeur. <a href=\"https:\/\/astrovac.nl\/de\/kontakt\/\">Kontakt<\/a> mit dem Importeur zu vereinbaren.<\/p>","protected":false},"excerpt":{"rendered":"<p>Kohleb\u00fcrste f\u00fcr u.a. SR73, MK18, S2200, S2800 und S3500 Absauganlage (Baujahr &lt; 2014). \u00dcberpr\u00fcfen Sie vor der Bestellung immer die Angaben auf dem Bild. Im Zweifelsfall wenden Sie sich bitte an den Importeur.<\/p>","protected":false},"featured_media":25357,"template":"","meta":[],"product_brand":[],"product_cat":[624],"product_tag":[],"class_list":{"0":"post-571","1":"product","2":"type-product","3":"status-publish","4":"has-post-thumbnail","6":"product_cat-koolborstels-reserveonderdelen","8":"first","9":"instock","10":"taxable","11":"shipping-taxable","12":"purchasable","13":"product-type-simple"},"yoast_head":"<!-- This site is optimized with the Yoast SEO plugin v27.3 - https:\/\/yoast.com\/product\/yoast-seo-wordpress\/ -->\n<title>Koolborstel t.b.v. SR73 \/ S2200\/ S2800 \/ S3500 - per stuk - AstroVac<\/title>\n<meta name=\"robots\" content=\"index, follow, max-snippet:-1, max-image-preview:large, max-video-preview:-1\" \/>\n<link rel=\"canonical\" href=\"https:\/\/astrovac.nl\/de\/shop\/kohleburste-pst-2\/\" \/>\n<meta property=\"og:locale\" content=\"de_DE\" \/>\n<meta property=\"og:type\" content=\"article\" \/>\n<meta property=\"og:title\" content=\"Koolborstel t.b.v. SR73 \/ S2200\/ S2800 \/ S3500 - per stuk - AstroVac\" \/>\n<meta property=\"og:description\" content=\"Koolborstel voor o.a. SR73, MK18, S2200, S2800 en S3500 stofzuigunit (bouwjaar &lt; 2014). Controleer altijd de details op de foto alvorens tot bestelling over te gaan. Neem in geval van twijfel contact op met de importeur.\" \/>\n<meta property=\"og:url\" content=\"https:\/\/astrovac.nl\/de\/shop\/kohleburste-pst-2\/\" \/>\n<meta property=\"og:site_name\" content=\"AstroVac\" \/>\n<meta property=\"article:publisher\" content=\"https:\/\/www.facebook.com\/profile.php?id=61559925887346\" \/>\n<meta property=\"article:modified_time\" content=\"2026-03-14T18:25:03+00:00\" \/>\n<meta property=\"og:image\" content=\"https:\/\/astrovac.nl\/wp-content\/uploads\/2013\/01\/5024004012-Koolborstel-t.b.v.-SR73-S2200-S2800-S3500-per-stuk-1.webp\" \/>\n\t<meta property=\"og:image:width\" content=\"1080\" \/>\n\t<meta property=\"og:image:height\" content=\"1080\" \/>\n\t<meta property=\"og:image:type\" content=\"image\/webp\" \/>\n<meta name=\"twitter:card\" content=\"summary_large_image\" \/>\n<script type=\"application\/ld+json\" class=\"yoast-schema-graph\">{\"@context\":\"https:\\\/\\\/schema.org\",\"@graph\":[{\"@type\":\"WebPage\",\"@id\":\"https:\\\/\\\/astrovac.nl\\\/winkel\\\/koolborstel-pst-2\\\/\",\"url\":\"https:\\\/\\\/astrovac.nl\\\/winkel\\\/koolborstel-pst-2\\\/\",\"name\":\"Koolborstel t.b.v. SR73 \\\/ S2200\\\/ S2800 \\\/ S3500 - per stuk - AstroVac\",\"isPartOf\":{\"@id\":\"https:\\\/\\\/astrovac.nl\\\/de\\\/#website\"},\"primaryImageOfPage\":{\"@id\":\"https:\\\/\\\/astrovac.nl\\\/winkel\\\/koolborstel-pst-2\\\/#primaryimage\"},\"image\":{\"@id\":\"https:\\\/\\\/astrovac.nl\\\/winkel\\\/koolborstel-pst-2\\\/#primaryimage\"},\"thumbnailUrl\":\"https:\\\/\\\/astrovac.nl\\\/wp-content\\\/uploads\\\/2013\\\/01\\\/5024004012-Koolborstel-t.b.v.-SR73-S2200-S2800-S3500-per-stuk-1.webp\",\"datePublished\":\"2013-01-12T12:07:37+00:00\",\"dateModified\":\"2026-03-14T18:25:03+00:00\",\"breadcrumb\":{\"@id\":\"https:\\\/\\\/astrovac.nl\\\/winkel\\\/koolborstel-pst-2\\\/#breadcrumb\"},\"inLanguage\":\"de\",\"potentialAction\":[{\"@type\":\"ReadAction\",\"target\":[\"https:\\\/\\\/astrovac.nl\\\/winkel\\\/koolborstel-pst-2\\\/\"]}]},{\"@type\":\"ImageObject\",\"inLanguage\":\"de\",\"@id\":\"https:\\\/\\\/astrovac.nl\\\/winkel\\\/koolborstel-pst-2\\\/#primaryimage\",\"url\":\"https:\\\/\\\/astrovac.nl\\\/wp-content\\\/uploads\\\/2013\\\/01\\\/5024004012-Koolborstel-t.b.v.-SR73-S2200-S2800-S3500-per-stuk-1.webp\",\"contentUrl\":\"https:\\\/\\\/astrovac.nl\\\/wp-content\\\/uploads\\\/2013\\\/01\\\/5024004012-Koolborstel-t.b.v.-SR73-S2200-S2800-S3500-per-stuk-1.webp\",\"width\":1080,\"height\":1080,\"caption\":\"Koolborstel t.b.v. SR73 -S2200-S2800 -S3500 - per stuk\"},{\"@type\":\"BreadcrumbList\",\"@id\":\"https:\\\/\\\/astrovac.nl\\\/winkel\\\/koolborstel-pst-2\\\/#breadcrumb\",\"itemListElement\":[{\"@type\":\"ListItem\",\"position\":1,\"name\":\"Home\",\"item\":\"https:\\\/\\\/astrovac.nl\\\/\"},{\"@type\":\"ListItem\",\"position\":2,\"name\":\"Winkel\",\"item\":\"https:\\\/\\\/astrovac.nl\\\/winkel\\\/\"},{\"@type\":\"ListItem\",\"position\":3,\"name\":\"Reserveonderdelen\",\"item\":\"https:\\\/\\\/astrovac.nl\\\/product-category\\\/reserveonderdelen\\\/\"},{\"@type\":\"ListItem\",\"position\":4,\"name\":\"Koolborstels\",\"item\":\"https:\\\/\\\/astrovac.nl\\\/product-category\\\/reserveonderdelen\\\/koolborstels-reserveonderdelen\\\/\"},{\"@type\":\"ListItem\",\"position\":5,\"name\":\"Koolborstel t.b.v. SR73 \\\/ S2200\\\/ S2800 \\\/ S3500 &#8211; per stuk\"}]},{\"@type\":\"WebSite\",\"@id\":\"https:\\\/\\\/astrovac.nl\\\/de\\\/#website\",\"url\":\"https:\\\/\\\/astrovac.nl\\\/de\\\/\",\"name\":\"AstroVac\",\"description\":\"Centrale Stofzuiginstallaties\",\"publisher\":{\"@id\":\"https:\\\/\\\/astrovac.nl\\\/de\\\/#organization\"},\"potentialAction\":[{\"@type\":\"SearchAction\",\"target\":{\"@type\":\"EntryPoint\",\"urlTemplate\":\"https:\\\/\\\/astrovac.nl\\\/de\\\/?s={search_term_string}\"},\"query-input\":{\"@type\":\"PropertyValueSpecification\",\"valueRequired\":true,\"valueName\":\"search_term_string\"}}],\"inLanguage\":\"de\"},{\"@type\":\"Organization\",\"@id\":\"https:\\\/\\\/astrovac.nl\\\/de\\\/#organization\",\"name\":\"AstroVac\",\"url\":\"https:\\\/\\\/astrovac.nl\\\/de\\\/\",\"logo\":{\"@type\":\"ImageObject\",\"inLanguage\":\"de\",\"@id\":\"https:\\\/\\\/astrovac.nl\\\/de\\\/#\\\/schema\\\/logo\\\/image\\\/\",\"url\":\"https:\\\/\\\/astrovac.nl\\\/wp-content\\\/uploads\\\/2024\\\/03\\\/Astrovac-logo-2024.png\",\"contentUrl\":\"https:\\\/\\\/astrovac.nl\\\/wp-content\\\/uploads\\\/2024\\\/03\\\/Astrovac-logo-2024.png\",\"width\":3092,\"height\":906,\"caption\":\"AstroVac\"},\"image\":{\"@id\":\"https:\\\/\\\/astrovac.nl\\\/de\\\/#\\\/schema\\\/logo\\\/image\\\/\"},\"sameAs\":[\"https:\\\/\\\/www.facebook.com\\\/profile.php?id=61559925887346\"]}]}<\/script>\n<!-- \/ Yoast SEO plugin. -->","yoast_head_json":{"title":"Kohleb\u00fcrste f\u00fcr SR73 \/ S2200\/ S2800 \/ S3500 - pro St\u00fcck - AstroVac","robots":{"index":"index","follow":"follow","max-snippet":"max-snippet:-1","max-image-preview":"max-image-preview:large","max-video-preview":"max-video-preview:-1"},"canonical":"https:\/\/astrovac.nl\/de\/shop\/kohleburste-pst-2\/","og_locale":"de_DE","og_type":"article","og_title":"Koolborstel t.b.v. SR73 \/ S2200\/ S2800 \/ S3500 - per stuk - AstroVac","og_description":"Koolborstel voor o.a. SR73, MK18, S2200, S2800 en S3500 stofzuigunit (bouwjaar &lt; 2014). Controleer altijd de details op de foto alvorens tot bestelling over te gaan. Neem in geval van twijfel contact op met de importeur.","og_url":"https:\/\/astrovac.nl\/de\/shop\/kohleburste-pst-2\/","og_site_name":"AstroVac","article_publisher":"https:\/\/www.facebook.com\/profile.php?id=61559925887346","article_modified_time":"2026-03-14T18:25:03+00:00","og_image":[{"width":1080,"height":1080,"url":"https:\/\/astrovac.nl\/wp-content\/uploads\/2013\/01\/5024004012-Koolborstel-t.b.v.-SR73-S2200-S2800-S3500-per-stuk-1.webp","type":"image\/webp"}],"twitter_card":"summary_large_image","schema":{"@context":"https:\/\/schema.org","@graph":[{"@type":"WebPage","@id":"https:\/\/astrovac.nl\/winkel\/koolborstel-pst-2\/","url":"https:\/\/astrovac.nl\/winkel\/koolborstel-pst-2\/","name":"Kohleb\u00fcrste f\u00fcr SR73 \/ S2200\/ S2800 \/ S3500 - pro St\u00fcck - AstroVac","isPartOf":{"@id":"https:\/\/astrovac.nl\/de\/#website"},"primaryImageOfPage":{"@id":"https:\/\/astrovac.nl\/winkel\/koolborstel-pst-2\/#primaryimage"},"image":{"@id":"https:\/\/astrovac.nl\/winkel\/koolborstel-pst-2\/#primaryimage"},"thumbnailUrl":"https:\/\/astrovac.nl\/wp-content\/uploads\/2013\/01\/5024004012-Koolborstel-t.b.v.-SR73-S2200-S2800-S3500-per-stuk-1.webp","datePublished":"2013-01-12T12:07:37+00:00","dateModified":"2026-03-14T18:25:03+00:00","breadcrumb":{"@id":"https:\/\/astrovac.nl\/winkel\/koolborstel-pst-2\/#breadcrumb"},"inLanguage":"de","potentialAction":[{"@type":"ReadAction","target":["https:\/\/astrovac.nl\/winkel\/koolborstel-pst-2\/"]}]},{"@type":"ImageObject","inLanguage":"de","@id":"https:\/\/astrovac.nl\/winkel\/koolborstel-pst-2\/#primaryimage","url":"https:\/\/astrovac.nl\/wp-content\/uploads\/2013\/01\/5024004012-Koolborstel-t.b.v.-SR73-S2200-S2800-S3500-per-stuk-1.webp","contentUrl":"https:\/\/astrovac.nl\/wp-content\/uploads\/2013\/01\/5024004012-Koolborstel-t.b.v.-SR73-S2200-S2800-S3500-per-stuk-1.webp","width":1080,"height":1080,"caption":"Koolborstel t.b.v. SR73 -S2200-S2800 -S3500 - per stuk"},{"@type":"BreadcrumbList","@id":"https:\/\/astrovac.nl\/winkel\/koolborstel-pst-2\/#breadcrumb","itemListElement":[{"@type":"ListItem","position":1,"name":"Home","item":"https:\/\/astrovac.nl\/"},{"@type":"ListItem","position":2,"name":"Winkel","item":"https:\/\/astrovac.nl\/winkel\/"},{"@type":"ListItem","position":3,"name":"Reserveonderdelen","item":"https:\/\/astrovac.nl\/product-category\/reserveonderdelen\/"},{"@type":"ListItem","position":4,"name":"Koolborstels","item":"https:\/\/astrovac.nl\/product-category\/reserveonderdelen\/koolborstels-reserveonderdelen\/"},{"@type":"ListItem","position":5,"name":"Koolborstel t.b.v. SR73 \/ S2200\/ S2800 \/ S3500 &#8211; per stuk"}]},{"@type":"WebSite","@id":"https:\/\/astrovac.nl\/de\/#website","url":"https:\/\/astrovac.nl\/de\/","name":"AstroVac","description":"Zentrale Vakuumsysteme","publisher":{"@id":"https:\/\/astrovac.nl\/de\/#organization"},"potentialAction":[{"@type":"SearchAction","target":{"@type":"EntryPoint","urlTemplate":"https:\/\/astrovac.nl\/de\/?s={search_term_string}"},"query-input":{"@type":"PropertyValueSpecification","valueRequired":true,"valueName":"search_term_string"}}],"inLanguage":"de"},{"@type":"Organization","@id":"https:\/\/astrovac.nl\/de\/#organization","name":"AstroVac","url":"https:\/\/astrovac.nl\/de\/","logo":{"@type":"ImageObject","inLanguage":"de","@id":"https:\/\/astrovac.nl\/de\/#\/schema\/logo\/image\/","url":"https:\/\/astrovac.nl\/wp-content\/uploads\/2024\/03\/Astrovac-logo-2024.png","contentUrl":"https:\/\/astrovac.nl\/wp-content\/uploads\/2024\/03\/Astrovac-logo-2024.png","width":3092,"height":906,"caption":"AstroVac"},"image":{"@id":"https:\/\/astrovac.nl\/de\/#\/schema\/logo\/image\/"},"sameAs":["https:\/\/www.facebook.com\/profile.php?id=61559925887346"]}]}},"_links":{"self":[{"href":"https:\/\/astrovac.nl\/de\/wp-json\/wp\/v2\/product\/571","targetHints":{"allow":["GET"]}}],"collection":[{"href":"https:\/\/astrovac.nl\/de\/wp-json\/wp\/v2\/product"}],"about":[{"href":"https:\/\/astrovac.nl\/de\/wp-json\/wp\/v2\/types\/product"}],"wp:featuredmedia":[{"embeddable":true,"href":"https:\/\/astrovac.nl\/de\/wp-json\/wp\/v2\/media\/25357"}],"wp:attachment":[{"href":"https:\/\/astrovac.nl\/de\/wp-json\/wp\/v2\/media?parent=571"}],"wp:term":[{"taxonomy":"product_brand","embeddable":true,"href":"https:\/\/astrovac.nl\/de\/wp-json\/wp\/v2\/product_brand?post=571"},{"taxonomy":"product_cat","embeddable":true,"href":"https:\/\/astrovac.nl\/de\/wp-json\/wp\/v2\/product_cat?post=571"},{"taxonomy":"product_tag","embeddable":true,"href":"https:\/\/astrovac.nl\/de\/wp-json\/wp\/v2\/product_tag?post=571"}],"curies":[{"name":"wp","href":"https:\/\/api.w.org\/{rel}","templated":true}]}}