{"id":8263,"date":"2019-12-13T10:29:11","date_gmt":"2019-12-13T09:29:11","guid":{"rendered":"https:\/\/astrotrans.testontwikkeling.nl\/?post_type=product&#038;p=8263"},"modified":"2026-02-12T14:04:03","modified_gmt":"2026-02-12T13:04:03","slug":"schlauch-15-meter","status":"publish","type":"product","link":"https:\/\/astrovac.nl\/de\/winkel\/slang-15-meter\/","title":{"rendered":"Schlauch 15m - 32mm - Direktstart"},"content":{"rendered":"<h2>Merkmale und Vorteile des 15 Meter langen Direct-Start-Schlauchs:<\/h2>\n<ul>\n<li><strong>L\u00e4nge von 15 Metern:<\/strong> Gen\u00fcgend Reichweite, um verschiedene R\u00e4ume in Ihrer Wohnung zu saugen, ohne st\u00e4ndig den Staubkontakt zu wechseln. Wir f\u00fchren auch andere L\u00e4ngen, wobei der 9-Meter-Direct-Start-Schlauch die am h\u00e4ufigsten gew\u00e4hlte ist. <a href=\"https:\/\/astrovac.nl\/de\/produktkategorie\/schlangen-2\/direktstart-schlauch\/\" target=\"_blank\" rel=\"noopener\">Siehe unsere Direct-Start-Schlauchkollektion<\/a>. Denken Sie daran, dass 15 Meter wirklich ein gro\u00dfes B\u00fcndel Schlauch sind. Wenn Sie mit einem k\u00fcrzeren Schlauch auskommen k\u00f6nnen, ist das immer empfehlenswert.<\/li>\n<li><strong>Durchmesser von 32 mm:<\/strong> Sorgt f\u00fcr einen optimalen Luftstrom und eine effiziente Saugleistung. So k\u00f6nnen Sie m\u00fchelos Staub, Schmutz und gr\u00f6\u00dfere Partikel aufsaugen.<\/li>\n<li><strong>Geeignet f\u00fcr Direct-Start-System:<\/strong> Entwickelt f\u00fcr Direct-Start-Systeme, so dass Ihr Staubsauger sofort zu saugen beginnt, sobald Sie den Schlauch anschlie\u00dfen. Das spart Zeit und macht die Reinigung effizienter. Wenn Sie den Staubsauger aus der Ferne steuern m\u00f6chten, k\u00f6nnen Sie dies mit unseren On\/Off-Schl\u00e4uchen tun. Hier schalten Sie den Staubsauger einfach aus, wenn Sie z. B. einen Anruf erhalten. Sind Sie neugierig, ob dies auch f\u00fcr Ihren Staubsauger geeignet ist? <a href=\"https:\/\/https:\/\/astrovac.nl\/product-category\/slangen-2\/aan-uitregeling\/\" target=\"_blank\" rel=\"noopener\">Sehen Sie sich unsere On\/Off-Schl\u00e4uche an.<\/a><\/li>\n<li><strong>Handgriff mit Falschluftregler:<\/strong> Ergonomischer Griff mit Falschluftregler zur einfachen Einstellung der Saugleistung. N\u00fctzlich f\u00fcr die Reinigung von Oberfl\u00e4chen wie Vorh\u00e4ngen und M\u00f6beln. Wenn Sie den Schieberegler etwas weiter \u00f6ffnen, verringern Sie die Saugleistung am Ende des Griffs\/Schlauchs.<\/li>\n<li><strong>Schwenkbare Schlauchmuffe an der Wandseite:<\/strong> Verhindert das Auswringen bei Kontakt, erh\u00f6ht die Haltbarkeit des Schlauchs und macht die Reinigung bequemer.<\/li>\n<\/ul>\n<h3>Nachhaltigkeit und Qualit\u00e4t:<\/h3>\n<p>Unser hochwertiger 15-Meter-Direct-Start-Schlauch ist aus langlebigen Materialien gefertigt, die Abrieb und Langzeiteinsatz standhalten. Entdecken Sie unser <a href=\"https:\/\/astrovac.nl\/de\/shop\/schlauchschoner-15-meter\/\" target=\"_blank\" rel=\"noopener\">15-Meter-Schlauchprotektor<\/a> f\u00fcr einen noch besseren Schutz Ihres Schlauchs und Ihrer M\u00f6bel.<\/p>\n<h3>Anwendungen des 15 Meter langen Direct-Start-Schlauchs:<\/h3>\n<p>Dieser Schlauch ist sowohl f\u00fcr den privaten als auch f\u00fcr den gewerblichen Gebrauch geeignet. Ganz gleich, ob Sie Ihr Haus, Ihr B\u00fcro oder Ihre Werkstatt reinigen wollen, dieser Schlauch bietet die Leistung und Haltbarkeit, die Sie brauchen. Ideal f\u00fcr B\u00f6den, Teppiche, M\u00f6bel und mehr.<\/p>\n<p>Dieser Schlauch ist mit den meisten zentralen Staubsaugersystemen mit Direct-Start-Funktion kompatibel. \u00dcberpr\u00fcfen Sie die Spezifikationen Ihres Systems, um sicherzustellen, dass dieser Schlauch f\u00fcr Ihren Staubsauger geeignet ist. Bitte kontaktieren Sie uns, wenn Sie Fragen haben. Wir helfen Ihnen gerne \u00fcber WhatsApp, die Chat-Funktion, telefonisch oder per E-Mail.<\/p>\n<h3>Wartung des 15 Meter langen Direct-Start-Schlauchs:<\/h3>\n<p>Die Wartung ist einfach. Wischen Sie die Au\u00dfenseite regelm\u00e4\u00dfig mit einem feuchten Tuch ab, um Staub und Schmutz zu entfernen. Pr\u00fcfen Sie den Schlauch regelm\u00e4\u00dfig auf Verschlei\u00df und tauschen Sie ihn bei Bedarf aus, um eine optimale Leistung zu gew\u00e4hrleisten.<\/p>","protected":false},"excerpt":{"rendered":"<p>Entdecken Sie unseren hochwertigen 15 Meter langen Direct-Start-Schlauch f\u00fcr ein zentrales Vakuumsystem. Er verf\u00fcgt \u00fcber einen Metall-\/Kunststoffgriff mit einem Falschluftregler. An der Wandseite hat der Schlauch eine drehbare Schlauchmuffe.<\/p>","protected":false},"featured_media":25212,"template":"","meta":[],"product_brand":[],"product_cat":[619],"product_tag":[],"class_list":{"0":"post-8263","1":"product","2":"type-product","3":"status-publish","4":"has-post-thumbnail","6":"product_cat-directstartslang","8":"first","9":"instock","10":"taxable","11":"shipping-taxable","12":"purchasable","13":"product-type-simple"},"yoast_head":"<!-- This site is optimized with the Yoast SEO plugin v27.3 - https:\/\/yoast.com\/product\/yoast-seo-wordpress\/ -->\n<title>15 meter Direct-Start slang voor een centraal stofzuigsysteem<\/title>\n<meta name=\"description\" content=\"Ontdek onze hoogwaardige 15 meter Direct-Start slang, voor een centraal stofzuigsysteem. Het insteken van de slang schakelt het systeem direct in.\" \/>\n<meta name=\"robots\" content=\"index, follow, max-snippet:-1, max-image-preview:large, max-video-preview:-1\" \/>\n<link rel=\"canonical\" href=\"https:\/\/astrovac.nl\/de\/shop\/schlauch-15-meter\/\" \/>\n<meta property=\"og:locale\" content=\"de_DE\" \/>\n<meta property=\"og:type\" content=\"article\" \/>\n<meta property=\"og:title\" content=\"15 meter Direct-Start slang voor een centraal stofzuigsysteem\" \/>\n<meta property=\"og:description\" content=\"Ontdek onze hoogwaardige 15 meter Direct-Start slang, voor een centraal stofzuigsysteem. Het insteken van de slang schakelt het systeem direct in.\" \/>\n<meta property=\"og:url\" content=\"https:\/\/astrovac.nl\/de\/shop\/schlauch-15-meter\/\" \/>\n<meta property=\"og:site_name\" content=\"AstroVac\" \/>\n<meta property=\"article:publisher\" content=\"https:\/\/www.facebook.com\/profile.php?id=61559925887346\" \/>\n<meta property=\"article:modified_time\" content=\"2026-02-12T13:04:03+00:00\" \/>\n<meta property=\"og:image\" content=\"https:\/\/astrovac.nl\/wp-content\/uploads\/2024\/03\/5024002006-Slang-11m-32mm-direct-start-2.webp\" \/>\n\t<meta property=\"og:image:width\" content=\"1080\" \/>\n\t<meta property=\"og:image:height\" content=\"1080\" \/>\n\t<meta property=\"og:image:type\" content=\"image\/webp\" \/>\n<meta name=\"twitter:card\" content=\"summary_large_image\" \/>\n<meta name=\"twitter:label1\" content=\"Gesch\u00e4tzte Lesezeit\" \/>\n\t<meta name=\"twitter:data1\" content=\"2\u00a0Minuten\" \/>\n<script type=\"application\/ld+json\" class=\"yoast-schema-graph\">{\"@context\":\"https:\\\/\\\/schema.org\",\"@graph\":[{\"@type\":\"WebPage\",\"@id\":\"https:\\\/\\\/astrovac.nl\\\/winkel\\\/slang-15-meter\\\/\",\"url\":\"https:\\\/\\\/astrovac.nl\\\/winkel\\\/slang-15-meter\\\/\",\"name\":\"15 meter Direct-Start slang voor een centraal stofzuigsysteem\",\"isPartOf\":{\"@id\":\"https:\\\/\\\/astrovac.nl\\\/de\\\/#website\"},\"primaryImageOfPage\":{\"@id\":\"https:\\\/\\\/astrovac.nl\\\/winkel\\\/slang-15-meter\\\/#primaryimage\"},\"image\":{\"@id\":\"https:\\\/\\\/astrovac.nl\\\/winkel\\\/slang-15-meter\\\/#primaryimage\"},\"thumbnailUrl\":\"https:\\\/\\\/astrovac.nl\\\/wp-content\\\/uploads\\\/2024\\\/03\\\/5024002006-Slang-11m-32mm-direct-start-2.webp\",\"datePublished\":\"2019-12-13T09:29:11+00:00\",\"dateModified\":\"2026-02-12T13:04:03+00:00\",\"description\":\"Ontdek onze hoogwaardige 15 meter Direct-Start slang, voor een centraal stofzuigsysteem. Het insteken van de slang schakelt het systeem direct in.\",\"breadcrumb\":{\"@id\":\"https:\\\/\\\/astrovac.nl\\\/winkel\\\/slang-15-meter\\\/#breadcrumb\"},\"inLanguage\":\"de\",\"potentialAction\":[{\"@type\":\"ReadAction\",\"target\":[\"https:\\\/\\\/astrovac.nl\\\/winkel\\\/slang-15-meter\\\/\"]}]},{\"@type\":\"ImageObject\",\"inLanguage\":\"de\",\"@id\":\"https:\\\/\\\/astrovac.nl\\\/winkel\\\/slang-15-meter\\\/#primaryimage\",\"url\":\"https:\\\/\\\/astrovac.nl\\\/wp-content\\\/uploads\\\/2024\\\/03\\\/5024002006-Slang-11m-32mm-direct-start-2.webp\",\"contentUrl\":\"https:\\\/\\\/astrovac.nl\\\/wp-content\\\/uploads\\\/2024\\\/03\\\/5024002006-Slang-11m-32mm-direct-start-2.webp\",\"width\":1080,\"height\":1080,\"caption\":\"Slang - direct start - met vaste mof\"},{\"@type\":\"BreadcrumbList\",\"@id\":\"https:\\\/\\\/astrovac.nl\\\/winkel\\\/slang-15-meter\\\/#breadcrumb\",\"itemListElement\":[{\"@type\":\"ListItem\",\"position\":1,\"name\":\"Home\",\"item\":\"https:\\\/\\\/astrovac.nl\\\/\"},{\"@type\":\"ListItem\",\"position\":2,\"name\":\"Winkel\",\"item\":\"https:\\\/\\\/astrovac.nl\\\/winkel\\\/\"},{\"@type\":\"ListItem\",\"position\":3,\"name\":\"Slangen\",\"item\":\"https:\\\/\\\/astrovac.nl\\\/product-category\\\/slangen\\\/\"},{\"@type\":\"ListItem\",\"position\":4,\"name\":\"Direct start\",\"item\":\"https:\\\/\\\/astrovac.nl\\\/product-category\\\/slangen\\\/directstartslang\\\/\"},{\"@type\":\"ListItem\",\"position\":5,\"name\":\"Slang 15m &#8211; 32mm &#8211; direct start\"}]},{\"@type\":\"WebSite\",\"@id\":\"https:\\\/\\\/astrovac.nl\\\/de\\\/#website\",\"url\":\"https:\\\/\\\/astrovac.nl\\\/de\\\/\",\"name\":\"AstroVac\",\"description\":\"Centrale Stofzuiginstallaties\",\"publisher\":{\"@id\":\"https:\\\/\\\/astrovac.nl\\\/de\\\/#organization\"},\"potentialAction\":[{\"@type\":\"SearchAction\",\"target\":{\"@type\":\"EntryPoint\",\"urlTemplate\":\"https:\\\/\\\/astrovac.nl\\\/de\\\/?s={search_term_string}\"},\"query-input\":{\"@type\":\"PropertyValueSpecification\",\"valueRequired\":true,\"valueName\":\"search_term_string\"}}],\"inLanguage\":\"de\"},{\"@type\":\"Organization\",\"@id\":\"https:\\\/\\\/astrovac.nl\\\/de\\\/#organization\",\"name\":\"AstroVac\",\"url\":\"https:\\\/\\\/astrovac.nl\\\/de\\\/\",\"logo\":{\"@type\":\"ImageObject\",\"inLanguage\":\"de\",\"@id\":\"https:\\\/\\\/astrovac.nl\\\/de\\\/#\\\/schema\\\/logo\\\/image\\\/\",\"url\":\"https:\\\/\\\/astrovac.nl\\\/wp-content\\\/uploads\\\/2024\\\/03\\\/Astrovac-logo-2024.png\",\"contentUrl\":\"https:\\\/\\\/astrovac.nl\\\/wp-content\\\/uploads\\\/2024\\\/03\\\/Astrovac-logo-2024.png\",\"width\":3092,\"height\":906,\"caption\":\"AstroVac\"},\"image\":{\"@id\":\"https:\\\/\\\/astrovac.nl\\\/de\\\/#\\\/schema\\\/logo\\\/image\\\/\"},\"sameAs\":[\"https:\\\/\\\/www.facebook.com\\\/profile.php?id=61559925887346\"]}]}<\/script>\n<!-- \/ Yoast SEO plugin. -->","yoast_head_json":{"title":"15 Meter Direct-Start-Schlauch f\u00fcr Zentralstaubsauganlagen","description":"Entdecken Sie unseren hochwertigen 15 Meter langen Direct-Start-Schlauch f\u00fcr ein zentrales Staubsaugersystem. Durch Einstecken des Schlauchs wird das System sofort eingeschaltet.","robots":{"index":"index","follow":"follow","max-snippet":"max-snippet:-1","max-image-preview":"max-image-preview:large","max-video-preview":"max-video-preview:-1"},"canonical":"https:\/\/astrovac.nl\/de\/shop\/schlauch-15-meter\/","og_locale":"de_DE","og_type":"article","og_title":"15 meter Direct-Start slang voor een centraal stofzuigsysteem","og_description":"Ontdek onze hoogwaardige 15 meter Direct-Start slang, voor een centraal stofzuigsysteem. Het insteken van de slang schakelt het systeem direct in.","og_url":"https:\/\/astrovac.nl\/de\/shop\/schlauch-15-meter\/","og_site_name":"AstroVac","article_publisher":"https:\/\/www.facebook.com\/profile.php?id=61559925887346","article_modified_time":"2026-02-12T13:04:03+00:00","og_image":[{"width":1080,"height":1080,"url":"https:\/\/astrovac.nl\/wp-content\/uploads\/2024\/03\/5024002006-Slang-11m-32mm-direct-start-2.webp","type":"image\/webp"}],"twitter_card":"summary_large_image","twitter_misc":{"Gesch\u00e4tzte Lesezeit":"2\u00a0Minuten"},"schema":{"@context":"https:\/\/schema.org","@graph":[{"@type":"WebPage","@id":"https:\/\/astrovac.nl\/winkel\/slang-15-meter\/","url":"https:\/\/astrovac.nl\/winkel\/slang-15-meter\/","name":"15 Meter Direct-Start-Schlauch f\u00fcr Zentralstaubsauganlagen","isPartOf":{"@id":"https:\/\/astrovac.nl\/de\/#website"},"primaryImageOfPage":{"@id":"https:\/\/astrovac.nl\/winkel\/slang-15-meter\/#primaryimage"},"image":{"@id":"https:\/\/astrovac.nl\/winkel\/slang-15-meter\/#primaryimage"},"thumbnailUrl":"https:\/\/astrovac.nl\/wp-content\/uploads\/2024\/03\/5024002006-Slang-11m-32mm-direct-start-2.webp","datePublished":"2019-12-13T09:29:11+00:00","dateModified":"2026-02-12T13:04:03+00:00","description":"Entdecken Sie unseren hochwertigen 15 Meter langen Direct-Start-Schlauch f\u00fcr ein zentrales Staubsaugersystem. Durch Einstecken des Schlauchs wird das System sofort eingeschaltet.","breadcrumb":{"@id":"https:\/\/astrovac.nl\/winkel\/slang-15-meter\/#breadcrumb"},"inLanguage":"de","potentialAction":[{"@type":"ReadAction","target":["https:\/\/astrovac.nl\/winkel\/slang-15-meter\/"]}]},{"@type":"ImageObject","inLanguage":"de","@id":"https:\/\/astrovac.nl\/winkel\/slang-15-meter\/#primaryimage","url":"https:\/\/astrovac.nl\/wp-content\/uploads\/2024\/03\/5024002006-Slang-11m-32mm-direct-start-2.webp","contentUrl":"https:\/\/astrovac.nl\/wp-content\/uploads\/2024\/03\/5024002006-Slang-11m-32mm-direct-start-2.webp","width":1080,"height":1080,"caption":"Slang - direct start - met vaste mof"},{"@type":"BreadcrumbList","@id":"https:\/\/astrovac.nl\/winkel\/slang-15-meter\/#breadcrumb","itemListElement":[{"@type":"ListItem","position":1,"name":"Home","item":"https:\/\/astrovac.nl\/"},{"@type":"ListItem","position":2,"name":"Winkel","item":"https:\/\/astrovac.nl\/winkel\/"},{"@type":"ListItem","position":3,"name":"Slangen","item":"https:\/\/astrovac.nl\/product-category\/slangen\/"},{"@type":"ListItem","position":4,"name":"Direct start","item":"https:\/\/astrovac.nl\/product-category\/slangen\/directstartslang\/"},{"@type":"ListItem","position":5,"name":"Slang 15m &#8211; 32mm &#8211; direct start"}]},{"@type":"WebSite","@id":"https:\/\/astrovac.nl\/de\/#website","url":"https:\/\/astrovac.nl\/de\/","name":"AstroVac","description":"Zentrale Vakuumsysteme","publisher":{"@id":"https:\/\/astrovac.nl\/de\/#organization"},"potentialAction":[{"@type":"SearchAction","target":{"@type":"EntryPoint","urlTemplate":"https:\/\/astrovac.nl\/de\/?s={search_term_string}"},"query-input":{"@type":"PropertyValueSpecification","valueRequired":true,"valueName":"search_term_string"}}],"inLanguage":"de"},{"@type":"Organization","@id":"https:\/\/astrovac.nl\/de\/#organization","name":"AstroVac","url":"https:\/\/astrovac.nl\/de\/","logo":{"@type":"ImageObject","inLanguage":"de","@id":"https:\/\/astrovac.nl\/de\/#\/schema\/logo\/image\/","url":"https:\/\/astrovac.nl\/wp-content\/uploads\/2024\/03\/Astrovac-logo-2024.png","contentUrl":"https:\/\/astrovac.nl\/wp-content\/uploads\/2024\/03\/Astrovac-logo-2024.png","width":3092,"height":906,"caption":"AstroVac"},"image":{"@id":"https:\/\/astrovac.nl\/de\/#\/schema\/logo\/image\/"},"sameAs":["https:\/\/www.facebook.com\/profile.php?id=61559925887346"]}]}},"_links":{"self":[{"href":"https:\/\/astrovac.nl\/de\/wp-json\/wp\/v2\/product\/8263","targetHints":{"allow":["GET"]}}],"collection":[{"href":"https:\/\/astrovac.nl\/de\/wp-json\/wp\/v2\/product"}],"about":[{"href":"https:\/\/astrovac.nl\/de\/wp-json\/wp\/v2\/types\/product"}],"wp:featuredmedia":[{"embeddable":true,"href":"https:\/\/astrovac.nl\/de\/wp-json\/wp\/v2\/media\/25212"}],"wp:attachment":[{"href":"https:\/\/astrovac.nl\/de\/wp-json\/wp\/v2\/media?parent=8263"}],"wp:term":[{"taxonomy":"product_brand","embeddable":true,"href":"https:\/\/astrovac.nl\/de\/wp-json\/wp\/v2\/product_brand?post=8263"},{"taxonomy":"product_cat","embeddable":true,"href":"https:\/\/astrovac.nl\/de\/wp-json\/wp\/v2\/product_cat?post=8263"},{"taxonomy":"product_tag","embeddable":true,"href":"https:\/\/astrovac.nl\/de\/wp-json\/wp\/v2\/product_tag?post=8263"}],"curies":[{"name":"wp","href":"https:\/\/api.w.org\/{rel}","templated":true}]}}