{"id":8267,"date":"2019-09-12T12:34:34","date_gmt":"2019-09-12T11:34:34","guid":{"rendered":"https:\/\/astrotrans.testontwikkeling.nl\/?post_type=product&#038;p=8267"},"modified":"2026-03-24T11:13:41","modified_gmt":"2026-03-20T12:15:41","slug":"schlauch-15-meter-mit-schalter","status":"publish","type":"product","link":"https:\/\/astrovac.nl\/de\/winkel\/slang-15-meter-met-schakelaar\/","title":{"rendered":"Schlauch 15m - 32mm - an\/aus"},"content":{"rendered":"<p>Schlauch mit Ein\/Aus-Schalter am Griff. Das Zentralstaubsaugerger\u00e4t kann mit dem Schalter am Handgriff ein- und ausgeschaltet werden, ohne dass der Schlauch herausgenommen werden muss.<\/p>\n<p>Hinweis: Schl\u00e4uche mit Schaltern funktionieren nur, wenn die Saugdosen auf der Innenseite mit 2 Kupferkontakten (Pin-Jacks) versehen sind. Neue Saugdosen sind standardm\u00e4\u00dfig mit dieser Funktionalit\u00e4t ausgestattet.<\/p>","protected":false},"excerpt":{"rendered":"<p>Slang met aan\/uit schakelaar op het handvat. De centrale stofzuigunit treedt automatisch in werking bij het insteken van de slang in een stofcontact en kan met behulp van de tuimelschakelaar op het handvat worden in- en uitgeschakeld zonder de slang los te koppelen. NB: slangen met schakelaar functioneren uitsluitend als de stofcontacten aan de binnenzijde [&#8230;]\n","protected":false},"featured_media":25472,"template":"","meta":[],"product_brand":[],"product_cat":[621],"product_tag":[],"class_list":{"0":"post-8267","1":"product","2":"type-product","3":"status-publish","4":"has-post-thumbnail","6":"product_cat-aan-uitregeling","8":"first","9":"instock","10":"taxable","11":"shipping-taxable","12":"purchasable","13":"product-type-simple"},"yoast_head":"<!-- This site is optimized with the Yoast SEO plugin v27.3 - https:\/\/yoast.com\/product\/yoast-seo-wordpress\/ -->\n<title>Slang 15m - 32mm - aan\/uit - AstroVac<\/title>\n<meta name=\"robots\" content=\"index, follow, max-snippet:-1, max-image-preview:large, max-video-preview:-1\" \/>\n<link rel=\"canonical\" href=\"https:\/\/astrovac.nl\/de\/shop\/schlauch-15-meter-mit-schalter\/\" \/>\n<meta property=\"og:locale\" content=\"de_DE\" \/>\n<meta property=\"og:type\" content=\"article\" \/>\n<meta property=\"og:title\" content=\"Slang 15m - 32mm - aan\/uit - AstroVac\" \/>\n<meta property=\"og:description\" content=\"Slang met aan\/uit schakelaar op het handvat. De centrale stofzuigunit treedt automatisch in werking bij het insteken van de slang in een stofcontact en kan met behulp van de tuimelschakelaar op het handvat worden in- en uitgeschakeld zonder de slang los te koppelen. NB: slangen met schakelaar functioneren uitsluitend als de stofcontacten aan de binnenzijde [...]\" \/>\n<meta property=\"og:url\" content=\"https:\/\/astrovac.nl\/de\/shop\/schlauch-15-meter-mit-schalter\/\" \/>\n<meta property=\"og:site_name\" content=\"AstroVac\" \/>\n<meta property=\"article:publisher\" content=\"https:\/\/www.facebook.com\/profile.php?id=61559925887346\" \/>\n<meta property=\"article:modified_time\" content=\"2026-03-20T12:15:41+00:00\" \/>\n<meta property=\"og:image\" content=\"https:\/\/astrovac.nl\/wp-content\/uploads\/2013\/01\/5024101601-Slang-7m-32mm-aan-uit-3.webp\" \/>\n\t<meta property=\"og:image:width\" content=\"1080\" \/>\n\t<meta property=\"og:image:height\" content=\"1080\" \/>\n\t<meta property=\"og:image:type\" content=\"image\/webp\" \/>\n<meta name=\"twitter:card\" content=\"summary_large_image\" \/>\n<script type=\"application\/ld+json\" class=\"yoast-schema-graph\">{\"@context\":\"https:\\\/\\\/schema.org\",\"@graph\":[{\"@type\":\"WebPage\",\"@id\":\"https:\\\/\\\/astrovac.nl\\\/winkel\\\/slang-15-meter-met-schakelaar\\\/\",\"url\":\"https:\\\/\\\/astrovac.nl\\\/winkel\\\/slang-15-meter-met-schakelaar\\\/\",\"name\":\"Slang 15m - 32mm - aan\\\/uit - AstroVac\",\"isPartOf\":{\"@id\":\"https:\\\/\\\/astrovac.nl\\\/de\\\/#website\"},\"primaryImageOfPage\":{\"@id\":\"https:\\\/\\\/astrovac.nl\\\/winkel\\\/slang-15-meter-met-schakelaar\\\/#primaryimage\"},\"image\":{\"@id\":\"https:\\\/\\\/astrovac.nl\\\/winkel\\\/slang-15-meter-met-schakelaar\\\/#primaryimage\"},\"thumbnailUrl\":\"https:\\\/\\\/astrovac.nl\\\/wp-content\\\/uploads\\\/2013\\\/01\\\/5024101601-Slang-7m-32mm-aan-uit-3.webp\",\"datePublished\":\"2019-09-12T11:34:34+00:00\",\"dateModified\":\"2026-03-20T12:15:41+00:00\",\"breadcrumb\":{\"@id\":\"https:\\\/\\\/astrovac.nl\\\/winkel\\\/slang-15-meter-met-schakelaar\\\/#breadcrumb\"},\"inLanguage\":\"de\",\"potentialAction\":[{\"@type\":\"ReadAction\",\"target\":[\"https:\\\/\\\/astrovac.nl\\\/winkel\\\/slang-15-meter-met-schakelaar\\\/\"]}]},{\"@type\":\"ImageObject\",\"inLanguage\":\"de\",\"@id\":\"https:\\\/\\\/astrovac.nl\\\/winkel\\\/slang-15-meter-met-schakelaar\\\/#primaryimage\",\"url\":\"https:\\\/\\\/astrovac.nl\\\/wp-content\\\/uploads\\\/2013\\\/01\\\/5024101601-Slang-7m-32mm-aan-uit-3.webp\",\"contentUrl\":\"https:\\\/\\\/astrovac.nl\\\/wp-content\\\/uploads\\\/2013\\\/01\\\/5024101601-Slang-7m-32mm-aan-uit-3.webp\",\"width\":1080,\"height\":1080,\"caption\":\"Slang - 32mm - aan-uit\"},{\"@type\":\"BreadcrumbList\",\"@id\":\"https:\\\/\\\/astrovac.nl\\\/winkel\\\/slang-15-meter-met-schakelaar\\\/#breadcrumb\",\"itemListElement\":[{\"@type\":\"ListItem\",\"position\":1,\"name\":\"Home\",\"item\":\"https:\\\/\\\/astrovac.nl\\\/\"},{\"@type\":\"ListItem\",\"position\":2,\"name\":\"Winkel\",\"item\":\"https:\\\/\\\/astrovac.nl\\\/winkel\\\/\"},{\"@type\":\"ListItem\",\"position\":3,\"name\":\"Slangen\",\"item\":\"https:\\\/\\\/astrovac.nl\\\/product-category\\\/slangen\\\/\"},{\"@type\":\"ListItem\",\"position\":4,\"name\":\"Aan\\\/uit regeling\",\"item\":\"https:\\\/\\\/astrovac.nl\\\/product-category\\\/slangen\\\/aan-uitregeling\\\/\"},{\"@type\":\"ListItem\",\"position\":5,\"name\":\"Slang 15m &#8211; 32mm &#8211; aan\\\/uit\"}]},{\"@type\":\"WebSite\",\"@id\":\"https:\\\/\\\/astrovac.nl\\\/de\\\/#website\",\"url\":\"https:\\\/\\\/astrovac.nl\\\/de\\\/\",\"name\":\"AstroVac\",\"description\":\"Centrale Stofzuiginstallaties\",\"publisher\":{\"@id\":\"https:\\\/\\\/astrovac.nl\\\/de\\\/#organization\"},\"potentialAction\":[{\"@type\":\"SearchAction\",\"target\":{\"@type\":\"EntryPoint\",\"urlTemplate\":\"https:\\\/\\\/astrovac.nl\\\/de\\\/?s={search_term_string}\"},\"query-input\":{\"@type\":\"PropertyValueSpecification\",\"valueRequired\":true,\"valueName\":\"search_term_string\"}}],\"inLanguage\":\"de\"},{\"@type\":\"Organization\",\"@id\":\"https:\\\/\\\/astrovac.nl\\\/de\\\/#organization\",\"name\":\"AstroVac\",\"url\":\"https:\\\/\\\/astrovac.nl\\\/de\\\/\",\"logo\":{\"@type\":\"ImageObject\",\"inLanguage\":\"de\",\"@id\":\"https:\\\/\\\/astrovac.nl\\\/de\\\/#\\\/schema\\\/logo\\\/image\\\/\",\"url\":\"https:\\\/\\\/astrovac.nl\\\/wp-content\\\/uploads\\\/2024\\\/03\\\/Astrovac-logo-2024.png\",\"contentUrl\":\"https:\\\/\\\/astrovac.nl\\\/wp-content\\\/uploads\\\/2024\\\/03\\\/Astrovac-logo-2024.png\",\"width\":3092,\"height\":906,\"caption\":\"AstroVac\"},\"image\":{\"@id\":\"https:\\\/\\\/astrovac.nl\\\/de\\\/#\\\/schema\\\/logo\\\/image\\\/\"},\"sameAs\":[\"https:\\\/\\\/www.facebook.com\\\/profile.php?id=61559925887346\"]}]}<\/script>\n<!-- \/ Yoast SEO plugin. -->","yoast_head_json":{"title":"Schlauch 15m - 32mm - an\/aus - AstroVac","robots":{"index":"index","follow":"follow","max-snippet":"max-snippet:-1","max-image-preview":"max-image-preview:large","max-video-preview":"max-video-preview:-1"},"canonical":"https:\/\/astrovac.nl\/de\/shop\/schlauch-15-meter-mit-schalter\/","og_locale":"de_DE","og_type":"article","og_title":"Slang 15m - 32mm - aan\/uit - AstroVac","og_description":"Slang met aan\/uit schakelaar op het handvat. De centrale stofzuigunit treedt automatisch in werking bij het insteken van de slang in een stofcontact en kan met behulp van de tuimelschakelaar op het handvat worden in- en uitgeschakeld zonder de slang los te koppelen. NB: slangen met schakelaar functioneren uitsluitend als de stofcontacten aan de binnenzijde [...]","og_url":"https:\/\/astrovac.nl\/de\/shop\/schlauch-15-meter-mit-schalter\/","og_site_name":"AstroVac","article_publisher":"https:\/\/www.facebook.com\/profile.php?id=61559925887346","article_modified_time":"2026-03-20T12:15:41+00:00","og_image":[{"width":1080,"height":1080,"url":"https:\/\/astrovac.nl\/wp-content\/uploads\/2013\/01\/5024101601-Slang-7m-32mm-aan-uit-3.webp","type":"image\/webp"}],"twitter_card":"summary_large_image","schema":{"@context":"https:\/\/schema.org","@graph":[{"@type":"WebPage","@id":"https:\/\/astrovac.nl\/winkel\/slang-15-meter-met-schakelaar\/","url":"https:\/\/astrovac.nl\/winkel\/slang-15-meter-met-schakelaar\/","name":"Schlauch 15m - 32mm - an\/aus - AstroVac","isPartOf":{"@id":"https:\/\/astrovac.nl\/de\/#website"},"primaryImageOfPage":{"@id":"https:\/\/astrovac.nl\/winkel\/slang-15-meter-met-schakelaar\/#primaryimage"},"image":{"@id":"https:\/\/astrovac.nl\/winkel\/slang-15-meter-met-schakelaar\/#primaryimage"},"thumbnailUrl":"https:\/\/astrovac.nl\/wp-content\/uploads\/2013\/01\/5024101601-Slang-7m-32mm-aan-uit-3.webp","datePublished":"2019-09-12T11:34:34+00:00","dateModified":"2026-03-20T12:15:41+00:00","breadcrumb":{"@id":"https:\/\/astrovac.nl\/winkel\/slang-15-meter-met-schakelaar\/#breadcrumb"},"inLanguage":"de","potentialAction":[{"@type":"ReadAction","target":["https:\/\/astrovac.nl\/winkel\/slang-15-meter-met-schakelaar\/"]}]},{"@type":"ImageObject","inLanguage":"de","@id":"https:\/\/astrovac.nl\/winkel\/slang-15-meter-met-schakelaar\/#primaryimage","url":"https:\/\/astrovac.nl\/wp-content\/uploads\/2013\/01\/5024101601-Slang-7m-32mm-aan-uit-3.webp","contentUrl":"https:\/\/astrovac.nl\/wp-content\/uploads\/2013\/01\/5024101601-Slang-7m-32mm-aan-uit-3.webp","width":1080,"height":1080,"caption":"Slang - 32mm - aan-uit"},{"@type":"BreadcrumbList","@id":"https:\/\/astrovac.nl\/winkel\/slang-15-meter-met-schakelaar\/#breadcrumb","itemListElement":[{"@type":"ListItem","position":1,"name":"Home","item":"https:\/\/astrovac.nl\/"},{"@type":"ListItem","position":2,"name":"Winkel","item":"https:\/\/astrovac.nl\/winkel\/"},{"@type":"ListItem","position":3,"name":"Slangen","item":"https:\/\/astrovac.nl\/product-category\/slangen\/"},{"@type":"ListItem","position":4,"name":"Aan\/uit regeling","item":"https:\/\/astrovac.nl\/product-category\/slangen\/aan-uitregeling\/"},{"@type":"ListItem","position":5,"name":"Slang 15m &#8211; 32mm &#8211; aan\/uit"}]},{"@type":"WebSite","@id":"https:\/\/astrovac.nl\/de\/#website","url":"https:\/\/astrovac.nl\/de\/","name":"AstroVac","description":"Zentrale Vakuumsysteme","publisher":{"@id":"https:\/\/astrovac.nl\/de\/#organization"},"potentialAction":[{"@type":"SearchAction","target":{"@type":"EntryPoint","urlTemplate":"https:\/\/astrovac.nl\/de\/?s={search_term_string}"},"query-input":{"@type":"PropertyValueSpecification","valueRequired":true,"valueName":"search_term_string"}}],"inLanguage":"de"},{"@type":"Organization","@id":"https:\/\/astrovac.nl\/de\/#organization","name":"AstroVac","url":"https:\/\/astrovac.nl\/de\/","logo":{"@type":"ImageObject","inLanguage":"de","@id":"https:\/\/astrovac.nl\/de\/#\/schema\/logo\/image\/","url":"https:\/\/astrovac.nl\/wp-content\/uploads\/2024\/03\/Astrovac-logo-2024.png","contentUrl":"https:\/\/astrovac.nl\/wp-content\/uploads\/2024\/03\/Astrovac-logo-2024.png","width":3092,"height":906,"caption":"AstroVac"},"image":{"@id":"https:\/\/astrovac.nl\/de\/#\/schema\/logo\/image\/"},"sameAs":["https:\/\/www.facebook.com\/profile.php?id=61559925887346"]}]}},"_links":{"self":[{"href":"https:\/\/astrovac.nl\/de\/wp-json\/wp\/v2\/product\/8267","targetHints":{"allow":["GET"]}}],"collection":[{"href":"https:\/\/astrovac.nl\/de\/wp-json\/wp\/v2\/product"}],"about":[{"href":"https:\/\/astrovac.nl\/de\/wp-json\/wp\/v2\/types\/product"}],"wp:featuredmedia":[{"embeddable":true,"href":"https:\/\/astrovac.nl\/de\/wp-json\/wp\/v2\/media\/25472"}],"wp:attachment":[{"href":"https:\/\/astrovac.nl\/de\/wp-json\/wp\/v2\/media?parent=8267"}],"wp:term":[{"taxonomy":"product_brand","embeddable":true,"href":"https:\/\/astrovac.nl\/de\/wp-json\/wp\/v2\/product_brand?post=8267"},{"taxonomy":"product_cat","embeddable":true,"href":"https:\/\/astrovac.nl\/de\/wp-json\/wp\/v2\/product_cat?post=8267"},{"taxonomy":"product_tag","embeddable":true,"href":"https:\/\/astrovac.nl\/de\/wp-json\/wp\/v2\/product_tag?post=8267"}],"curies":[{"name":"wp","href":"https:\/\/api.w.org\/{rel}","templated":true}]}}