{"id":111,"date":"2012-11-29T10:14:25","date_gmt":"2012-11-29T09:14:25","guid":{"rendered":"https:\/\/astrotrans.testontwikkeling.nl\/?page_id=111"},"modified":"2025-11-01T00:53:37","modified_gmt":"2025-10-31T23:53:37","slug":"industrial-applications","status":"publish","type":"page","link":"https:\/\/astrovac.nl\/en\/offerte\/industriele-toepassingen\/","title":{"rendered":"Professional"},"content":{"rendered":"<section class=\"section\" id=\"section_78547002\">\n\t\t<div class=\"section-bg fill\" >\n\t\t\t\t\t\t\t\t\t\n\t\t\t\n\n\t\t<\/div>\n\n\t\t\n\n\t\t<div class=\"section-content relative\">\n\t\t\t\n<div class=\"row\"  id=\"row-1555033535\">\n\n\t<div id=\"col-953046636\" class=\"col small-12 large-12\"  >\n\t\t\t\t<div class=\"col-inner\"  >\n\t\t\t\n\t\t\t\n<div class=\"container section-title-container\" ><h1 class=\"section-title section-title-normal\"><b aria-hidden=\"true\"><\/b><span class=\"section-title-main\" >Professional<\/span><b aria-hidden=\"true\"><\/b><\/h1><\/div>\n<p>In a number of cases, it is recommended to have an industrial solution for a dust problem, for example in case of:<\/p>\n<ul>\n<li>Fine, hazardous, abrasive or explosive dusts<\/li>\n<li>Long-term or continuous use<\/li>\n<li>Multiple simultaneous users<\/li>\n<li>Fixed connections to machines<\/li>\n<li>Large quantities<\/li>\n<li>Reuse of materials<\/li>\n<li>Increased health risks<\/li>\n<li>Additional standards and requirements (Atex)<\/li>\n<\/ul>\n\t\t<\/div>\n\t\t\t\t\n<style>\n#col-953046636 > .col-inner {\n  padding: 0px 0px 0px 0px;\n}\n<\/style>\n\t<\/div>\n\n\t\n<\/div>\n<div class=\"row align-middle\"  id=\"row-1938478390\">\n\n\t<div id=\"col-1897924719\" class=\"col medium-9 small-12 large-9\"  >\n\t\t\t\t<div class=\"col-inner\"  >\n\t\t\t\n\t\t\t\n<p><h4>InDust!<\/h4>Under the trade name InDust, AstroVac also markets (light) industrial dust extraction systems. InDust offers you a wide range of central vacuum systems for luxury homes, large premises and industrial applications. From cinema to oil rig. From manufacturing plant to hospital.<\/p>\n<\/p>\n<p>Interested? Get in touch with us!<\/p>\n\t\t<\/div>\n\t\t\t\t\t<\/div>\n\n\t\n\n\t<div id=\"col-1067092367\" class=\"col medium-3 small-12 large-3 small-col-first\"  >\n\t\t\t\t<div class=\"col-inner\"  >\n\t\t\t\n\t\t\t\n\t<div class=\"img has-hover x md-x lg-x y md-y lg-y\" id=\"image_677240723\">\n\t\t\t\t\t\t\t\t<div class=\"img-inner dark\" >\n\t\t\t<img loading=\"lazy\" decoding=\"async\" width=\"1707\" height=\"2560\" src=\"https:\/\/astrovac.nl\/wp-content\/uploads\/2012\/11\/Campagnebeeld-kwartsstof-scaled.jpg\" class=\"attachment-original size-original\" alt=\"\" srcset=\"https:\/\/astrovac.nl\/wp-content\/uploads\/2012\/11\/Campagnebeeld-kwartsstof-scaled.jpg 1707w, https:\/\/astrovac.nl\/wp-content\/uploads\/2012\/11\/Campagnebeeld-kwartsstof-scaled-510x765.jpg 510w, https:\/\/astrovac.nl\/wp-content\/uploads\/2012\/11\/Campagnebeeld-kwartsstof-270x405.jpg 270w, https:\/\/astrovac.nl\/wp-content\/uploads\/2012\/11\/Campagnebeeld-kwartsstof-133x200.jpg 133w, https:\/\/astrovac.nl\/wp-content\/uploads\/2012\/11\/Campagnebeeld-kwartsstof-240x360.jpg 240w, https:\/\/astrovac.nl\/wp-content\/uploads\/2012\/11\/Campagnebeeld-kwartsstof-768x1152.jpg 768w, https:\/\/astrovac.nl\/wp-content\/uploads\/2012\/11\/Campagnebeeld-kwartsstof-683x1024.jpg 683w\" sizes=\"auto, (max-width: 1707px) 100vw, 1707px\" \/>\t\t\t\t\t\t\n\t\t\t\t\t<\/div>\n\t\t\t\t\t\t\t\t\n<style>\n#image_677240723 {\n  width: 98%;\n}\n<\/style>\n\t<\/div>\n\t\n\t\t<\/div>\n\t\t\t\t\t<\/div>\n\n\t\n<\/div>\n\t\t<\/div>\n\n\t\t\n<style>\n#section_78547002 {\n  padding-top: 30px;\n  padding-bottom: 30px;\n}\n<\/style>\n\t<\/section>","protected":false},"excerpt":{"rendered":"","protected":false},"author":6,"featured_media":3567,"parent":102,"menu_order":0,"comment_status":"closed","ping_status":"open","template":"","meta":{"footnotes":""},"class_list":["post-111","page","type-page","status-publish","has-post-thumbnail","hentry"],"yoast_head":"<!-- This site is optimized with the Yoast SEO plugin v27.3 - https:\/\/yoast.com\/product\/yoast-seo-wordpress\/ -->\n<title>Industri\u00eble toepassingen centraal stofzuigsystemen | Astrovac<\/title>\n<meta name=\"description\" content=\"Industri\u00eble toepassing van centrale stofafzuiging? Lees er meer over. | Astrovac = D\u00e9 top in centrale stofafzuiging \u2713 Schoner \u2713 Stiller \u2713 Gezonder!\" \/>\n<meta name=\"robots\" content=\"index, follow, max-snippet:-1, max-image-preview:large, max-video-preview:-1\" \/>\n<link rel=\"canonical\" href=\"https:\/\/astrovac.nl\/en\/quotation\/industrial-applications\/\" \/>\n<meta property=\"og:locale\" content=\"en_GB\" \/>\n<meta property=\"og:type\" content=\"article\" \/>\n<meta property=\"og:title\" content=\"Industri\u00eble toepassingen centraal stofzuigsystemen | Astrovac\" \/>\n<meta property=\"og:description\" content=\"Industri\u00eble toepassing van centrale stofafzuiging? Lees er meer over. | Astrovac = D\u00e9 top in centrale stofafzuiging \u2713 Schoner \u2713 Stiller \u2713 Gezonder!\" \/>\n<meta property=\"og:url\" content=\"https:\/\/astrovac.nl\/en\/quotation\/industrial-applications\/\" \/>\n<meta property=\"og:site_name\" content=\"AstroVac\" \/>\n<meta property=\"article:publisher\" content=\"https:\/\/www.facebook.com\/profile.php?id=61559925887346\" \/>\n<meta property=\"article:modified_time\" content=\"2025-10-31T23:53:37+00:00\" \/>\n<meta property=\"og:image\" content=\"https:\/\/astrovac.nl\/wp-content\/uploads\/2016\/04\/Astrovac_front_img-e1488467982584.png\" \/>\n\t<meta property=\"og:image:width\" content=\"480\" \/>\n\t<meta property=\"og:image:height\" content=\"349\" \/>\n\t<meta property=\"og:image:type\" content=\"image\/png\" \/>\n<meta name=\"twitter:card\" content=\"summary_large_image\" \/>\n<meta name=\"twitter:label1\" content=\"Estimated reading time\" \/>\n\t<meta name=\"twitter:data1\" content=\"1 minute\" \/>\n<script type=\"application\/ld+json\" class=\"yoast-schema-graph\">{\"@context\":\"https:\\\/\\\/schema.org\",\"@graph\":[{\"@type\":\"WebPage\",\"@id\":\"https:\\\/\\\/astrovac.nl\\\/offerte\\\/industriele-toepassingen\\\/\",\"url\":\"https:\\\/\\\/astrovac.nl\\\/offerte\\\/industriele-toepassingen\\\/\",\"name\":\"Industri\u00eble toepassingen centraal stofzuigsystemen | Astrovac\",\"isPartOf\":{\"@id\":\"https:\\\/\\\/astrovac.nl\\\/de\\\/#website\"},\"primaryImageOfPage\":{\"@id\":\"https:\\\/\\\/astrovac.nl\\\/offerte\\\/industriele-toepassingen\\\/#primaryimage\"},\"image\":{\"@id\":\"https:\\\/\\\/astrovac.nl\\\/offerte\\\/industriele-toepassingen\\\/#primaryimage\"},\"thumbnailUrl\":\"https:\\\/\\\/astrovac.nl\\\/wp-content\\\/uploads\\\/2016\\\/04\\\/Astrovac_front_img-e1488467982584.png\",\"datePublished\":\"2012-11-29T09:14:25+00:00\",\"dateModified\":\"2025-10-31T23:53:37+00:00\",\"description\":\"Industri\u00eble toepassing van centrale stofafzuiging? Lees er meer over. | Astrovac = D\u00e9 top in centrale stofafzuiging \u2713 Schoner \u2713 Stiller \u2713 Gezonder!\",\"breadcrumb\":{\"@id\":\"https:\\\/\\\/astrovac.nl\\\/offerte\\\/industriele-toepassingen\\\/#breadcrumb\"},\"inLanguage\":\"en-GB\",\"potentialAction\":[{\"@type\":\"ReadAction\",\"target\":[\"https:\\\/\\\/astrovac.nl\\\/offerte\\\/industriele-toepassingen\\\/\"]}]},{\"@type\":\"ImageObject\",\"inLanguage\":\"en-GB\",\"@id\":\"https:\\\/\\\/astrovac.nl\\\/offerte\\\/industriele-toepassingen\\\/#primaryimage\",\"url\":\"https:\\\/\\\/astrovac.nl\\\/wp-content\\\/uploads\\\/2016\\\/04\\\/Astrovac_front_img-e1488467982584.png\",\"contentUrl\":\"https:\\\/\\\/astrovac.nl\\\/wp-content\\\/uploads\\\/2016\\\/04\\\/Astrovac_front_img-e1488467982584.png\",\"width\":480,\"height\":349,\"caption\":\"Een centraal stofzuigsysteem blaast ultrafijne stof naar buiten\"},{\"@type\":\"BreadcrumbList\",\"@id\":\"https:\\\/\\\/astrovac.nl\\\/offerte\\\/industriele-toepassingen\\\/#breadcrumb\",\"itemListElement\":[{\"@type\":\"ListItem\",\"position\":1,\"name\":\"Home\",\"item\":\"https:\\\/\\\/astrovac.nl\\\/\"},{\"@type\":\"ListItem\",\"position\":2,\"name\":\"Offerte\",\"item\":\"https:\\\/\\\/astrovac.nl\\\/offerte\\\/\"},{\"@type\":\"ListItem\",\"position\":3,\"name\":\"Professioneel\"}]},{\"@type\":\"WebSite\",\"@id\":\"https:\\\/\\\/astrovac.nl\\\/de\\\/#website\",\"url\":\"https:\\\/\\\/astrovac.nl\\\/de\\\/\",\"name\":\"AstroVac\",\"description\":\"Centrale Stofzuiginstallaties\",\"publisher\":{\"@id\":\"https:\\\/\\\/astrovac.nl\\\/de\\\/#organization\"},\"potentialAction\":[{\"@type\":\"SearchAction\",\"target\":{\"@type\":\"EntryPoint\",\"urlTemplate\":\"https:\\\/\\\/astrovac.nl\\\/de\\\/?s={search_term_string}\"},\"query-input\":{\"@type\":\"PropertyValueSpecification\",\"valueRequired\":true,\"valueName\":\"search_term_string\"}}],\"inLanguage\":\"en-GB\"},{\"@type\":\"Organization\",\"@id\":\"https:\\\/\\\/astrovac.nl\\\/de\\\/#organization\",\"name\":\"AstroVac\",\"url\":\"https:\\\/\\\/astrovac.nl\\\/de\\\/\",\"logo\":{\"@type\":\"ImageObject\",\"inLanguage\":\"en-GB\",\"@id\":\"https:\\\/\\\/astrovac.nl\\\/de\\\/#\\\/schema\\\/logo\\\/image\\\/\",\"url\":\"https:\\\/\\\/astrovac.nl\\\/wp-content\\\/uploads\\\/2024\\\/03\\\/Astrovac-logo-2024.png\",\"contentUrl\":\"https:\\\/\\\/astrovac.nl\\\/wp-content\\\/uploads\\\/2024\\\/03\\\/Astrovac-logo-2024.png\",\"width\":3092,\"height\":906,\"caption\":\"AstroVac\"},\"image\":{\"@id\":\"https:\\\/\\\/astrovac.nl\\\/de\\\/#\\\/schema\\\/logo\\\/image\\\/\"},\"sameAs\":[\"https:\\\/\\\/www.facebook.com\\\/profile.php?id=61559925887346\"]}]}<\/script>\n<!-- \/ Yoast SEO plugin. -->","yoast_head_json":{"title":"Industrial applications central vacuum systems | Astrovac","description":"Industrial application of central dust extraction? Read more about it. | Astrovac = The top in central dust extraction \u2713 Cleaner \u2713 Quieter \u2713 Healthier!","robots":{"index":"index","follow":"follow","max-snippet":"max-snippet:-1","max-image-preview":"max-image-preview:large","max-video-preview":"max-video-preview:-1"},"canonical":"https:\/\/astrovac.nl\/en\/quotation\/industrial-applications\/","og_locale":"en_GB","og_type":"article","og_title":"Industri\u00eble toepassingen centraal stofzuigsystemen | Astrovac","og_description":"Industri\u00eble toepassing van centrale stofafzuiging? Lees er meer over. | Astrovac = D\u00e9 top in centrale stofafzuiging \u2713 Schoner \u2713 Stiller \u2713 Gezonder!","og_url":"https:\/\/astrovac.nl\/en\/quotation\/industrial-applications\/","og_site_name":"AstroVac","article_publisher":"https:\/\/www.facebook.com\/profile.php?id=61559925887346","article_modified_time":"2025-10-31T23:53:37+00:00","og_image":[{"width":480,"height":349,"url":"https:\/\/astrovac.nl\/wp-content\/uploads\/2016\/04\/Astrovac_front_img-e1488467982584.png","type":"image\/png"}],"twitter_card":"summary_large_image","twitter_misc":{"Estimated reading time":"1 minute"},"schema":{"@context":"https:\/\/schema.org","@graph":[{"@type":"WebPage","@id":"https:\/\/astrovac.nl\/offerte\/industriele-toepassingen\/","url":"https:\/\/astrovac.nl\/offerte\/industriele-toepassingen\/","name":"Industrial applications central vacuum systems | Astrovac","isPartOf":{"@id":"https:\/\/astrovac.nl\/de\/#website"},"primaryImageOfPage":{"@id":"https:\/\/astrovac.nl\/offerte\/industriele-toepassingen\/#primaryimage"},"image":{"@id":"https:\/\/astrovac.nl\/offerte\/industriele-toepassingen\/#primaryimage"},"thumbnailUrl":"https:\/\/astrovac.nl\/wp-content\/uploads\/2016\/04\/Astrovac_front_img-e1488467982584.png","datePublished":"2012-11-29T09:14:25+00:00","dateModified":"2025-10-31T23:53:37+00:00","description":"Industrial application of central dust extraction? Read more about it. | Astrovac = The top in central dust extraction \u2713 Cleaner \u2713 Quieter \u2713 Healthier!","breadcrumb":{"@id":"https:\/\/astrovac.nl\/offerte\/industriele-toepassingen\/#breadcrumb"},"inLanguage":"en-GB","potentialAction":[{"@type":"ReadAction","target":["https:\/\/astrovac.nl\/offerte\/industriele-toepassingen\/"]}]},{"@type":"ImageObject","inLanguage":"en-GB","@id":"https:\/\/astrovac.nl\/offerte\/industriele-toepassingen\/#primaryimage","url":"https:\/\/astrovac.nl\/wp-content\/uploads\/2016\/04\/Astrovac_front_img-e1488467982584.png","contentUrl":"https:\/\/astrovac.nl\/wp-content\/uploads\/2016\/04\/Astrovac_front_img-e1488467982584.png","width":480,"height":349,"caption":"Een centraal stofzuigsysteem blaast ultrafijne stof naar buiten"},{"@type":"BreadcrumbList","@id":"https:\/\/astrovac.nl\/offerte\/industriele-toepassingen\/#breadcrumb","itemListElement":[{"@type":"ListItem","position":1,"name":"Home","item":"https:\/\/astrovac.nl\/"},{"@type":"ListItem","position":2,"name":"Offerte","item":"https:\/\/astrovac.nl\/offerte\/"},{"@type":"ListItem","position":3,"name":"Professioneel"}]},{"@type":"WebSite","@id":"https:\/\/astrovac.nl\/de\/#website","url":"https:\/\/astrovac.nl\/de\/","name":"AstroVac","description":"Central vacuum systems","publisher":{"@id":"https:\/\/astrovac.nl\/de\/#organization"},"potentialAction":[{"@type":"SearchAction","target":{"@type":"EntryPoint","urlTemplate":"https:\/\/astrovac.nl\/de\/?s={search_term_string}"},"query-input":{"@type":"PropertyValueSpecification","valueRequired":true,"valueName":"search_term_string"}}],"inLanguage":"en-GB"},{"@type":"Organization","@id":"https:\/\/astrovac.nl\/de\/#organization","name":"AstroVac","url":"https:\/\/astrovac.nl\/de\/","logo":{"@type":"ImageObject","inLanguage":"en-GB","@id":"https:\/\/astrovac.nl\/de\/#\/schema\/logo\/image\/","url":"https:\/\/astrovac.nl\/wp-content\/uploads\/2024\/03\/Astrovac-logo-2024.png","contentUrl":"https:\/\/astrovac.nl\/wp-content\/uploads\/2024\/03\/Astrovac-logo-2024.png","width":3092,"height":906,"caption":"AstroVac"},"image":{"@id":"https:\/\/astrovac.nl\/de\/#\/schema\/logo\/image\/"},"sameAs":["https:\/\/www.facebook.com\/profile.php?id=61559925887346"]}]}},"_links":{"self":[{"href":"https:\/\/astrovac.nl\/en\/wp-json\/wp\/v2\/pages\/111","targetHints":{"allow":["GET"]}}],"collection":[{"href":"https:\/\/astrovac.nl\/en\/wp-json\/wp\/v2\/pages"}],"about":[{"href":"https:\/\/astrovac.nl\/en\/wp-json\/wp\/v2\/types\/page"}],"author":[{"embeddable":true,"href":"https:\/\/astrovac.nl\/en\/wp-json\/wp\/v2\/users\/6"}],"replies":[{"embeddable":true,"href":"https:\/\/astrovac.nl\/en\/wp-json\/wp\/v2\/comments?post=111"}],"version-history":[{"count":12,"href":"https:\/\/astrovac.nl\/en\/wp-json\/wp\/v2\/pages\/111\/revisions"}],"predecessor-version":[{"id":26731,"href":"https:\/\/astrovac.nl\/en\/wp-json\/wp\/v2\/pages\/111\/revisions\/26731"}],"up":[{"embeddable":true,"href":"https:\/\/astrovac.nl\/en\/wp-json\/wp\/v2\/pages\/102"}],"wp:featuredmedia":[{"embeddable":true,"href":"https:\/\/astrovac.nl\/en\/wp-json\/wp\/v2\/media\/3567"}],"wp:attachment":[{"href":"https:\/\/astrovac.nl\/en\/wp-json\/wp\/v2\/media?parent=111"}],"curies":[{"name":"wp","href":"https:\/\/api.w.org\/{rel}","templated":true}]}}